{"id":263,"date":"2022-10-24T12:20:16","date_gmt":"2022-10-24T12:20:16","guid":{"rendered":"https:\/\/cailapares.com\/%e5%85%b3%e4%ba%8e%e6%88%91%e4%bb%ac\/politica-corporativa\/"},"modified":"2022-11-18T13:23:39","modified_gmt":"2022-11-18T13:23:39","slug":"%e7%8e%af%e5%a2%83%e6%94%bf%e7%ad%96","status":"publish","type":"page","link":"https:\/\/cailapares.com\/zh-hans\/%e5%85%b3%e4%ba%8e%e6%88%91%e4%bb%ac\/%e7%8e%af%e5%a2%83%e6%94%bf%e7%ad%96\/","title":{"rendered":"\u73af\u5883\u653f\u7b56"},"content":{"rendered":"<section class=\"l-section wpb_row height_auto width_full\"><div class=\"l-section-h i-cf\"><div class=\"g-cols vc_row via_flex valign_top type_default stacking_default\"><div class=\"vc_col-sm-12 wpb_column vc_column_container\"><div class=\"vc_column-inner\"><div class=\"wpb_wrapper\"><div class=\"wpb_text_column\"><div class=\"wpb_wrapper\"><p><img loading=\"lazy\" decoding=\"async\" class=\"attachment-post-thumbnail size-post-thumbnail wp-post-image\" src=\"\/wp-content\/uploads\/2014\/11\/Eco.jpg\" sizes=\"auto, (max-width: 1600px) 100vw, 1600px\" srcset=\"https:\/\/cailapares.com\/wp-content\/uploads\/2014\/11\/Eco.jpg 1600w, https:\/\/cailapares.com\/wp-content\/uploads\/2014\/11\/Eco-300x38.jpg 300w, https:\/\/cailapares.com\/wp-content\/uploads\/2014\/11\/Eco-1024x131.jpg 1024w\" alt=\"Eco\" width=\"1600\" height=\"206\" \/><\/p>\n<\/div><\/div><\/div><\/div><\/div><\/div><\/div><\/section><section class=\"l-section wpb_row height_medium\"><div class=\"l-section-h i-cf\"><div class=\"g-cols vc_row via_flex valign_top type_default stacking_default\"><div class=\"vc_col-sm-12 wpb_column vc_column_container\"><div class=\"vc_column-inner\"><div class=\"wpb_wrapper\"><div class=\"wpb_text_column\"><div class=\"wpb_wrapper\"><h1>\u73af\u5883\u653f\u7b56<\/h1>\n<p>CAIL\u00c0 &amp; PAR\u00c9S<\/p>\n<p>Quality, Environmental and Occupational Health &amp; Safety, Food, Feed, RSPO and CSR Policy<\/p>\n<blockquote>\n<p>Cail\u00e0 &amp; Par\u00e9s\u7684\u9886\u5bfc\u5c42\u8ba4\u4e3a\u653f\u7b56\u5bf9\u516c\u53f8\u7684\u53d1\u5c55\u81f3\u5173\u91cd\u8981\uff0c\u56e0\u6b64\uff0c\u786e\u7acb\u4e86\u5982\u4e0b\u653f\u7b56\u4f5c\u4e3a\u516c\u53f8\u76ee\u6807\u7684\u53c2\u8003\u6846\u67b6\uff1a<\/p>\n<\/blockquote>\n<\/div><\/div><\/div><\/div><\/div><\/div><\/div><\/section><section class=\"l-section wpb_row height_medium\"><div class=\"l-section-h i-cf\"><div class=\"g-cols vc_row via_flex valign_top type_default stacking_default\"><div class=\"vc_col-sm-4 wpb_column vc_column_container\"><div class=\"vc_column-inner\"><div class=\"wpb_wrapper\"><div class=\"wpb_text_column\"><div class=\"wpb_wrapper\"><div class=\"third\">\n<h4>1. \u5c65\u884c\u9002\u7528\u4e8e\u6211\u4eec\u516c\u53f8\u7684\u89c4\u7ae0\u5236\u5ea6\u53ca\u6cd5\u5f8b\u8981\u6c42\u3002<\/h4>\n<h4>2. \u6ee1\u8db3\u6211\u4eec\u5ba2\u6237\u7684\u8981\u6c42\uff0c\u63d0\u4f9b\u7b26\u5408\u89c4\u683c\u7684\u4ea7\u54c1\u53ca\u4fbf\u6377\u3001\u7075\u6d3b\u7684\u670d\u52a1\u3002<\/h4>\n<h4>3. \u4e0d\u65ad\u6539\u5584\u6211\u4eec\u7684\u6d41\u7a0b\uff0c\u63d0\u9ad8\u6211\u4eec\u7684\u5de5\u4f5c\u6548\u7387\u548c\u6548\u76ca\u3002<\/h4>\n<ul>\n<li>\u4fc3\u8fdb\u751f\u4ea7\u89c4\u5212\u7684\u843d\u5b9e\uff0c\u4f7f\u8bbe\u65bd\u6027\u80fd\u53d1\u6325\u5230\u6781\u81f4\u3002<\/li>\n<li>\u4fc3\u8fdb\u5e76\u52a0\u5f3a\u826f\u597d\u6c9f\u901a\uff0c\u63d0\u9ad8\u5404\u90e8\u95e8\u95f4\u7684\u5de5\u4f5c\u6548\u76ca\u3002<\/li>\n<li>\u628a\u5458\u5de5\u7684\u57f9\u517b\u4f5c\u4e3a\u516c\u53f8\u53ca\u804c\u5de5\u53d1\u5c55\u7684\u91cd\u8981\u5143\u7d20\u3002<\/li>\n<li>\u63d0\u4f9b\u5fc5\u8981\u7684\u5de5\u5177\u53ca\u8d44\u6e90\uff0c\u5b8c\u5584\u6d41\u7a0b\u7684\u76d1\u63a7\u3002<\/li>\n<li>\u4fdd\u6301\u5de5\u5382\u6e05\u6d01\uff0c\u4f7f\u751f\u4ea7\u8fc7\u7a0b\u4e2d\u7684\u526f\u4ea7\u7269\u8fbe\u5230\u6700\u5c11\u3002<\/li>\n<\/ul>\n<h4>4. \u4fc3\u8fdb\u517b\u6210\u5c0a\u91cd\u73af\u5883\u53ca\u7b26\u5408\u73af\u4fdd\u8981\u6c42\u7684\u6001\u5ea6:<\/h4>\n<ul>\n<li>\u5c65\u884c\u73af\u5883\u4fdd\u62a4\u7684\u73b0\u884c\u6cd5\u5f8b\u53ca\u4e0e\u73af\u5883\u76f8\u5173\u7684\u8981\u6c42<\/li>\n<li>\u8bc6\u522b\u5e76\u786e\u4fdd\u73af\u5883\u65b9\u9762\u7684\u6b63\u786e\u7ba1\u7406<\/li>\n<li>\u8d44\u6e90\u4f18\u5316\u5904\u7406<\/li>\n<li>\u5e9f\u7269\u5783\u573e\u6700\u5c11\u5316<\/li>\n<li>\u9884\u9632\u73af\u5883\u6c61\u67d3<\/li>\n<li>\u5bf9\u5458\u5de5\u53ca\u5176\u4ed6\u53c2\u4e0e\u4ee3\u7406\u8fdb\u884c\u57f9\u8bad\u53ca\u4fe1\u606f\u7684\u704c\u8f93<\/li>\n<li>\u914d\u6709\u9002\u5f53\u7684\u8bbe\u65bd\uff0c\u8bbe\u5907\u53ca\u5de5\u5177<\/li>\n<li>\u5bf9\u73af\u5883\u7ba1\u7406\u7cfb\u7edf\u7684\u6570\u636e\u8fdb\u884c\u5468\u671f\u6027\u7684\u5206\u6790<\/li>\n<li>\u5bf9\u73af\u5883\u7ba1\u7406\u7cfb\u7edf\u8fdb\u884c\u4e0d\u65ad\u5b8c\u5584<\/li>\n<\/ul>\n<h4>5. \u786e\u4fdd\u5de5\u4f5c\u4e2d\u7684\u5065\u5eb7\u53ca\u5b89\u5168\u6027\u3002:<\/h4>\n<ul>\n<li>\u5efa\u7acb\u5b89\u5168\u5065\u5eb7\u7684\u5de5\u4f5c\u6761\u4ef6\uff0c\u4ee5\u9632\u6b62\u4f24\u5bb3\u548c\u5065\u5eb7\u6076\u5316<\/li>\n<li>\u6d88\u9664\u5371\u5bb3\u5e76\u51cf\u5c11\u804c\u4e1a\u98ce\u9669<\/li>\n<li>\u9075\u5b88\u73b0\u884c\u6cd5\u5f8b\u548c\u5176\u4ed6\u4e0e\u5b89\u5168\u548c\u5065\u5eb7\u6709\u5173\u7684\u8981\u6c42<\/li>\n<li>\u5458\u5de5\u53ca\u5176\u4ee3\u8868\u7684\u534f\u5546\u548c\u79ef\u6781\u53c2\u4e0e<\/li>\n<li>\u8bc6\u522b\u548c\u9884\u9632\u804c\u4e1a\u98ce\u9669<\/li>\n<li>\u8db3\u591f\u7684\u8bbe\u65bd\uff0c\u8bbe\u5907\u548c\u5de5\u5177<\/li>\n<li>\u4e3a\u5de5\u4f5c\u4eba\u5458\u548c\/\u6216\u5176\u4ed6\u4ee3\u7406\u5546\u63d0\u4f9b\u57f9\u8bad\u548c\u4fe1\u606f<\/li>\n<li>\u4e0e\u4eba\u5458\u534f\u8c03\u98ce\u9669\u7ba1\u7406<\/li>\n<li>\u5b9a\u671f\u5206\u6790\u4e0e\u5065\u5eb7\u548c\u5b89\u5168\u7cfb\u7edf\u6709\u5173\u7684\u6570\u636e<\/li>\n<li>\u6301\u7eed\u6539\u5584\u5065\u5eb7\u4e0e\u5b89\u5168\u4f53\u7cfb<\/li>\n<\/ul>\n<\/div>\n<\/div><\/div><\/div><\/div><\/div><div class=\"vc_col-sm-4 wpb_column vc_column_container\"><div class=\"vc_column-inner\"><div class=\"wpb_wrapper\"><div class=\"wpb_text_column\"><div class=\"wpb_wrapper\"><div class=\"third\">\n<h4>6. \u5728\u73af\u5883\u3001\u793e\u4f1a\u548c\u7ecf\u6d4e\u4ef7\u503c\u6846\u67b6\u5185\uff0c\u5728\u9053\u5fb7\u548c\u516c\u5e73\u7684\u57fa\u7840\u4e0a\u5f00\u5c55\u6211\u4eec\u7684<br \/>\n\u4e1a\u52a1\u3002<\/h4>\n<ul>\n<li>\u5e94\u7528\u73af\u5883\u3001\u8d28\u91cf\u3001\u5b89\u5168\u548c\u53ef\u6301\u7eed\u6027\u7ba1\u7406\u7cfb\u7edf\u3002<\/li>\n<li>\u57fa\u4e8e\u81ea\u8eab\u4ea7\u54c1\u751f\u547d\u5468\u671f\u7ba1\u7406\uff0c\u7ee7\u7eed\u6539\u8fdb\u6211\u4eec\u7684\u6d41\u7a0b\u548c\u4ea7\u54c1\u3002<\/li>\n<li>\u901a\u8fc7\u5f00\u53d1\u65b0\u7684\u6280\u672f\u548c\u4ea7\u54c1\uff0c\u4f7f\u6c61\u67d3\u9884\u9632\u5177\u6709\u6210\u672c\u6548\u76ca\u3002<\/li>\n<li>\u4f5c\u4e3a\u4e00\u4e2a\u5bf9\u793e\u4f1a\u548c\u7ecf\u6d4e\u6709\u62c5\u5f53\u7684\u516c\u53f8\uff0c\u6211\u4eec\u5e0c\u671b\u6210\u4e3a\u6240\u6709\u5458\u5de5\u5f97\u4ee5\u81ea\u8c6a\u7684\u516c<br \/>\n\u53f8\uff0c\u5e76\u4e3a\u793e\u533a\u6700\u4e3a\u91cd\u8981\u7684\u9700\u6c42\u63d0\u4f9b\u670d\u52a1\u3002<\/li>\n<li>\u5438\u5f15\u5e76\u7559\u4f4f\u4e00\u652f\u591a\u6837\u5316\u7684\u4f18\u79c0\u5458\u5de5\u961f\u4f0d\u3002<\/li>\n<li>\u5728\u4fe1\u4efb\u5173\u7cfb\u7684\u57fa\u7840\u4e0a\uff0c\u957f\u671f\u9f13\u52b1\u5b66\u4e60\u548c\u77e5\u8bc6\u5171\u4eab\u3002<\/li>\n<li>\u652f\u6301\u6211\u4eec\u6240\u5904\u7684\u793e\u4f1a\u73af\u5883\uff0c\u5f3a\u6709\u529b\u5730\u4fc3\u8fdb\u793e\u4f1a\u798f\u7949\u63d0\u9ad8\u3002<\/li>\n<li>\u901a\u8fc7\u53ef\u6301\u7eed\u521b\u65b0\u65b9\u5f0f\u4ea7\u751f\u65b0\u7684\u6280\u672f\u548c\u4ea7\u54c1\u6765\u6ee1\u8db3\u6211\u4eec\u7684\u5ba2\u6237\uff0c\u5e76\u4e3a\u6211\u4eec\u7684\u80a1<br \/>\n\u4e1c\u63d0\u4f9b\u6781\u5177\u5438\u5f15\u529b\u7684\u6295\u8d44\u56de\u62a5\uff0c\u63a8\u52a8\u516c\u53f8\u53d6\u5f97\u6210\u529f\u3002<\/li>\n<li>\u8ba4\u8bc6\u5230\u516c\u53f8\u7684\u957f\u671f\u4e1a\u7ee9\u53d6\u51b3\u4e8e\u91c7\u7528\u548c\u6267\u884c\u53ef\u6301\u7eed\u53d1\u5c55\u7684\u539f\u5219\uff1a\u5c0a\u91cd\u73af\u5883\u3001\u8d21<br \/>\n\u732e\u793e\u4f1a\u548c\u521b\u9020\u8d22\u5bcc\u3002<\/li>\n<li>\u5bf9\u62e5\u6709\u53ef\u6301\u7eed\u53d1\u5c55\u8ba4\u8bc1\u7684\u539f\u6750\u6599\u5230\u6700\u7ec8\u4ea7\u54c1\u7684\u53ef\u8ffd\u6eaf\u6027\u63d0\u4f9b\u4fdd\u969c\uff08RSPO\uff1a\u53ef\u6301<br \/>\n\u7eed\u68d5\u6988\u6cb9\uff09\u3002<\/li>\n<li>\u5b9e\u65bd\u57fa\u4e8e\u300a\u98df\u54c1\u6cd5\u300b\u5371\u5bb3\u5206\u6790\u548c\u5173\u952e\u63a7\u5236\u70b9\uff08HACCP\uff09\u539f\u5219\u7684\u98df\u54c1\u5b89\u5168\u4f53\u7cfb<br \/>\n\uff0c\u4fdd\u8bc1\u6211\u4eec\u751f\u4ea7\u7684\u4eba\u7c7b\u6d88\u8d39\u98df\u54c1\uff08\u98df\u54c1\uff09\u6216\u52a8\u7269\u9972\u6599\uff08\u9972\u6599\uff09\u7684\u5b89\u5168\u3002<\/li>\n<li>\u610f\u8bc6\u5230\uff0c\u53ea\u6709\u4fdd\u6301\u516c\u53f8\u7684\u6d3b\u529b\u548c\u6210\u529f\uff0c\u6211\u4eec\u624d\u80fd\u7ee7\u7eed\u4e3a\u53ef\u6301\u7eed\u53d1\u5c55\u505a\u51fa\u79ef\u6781<br \/>\n\u8d21\u732e\u3002<\/li>\n<\/ul>\n<\/div>\n<\/div><\/div><\/div><\/div><\/div><div class=\"vc_col-sm-4 wpb_column vc_column_container\"><div class=\"vc_column-inner\"><div class=\"wpb_wrapper\"><div class=\"wpb_text_column\"><div class=\"wpb_wrapper\"><h4>7. \u4fdd\u8bc1\u751f\u4ea7\u548c\u9500\u552e\u7684\u9972\u6599\u6216\u98df\u54c1\u7684\u5b89\u5168\uff1a<\/h4>\n<ul>\n<li>\u9075\u5b88\u9002\u7528\u7684\u56fd\u5bb6\u548c\u56fd\u9645\u98df\u54c1\u5b89\u5168\u6cd5\u89c4\u3002<\/li>\n<li>\u9075\u5b88HACCP\u8ba4\u8bc1\u3001GMP+, Halal \u8ba4\u8bc1\u53ca\u5176\u5b83\u516c\u53f8\u5df2\u7ecf\u83b7\u5f97\u7684\u8d44\u8d28\u8ba4\u8bc1\u6807\u51c6\u3002<\/li>\n<li>\u9075\u5b88\u98df\u54c1\u5b89\u5168\u89c4\u8303\u7684\u540c\u65f6\u6ee1\u8db3\u5ba2\u6237\u9700\u6c42\u3002<\/li>\n<li>\u5efa\u7acb\u98df\u54c1\u5b89\u5168\u7ba1\u7406\u4f53\u7cfb\uff0c\u5b9e\u73b0\u5b89\u5168\u7ba1\u7406\u76ee\u6807\u3002<\/li>\n<li>\u5efa\u7acb\u5185\u5916\u90e8\u6c9f\u901a\uff0c\u6709\u6548\u5b9e\u65bd\u98df\u54c1\u5b89\u5168\u7ba1\u7406\u4f53\u7cfb\u3002<\/li>\n<li>\u6709\u6548\u8bc6\u522b\u98df\u54c1\u5b89\u5168\u98ce\u9669\uff0c\u8fdb\u884c\u76f8\u5173\u8bc4\u4f30\u548c\u63a7\u5236\u3002<\/li>\n<li>\u914d\u5907\u7b26\u5408\u536b\u751f\u6807\u51c6\u7684\u8bbe\u65bd\u53ca\u8bbe\u5907\u3002<\/li>\n<li>\u5bf9\u6d89\u53ca\u98df\u54c1\u5b89\u5168\u7684\u5de5\u4f5c\u4eba\u5458\u548c\/\u6216\u5176\u4ed6\u76f8\u5173\u4eba\u5458\u8fdb\u884c\u57f9\u8bad\u548c\u5ba3\u4f20\u3002<\/li>\n<li>\u5b9a\u671f\u5bf9\u98df\u54c1\u5b89\u5168\u7ba1\u7406\u7cfb\u7edf\u6709\u5173\u6570\u636e\u8fdb\u884c\u5206\u6790\u3002<\/li>\n<li>\u6301\u7eed\u6539\u8fdb\u98df\u54c1\u5b89\u5168\u7ba1\u7406\u7cfb\u7edf\u3002<\/li>\n<\/ul>\n<\/div><\/div><\/div><\/div><\/div><\/div><\/div><\/section><section class=\"l-section wpb_row height_medium\"><div class=\"l-section-h i-cf\"><div class=\"g-cols vc_row via_flex valign_top type_default stacking_default\"><div class=\"vc_col-sm-12 wpb_column vc_column_container\"><div class=\"vc_column-inner\"><div class=\"wpb_wrapper\"><div class=\"wpb_text_column\"><div class=\"wpb_wrapper\"><blockquote>\n<p>\u56e0\u6b64\uff0c\u4ece\u9886\u5bfc\u5c42\u5f00\u59cb\u63a8\u8fdb\u672c\u653f\u7b56\uff0c\u5e76\u8981\u6c42\u6574\u4e2a\u516c\u53f8\u9075\u5b88\u3001\u5949\u884c\u53ca\u63a8\u52a8\u672c\u653f\u7b56\u7684\u5b9e\u884c\u3002<\/p>\n<\/blockquote>\n<\/div><\/div><\/div><\/div><\/div><\/div><\/div><\/section>\n","protected":false},"excerpt":{"rendered":"\u73af\u5883\u653f\u7b56 CAIL\u00c0 &amp; PAR\u00c9S Quality, Environmental and Occup...","protected":false},"author":1,"featured_media":0,"parent":241,"menu_order":0,"comment_status":"closed","ping_status":"closed","template":"","meta":{"footnotes":""},"class_list":["post-263","page","type-page","status-publish","hentry"],"yoast_head":"<!-- This site is optimized with the Yoast SEO plugin v25.9 - https:\/\/yoast.com\/wordpress\/plugins\/seo\/ -->\n<title>\u73af\u5883\u653f\u7b56 - Cail\u00e0 &amp; Par\u00e9s | Oleochemicals Manufacturers<\/title>\n<meta name=\"description\" content=\"Caila&amp;Par\u00e9s\u9075\u5b88\u6709\u95dc\u74b0\u5883\u653f\u7b56\u7684\u76ee\u6a19\u3001\u6cd5\u5f8b\u8981\u6c42\u548c\u76ee\u6a19,\u4e26\u4ed4\u7d30\u8209\u4e00\u500b\u4f8b\u5b50\u3002\" \/>\n<meta name=\"robots\" content=\"index, follow, max-snippet:-1, max-image-preview:large, max-video-preview:-1\" \/>\n<link rel=\"canonical\" href=\"https:\/\/cailapares.com\/zh-hans\/\u5173\u4e8e\u6211\u4eec\/\u73af\u5883\u653f\u7b56\/\" \/>\n<meta property=\"og:locale\" content=\"zh_CN\" \/>\n<meta property=\"og:type\" content=\"article\" \/>\n<meta property=\"og:title\" content=\"\u73af\u5883\u653f\u7b56 - Cail\u00e0 &amp; Par\u00e9s | Oleochemicals Manufacturers\" \/>\n<meta property=\"og:description\" content=\"Caila&amp;Par\u00e9s\u9075\u5b88\u6709\u95dc\u74b0\u5883\u653f\u7b56\u7684\u76ee\u6a19\u3001\u6cd5\u5f8b\u8981\u6c42\u548c\u76ee\u6a19,\u4e26\u4ed4\u7d30\u8209\u4e00\u500b\u4f8b\u5b50\u3002\" \/>\n<meta property=\"og:url\" content=\"https:\/\/cailapares.com\/zh-hans\/\u5173\u4e8e\u6211\u4eec\/\u73af\u5883\u653f\u7b56\/\" \/>\n<meta property=\"og:site_name\" content=\"Caila\" \/>\n<meta property=\"article:modified_time\" content=\"2022-11-18T13:23:39+00:00\" \/>\n<meta name=\"twitter:card\" content=\"summary_large_image\" \/>\n<meta name=\"twitter:label1\" content=\"\u9884\u8ba1\u9605\u8bfb\u65f6\u95f4\" \/>\n\t<meta name=\"twitter:data1\" content=\"1 \u5206\" \/>\n<script type=\"application\/ld+json\" class=\"yoast-schema-graph\">{\"@context\":\"https:\/\/schema.org\",\"@graph\":[{\"@type\":\"WebPage\",\"@id\":\"https:\/\/cailapares.com\/zh-hans\/%e5%85%b3%e4%ba%8e%e6%88%91%e4%bb%ac\/%e7%8e%af%e5%a2%83%e6%94%bf%e7%ad%96\/\",\"url\":\"https:\/\/cailapares.com\/zh-hans\/%e5%85%b3%e4%ba%8e%e6%88%91%e4%bb%ac\/%e7%8e%af%e5%a2%83%e6%94%bf%e7%ad%96\/\",\"name\":\"\u73af\u5883\u653f\u7b56 - Cail\u00e0 & Par\u00e9s | Oleochemicals Manufacturers\",\"isPartOf\":{\"@id\":\"https:\/\/cailapares.com\/#website\"},\"datePublished\":\"2022-10-24T12:20:16+00:00\",\"dateModified\":\"2022-11-18T13:23:39+00:00\",\"description\":\"Caila&Par\u00e9s\u9075\u5b88\u6709\u95dc\u74b0\u5883\u653f\u7b56\u7684\u76ee\u6a19\u3001\u6cd5\u5f8b\u8981\u6c42\u548c\u76ee\u6a19,\u4e26\u4ed4\u7d30\u8209\u4e00\u500b\u4f8b\u5b50\u3002\",\"breadcrumb\":{\"@id\":\"https:\/\/cailapares.com\/zh-hans\/%e5%85%b3%e4%ba%8e%e6%88%91%e4%bb%ac\/%e7%8e%af%e5%a2%83%e6%94%bf%e7%ad%96\/#breadcrumb\"},\"inLanguage\":\"zh-Hans\",\"potentialAction\":[{\"@type\":\"ReadAction\",\"target\":[\"https:\/\/cailapares.com\/zh-hans\/%e5%85%b3%e4%ba%8e%e6%88%91%e4%bb%ac\/%e7%8e%af%e5%a2%83%e6%94%bf%e7%ad%96\/\"]}]},{\"@type\":\"BreadcrumbList\",\"@id\":\"https:\/\/cailapares.com\/zh-hans\/%e5%85%b3%e4%ba%8e%e6%88%91%e4%bb%ac\/%e7%8e%af%e5%a2%83%e6%94%bf%e7%ad%96\/#breadcrumb\",\"itemListElement\":[{\"@type\":\"ListItem\",\"position\":1,\"name\":\"\u5173\u4e8e\u6211\u4eec\",\"item\":\"https:\/\/cailapares.com\/zh-hans\/%e5%85%b3%e4%ba%8e%e6%88%91%e4%bb%ac\/\"},{\"@type\":\"ListItem\",\"position\":2,\"name\":\"\u73af\u5883\u653f\u7b56\"}]},{\"@type\":\"WebSite\",\"@id\":\"https:\/\/cailapares.com\/#website\",\"url\":\"https:\/\/cailapares.com\/\",\"name\":\"Caila\",\"description\":\"Otro sitio realizado con WordPress\",\"potentialAction\":[{\"@type\":\"SearchAction\",\"target\":{\"@type\":\"EntryPoint\",\"urlTemplate\":\"https:\/\/cailapares.com\/?s={search_term_string}\"},\"query-input\":{\"@type\":\"PropertyValueSpecification\",\"valueRequired\":true,\"valueName\":\"search_term_string\"}}],\"inLanguage\":\"zh-Hans\"}]}<\/script>\n<!-- \/ Yoast SEO plugin. -->","yoast_head_json":{"title":"\u73af\u5883\u653f\u7b56 - Cail\u00e0 & Par\u00e9s | Oleochemicals Manufacturers","description":"Caila&Par\u00e9s\u9075\u5b88\u6709\u95dc\u74b0\u5883\u653f\u7b56\u7684\u76ee\u6a19\u3001\u6cd5\u5f8b\u8981\u6c42\u548c\u76ee\u6a19,\u4e26\u4ed4\u7d30\u8209\u4e00\u500b\u4f8b\u5b50\u3002","robots":{"index":"index","follow":"follow","max-snippet":"max-snippet:-1","max-image-preview":"max-image-preview:large","max-video-preview":"max-video-preview:-1"},"canonical":"https:\/\/cailapares.com\/zh-hans\/\u5173\u4e8e\u6211\u4eec\/\u73af\u5883\u653f\u7b56\/","og_locale":"zh_CN","og_type":"article","og_title":"\u73af\u5883\u653f\u7b56 - Cail\u00e0 & Par\u00e9s | Oleochemicals Manufacturers","og_description":"Caila&Par\u00e9s\u9075\u5b88\u6709\u95dc\u74b0\u5883\u653f\u7b56\u7684\u76ee\u6a19\u3001\u6cd5\u5f8b\u8981\u6c42\u548c\u76ee\u6a19,\u4e26\u4ed4\u7d30\u8209\u4e00\u500b\u4f8b\u5b50\u3002","og_url":"https:\/\/cailapares.com\/zh-hans\/\u5173\u4e8e\u6211\u4eec\/\u73af\u5883\u653f\u7b56\/","og_site_name":"Caila","article_modified_time":"2022-11-18T13:23:39+00:00","twitter_card":"summary_large_image","twitter_misc":{"\u9884\u8ba1\u9605\u8bfb\u65f6\u95f4":"1 \u5206"},"schema":{"@context":"https:\/\/schema.org","@graph":[{"@type":"WebPage","@id":"https:\/\/cailapares.com\/zh-hans\/%e5%85%b3%e4%ba%8e%e6%88%91%e4%bb%ac\/%e7%8e%af%e5%a2%83%e6%94%bf%e7%ad%96\/","url":"https:\/\/cailapares.com\/zh-hans\/%e5%85%b3%e4%ba%8e%e6%88%91%e4%bb%ac\/%e7%8e%af%e5%a2%83%e6%94%bf%e7%ad%96\/","name":"\u73af\u5883\u653f\u7b56 - Cail\u00e0 & Par\u00e9s | Oleochemicals Manufacturers","isPartOf":{"@id":"https:\/\/cailapares.com\/#website"},"datePublished":"2022-10-24T12:20:16+00:00","dateModified":"2022-11-18T13:23:39+00:00","description":"Caila&Par\u00e9s\u9075\u5b88\u6709\u95dc\u74b0\u5883\u653f\u7b56\u7684\u76ee\u6a19\u3001\u6cd5\u5f8b\u8981\u6c42\u548c\u76ee\u6a19,\u4e26\u4ed4\u7d30\u8209\u4e00\u500b\u4f8b\u5b50\u3002","breadcrumb":{"@id":"https:\/\/cailapares.com\/zh-hans\/%e5%85%b3%e4%ba%8e%e6%88%91%e4%bb%ac\/%e7%8e%af%e5%a2%83%e6%94%bf%e7%ad%96\/#breadcrumb"},"inLanguage":"zh-Hans","potentialAction":[{"@type":"ReadAction","target":["https:\/\/cailapares.com\/zh-hans\/%e5%85%b3%e4%ba%8e%e6%88%91%e4%bb%ac\/%e7%8e%af%e5%a2%83%e6%94%bf%e7%ad%96\/"]}]},{"@type":"BreadcrumbList","@id":"https:\/\/cailapares.com\/zh-hans\/%e5%85%b3%e4%ba%8e%e6%88%91%e4%bb%ac\/%e7%8e%af%e5%a2%83%e6%94%bf%e7%ad%96\/#breadcrumb","itemListElement":[{"@type":"ListItem","position":1,"name":"\u5173\u4e8e\u6211\u4eec","item":"https:\/\/cailapares.com\/zh-hans\/%e5%85%b3%e4%ba%8e%e6%88%91%e4%bb%ac\/"},{"@type":"ListItem","position":2,"name":"\u73af\u5883\u653f\u7b56"}]},{"@type":"WebSite","@id":"https:\/\/cailapares.com\/#website","url":"https:\/\/cailapares.com\/","name":"Caila","description":"Otro sitio realizado con WordPress","potentialAction":[{"@type":"SearchAction","target":{"@type":"EntryPoint","urlTemplate":"https:\/\/cailapares.com\/?s={search_term_string}"},"query-input":{"@type":"PropertyValueSpecification","valueRequired":true,"valueName":"search_term_string"}}],"inLanguage":"zh-Hans"}]}},"_links":{"self":[{"href":"https:\/\/cailapares.com\/zh-hans\/wp-json\/wp\/v2\/pages\/263","targetHints":{"allow":["GET"]}}],"collection":[{"href":"https:\/\/cailapares.com\/zh-hans\/wp-json\/wp\/v2\/pages"}],"about":[{"href":"https:\/\/cailapares.com\/zh-hans\/wp-json\/wp\/v2\/types\/page"}],"author":[{"embeddable":true,"href":"https:\/\/cailapares.com\/zh-hans\/wp-json\/wp\/v2\/users\/1"}],"replies":[{"embeddable":true,"href":"https:\/\/cailapares.com\/zh-hans\/wp-json\/wp\/v2\/comments?post=263"}],"version-history":[{"count":3,"href":"https:\/\/cailapares.com\/zh-hans\/wp-json\/wp\/v2\/pages\/263\/revisions"}],"predecessor-version":[{"id":521,"href":"https:\/\/cailapares.com\/zh-hans\/wp-json\/wp\/v2\/pages\/263\/revisions\/521"}],"up":[{"embeddable":true,"href":"https:\/\/cailapares.com\/zh-hans\/wp-json\/wp\/v2\/pages\/241"}],"wp:attachment":[{"href":"https:\/\/cailapares.com\/zh-hans\/wp-json\/wp\/v2\/media?parent=263"}],"curies":[{"name":"wp","href":"https:\/\/api.w.org\/{rel}","templated":true}]}}