{"id":212,"date":"2022-10-24T12:13:46","date_gmt":"2022-10-24T12:13:46","guid":{"rendered":"https:\/\/cailapares.com\/hojas-tecnicas\/"},"modified":"2022-11-18T13:34:51","modified_gmt":"2022-11-18T13:34:51","slug":"%e9%80%89%e6%8b%a9%e5%8e%9f%e6%96%99%e6%ba%90","status":"publish","type":"page","link":"https:\/\/cailapares.com\/zh-hans\/%e9%80%89%e6%8b%a9%e5%8e%9f%e6%96%99%e6%ba%90\/","title":{"rendered":"\u9009\u62e9\u539f\u6599\u6e90"},"content":{"rendered":"<section class=\"l-section wpb_row height_medium\"><div class=\"l-section-h i-cf\"><div class=\"g-cols vc_row via_flex valign_top type_default stacking_default\"><div class=\"vc_col-sm-12 wpb_column vc_column_container\"><div class=\"vc_column-inner\"><div class=\"wpb_wrapper\"><div class=\"wpb_text_column\"><div class=\"wpb_wrapper\"><h1>\u9009\u62e9\u539f\u6599\u6e90<\/h1>\n<\/div><\/div><\/div><\/div><\/div><\/div><\/div><\/section><section class=\"l-section wpb_row height_medium\"><div class=\"l-section-h i-cf\"><div class=\"g-cols vc_row via_flex valign_top type_default stacking_default\"><div class=\"vc_col-sm-4 wpb_column vc_column_container\"><div class=\"vc_column-inner\"><div class=\"wpb_wrapper\"><div class=\"wpb_text_column\"><div class=\"wpb_wrapper\"><h2>\u6280\u672f\u9875\u7533\u8bf7\u8868<\/h2>\n<p>\u5982\u679c\u60a8\u9700\u8981\u7d22\u53d6\u6211\u4eec\u4ea7\u54c1\u7684\u6280\u672f\u8d44\u6599\uff0c\u60a8\u53ef\u4ee5\u901a\u8fc7\u6211\u4eec\u7684\u5728\u7ebf\u8868\u683c\u8fdb\u884c\u3002<\/p>\n<p>\u586b\u5199\u6240\u6709\u5fc5\u8981\u7684\u5b57\u6bb5\uff0c\u5e76\u5728\u6587\u672c\u680f\u4e2d\u6ce8\u660e\u60a8\u5e0c\u671b\u8d2d\u4e70\u7684\u6280\u672f\u6570\u636e\u8868\u3002<\/p>\n<p>\u5982\u679c\u60a8\u9700\u8981\u4e8b\u5148\u4e0e\u6211\u4eec\u516c\u53f8\u6d3d\u8c08\u6280\u672f\u8d44\u6599\uff0c\u60a8\u53ef\u4ee5\u901a\u8fc7\u6211\u4eec\u7684\u7535\u8bdd+34933 354 850\u3002<\/p>\n<p><img decoding=\"async\" src=\"https:\/\/cailapares.com\/wp-content\/uploads\/2014\/11\/Data950.jpg\" alt=\"Hoja T\u00e9cnica\" \/><\/p>\n<\/div><\/div><\/div><\/div><\/div><div class=\"vc_col-sm-8 wpb_column vc_column_container\"><div class=\"vc_column-inner\"><div class=\"wpb_wrapper\">\n<div class=\"wpcf7 no-js\" id=\"wpcf7-f441-o1\" lang=\"es-ES\" dir=\"ltr\" data-wpcf7-id=\"441\">\n<div class=\"screen-reader-response\"><p role=\"status\" aria-live=\"polite\" aria-atomic=\"true\"><\/p> <ul><\/ul><\/div>\n<form action=\"\/zh-hans\/wp-json\/wp\/v2\/pages\/212#wpcf7-f441-o1\" method=\"post\" class=\"wpcf7-form init\" aria-label=\"Formulario de contacto\" novalidate=\"novalidate\" data-status=\"init\">\n<fieldset class=\"hidden-fields-container\"><input type=\"hidden\" name=\"_wpcf7\" value=\"441\" \/><input type=\"hidden\" name=\"_wpcf7_version\" value=\"6.1.1\" \/><input type=\"hidden\" name=\"_wpcf7_locale\" value=\"es_ES\" \/><input type=\"hidden\" name=\"_wpcf7_unit_tag\" value=\"wpcf7-f441-o1\" \/><input type=\"hidden\" name=\"_wpcf7_container_post\" value=\"0\" \/><input type=\"hidden\" name=\"_wpcf7_posted_data_hash\" value=\"\" \/>\n<\/fieldset>\n<p>Nombre (requerido)\n<\/p>\n<p><span class=\"wpcf7-form-control-wrap\" data-name=\"your-name\"><input size=\"40\" maxlength=\"400\" class=\"wpcf7-form-control wpcf7-text wpcf7-validates-as-required\" aria-required=\"true\" aria-invalid=\"false\" value=\"\" type=\"text\" name=\"your-name\" \/><\/span>\n<\/p>\n<p>Empresa (requerido)\n<\/p>\n<p><span class=\"wpcf7-form-control-wrap\" data-name=\"text-706\"><input size=\"40\" maxlength=\"400\" class=\"wpcf7-form-control wpcf7-text wpcf7-validates-as-required\" aria-required=\"true\" aria-invalid=\"false\" value=\"\" type=\"text\" name=\"text-706\" \/><\/span>\n<\/p>\n<p>Tel\u00e9fono (requerido)\n<\/p>\n<p><span class=\"wpcf7-form-control-wrap\" data-name=\"tel-879\"><input size=\"40\" maxlength=\"400\" class=\"wpcf7-form-control wpcf7-tel wpcf7-validates-as-required wpcf7-text wpcf7-validates-as-tel\" aria-required=\"true\" aria-invalid=\"false\" value=\"\" type=\"tel\" name=\"tel-879\" \/><\/span>\n<\/p>\n<p>E-mail (requerido)\n<\/p>\n<p><span class=\"wpcf7-form-control-wrap\" data-name=\"your-email\"><input size=\"40\" maxlength=\"400\" class=\"wpcf7-form-control wpcf7-email wpcf7-validates-as-required wpcf7-text wpcf7-validates-as-email\" aria-required=\"true\" aria-invalid=\"false\" value=\"\" type=\"email\" name=\"your-email\" \/><\/span>\n<\/p>\n<p>Asunto (requerido)\n<\/p>\n<p><span class=\"wpcf7-form-control-wrap\" data-name=\"Asunto\"><input size=\"40\" maxlength=\"400\" class=\"wpcf7-form-control wpcf7-text wpcf7-validates-as-required\" aria-required=\"true\" aria-invalid=\"false\" value=\"\" type=\"text\" name=\"Asunto\" \/><\/span>\n<\/p>\n<p>Por favor, ind\u00edquenos qu\u00e9 Fichas T\u00e9cnicas de Cail\u00e0 & Par\u00e9s desea recibir\n<\/p>\n<p><span class=\"wpcf7-form-control-wrap\" data-name=\"your-message\"><textarea cols=\"40\" rows=\"10\" maxlength=\"2000\" class=\"wpcf7-form-control wpcf7-textarea\" aria-invalid=\"false\" name=\"your-message\"><\/textarea><\/span>\n<\/p>\n<p><input class=\"wpcf7-form-control wpcf7-submit has-spinner\" type=\"submit\" value=\"Enviar\" \/>\n<\/p>\n<p><span class=\"wpcf7-form-control-wrap\" data-name=\"acceptance-795\"><span class=\"wpcf7-form-control wpcf7-acceptance\"><span class=\"wpcf7-list-item\"><input type=\"checkbox\" name=\"acceptance-795\" value=\"1\" id=\"aceptacondicioneslegales\" aria-invalid=\"false\" \/><\/span><\/span><\/span> He le\u00eddo y acepto el <a href=\"\/politica-de-privacidad\/\" rel=\"nofollow\" target=\"_blank\">procesamiento de mis datos personales<\/a><span style=\"font-size:12px\"> * campos obligatorios<\/span>\n<\/p><div class=\"wpcf7-response-output\" aria-hidden=\"true\"><\/div>\n<\/form>\n<\/div>\n<\/div><\/div><\/div><\/div><\/div><\/section>\n","protected":false},"excerpt":{"rendered":"\u9009\u62e9\u539f\u6599\u6e90 \u6280\u672f\u9875\u7533\u8bf7\u8868 \u5982\u679c\u60a8\u9700\u8981\u7d22\u53d6\u6211\u4eec\u4ea7\u54c1\u7684\u6280\u672f\u8d44\u6599\uff0c\u60a8\u53ef\u4ee5\u901a\u8fc7\u6211\u4eec\u7684\u5728\u7ebf\u8868\u683c\u8fdb\u884c\u3002 \u586b\u5199\u6240\u6709\u5fc5\u8981\u7684\u5b57\u6bb5...","protected":false},"author":1,"featured_media":0,"parent":0,"menu_order":0,"comment_status":"closed","ping_status":"closed","template":"","meta":{"footnotes":""},"class_list":["post-212","page","type-page","status-publish","hentry"],"yoast_head":"<!-- This site is optimized with the Yoast SEO plugin v25.9 - https:\/\/yoast.com\/wordpress\/plugins\/seo\/ -->\n<title>\u9009\u62e9\u539f\u6599\u6e90 - Cail\u00e0 &amp; Par\u00e9s | Oleochemicals Manufacturers<\/title>\n<meta name=\"description\" content=\"Para solicitar una Ficha T\u00e9cnica, por favor rellene este formulario y env\u00edenoslo. Le responderemos en la m\u00e1xima brevedad posible a su petici\u00f3n.\" \/>\n<meta name=\"robots\" content=\"index, follow, max-snippet:-1, max-image-preview:large, max-video-preview:-1\" \/>\n<link rel=\"canonical\" href=\"https:\/\/cailapares.com\/zh-hans\/\u9009\u62e9\u539f\u6599\u6e90\/\" \/>\n<meta property=\"og:locale\" content=\"zh_CN\" \/>\n<meta property=\"og:type\" content=\"article\" \/>\n<meta property=\"og:title\" content=\"\u9009\u62e9\u539f\u6599\u6e90 - Cail\u00e0 &amp; Par\u00e9s | Oleochemicals Manufacturers\" \/>\n<meta property=\"og:description\" content=\"Para solicitar una Ficha T\u00e9cnica, por favor rellene este formulario y env\u00edenoslo. Le responderemos en la m\u00e1xima brevedad posible a su petici\u00f3n.\" \/>\n<meta property=\"og:url\" content=\"https:\/\/cailapares.com\/zh-hans\/\u9009\u62e9\u539f\u6599\u6e90\/\" \/>\n<meta property=\"og:site_name\" content=\"Caila\" \/>\n<meta property=\"article:modified_time\" content=\"2022-11-18T13:34:51+00:00\" \/>\n<meta property=\"og:image\" content=\"https:\/\/cailapares.com\/wp-content\/uploads\/2014\/11\/Data950.jpg\" \/>\n<meta name=\"twitter:card\" content=\"summary_large_image\" \/>\n<script type=\"application\/ld+json\" class=\"yoast-schema-graph\">{\"@context\":\"https:\/\/schema.org\",\"@graph\":[{\"@type\":\"WebPage\",\"@id\":\"https:\/\/cailapares.com\/zh-hans\/%e9%80%89%e6%8b%a9%e5%8e%9f%e6%96%99%e6%ba%90\/\",\"url\":\"https:\/\/cailapares.com\/zh-hans\/%e9%80%89%e6%8b%a9%e5%8e%9f%e6%96%99%e6%ba%90\/\",\"name\":\"\u9009\u62e9\u539f\u6599\u6e90 - Cail\u00e0 & Par\u00e9s | Oleochemicals Manufacturers\",\"isPartOf\":{\"@id\":\"https:\/\/cailapares.com\/#website\"},\"primaryImageOfPage\":{\"@id\":\"https:\/\/cailapares.com\/zh-hans\/%e9%80%89%e6%8b%a9%e5%8e%9f%e6%96%99%e6%ba%90\/#primaryimage\"},\"image\":{\"@id\":\"https:\/\/cailapares.com\/zh-hans\/%e9%80%89%e6%8b%a9%e5%8e%9f%e6%96%99%e6%ba%90\/#primaryimage\"},\"thumbnailUrl\":\"https:\/\/cailapares.com\/wp-content\/uploads\/2014\/11\/Data950.jpg\",\"datePublished\":\"2022-10-24T12:13:46+00:00\",\"dateModified\":\"2022-11-18T13:34:51+00:00\",\"description\":\"Para solicitar una Ficha T\u00e9cnica, por favor rellene este formulario y env\u00edenoslo. Le responderemos en la m\u00e1xima brevedad posible a su petici\u00f3n.\",\"inLanguage\":\"zh-Hans\",\"potentialAction\":[{\"@type\":\"ReadAction\",\"target\":[\"https:\/\/cailapares.com\/zh-hans\/%e9%80%89%e6%8b%a9%e5%8e%9f%e6%96%99%e6%ba%90\/\"]}]},{\"@type\":\"ImageObject\",\"inLanguage\":\"zh-Hans\",\"@id\":\"https:\/\/cailapares.com\/zh-hans\/%e9%80%89%e6%8b%a9%e5%8e%9f%e6%96%99%e6%ba%90\/#primaryimage\",\"url\":\"https:\/\/cailapares.com\/wp-content\/uploads\/2014\/11\/Data950.jpg\",\"contentUrl\":\"https:\/\/cailapares.com\/wp-content\/uploads\/2014\/11\/Data950.jpg\"},{\"@type\":\"WebSite\",\"@id\":\"https:\/\/cailapares.com\/#website\",\"url\":\"https:\/\/cailapares.com\/\",\"name\":\"Caila\",\"description\":\"Otro sitio realizado con WordPress\",\"potentialAction\":[{\"@type\":\"SearchAction\",\"target\":{\"@type\":\"EntryPoint\",\"urlTemplate\":\"https:\/\/cailapares.com\/?s={search_term_string}\"},\"query-input\":{\"@type\":\"PropertyValueSpecification\",\"valueRequired\":true,\"valueName\":\"search_term_string\"}}],\"inLanguage\":\"zh-Hans\"}]}<\/script>\n<!-- \/ Yoast SEO plugin. -->","yoast_head_json":{"title":"\u9009\u62e9\u539f\u6599\u6e90 - Cail\u00e0 & Par\u00e9s | Oleochemicals Manufacturers","description":"Para solicitar una Ficha T\u00e9cnica, por favor rellene este formulario y env\u00edenoslo. Le responderemos en la m\u00e1xima brevedad posible a su petici\u00f3n.","robots":{"index":"index","follow":"follow","max-snippet":"max-snippet:-1","max-image-preview":"max-image-preview:large","max-video-preview":"max-video-preview:-1"},"canonical":"https:\/\/cailapares.com\/zh-hans\/\u9009\u62e9\u539f\u6599\u6e90\/","og_locale":"zh_CN","og_type":"article","og_title":"\u9009\u62e9\u539f\u6599\u6e90 - Cail\u00e0 & Par\u00e9s | Oleochemicals Manufacturers","og_description":"Para solicitar una Ficha T\u00e9cnica, por favor rellene este formulario y env\u00edenoslo. Le responderemos en la m\u00e1xima brevedad posible a su petici\u00f3n.","og_url":"https:\/\/cailapares.com\/zh-hans\/\u9009\u62e9\u539f\u6599\u6e90\/","og_site_name":"Caila","article_modified_time":"2022-11-18T13:34:51+00:00","og_image":[{"url":"https:\/\/cailapares.com\/wp-content\/uploads\/2014\/11\/Data950.jpg","type":"","width":"","height":""}],"twitter_card":"summary_large_image","schema":{"@context":"https:\/\/schema.org","@graph":[{"@type":"WebPage","@id":"https:\/\/cailapares.com\/zh-hans\/%e9%80%89%e6%8b%a9%e5%8e%9f%e6%96%99%e6%ba%90\/","url":"https:\/\/cailapares.com\/zh-hans\/%e9%80%89%e6%8b%a9%e5%8e%9f%e6%96%99%e6%ba%90\/","name":"\u9009\u62e9\u539f\u6599\u6e90 - Cail\u00e0 & Par\u00e9s | Oleochemicals Manufacturers","isPartOf":{"@id":"https:\/\/cailapares.com\/#website"},"primaryImageOfPage":{"@id":"https:\/\/cailapares.com\/zh-hans\/%e9%80%89%e6%8b%a9%e5%8e%9f%e6%96%99%e6%ba%90\/#primaryimage"},"image":{"@id":"https:\/\/cailapares.com\/zh-hans\/%e9%80%89%e6%8b%a9%e5%8e%9f%e6%96%99%e6%ba%90\/#primaryimage"},"thumbnailUrl":"https:\/\/cailapares.com\/wp-content\/uploads\/2014\/11\/Data950.jpg","datePublished":"2022-10-24T12:13:46+00:00","dateModified":"2022-11-18T13:34:51+00:00","description":"Para solicitar una Ficha T\u00e9cnica, por favor rellene este formulario y env\u00edenoslo. Le responderemos en la m\u00e1xima brevedad posible a su petici\u00f3n.","inLanguage":"zh-Hans","potentialAction":[{"@type":"ReadAction","target":["https:\/\/cailapares.com\/zh-hans\/%e9%80%89%e6%8b%a9%e5%8e%9f%e6%96%99%e6%ba%90\/"]}]},{"@type":"ImageObject","inLanguage":"zh-Hans","@id":"https:\/\/cailapares.com\/zh-hans\/%e9%80%89%e6%8b%a9%e5%8e%9f%e6%96%99%e6%ba%90\/#primaryimage","url":"https:\/\/cailapares.com\/wp-content\/uploads\/2014\/11\/Data950.jpg","contentUrl":"https:\/\/cailapares.com\/wp-content\/uploads\/2014\/11\/Data950.jpg"},{"@type":"WebSite","@id":"https:\/\/cailapares.com\/#website","url":"https:\/\/cailapares.com\/","name":"Caila","description":"Otro sitio realizado con WordPress","potentialAction":[{"@type":"SearchAction","target":{"@type":"EntryPoint","urlTemplate":"https:\/\/cailapares.com\/?s={search_term_string}"},"query-input":{"@type":"PropertyValueSpecification","valueRequired":true,"valueName":"search_term_string"}}],"inLanguage":"zh-Hans"}]}},"_links":{"self":[{"href":"https:\/\/cailapares.com\/zh-hans\/wp-json\/wp\/v2\/pages\/212","targetHints":{"allow":["GET"]}}],"collection":[{"href":"https:\/\/cailapares.com\/zh-hans\/wp-json\/wp\/v2\/pages"}],"about":[{"href":"https:\/\/cailapares.com\/zh-hans\/wp-json\/wp\/v2\/types\/page"}],"author":[{"embeddable":true,"href":"https:\/\/cailapares.com\/zh-hans\/wp-json\/wp\/v2\/users\/1"}],"replies":[{"embeddable":true,"href":"https:\/\/cailapares.com\/zh-hans\/wp-json\/wp\/v2\/comments?post=212"}],"version-history":[{"count":3,"href":"https:\/\/cailapares.com\/zh-hans\/wp-json\/wp\/v2\/pages\/212\/revisions"}],"predecessor-version":[{"id":528,"href":"https:\/\/cailapares.com\/zh-hans\/wp-json\/wp\/v2\/pages\/212\/revisions\/528"}],"wp:attachment":[{"href":"https:\/\/cailapares.com\/zh-hans\/wp-json\/wp\/v2\/media?parent=212"}],"curies":[{"name":"wp","href":"https:\/\/api.w.org\/{rel}","templated":true}]}}