{"id":152,"date":"2024-07-01T11:46:56","date_gmt":"2024-07-01T11:46:56","guid":{"rendered":"https:\/\/cailapares.com\/acidos-grasos-insaturados\/"},"modified":"2022-10-31T12:03:41","modified_gmt":"2022-10-31T12:03:41","slug":"%e7%bb%8f%e8%92%b8%e9%a6%8f%e7%9a%84%e4%b8%8d%e9%a5%b1%e5%92%8c%e8%84%82%e8%82%aa%e9%85%b8","status":"publish","type":"page","link":"https:\/\/cailapares.com\/zh-hans\/%e7%bb%8f%e8%92%b8%e9%a6%8f%e7%9a%84%e4%b8%8d%e9%a5%b1%e5%92%8c%e8%84%82%e8%82%aa%e9%85%b8\/","title":{"rendered":"\u7ecf\u84b8\u998f\u7684\u4e0d\u9971\u548c\u8102\u80aa\u9178"},"content":{"rendered":"<div style=\"overflow-x:scroll;font-size: small;\">\n<table width=\"100%\" cellspacing=\"0\" cellpadding=\"5\" border=\"1\">\n<tbody>\n<tr>\n<td bgcolor=\"#D2D2D2\" colspan=\"2\">ORIGIN<\/td>\n<td valign=\"middle\" bgcolor=\"#D2D2D2\" align=\"center\" colspan=\"2\">LAURICS<\/td>\n<td width=\"100\" bgcolor=\"#D2D2D2\">PALM<\/td>\n<td width=\"100\" valign=\"middle\" bgcolor=\"#D2D2D2\" align=\"center\" colspan=\"2\">&nbsp;TALLOW<\/td>\n<\/tr>\n<tr>\n<td bgcolor=\"#EBEBEB\">\n<p>ANALISYS<\/p>\n<p>METHOD<\/p>\n<\/td>\n<td width=\"100\" bgcolor=\"#EBEBEB\">UNITS<\/td>\n<td width=\"100\" bgcolor=\"#EBEBEB\">\n<p>CYPACID<\/p>\n<p>            CC-52<\/td>\n<td width=\"100\" bgcolor=\"#EBEBEB\">\n<p>CYPACID<\/p>\n<p>            CP-45<\/td>\n<td width=\"100\" bgcolor=\"#EBEBEB\">\n<p>CYPACID<\/p>\n<p>            P-50<\/td>\n<td width=\"100\" bgcolor=\"#EBEBEB\">\n<p>CYPACID<\/p>\n<p>            TL-12<\/td>\n<td width=\"100\" bgcolor=\"#EBEBEB\">\n<p>CYPACID<\/p>\n<p>            TL-34<\/td>\n<\/tr>\n<tr>\n<td bgcolor=\"#EBEBEB\">\n<p>ACID VALUE<\/p>\n<p>            ISO 660<\/td>\n<td bgcolor=\"#EBEBEB\">mg KOH\/gr.<\/td>\n<td>265-280<\/td>\n<td>250-275<\/td>\n<td>204-212<\/td>\n<td>200-210<\/td>\n<td>200-210<\/td>\n<\/tr>\n<tr>\n<td bgcolor=\"#EBEBEB\">IODINE VALUE<br \/>\n            ISO 3961<\/td>\n<td bgcolor=\"#EBEBEB\">gr.l\/100 gr.<\/td>\n<td>6-13<\/td>\n<td>MAX. 20<\/td>\n<td>50-60<\/td>\n<td>45-60<\/td>\n<td bgcolor=\"#FFFFFF\">39-56<\/td>\n<\/tr>\n<tr>\n<td bgcolor=\"#EBEBEB\">SAPONIFICATION VALUE<br \/>\n            ISO 3657<\/td>\n<td bgcolor=\"#EBEBEB\">mg KOH\/gr.<\/td>\n<td>266-281<\/td>\n<td>252-277<\/td>\n<td>205-213<\/td>\n<td>201-211<\/td>\n<td bgcolor=\"#FFFFFF\">201-211<\/td>\n<\/tr>\n<tr>\n<td bgcolor=\"#EBEBEB\">TITRE<br \/>\n            ISO 935<\/td>\n<td bgcolor=\"#EBEBEB\">&ordm; centigrade<\/td>\n<td>20-25<\/td>\n<td>20-26<\/td>\n<td>42-47<\/td>\n<td>39-53<\/td>\n<td bgcolor=\"#FFFFFF\">40-50<\/td>\n<\/tr>\n<tr>\n<td bgcolor=\"#EBEBEB\">COLOUR LOVIBOND 5 1\/4&quot;<br \/>\n            BS684.1.14<\/td>\n<td bgcolor=\"#EBEBEB\">\n<p>Red units<\/p>\n<p>(R)<\/p>\n<\/td>\n<td>MAX. 1,5<\/td>\n<td>MAX. 1,5<\/td>\n<td>MAX. 1<\/td>\n<td>MAX. 1<\/td>\n<td bgcolor=\"#FFFFFF\">MAX. 3<\/td>\n<\/tr>\n<tr>\n<td bgcolor=\"#EBEBEB\">COLOUR LOVIBOND 5 1\/4&quot;<br \/>\n            BS684.1.14<\/td>\n<td bgcolor=\"#EBEBEB\">Yellow units (Y)<\/td>\n<td>MAX. 10<\/td>\n<td>MAX. 10<\/td>\n<td>&nbsp;MAX. 5<\/td>\n<td>MAX. 5<\/td>\n<td bgcolor=\"#FFFFFF\">MAX. 30<\/td>\n<\/tr>\n<tr>\n<td bgcolor=\"#EBEBEB\">UNSAPONIFIABLES<br \/>\n            ISO &#8211; 18609<\/td>\n<td bgcolor=\"#EBEBEB\">%<\/td>\n<td>MAX. 0,5<\/td>\n<td>MAX. 2<\/td>\n<td>MAX. 0,5<\/td>\n<td>MAX. 0,5<\/td>\n<td bgcolor=\"#FFFFFF\">&#8211;<\/td>\n<\/tr>\n<\/tbody>\n<\/table>\n<table width=\"950\" cellspacing=\"0\" cellpadding=\"0\" border=\"0\">\n<tbody>\n<tr>\n<td><span style=\"color: rgb(0, 3, 119);\">GAS CHROMATOGRAPHY<\/span>&nbsp;<\/td>\n<td valign=\"middle\" align=\"right\"><span style=\"color: rgb(0, 3, 119);\">ISO 5508\/12966-2<\/span><\/td>\n<\/tr>\n<\/tbody>\n<\/table>\n<table width=\"950\" cellspacing=\"0\" cellpadding=\"5\" border=\"1\">\n<tbody>\n<tr>\n<td bgcolor=\"#EBEBEB\">\n<table width=\"100%\" cellspacing=\"0\" cellpadding=\"0\" border=\"0\">\n<tbody>\n<tr>\n<td width=\"250\">CAPROIC ACID<\/td>\n<td width=\"80\">C-6<\/td>\n<td>%<\/td>\n<\/tr>\n<\/tbody>\n<\/table>\n<\/td>\n<td width=\"100\">MAX. 1<\/td>\n<td width=\"100\">MAX. 1<\/td>\n<td width=\"100\">&#8211;<\/td>\n<td width=\"100\">&#8211;<\/td>\n<td width=\"100\">&#8211;<\/td>\n<\/tr>\n<tr>\n<td bgcolor=\"#EBEBEB\">\n<table width=\"100%\" cellspacing=\"0\" cellpadding=\"0\" border=\"0\">\n<tbody>\n<tr>\n<td width=\"250\">CAPRILIC ACID<\/td>\n<td width=\"80\">C-8<\/td>\n<td>%<\/td>\n<\/tr>\n<\/tbody>\n<\/table>\n<\/td>\n<td>4-10<\/td>\n<td>3-10<\/td>\n<td>&#8211;<\/td>\n<td>&#8211;<\/td>\n<td>&#8211;<\/td>\n<\/tr>\n<tr>\n<td bgcolor=\"#EBEBEB\">\n<table width=\"100%\" cellspacing=\"0\" cellpadding=\"0\" border=\"0\">\n<tbody>\n<tr>\n<td width=\"250\">CAPRIC ACID<\/td>\n<td width=\"80\">C-10<\/td>\n<td>%<\/td>\n<\/tr>\n<\/tbody>\n<\/table>\n<\/td>\n<td>4-9<\/td>\n<td>3-10<\/td>\n<td>&#8211;<\/td>\n<td>&#8211;<\/td>\n<td>&#8211;<\/td>\n<\/tr>\n<tr>\n<td bgcolor=\"#EBEBEB\">\n<table width=\"100%\" cellspacing=\"0\" cellpadding=\"0\" border=\"0\">\n<tbody>\n<tr>\n<td width=\"250\">LAURIC ACID<\/td>\n<td width=\"80\">C-12<\/td>\n<td>%<\/td>\n<\/tr>\n<\/tbody>\n<\/table>\n<\/td>\n<td>44-56<\/td>\n<td>40-55<\/td>\n<td>MAX. 1<\/td>\n<td>MAX. 1<\/td>\n<td>MAX. 1<\/td>\n<\/tr>\n<tr>\n<td bgcolor=\"#EBEBEB\">\n<table width=\"100%\" cellspacing=\"0\" cellpadding=\"0\" border=\"0\">\n<tbody>\n<tr>\n<td width=\"250\">MYRISTIC ACID<\/td>\n<td width=\"80\">C-14<\/td>\n<td>%<\/td>\n<\/tr>\n<\/tbody>\n<\/table>\n<\/td>\n<td>15-22<\/td>\n<td>14-21<\/td>\n<td>MAX. 3<\/td>\n<td>2-6<\/td>\n<td>MAX. 5<\/td>\n<\/tr>\n<tr>\n<td bgcolor=\"#EBEBEB\">\n<table width=\"100%\" cellspacing=\"0\" cellpadding=\"0\" border=\"0\">\n<tbody>\n<tr>\n<td width=\"250\">PALMITIC ACID<\/td>\n<td width=\"80\">C-16<\/td>\n<td>%<\/td>\n<\/tr>\n<\/tbody>\n<\/table>\n<\/td>\n<td>7-12<\/td>\n<td>6-14<\/td>\n<td>40-50<\/td>\n<td>23-33<\/td>\n<td>22-33<\/td>\n<\/tr>\n<tr>\n<td bgcolor=\"#EBEBEB\">\n<table width=\"100%\" cellspacing=\"0\" cellpadding=\"0\" border=\"0\">\n<tbody>\n<tr>\n<td width=\"250\">PALMITOLEIC ACID<\/td>\n<td width=\"80\">C-16:1<\/td>\n<td>%<\/td>\n<\/tr>\n<\/tbody>\n<\/table>\n<\/td>\n<td>&#8211;<\/td>\n<td>&#8211;<\/td>\n<td>&#8211;<\/td>\n<td>2-5<\/td>\n<td>MAX. 5<\/td>\n<\/tr>\n<tr>\n<td bgcolor=\"#EBEBEB\">\n<table width=\"100%\" cellspacing=\"0\" cellpadding=\"0\" border=\"0\">\n<tbody>\n<tr>\n<td width=\"250\">STEARIC ACID<\/td>\n<td width=\"80\">C-18<\/td>\n<td>%<\/td>\n<\/tr>\n<\/tbody>\n<\/table>\n<\/td>\n<td>1-4<\/td>\n<td>1-7<\/td>\n<td>2-6<\/td>\n<td>12-24<\/td>\n<td>20-32<\/td>\n<\/tr>\n<tr>\n<td bgcolor=\"#EBEBEB\">\n<table width=\"100%\" cellspacing=\"0\" cellpadding=\"0\" border=\"0\">\n<tbody>\n<tr>\n<td width=\"250\">OLEIC ACID<\/td>\n<td width=\"80\">C-18:1<\/td>\n<td>%<\/td>\n<\/tr>\n<\/tbody>\n<\/table>\n<\/td>\n<td>3-9<\/td>\n<td>4-12<\/td>\n<td>35-40<\/td>\n<td>34-44<\/td>\n<td>28-40<\/td>\n<\/tr>\n<tr>\n<td bgcolor=\"#EBEBEB\">\n<table width=\"100%\" cellspacing=\"0\" cellpadding=\"0\" border=\"0\">\n<tbody>\n<tr>\n<td width=\"250\">LINOLEIC ACID<\/td>\n<td width=\"80\">C-18:2<\/td>\n<td>%<\/td>\n<\/tr>\n<\/tbody>\n<\/table>\n<\/td>\n<td>MAX. 2<\/td>\n<td>1-4<\/td>\n<td>8-12<\/td>\n<td>2-7<\/td>\n<td>MAX. 7<\/td>\n<\/tr>\n<tr>\n<td bgcolor=\"#EBEBEB\">\n<table width=\"100%\" cellspacing=\"0\" cellpadding=\"0\" border=\"0\">\n<tbody>\n<tr>\n<td width=\"250\">LINOLENIC ACID<\/td>\n<td width=\"80\">C-18:3<\/td>\n<td>%<\/td>\n<\/tr>\n<\/tbody>\n<\/table>\n<\/td>\n<td>&#8211;<\/td>\n<td>&#8211;<\/td>\n<td>MAX. 0,5<\/td>\n<td>MAX. 2<\/td>\n<td>MAX. 2<\/td>\n<\/tr>\n<tr>\n<td bgcolor=\"#EBEBEB\">\n<table width=\"100%\" cellspacing=\"0\" cellpadding=\"0\" border=\"0\">\n<tbody>\n<tr>\n<td width=\"250\">HIGHER FATTY ACID<\/td>\n<td width=\"80\">&nbsp;<\/td>\n<td>%<\/td>\n<\/tr>\n<\/tbody>\n<\/table>\n<\/td>\n<td>&#8211;<\/td>\n<td>&#8211;<\/td>\n<td>MAX. 1<\/td>\n<td>MAX. 1<\/td>\n<td>MAX. 2<\/td>\n<\/tr>\n<\/tbody>\n<\/table>\n<\/div>\n<p>&nbsp;<br \/>\n&nbsp;<\/p>\n","protected":false},"excerpt":{"rendered":"<p>ORIGIN LAURICS PALM &nbsp;TALLOW ANALISYS METHOD UNITS &#8230;<\/p>\n","protected":false},"author":1,"featured_media":0,"parent":0,"menu_order":0,"comment_status":"closed","ping_status":"closed","template":"","meta":{"footnotes":""},"class_list":["post-152","page","type-page","status-publish","hentry"],"yoast_head":"<!-- This site is optimized with the Yoast SEO plugin v25.9 - https:\/\/yoast.com\/wordpress\/plugins\/seo\/ -->\n<title>\u7ecf\u84b8\u998f\u7684\u4e0d\u9971\u548c\u8102\u80aa\u9178 - Cail\u00e0 &amp; Par\u00e9s | Oleochemicals Manufacturers<\/title>\n<meta name=\"description\" content=\"Cail\u00e0\uff06Par\u00e9s\u7684\u4e0d\u98fd\u548c\u84b8\u993e\u8102\u80aa\u9178\u70ba\u60a8\u7684\u696d\u52d9\u63d0\u4f9b\u6700\u9ad8\u8cea\u91cf\u3002\u60a8\u53ef\u4ee5\u5f9e\u6211\u5011\u7684\u7db2\u7ad9\u8cfc\u8cb7\u6b64\u7522\u54c1\u548c\u5176\u4ed6\u7522\u54c1\u3002\" \/>\n<meta name=\"robots\" content=\"index, follow, max-snippet:-1, max-image-preview:large, max-video-preview:-1\" \/>\n<link rel=\"canonical\" href=\"https:\/\/cailapares.com\/zh-hans\/\u7ecf\u84b8\u998f\u7684\u4e0d\u9971\u548c\u8102\u80aa\u9178\/\" \/>\n<meta property=\"og:locale\" content=\"zh_CN\" \/>\n<meta property=\"og:type\" content=\"article\" \/>\n<meta property=\"og:title\" content=\"\u7ecf\u84b8\u998f\u7684\u4e0d\u9971\u548c\u8102\u80aa\u9178 - Cail\u00e0 &amp; Par\u00e9s | Oleochemicals Manufacturers\" \/>\n<meta property=\"og:description\" content=\"Cail\u00e0\uff06Par\u00e9s\u7684\u4e0d\u98fd\u548c\u84b8\u993e\u8102\u80aa\u9178\u70ba\u60a8\u7684\u696d\u52d9\u63d0\u4f9b\u6700\u9ad8\u8cea\u91cf\u3002\u60a8\u53ef\u4ee5\u5f9e\u6211\u5011\u7684\u7db2\u7ad9\u8cfc\u8cb7\u6b64\u7522\u54c1\u548c\u5176\u4ed6\u7522\u54c1\u3002\" \/>\n<meta property=\"og:url\" content=\"https:\/\/cailapares.com\/zh-hans\/\u7ecf\u84b8\u998f\u7684\u4e0d\u9971\u548c\u8102\u80aa\u9178\/\" \/>\n<meta property=\"og:site_name\" content=\"Caila\" \/>\n<meta name=\"twitter:card\" content=\"summary_large_image\" \/>\n<meta name=\"twitter:label1\" content=\"\u9884\u8ba1\u9605\u8bfb\u65f6\u95f4\" \/>\n\t<meta name=\"twitter:data1\" content=\"1 \u5206\" \/>\n<script type=\"application\/ld+json\" class=\"yoast-schema-graph\">{\"@context\":\"https:\/\/schema.org\",\"@graph\":[{\"@type\":\"WebPage\",\"@id\":\"https:\/\/cailapares.com\/zh-hans\/%e7%bb%8f%e8%92%b8%e9%a6%8f%e7%9a%84%e4%b8%8d%e9%a5%b1%e5%92%8c%e8%84%82%e8%82%aa%e9%85%b8\/\",\"url\":\"https:\/\/cailapares.com\/zh-hans\/%e7%bb%8f%e8%92%b8%e9%a6%8f%e7%9a%84%e4%b8%8d%e9%a5%b1%e5%92%8c%e8%84%82%e8%82%aa%e9%85%b8\/\",\"name\":\"\u7ecf\u84b8\u998f\u7684\u4e0d\u9971\u548c\u8102\u80aa\u9178 - Cail\u00e0 & Par\u00e9s | Oleochemicals Manufacturers\",\"isPartOf\":{\"@id\":\"https:\/\/cailapares.com\/#website\"},\"datePublished\":\"2024-07-01T11:46:56+00:00\",\"description\":\"Cail\u00e0\uff06Par\u00e9s\u7684\u4e0d\u98fd\u548c\u84b8\u993e\u8102\u80aa\u9178\u70ba\u60a8\u7684\u696d\u52d9\u63d0\u4f9b\u6700\u9ad8\u8cea\u91cf\u3002\u60a8\u53ef\u4ee5\u5f9e\u6211\u5011\u7684\u7db2\u7ad9\u8cfc\u8cb7\u6b64\u7522\u54c1\u548c\u5176\u4ed6\u7522\u54c1\u3002\",\"inLanguage\":\"zh-Hans\",\"potentialAction\":[{\"@type\":\"ReadAction\",\"target\":[\"https:\/\/cailapares.com\/zh-hans\/%e7%bb%8f%e8%92%b8%e9%a6%8f%e7%9a%84%e4%b8%8d%e9%a5%b1%e5%92%8c%e8%84%82%e8%82%aa%e9%85%b8\/\"]}]},{\"@type\":\"WebSite\",\"@id\":\"https:\/\/cailapares.com\/#website\",\"url\":\"https:\/\/cailapares.com\/\",\"name\":\"Caila\",\"description\":\"Otro sitio realizado con WordPress\",\"potentialAction\":[{\"@type\":\"SearchAction\",\"target\":{\"@type\":\"EntryPoint\",\"urlTemplate\":\"https:\/\/cailapares.com\/?s={search_term_string}\"},\"query-input\":{\"@type\":\"PropertyValueSpecification\",\"valueRequired\":true,\"valueName\":\"search_term_string\"}}],\"inLanguage\":\"zh-Hans\"}]}<\/script>\n<!-- \/ Yoast SEO plugin. -->","yoast_head_json":{"title":"\u7ecf\u84b8\u998f\u7684\u4e0d\u9971\u548c\u8102\u80aa\u9178 - Cail\u00e0 & Par\u00e9s | Oleochemicals Manufacturers","description":"Cail\u00e0\uff06Par\u00e9s\u7684\u4e0d\u98fd\u548c\u84b8\u993e\u8102\u80aa\u9178\u70ba\u60a8\u7684\u696d\u52d9\u63d0\u4f9b\u6700\u9ad8\u8cea\u91cf\u3002\u60a8\u53ef\u4ee5\u5f9e\u6211\u5011\u7684\u7db2\u7ad9\u8cfc\u8cb7\u6b64\u7522\u54c1\u548c\u5176\u4ed6\u7522\u54c1\u3002","robots":{"index":"index","follow":"follow","max-snippet":"max-snippet:-1","max-image-preview":"max-image-preview:large","max-video-preview":"max-video-preview:-1"},"canonical":"https:\/\/cailapares.com\/zh-hans\/\u7ecf\u84b8\u998f\u7684\u4e0d\u9971\u548c\u8102\u80aa\u9178\/","og_locale":"zh_CN","og_type":"article","og_title":"\u7ecf\u84b8\u998f\u7684\u4e0d\u9971\u548c\u8102\u80aa\u9178 - Cail\u00e0 & Par\u00e9s | Oleochemicals Manufacturers","og_description":"Cail\u00e0\uff06Par\u00e9s\u7684\u4e0d\u98fd\u548c\u84b8\u993e\u8102\u80aa\u9178\u70ba\u60a8\u7684\u696d\u52d9\u63d0\u4f9b\u6700\u9ad8\u8cea\u91cf\u3002\u60a8\u53ef\u4ee5\u5f9e\u6211\u5011\u7684\u7db2\u7ad9\u8cfc\u8cb7\u6b64\u7522\u54c1\u548c\u5176\u4ed6\u7522\u54c1\u3002","og_url":"https:\/\/cailapares.com\/zh-hans\/\u7ecf\u84b8\u998f\u7684\u4e0d\u9971\u548c\u8102\u80aa\u9178\/","og_site_name":"Caila","twitter_card":"summary_large_image","twitter_misc":{"\u9884\u8ba1\u9605\u8bfb\u65f6\u95f4":"1 \u5206"},"schema":{"@context":"https:\/\/schema.org","@graph":[{"@type":"WebPage","@id":"https:\/\/cailapares.com\/zh-hans\/%e7%bb%8f%e8%92%b8%e9%a6%8f%e7%9a%84%e4%b8%8d%e9%a5%b1%e5%92%8c%e8%84%82%e8%82%aa%e9%85%b8\/","url":"https:\/\/cailapares.com\/zh-hans\/%e7%bb%8f%e8%92%b8%e9%a6%8f%e7%9a%84%e4%b8%8d%e9%a5%b1%e5%92%8c%e8%84%82%e8%82%aa%e9%85%b8\/","name":"\u7ecf\u84b8\u998f\u7684\u4e0d\u9971\u548c\u8102\u80aa\u9178 - Cail\u00e0 & Par\u00e9s | Oleochemicals Manufacturers","isPartOf":{"@id":"https:\/\/cailapares.com\/#website"},"datePublished":"2024-07-01T11:46:56+00:00","description":"Cail\u00e0\uff06Par\u00e9s\u7684\u4e0d\u98fd\u548c\u84b8\u993e\u8102\u80aa\u9178\u70ba\u60a8\u7684\u696d\u52d9\u63d0\u4f9b\u6700\u9ad8\u8cea\u91cf\u3002\u60a8\u53ef\u4ee5\u5f9e\u6211\u5011\u7684\u7db2\u7ad9\u8cfc\u8cb7\u6b64\u7522\u54c1\u548c\u5176\u4ed6\u7522\u54c1\u3002","inLanguage":"zh-Hans","potentialAction":[{"@type":"ReadAction","target":["https:\/\/cailapares.com\/zh-hans\/%e7%bb%8f%e8%92%b8%e9%a6%8f%e7%9a%84%e4%b8%8d%e9%a5%b1%e5%92%8c%e8%84%82%e8%82%aa%e9%85%b8\/"]}]},{"@type":"WebSite","@id":"https:\/\/cailapares.com\/#website","url":"https:\/\/cailapares.com\/","name":"Caila","description":"Otro sitio realizado con WordPress","potentialAction":[{"@type":"SearchAction","target":{"@type":"EntryPoint","urlTemplate":"https:\/\/cailapares.com\/?s={search_term_string}"},"query-input":{"@type":"PropertyValueSpecification","valueRequired":true,"valueName":"search_term_string"}}],"inLanguage":"zh-Hans"}]}},"_links":{"self":[{"href":"https:\/\/cailapares.com\/zh-hans\/wp-json\/wp\/v2\/pages\/152","targetHints":{"allow":["GET"]}}],"collection":[{"href":"https:\/\/cailapares.com\/zh-hans\/wp-json\/wp\/v2\/pages"}],"about":[{"href":"https:\/\/cailapares.com\/zh-hans\/wp-json\/wp\/v2\/types\/page"}],"author":[{"embeddable":true,"href":"https:\/\/cailapares.com\/zh-hans\/wp-json\/wp\/v2\/users\/1"}],"replies":[{"embeddable":true,"href":"https:\/\/cailapares.com\/zh-hans\/wp-json\/wp\/v2\/comments?post=152"}],"version-history":[{"count":2,"href":"https:\/\/cailapares.com\/zh-hans\/wp-json\/wp\/v2\/pages\/152\/revisions"}],"predecessor-version":[{"id":157,"href":"https:\/\/cailapares.com\/zh-hans\/wp-json\/wp\/v2\/pages\/152\/revisions\/157"}],"wp:attachment":[{"href":"https:\/\/cailapares.com\/zh-hans\/wp-json\/wp\/v2\/media?parent=152"}],"curies":[{"name":"wp","href":"https:\/\/api.w.org\/{rel}","templated":true}]}}