{"id":283,"date":"2022-10-24T12:20:16","date_gmt":"2022-10-24T12:20:16","guid":{"rendered":"https:\/\/cailapares.com\/compagnie\/politica-corporativa\/"},"modified":"2022-11-21T10:14:39","modified_gmt":"2022-11-21T10:14:39","slug":"politique-environnementale","status":"publish","type":"page","link":"https:\/\/cailapares.com\/fr\/compagnie\/politique-environnementale\/","title":{"rendered":"Politique d\u2019entreprise"},"content":{"rendered":"<section class=\"l-section wpb_row height_auto width_full\"><div class=\"l-section-h i-cf\"><div class=\"g-cols vc_row via_flex valign_top type_default stacking_default\"><div class=\"vc_col-sm-12 wpb_column vc_column_container\"><div class=\"vc_column-inner\"><div class=\"wpb_wrapper\"><div class=\"wpb_text_column\"><div class=\"wpb_wrapper\"><p><img loading=\"lazy\" decoding=\"async\" class=\"attachment-post-thumbnail size-post-thumbnail wp-post-image\" src=\"\/wp-content\/uploads\/2014\/11\/Eco.jpg\" sizes=\"auto, (max-width: 1600px) 100vw, 1600px\" srcset=\"https:\/\/cailapares.com\/wp-content\/uploads\/2014\/11\/Eco.jpg 1600w, https:\/\/cailapares.com\/wp-content\/uploads\/2014\/11\/Eco-300x38.jpg 300w, https:\/\/cailapares.com\/wp-content\/uploads\/2014\/11\/Eco-1024x131.jpg 1024w\" alt=\"Eco\" width=\"1600\" height=\"206\" \/><\/p>\n<\/div><\/div><\/div><\/div><\/div><\/div><\/div><\/section><section class=\"l-section wpb_row height_medium\"><div class=\"l-section-h i-cf\"><div class=\"g-cols vc_row via_flex valign_top type_default stacking_default\"><div class=\"vc_col-sm-12 wpb_column vc_column_container\"><div class=\"vc_column-inner\"><div class=\"wpb_wrapper\"><div class=\"wpb_text_column\"><div class=\"wpb_wrapper\"><h1>Politique d\u2019entreprise<\/h1>\n<p>CAIL\u00c0 &amp; PAR\u00c9S<br \/>\nQuality, Environmental and Occupational Health &amp; Safety, Food, Feed, RSPO and CSR Policy<\/p>\n<blockquote>\n<p>La direction de Cail\u00e0 &amp; Par\u00e9s la consid\u00e8re essentielle pour le d\u00e9veloppement de l\u2019organisation et \u00e9tablit donc ce qui suit comme cadre de r\u00e9f\u00e9rence pour les objectifs de l\u2019organisation:<\/p>\n<\/blockquote>\n<\/div><\/div><\/div><\/div><\/div><\/div><\/div><\/section><section class=\"l-section wpb_row height_medium\"><div class=\"l-section-h i-cf\"><div class=\"g-cols vc_row via_flex valign_top type_default stacking_default\"><div class=\"vc_col-sm-4 wpb_column vc_column_container\"><div class=\"vc_column-inner\"><div class=\"wpb_wrapper\"><div class=\"wpb_text_column\"><div class=\"wpb_wrapper\"><div class=\"third\">\n<h4>1. Respecter les exigences l\u00e9gales et r\u00e9glementaires applicables \u00e0 notre organisation.<\/h4>\n<h4>2. Respecter les exigences de nos clients en fournissant un produit conforme aux sp\u00e9cifications et en pr\u00eatant un service agile et flexible.<\/h4>\n<h4>3. Encourager l\u2019am\u00e9lioration continue de nos processus pour contribuer \u00e0 une meilleure efficience et efficacit\u00e9:<\/h4>\n<ul>\n<li>Renforcer la planification de la fabrication pour maximiser le rendement des installations.<\/li>\n<li>Promouvoir et renforcer une communication fluide pour am\u00e9liorer le travail des diff\u00e9rents services.<\/li>\n<li>Former le personnel, car la formation est un \u00e9l\u00e9ment-cl\u00e9 du d\u00e9veloppement de l\u2019organisation et des employ\u00e9s.<\/li>\n<li>Fournir les instruments et les ressources n\u00e9cessaires en vue d\u2019am\u00e9liorer le contr\u00f4le des processus.<\/li>\n<li>Maintenir et nettoyer l\u2019usine, un nettoyage facilit\u00e9 par la minimisation des sous-produits g\u00e9n\u00e9r\u00e9s.<\/li>\n<\/ul>\n<h4>4. Promouvoir une attitude de respect et de conformit\u00e9 en mati\u00e8re de protection environnementale:<\/h4>\n<ul>\n<li>Respect de la l\u00e9gislation environnementale en vigueur et des autres exigences li\u00e9es aux aspects environnementaux.<\/li>\n<li>Identification et garantie de la gestion correcte des aspects environnementaux.<\/li>\n<li>Optimisation des ressources et minimisation des r\u00e9sidus.<\/li>\n<li>Pr\u00e9vention de la contamination.<\/li>\n<li>Formation du personnel et d\u2019autres agents concern\u00e9s.<\/li>\n<li>Possibilit\u00e9 de disposer des installations, \u00e9quipements et outils appropri\u00e9s.<\/li>\n<li>Analyse p\u00e9riodique de donn\u00e9es relatives au syst\u00e8me de gestion environnementale.<\/li>\n<li>Am\u00e9lioration continue du syst\u00e8me de gestion environnementale.<\/li>\n<\/ul>\n<h4>5. Garantir la protection en mati\u00e8re de s\u00e9curit\u00e9 et de sant\u00e9 dans le travail:<\/h4>\n<ul>\n<li>Cr\u00e9ation de conditions de travail s\u00fbres et saines pour la pr\u00e9vention des blessures et la d\u00e9t\u00e9rioration de la sant\u00e9.<\/li>\n<li>\u00c9limination des dangers et r\u00e9duction des risques professionnels.<\/li>\n<li>Conformit\u00e9 \u00e0 la l\u00e9gislation en vigueur et aux autres exigences li\u00e9es \u00e0 la s\u00e9curit\u00e9 et \u00e0 la sant\u00e9.<\/li>\n<li>Consultation et participation active des employ\u00e9s et de leurs repr\u00e9sentants.<\/li>\n<li>Identification et pr\u00e9vention des risques professionnels.<\/li>\n<li>Installations, \u00e9quipements et outils ad\u00e9quats.<\/li>\n<li>Formation et information du personnel et \/ ou des autres agents impliqu\u00e9s.<\/li>\n<li>Coordination avec le personnel pour la gestion des risques.<\/li>\n<li>Analyse p\u00e9riodique des donn\u00e9es relatives au syst\u00e8me de sant\u00e9 et de s\u00e9curit\u00e9.<\/li>\n<li>Am\u00e9lioration continue du syst\u00e8me de sant\u00e9 et de s\u00e9curit\u00e9.<\/li>\n<\/ul>\n<\/div>\n<div class=\"third\"><\/div>\n<\/div><\/div><\/div><\/div><\/div><div class=\"vc_col-sm-4 wpb_column vc_column_container\"><div class=\"vc_column-inner\"><div class=\"wpb_wrapper\"><div class=\"wpb_text_column\"><div class=\"wpb_wrapper\"><div class=\"third\">\n<h4>6. D\u00e9veloppement de notre activit\u00e9 commerciale en nous basant sur l\u2019\u00e9thique et la justice, dans un cadre de valeurs environnementales, sociales et \u00e9conomiques:<\/h4>\n<ul>\n<li>Mise en \u0153uvre des syst\u00e8mes de management environnemental, de qualit\u00e9, de s\u00e9curit\u00e9 et de durabilit\u00e9.<\/li>\n<li>Utilisation de notre propre gestion du cycle de vie des produits pour continuer \u00e0 am\u00e9liorer nos processus et nos produits.<\/li>\n<li>Rentabilisation de la pr\u00e9vention de la pollution lors du d\u00e9veloppement de nouvelles technologies et de nouveaux produits.<\/li>\n<li>En tant qu\u2019entreprise responsable (socialement et \u00e9conomiquement), nous voulons \u00eatre une soci\u00e9t\u00e9 dont tous les employ\u00e9s sont fiers et prendre en compte les besoins les plus critiques de la communaut\u00e9.<\/li>\n<li>Nous voulons attirer et conserver une \u00e9quipe diversifi\u00e9e et talentueuse.<\/li>\n<li>Promotion permanente de l\u2019apprentissage et du partage des connaissances, fond\u00e9s sur une relation de confiance.<\/li>\n<li>Soutien pour contribuer \u00e0 l\u2019augmentation du bien-\u00eatre, dans les environnements sociaux partout o\u00f9 nous sommes pr\u00e9sents.<\/li>\n<li>Impulsion du succ\u00e8s de la soci\u00e9t\u00e9 en satisfaisant nos clients avec des technologies et des produits issus d\u2019une innovation durable et en offrant \u00e0 nos actionnaires un retour sur investissement attractif.<\/li>\n<li>Reconnaissance du fait que le succ\u00e8s \u00e0 long terme de l\u2019entreprise passe par l\u2019adoption et la mise en \u0153uvre des principes du d\u00e9veloppement durable\u00a0: respect de l\u2019environnement, contribution \u00e0 la soci\u00e9t\u00e9 et cr\u00e9ation de richesse.<\/li>\n<li>Garantie de la tra\u00e7abilit\u00e9 depuis les mati\u00e8res premi\u00e8res avec certification de durabilit\u00e9 jusqu\u2019aux produits r\u00e9sultants (RSPO : Roundtable on Sustainable Palm Oil).<\/li>\n<li>Mise en \u0153uvre d\u2019un syst\u00e8me de s\u00e9curit\u00e9 alimentaire bas\u00e9 sur les principes de l\u2019Analyse des risques et des points critiques (HACCP) du Codex alimentarius, garantissant l\u2019innocuit\u00e9 des produits alimentaires destin\u00e9s \u00e0 l\u2019alimentation humaine (Food) ou animale (Feed) que nous \u00e9laborons.<\/li>\n<li>Nous sommes conscients que ce n\u2019est que si nous continuons \u00e0 \u00eatre une entreprise viable et performante que nous pourrons continuer \u00e0 contribuer positivement au d\u00e9veloppement durable.<\/li>\n<\/ul>\n<\/div>\n<div class=\"third last\"><\/div>\n<\/div><\/div><\/div><\/div><\/div><div class=\"vc_col-sm-4 wpb_column vc_column_container\"><div class=\"vc_column-inner\"><div class=\"wpb_wrapper\"><div class=\"wpb_text_column\"><div class=\"wpb_wrapper\"><h4>7. Garantir la s\u00e9curit\u00e9 alimentaire des produits fabriqu\u00e9s et commercialis\u00e9s en tant qu\u2019aliments pour animaux ou denr\u00e9es alimentaires :<\/h4>\n<ul>\n<li>Respect de la l\u00e9gislation nationale et internationale en vigueur sur la s\u00e9curit\u00e9 alimentaire.<\/li>\n<li>Respect des normes HACCP, GMP+, Halal et d\u2019autres normes auxquelles l\u2019entreprise est certifi\u00e9e.<\/li>\n<li>Adaptation aux besoins des clients et respect des sp\u00e9cifications convenues en mati\u00e8re de s\u00e9curit\u00e9 alimentaire.<\/li>\n<li>\u00c9tablissement et r\u00e9alisation des objectifs du syst\u00e8me de management de la s\u00e9curit\u00e9 alimentaire.<\/li>\n<li>Implantation des communications internes et externes n\u00e9cessaires \u00e0 la mise en \u0153uvre efficace du syst\u00e8me de management de la s\u00e9curit\u00e9 alimentaire.<\/li>\n<li>Identification, \u00e9valuation et contr\u00f4le des risques pour la s\u00e9curit\u00e9 alimentaire.<\/li>\n<li>Mise \u00e0 disposition d\u2019installations et d\u2019\u00e9quipements ayant les caract\u00e9ristiques d\u2019hygi\u00e8ne ad\u00e9quates.<\/li>\n<li>Formation et information du personnel et\/ou des autres agents impliqu\u00e9s dans la s\u00e9curit\u00e9 alimentaire.<\/li>\n<li>Analyse p\u00e9riodique des donn\u00e9es li\u00e9es au syst\u00e8me de management de la s\u00e9curit\u00e9 alimentaire.<\/li>\n<li>Am\u00e9lioration continue du syst\u00e8me de management de la s\u00e9curit\u00e9 alimentaire.<\/li>\n<\/ul>\n<\/div><\/div><\/div><\/div><\/div><\/div><\/div><\/section><section class=\"l-section wpb_row height_medium\"><div class=\"l-section-h i-cf\"><div class=\"g-cols vc_row via_flex valign_top type_default stacking_default\"><div class=\"vc_col-sm-12 wpb_column vc_column_container\"><div class=\"vc_column-inner\"><div class=\"wpb_wrapper\"><div class=\"wpb_text_column\"><div class=\"wpb_wrapper\"><blockquote>\n<p>C\u2019est pourquoi, la direction encourage cette politique et il est demand\u00e9 \u00e0 toute l\u2019organisation de la respecter, l\u2019appliquer et la promouvoir.<\/p>\n<\/blockquote>\n<\/div><\/div><\/div><\/div><\/div><\/div><\/div><\/section>\n","protected":false},"excerpt":{"rendered":"Politique d\u2019entreprise CAIL\u00c0 &amp; PAR\u00c9S Quality, Environmental and Occupational Health &amp; Safety, Food, Feed, RSPO and CSR Policy La direction de Cail\u00e0 &amp; Par\u00e9s la consid\u00e8re essentielle pour le d\u00e9veloppement de l\u2019organisation et \u00e9tablit donc ce qui suit comme cadre de r\u00e9f\u00e9rence pour les objectifs de l\u2019organisation: 1. Respecter les exigences l\u00e9gales et r\u00e9glementaires applicables...","protected":false},"author":1,"featured_media":0,"parent":243,"menu_order":0,"comment_status":"closed","ping_status":"closed","template":"","meta":{"footnotes":""},"class_list":["post-283","page","type-page","status-publish","hentry"],"yoast_head":"<!-- This site is optimized with the Yoast SEO plugin v25.9 - https:\/\/yoast.com\/wordpress\/plugins\/seo\/ -->\n<title>Politique d&#039;entreprise | Cail\u00e0 &amp; Par\u00e9s<\/title>\n<meta name=\"description\" content=\"Cail\u00e0&amp;Par\u00e9s se conforme aux objectifs, aux exigences l\u00e9gales et aux cibles concernant la politique environnementale, en essayant soigneusement de donner l&#039;exemple.\" \/>\n<meta name=\"robots\" content=\"index, follow, max-snippet:-1, max-image-preview:large, max-video-preview:-1\" \/>\n<link rel=\"canonical\" href=\"https:\/\/cailapares.com\/fr\/compagnie\/politique-environnementale\/\" \/>\n<meta property=\"og:locale\" content=\"fr_FR\" \/>\n<meta property=\"og:type\" content=\"article\" \/>\n<meta property=\"og:title\" content=\"Politique d&#039;entreprise | Cail\u00e0 &amp; Par\u00e9s\" \/>\n<meta property=\"og:description\" content=\"Cail\u00e0&amp;Par\u00e9s se conforme aux objectifs, aux exigences l\u00e9gales et aux cibles concernant la politique environnementale, en essayant soigneusement de donner l&#039;exemple.\" \/>\n<meta property=\"og:url\" content=\"https:\/\/cailapares.com\/fr\/compagnie\/politique-environnementale\/\" \/>\n<meta property=\"og:site_name\" content=\"Caila\" \/>\n<meta property=\"article:modified_time\" content=\"2022-11-21T10:14:39+00:00\" \/>\n<meta name=\"twitter:card\" content=\"summary_large_image\" \/>\n<meta name=\"twitter:label1\" content=\"Dur\u00e9e de lecture estim\u00e9e\" \/>\n\t<meta name=\"twitter:data1\" content=\"5 minutes\" \/>\n<script type=\"application\/ld+json\" class=\"yoast-schema-graph\">{\"@context\":\"https:\/\/schema.org\",\"@graph\":[{\"@type\":\"WebPage\",\"@id\":\"https:\/\/cailapares.com\/fr\/compagnie\/politique-environnementale\/\",\"url\":\"https:\/\/cailapares.com\/fr\/compagnie\/politique-environnementale\/\",\"name\":\"Politique d'entreprise | Cail\u00e0 & Par\u00e9s\",\"isPartOf\":{\"@id\":\"https:\/\/cailapares.com\/#website\"},\"datePublished\":\"2022-10-24T12:20:16+00:00\",\"dateModified\":\"2022-11-21T10:14:39+00:00\",\"description\":\"Cail\u00e0&Par\u00e9s se conforme aux objectifs, aux exigences l\u00e9gales et aux cibles concernant la politique environnementale, en essayant soigneusement de donner l'exemple.\",\"breadcrumb\":{\"@id\":\"https:\/\/cailapares.com\/fr\/compagnie\/politique-environnementale\/#breadcrumb\"},\"inLanguage\":\"fr-FR\",\"potentialAction\":[{\"@type\":\"ReadAction\",\"target\":[\"https:\/\/cailapares.com\/fr\/compagnie\/politique-environnementale\/\"]}]},{\"@type\":\"BreadcrumbList\",\"@id\":\"https:\/\/cailapares.com\/fr\/compagnie\/politique-environnementale\/#breadcrumb\",\"itemListElement\":[{\"@type\":\"ListItem\",\"position\":1,\"name\":\"Compagnie\",\"item\":\"https:\/\/cailapares.com\/fr\/compagnie\/\"},{\"@type\":\"ListItem\",\"position\":2,\"name\":\"Politique d\u2019entreprise\"}]},{\"@type\":\"WebSite\",\"@id\":\"https:\/\/cailapares.com\/#website\",\"url\":\"https:\/\/cailapares.com\/\",\"name\":\"Caila\",\"description\":\"Otro sitio realizado con WordPress\",\"potentialAction\":[{\"@type\":\"SearchAction\",\"target\":{\"@type\":\"EntryPoint\",\"urlTemplate\":\"https:\/\/cailapares.com\/?s={search_term_string}\"},\"query-input\":{\"@type\":\"PropertyValueSpecification\",\"valueRequired\":true,\"valueName\":\"search_term_string\"}}],\"inLanguage\":\"fr-FR\"}]}<\/script>\n<!-- \/ Yoast SEO plugin. -->","yoast_head_json":{"title":"Politique d'entreprise | Cail\u00e0 & Par\u00e9s","description":"Cail\u00e0&Par\u00e9s se conforme aux objectifs, aux exigences l\u00e9gales et aux cibles concernant la politique environnementale, en essayant soigneusement de donner l'exemple.","robots":{"index":"index","follow":"follow","max-snippet":"max-snippet:-1","max-image-preview":"max-image-preview:large","max-video-preview":"max-video-preview:-1"},"canonical":"https:\/\/cailapares.com\/fr\/compagnie\/politique-environnementale\/","og_locale":"fr_FR","og_type":"article","og_title":"Politique d'entreprise | Cail\u00e0 & Par\u00e9s","og_description":"Cail\u00e0&Par\u00e9s se conforme aux objectifs, aux exigences l\u00e9gales et aux cibles concernant la politique environnementale, en essayant soigneusement de donner l'exemple.","og_url":"https:\/\/cailapares.com\/fr\/compagnie\/politique-environnementale\/","og_site_name":"Caila","article_modified_time":"2022-11-21T10:14:39+00:00","twitter_card":"summary_large_image","twitter_misc":{"Dur\u00e9e de lecture estim\u00e9e":"5 minutes"},"schema":{"@context":"https:\/\/schema.org","@graph":[{"@type":"WebPage","@id":"https:\/\/cailapares.com\/fr\/compagnie\/politique-environnementale\/","url":"https:\/\/cailapares.com\/fr\/compagnie\/politique-environnementale\/","name":"Politique d'entreprise | Cail\u00e0 & Par\u00e9s","isPartOf":{"@id":"https:\/\/cailapares.com\/#website"},"datePublished":"2022-10-24T12:20:16+00:00","dateModified":"2022-11-21T10:14:39+00:00","description":"Cail\u00e0&Par\u00e9s se conforme aux objectifs, aux exigences l\u00e9gales et aux cibles concernant la politique environnementale, en essayant soigneusement de donner l'exemple.","breadcrumb":{"@id":"https:\/\/cailapares.com\/fr\/compagnie\/politique-environnementale\/#breadcrumb"},"inLanguage":"fr-FR","potentialAction":[{"@type":"ReadAction","target":["https:\/\/cailapares.com\/fr\/compagnie\/politique-environnementale\/"]}]},{"@type":"BreadcrumbList","@id":"https:\/\/cailapares.com\/fr\/compagnie\/politique-environnementale\/#breadcrumb","itemListElement":[{"@type":"ListItem","position":1,"name":"Compagnie","item":"https:\/\/cailapares.com\/fr\/compagnie\/"},{"@type":"ListItem","position":2,"name":"Politique d\u2019entreprise"}]},{"@type":"WebSite","@id":"https:\/\/cailapares.com\/#website","url":"https:\/\/cailapares.com\/","name":"Caila","description":"Otro sitio realizado con WordPress","potentialAction":[{"@type":"SearchAction","target":{"@type":"EntryPoint","urlTemplate":"https:\/\/cailapares.com\/?s={search_term_string}"},"query-input":{"@type":"PropertyValueSpecification","valueRequired":true,"valueName":"search_term_string"}}],"inLanguage":"fr-FR"}]}},"_links":{"self":[{"href":"https:\/\/cailapares.com\/fr\/wp-json\/wp\/v2\/pages\/283","targetHints":{"allow":["GET"]}}],"collection":[{"href":"https:\/\/cailapares.com\/fr\/wp-json\/wp\/v2\/pages"}],"about":[{"href":"https:\/\/cailapares.com\/fr\/wp-json\/wp\/v2\/types\/page"}],"author":[{"embeddable":true,"href":"https:\/\/cailapares.com\/fr\/wp-json\/wp\/v2\/users\/1"}],"replies":[{"embeddable":true,"href":"https:\/\/cailapares.com\/fr\/wp-json\/wp\/v2\/comments?post=283"}],"version-history":[{"count":3,"href":"https:\/\/cailapares.com\/fr\/wp-json\/wp\/v2\/pages\/283\/revisions"}],"predecessor-version":[{"id":651,"href":"https:\/\/cailapares.com\/fr\/wp-json\/wp\/v2\/pages\/283\/revisions\/651"}],"up":[{"embeddable":true,"href":"https:\/\/cailapares.com\/fr\/wp-json\/wp\/v2\/pages\/243"}],"wp:attachment":[{"href":"https:\/\/cailapares.com\/fr\/wp-json\/wp\/v2\/media?parent=283"}],"curies":[{"name":"wp","href":"https:\/\/api.w.org\/{rel}","templated":true}]}}