{"id":282,"date":"2022-10-24T12:19:08","date_gmt":"2022-10-24T12:19:08","guid":{"rendered":"https:\/\/cailapares.com\/compagnie\/certificaciones\/"},"modified":"2025-11-17T12:32:11","modified_gmt":"2025-11-17T12:32:11","slug":"certifications","status":"publish","type":"page","link":"https:\/\/cailapares.com\/fr\/compagnie\/certifications\/","title":{"rendered":"Certifications Cail\u00e0&#038;Par\u00e9s"},"content":{"rendered":"<section class=\"l-section wpb_row height_medium\"><div class=\"l-section-h i-cf\"><div class=\"g-cols vc_row via_flex valign_top type_default stacking_default\"><div class=\"vc_col-sm-12 wpb_column vc_column_container\"><div class=\"vc_column-inner\"><div class=\"wpb_wrapper\"><div class=\"wpb_text_column\"><div class=\"wpb_wrapper\"><div class=\"links-sup\">\n<table width=\"792\">\n<thead>\n<tr>\n<td width=\"98\"><strong>Certification<\/strong><\/td>\n<td width=\"114\"><strong>Titre<\/strong><\/td>\n<td width=\"118\"><strong>Logo<\/strong><\/td>\n<td colspan=\"2\" width=\"462\"><strong>Description<\/strong><\/td>\n<\/tr>\n<\/thead>\n<tbody>\n<tr>\n<td width=\"98\">ISO 9001<\/td>\n<td width=\"114\">Syst\u00e8mes de management de la qualit\u00e9<\/td>\n<td width=\"118\"><img loading=\"lazy\" decoding=\"async\" class=\"aligncenter size-full wp-image-6128\" src=\"\/wp-content\/uploads\/2014\/11\/iso-9001.jpg\" alt=\"iso 9001\" width=\"143\" height=\"155\" \/><\/td>\n<td width=\"461\">Par la mise en place du Syst\u00e8me de Management de la Qualit\u00e9 selon la norme ISO 9001, conc\u00e9d\u00e9 par l&rsquo;organisme de certification de renomm\u00e9e mondiale, LRQA (Lloyd&rsquo;s Register Quality Assurance), <strong>Cail\u00e0 &amp; Par\u00e9s<\/strong> d\u00e9montre sa capacit\u00e9 \u00e0 fournir ses produits et services en conformit\u00e9 avec les exigences de ses clients et les exigences r\u00e9glementaires applicables, moyennant une d\u00e9marche fond\u00e9e sur les processus et le cycle d\u2019am\u00e9lioration continue.<\/td>\n<td width=\"1\"><\/td>\n<\/tr>\n<tr>\n<td width=\"98\">ISO 14001<\/td>\n<td width=\"114\">Syst\u00e8me de management environnemental<\/td>\n<td width=\"118\"><img loading=\"lazy\" decoding=\"async\" class=\"aligncenter size-full wp-image-6129\" src=\"\/wp-content\/uploads\/2014\/11\/iso-14001.jpg\" alt=\"iso 14001\" width=\"143\" height=\"155\" \/><\/td>\n<td width=\"461\"><strong>Cail\u00e0 &amp; Par\u00e9s <\/strong>maintient son Syst\u00e8me de Management environnemental certifi\u00e9 conform\u00e9ment \u00e0 la norme ISO 14001 par l&rsquo;organisme de certification LRQA (Lloyd&rsquo;s Register Quality Assurance), suite \u00e0 l&rsquo;identification et \u00e0 l&rsquo;\u00e9valuation des aspects environnementaux r\u00e9sultant de son activit\u00e9, et \u00e0 la r\u00e9duction des impacts environnementaux associ\u00e9s et des risques pouvant d\u00e9couler de situations anormales et\/ou accidentelles. Ceci permet d&rsquo;optimiser la gestion des ressources et des d\u00e9chets et d&rsquo;assurer le respect et la mise \u00e0 jour de la r\u00e9glementation applicable.<\/td>\n<td width=\"1\"><\/td>\n<\/tr>\n<tr>\n<td width=\"98\">ISO 45001<\/td>\n<td width=\"114\">Syst\u00e8me de management de la sant\u00e9 et de la s\u00e9curit\u00e9 au travail<\/td>\n<td width=\"118\"><img loading=\"lazy\" decoding=\"async\" class=\"aligncenter wp-image-6130\" src=\"\/wp-content\/uploads\/2014\/11\/iso-45001.jpg\" alt=\"iso 45001\" width=\"145\" height=\"157\" \/><\/td>\n<td width=\"461\">La norme ISO 45001 mise en \u0153uvre chez Cail\u00e0 &amp; Par\u00e9s et certifi\u00e9e par LRQA (Lloyd&rsquo;s Register Quality Assurance) est une m\u00e9thodologie reconnue de management de la sant\u00e9 et de la s\u00e9curit\u00e9 qui souligne son engagement \u00e0 maintenir et am\u00e9liorer les conditions de sant\u00e9 et de s\u00e9curit\u00e9, et encourage la culture pr\u00e9ventive dans l&rsquo;entreprise, l&rsquo;engagement de chacun dans l&rsquo;entreprise pour l&rsquo;am\u00e9lioration continue des performances en mati\u00e8re de sant\u00e9 et de s\u00e9curit\u00e9 et le respect de la l\u00e9gislation en mati\u00e8re de sant\u00e9 et de s\u00e9curit\u00e9 au travail.<\/td>\n<td width=\"1\"><\/td>\n<\/tr>\n<tr>\n<td width=\"98\">Ecovadis<\/td>\n<td width=\"114\">D\u00e9veloppement durable<\/td>\n<td width=\"118\"><img loading=\"lazy\" decoding=\"async\" class=\"aligncenter wp-image-6131\" src=\"\/wp-content\/uploads\/2014\/11\/ecovadis.png\" alt=\"ecovadis\" width=\"150\" height=\"27\" \/><\/td>\n<td width=\"461\"><strong>Cail\u00e0 &amp; Par\u00e9s<\/strong> a re\u00e7u une m\u00e9daille d&rsquo;or d&rsquo;Ecovadis, la plateforme mondiale d&rsquo;\u00e9valuation du d\u00e9veloppement durable des entreprises, gr\u00e2ce \u00e0 ses performances en mati\u00e8re de durabilit\u00e9, un privil\u00e8ge r\u00e9serv\u00e9 \u00e0 seulement 5 % des entreprises associ\u00e9es.<\/td>\n<td width=\"1\"><\/td>\n<\/tr>\n<tr>\n<td width=\"98\">TFS (Together For Sustainability)<\/td>\n<td width=\"114\">D\u00e9veloppement durable<\/td>\n<td width=\"118\"><img loading=\"lazy\" decoding=\"async\" class=\"aligncenter wp-image-6132\" src=\"\/wp-content\/uploads\/2014\/11\/together-for-sustainability.png\" alt=\"together for sustainability\" width=\"150\" height=\"50\" \/><\/td>\n<td width=\"461\"><strong>Cail\u00e0 &amp; Par\u00e9s<\/strong> est certifi\u00e9e par cette initiative conjointe d&rsquo;entreprises chimiques visant \u00e0 promouvoir les pratiques durables dans la cha\u00eene d&rsquo;approvisionnement de l&rsquo;industrie chimique. Ce r\u00e9seau mondial rassemble plus de 30 entreprises autour d&rsquo;un m\u00eame r\u00e9f\u00e9rentiel d&rsquo;audit et d&rsquo;\u00e9valuation.<\/td>\n<td width=\"1\"><\/td>\n<\/tr>\n<tr>\n<td width=\"98\">Sedex<\/td>\n<td width=\"114\">D\u00e9veloppement durable<\/td>\n<td width=\"118\"><img loading=\"lazy\" decoding=\"async\" class=\"aligncenter wp-image-6133\" src=\"\/wp-content\/uploads\/2014\/11\/sedex-300x80.jpg\" alt=\"sedex\" width=\"150\" height=\"40\" \/><\/td>\n<td width=\"461\"><strong>Cail\u00e0 &amp; Par\u00e9s<\/strong> est certifi\u00e9e par cette plateforme mondiale de pratiques pour un commerce \u00e9thique. Son objectif est d&rsquo;am\u00e9liorer les conditions de travail dans les cha\u00eenes d&rsquo;approvisionnement mondiales gr\u00e2ce \u00e0 des outils pratiques, des services et un r\u00e9seau communautaire. En aidant les entreprises \u00e0 am\u00e9liorer leurs pratiques commerciales responsables et durables et \u00e0 s&rsquo;approvisionner de mani\u00e8re responsable.<\/td>\n<td width=\"1\"><\/td>\n<\/tr>\n<tr>\n<td width=\"98\">ISCC<\/td>\n<td width=\"114\">Biomasse, biocarburants et bio\u00e9nergie<\/td>\n<td width=\"118\"><img loading=\"lazy\" decoding=\"async\" class=\"aligncenter wp-image-6134\" src=\"\/wp-content\/uploads\/2014\/11\/iscc.jpg\" alt=\"iscc\" width=\"150\" height=\"77\" \/><\/td>\n<td width=\"461\"><strong>Cail\u00e0 &amp; Par\u00e9s<\/strong> est certifi\u00e9e par ce r\u00e9seau mondial de certification de premier plan dans la mise en \u0153uvre de syst\u00e8mes de production de tous types de biomasse, biocarburant et bio\u00e9nergie. Il travaille au d\u00e9veloppement de cha\u00eenes d&rsquo;approvisionnement environnementalement, socialement et \u00e9conomiquement durables.<\/td>\n<td width=\"1\"><\/td>\n<\/tr>\n<tr>\n<td width=\"98\">RSPO<\/td>\n<td width=\"114\">D\u00e9veloppement durable<\/td>\n<td width=\"118\"><img loading=\"lazy\" decoding=\"async\" class=\"aligncenter wp-image-6135\" src=\"\/wp-content\/uploads\/2014\/11\/rspo-268x300.png\" alt=\"rspo\" width=\"146\" height=\"163\" \/><\/td>\n<td width=\"461\"><strong>Cail\u00e0 &amp; Par\u00e9s<\/strong> est certifi\u00e9e par cette association \u00e0 but non lucratif comptant plus de 4000 membres de tous les secteurs impliqu\u00e9s dans la cha\u00eene d&rsquo;approvisionnement d&rsquo;huile et de d\u00e9riv\u00e9s du palmier. Elle a d\u00e9velopp\u00e9 une s\u00e9rie de normes et d&rsquo;engagements environnementaux et sociaux que les entreprises doivent respecter pour produire de l&rsquo;huile de palme certifi\u00e9e durable, ou CSPO (Certified Sustainable Palm Oil).<\/td>\n<td width=\"1\"><\/td>\n<\/tr>\n<tr>\n<td width=\"98\">Feed &amp; Food<\/td>\n<td width=\"114\">Hygi\u00e8ne et s\u00e9curit\u00e9 dans le domaine de l&rsquo;alimentation humaine et animale<\/td>\n<td width=\"118\"><img loading=\"lazy\" decoding=\"async\" class=\"aligncenter wp-image-6136\" src=\"\/wp-content\/uploads\/2014\/11\/fao.jpg\" alt=\"fao\" width=\"145\" height=\"148\" \/><\/td>\n<td width=\"461\"><strong>Cail\u00e0 &amp; Par\u00e9s<\/strong> dispose d&rsquo;un Syst\u00e8me de Management de la S\u00e9curit\u00e9 alimentaire qui garantit l&rsquo;innocuit\u00e9 des produits qu&rsquo;elle fabrique et commercialise pour l&rsquo;alimentation animale (Feed) et l&rsquo;alimentation humaine (Food). Ce syst\u00e8me est conforme aux recommandations du Codex alimentarius et \u00e0 la l\u00e9gislation applicable, et bas\u00e9 sur une analyse HACCP compl\u00e8te et sur les conditions pr\u00e9alables en vigueur en mati\u00e8re de s\u00e9curit\u00e9 sanitaire des aliments.<\/td>\n<td width=\"1\"><\/td>\n<\/tr>\n<tr>\n<td width=\"98\">Halal<\/td>\n<td width=\"114\">Respect des pr\u00e9ceptes de la loi islamique<\/td>\n<td width=\"118\"><img loading=\"lazy\" decoding=\"async\" class=\"aligncenter size-full wp-image-6324\" src=\"\/wp-content\/uploads\/2021\/12\/halal.png\" alt=\"halal\" width=\"172\" height=\"124\" \/><\/td>\n<td width=\"461\"><strong>Cail\u00e0 &amp; Par\u00e9s<\/strong> dispose de la certification Halal pour la production de produits chimiques, conform\u00e9ment aux exigences \u00e9tablies par l&rsquo;organisme de certification Halal Quality Control. Cela signifie que les processus de production, de transport et de nettoyage garantissent les principes de la loi islamique et que seuls les ingr\u00e9dients autoris\u00e9s conform\u00e9ment \u00e0 la loi islamique sont utilis\u00e9s.<\/td>\n<td width=\"1\"><\/td>\n<\/tr>\n<tr>\n<td width=\"98\">GMP+<\/td>\n<td width=\"114\">S\u00e9curit\u00e9 dans la production d&rsquo;aliments destin\u00e9s \u00e0 l&rsquo;alimentation animale<\/td>\n<td width=\"118\"><img loading=\"lazy\" decoding=\"async\" class=\" wp-image-991 aligncenter\" src=\"https:\/\/cailapares.com\/wp-content\/uploads\/2025\/11\/certificado-gmp-300x259.jpg\" alt=\"\" width=\"117\" height=\"101\" srcset=\"https:\/\/cailapares.com\/wp-content\/uploads\/2025\/11\/certificado-gmp-300x259.jpg 300w, https:\/\/cailapares.com\/wp-content\/uploads\/2025\/11\/certificado-gmp.jpg 800w\" sizes=\"auto, (max-width: 117px) 100vw, 117px\" \/><\/td>\n<td width=\"461\"><strong>Cail\u00e0 &amp; Par\u00e9s<\/strong> est certifi\u00e9e \u00e0 la norme GMP+ pour la production et la commercialisation de produits destin\u00e9s \u00e0 l&rsquo;alimentation animale, conform\u00e9ment aux exigences \u00e9tablies par l&rsquo;organisme GMP+ International. Elle respecte \u00e9galement les exigences l\u00e9gales applicables en mati\u00e8re de s\u00e9curit\u00e9 alimentaire (y compris le syst\u00e8me HACCP) dans le cadre d&rsquo;un syst\u00e8me int\u00e9gr\u00e9 de gestion de la qualit\u00e9 et de la s\u00e9curit\u00e9 alimentaire.<\/td>\n<td width=\"1\"><\/td>\n<\/tr>\n<\/tbody>\n<\/table>\n<\/div>\n<\/div><\/div><\/div><\/div><\/div><\/div><\/div><\/section>\n","protected":false},"excerpt":{"rendered":"Certification Titre Logo Description ISO 9001 Syst\u00e8mes de management de la qualit\u00e9 Par la mise en place du Syst\u00e8me de Management de la Qualit\u00e9 selon la norme ISO 9001, conc\u00e9d\u00e9 par l&rsquo;organisme de certification de renomm\u00e9e mondiale, LRQA (Lloyd&rsquo;s Register Quality Assurance), Cail\u00e0 &amp; Par\u00e9s d\u00e9montre sa capacit\u00e9 \u00e0 fournir ses produits et services en...","protected":false},"author":1,"featured_media":0,"parent":243,"menu_order":0,"comment_status":"closed","ping_status":"closed","template":"","meta":{"footnotes":""},"class_list":["post-282","page","type-page","status-publish","hentry"],"yoast_head":"<!-- This site is optimized with the Yoast SEO plugin v25.9 - https:\/\/yoast.com\/wordpress\/plugins\/seo\/ -->\n<title>Certifications | Oleochemicals Manufacturers | Cail\u00e0 &amp; Par\u00e9s<\/title>\n<meta name=\"description\" content=\"Gr\u00e2ce \u00e0 la mise en place de syst\u00e8mes de gestion de la qualit\u00e9, nous respectons toutes les exigences r\u00e9glementaires pour obtenir des produits de premi\u00e8re qualit\u00e9.\" \/>\n<meta name=\"robots\" content=\"index, follow, max-snippet:-1, max-image-preview:large, max-video-preview:-1\" \/>\n<link rel=\"canonical\" href=\"https:\/\/cailapares.com\/sobre-nosotros\/certificaciones\/\" \/>\n<meta property=\"og:locale\" content=\"fr_FR\" \/>\n<meta property=\"og:type\" content=\"article\" \/>\n<meta property=\"og:title\" content=\"Certifications | Oleochemicals Manufacturers | Cail\u00e0 &amp; Par\u00e9s\" \/>\n<meta property=\"og:description\" content=\"Gr\u00e2ce \u00e0 la mise en place de syst\u00e8mes de gestion de la qualit\u00e9, nous respectons toutes les exigences r\u00e9glementaires pour obtenir des produits de premi\u00e8re qualit\u00e9.\" \/>\n<meta property=\"og:url\" content=\"https:\/\/cailapares.com\/sobre-nosotros\/certificaciones\/\" \/>\n<meta property=\"og:site_name\" content=\"Caila\" \/>\n<meta property=\"article:modified_time\" content=\"2025-11-17T12:32:11+00:00\" \/>\n<meta property=\"og:image\" content=\"https:\/\/cailapares.com\/wp-content\/uploads\/2025\/11\/certificado-gmp-300x259.jpg\" \/>\n<meta name=\"twitter:card\" content=\"summary_large_image\" \/>\n<meta name=\"twitter:label1\" content=\"Dur\u00e9e de lecture estim\u00e9e\" \/>\n\t<meta name=\"twitter:data1\" content=\"4 minutes\" \/>\n<script type=\"application\/ld+json\" class=\"yoast-schema-graph\">{\"@context\":\"https:\/\/schema.org\",\"@graph\":[{\"@type\":\"WebPage\",\"@id\":\"https:\/\/cailapares.com\/sobre-nosotros\/certificaciones\/\",\"url\":\"https:\/\/cailapares.com\/sobre-nosotros\/certificaciones\/\",\"name\":\"Certifications | Oleochemicals Manufacturers | Cail\u00e0 & Par\u00e9s\",\"isPartOf\":{\"@id\":\"https:\/\/cailapares.com\/#website\"},\"primaryImageOfPage\":{\"@id\":\"https:\/\/cailapares.com\/sobre-nosotros\/certificaciones\/#primaryimage\"},\"image\":{\"@id\":\"https:\/\/cailapares.com\/sobre-nosotros\/certificaciones\/#primaryimage\"},\"thumbnailUrl\":\"https:\/\/cailapares.com\/wp-content\/uploads\/2025\/11\/certificado-gmp-300x259.jpg\",\"datePublished\":\"2022-10-24T12:19:08+00:00\",\"dateModified\":\"2025-11-17T12:32:11+00:00\",\"description\":\"Gr\u00e2ce \u00e0 la mise en place de syst\u00e8mes de gestion de la qualit\u00e9, nous respectons toutes les exigences r\u00e9glementaires pour obtenir des produits de premi\u00e8re qualit\u00e9.\",\"breadcrumb\":{\"@id\":\"https:\/\/cailapares.com\/sobre-nosotros\/certificaciones\/#breadcrumb\"},\"inLanguage\":\"fr-FR\",\"potentialAction\":[{\"@type\":\"ReadAction\",\"target\":[\"https:\/\/cailapares.com\/sobre-nosotros\/certificaciones\/\"]}]},{\"@type\":\"ImageObject\",\"inLanguage\":\"fr-FR\",\"@id\":\"https:\/\/cailapares.com\/sobre-nosotros\/certificaciones\/#primaryimage\",\"url\":\"https:\/\/cailapares.com\/wp-content\/uploads\/2025\/11\/certificado-gmp-300x259.jpg\",\"contentUrl\":\"https:\/\/cailapares.com\/wp-content\/uploads\/2025\/11\/certificado-gmp-300x259.jpg\"},{\"@type\":\"BreadcrumbList\",\"@id\":\"https:\/\/cailapares.com\/sobre-nosotros\/certificaciones\/#breadcrumb\",\"itemListElement\":[{\"@type\":\"ListItem\",\"position\":1,\"name\":\"Compagnie\",\"item\":\"https:\/\/cailapares.com\/fr\/compagnie\/\"},{\"@type\":\"ListItem\",\"position\":2,\"name\":\"Certifications Cail\u00e0&#038;Par\u00e9s\"}]},{\"@type\":\"WebSite\",\"@id\":\"https:\/\/cailapares.com\/#website\",\"url\":\"https:\/\/cailapares.com\/\",\"name\":\"Caila\",\"description\":\"Otro sitio realizado con WordPress\",\"potentialAction\":[{\"@type\":\"SearchAction\",\"target\":{\"@type\":\"EntryPoint\",\"urlTemplate\":\"https:\/\/cailapares.com\/?s={search_term_string}\"},\"query-input\":{\"@type\":\"PropertyValueSpecification\",\"valueRequired\":true,\"valueName\":\"search_term_string\"}}],\"inLanguage\":\"fr-FR\"}]}<\/script>\n<!-- \/ Yoast SEO plugin. -->","yoast_head_json":{"title":"Certifications | Oleochemicals Manufacturers | Cail\u00e0 & Par\u00e9s","description":"Gr\u00e2ce \u00e0 la mise en place de syst\u00e8mes de gestion de la qualit\u00e9, nous respectons toutes les exigences r\u00e9glementaires pour obtenir des produits de premi\u00e8re qualit\u00e9.","robots":{"index":"index","follow":"follow","max-snippet":"max-snippet:-1","max-image-preview":"max-image-preview:large","max-video-preview":"max-video-preview:-1"},"canonical":"https:\/\/cailapares.com\/sobre-nosotros\/certificaciones\/","og_locale":"fr_FR","og_type":"article","og_title":"Certifications | Oleochemicals Manufacturers | Cail\u00e0 & Par\u00e9s","og_description":"Gr\u00e2ce \u00e0 la mise en place de syst\u00e8mes de gestion de la qualit\u00e9, nous respectons toutes les exigences r\u00e9glementaires pour obtenir des produits de premi\u00e8re qualit\u00e9.","og_url":"https:\/\/cailapares.com\/sobre-nosotros\/certificaciones\/","og_site_name":"Caila","article_modified_time":"2025-11-17T12:32:11+00:00","og_image":[{"url":"https:\/\/cailapares.com\/wp-content\/uploads\/2025\/11\/certificado-gmp-300x259.jpg","type":"","width":"","height":""}],"twitter_card":"summary_large_image","twitter_misc":{"Dur\u00e9e de lecture estim\u00e9e":"4 minutes"},"schema":{"@context":"https:\/\/schema.org","@graph":[{"@type":"WebPage","@id":"https:\/\/cailapares.com\/sobre-nosotros\/certificaciones\/","url":"https:\/\/cailapares.com\/sobre-nosotros\/certificaciones\/","name":"Certifications | Oleochemicals Manufacturers | Cail\u00e0 & Par\u00e9s","isPartOf":{"@id":"https:\/\/cailapares.com\/#website"},"primaryImageOfPage":{"@id":"https:\/\/cailapares.com\/sobre-nosotros\/certificaciones\/#primaryimage"},"image":{"@id":"https:\/\/cailapares.com\/sobre-nosotros\/certificaciones\/#primaryimage"},"thumbnailUrl":"https:\/\/cailapares.com\/wp-content\/uploads\/2025\/11\/certificado-gmp-300x259.jpg","datePublished":"2022-10-24T12:19:08+00:00","dateModified":"2025-11-17T12:32:11+00:00","description":"Gr\u00e2ce \u00e0 la mise en place de syst\u00e8mes de gestion de la qualit\u00e9, nous respectons toutes les exigences r\u00e9glementaires pour obtenir des produits de premi\u00e8re qualit\u00e9.","breadcrumb":{"@id":"https:\/\/cailapares.com\/sobre-nosotros\/certificaciones\/#breadcrumb"},"inLanguage":"fr-FR","potentialAction":[{"@type":"ReadAction","target":["https:\/\/cailapares.com\/sobre-nosotros\/certificaciones\/"]}]},{"@type":"ImageObject","inLanguage":"fr-FR","@id":"https:\/\/cailapares.com\/sobre-nosotros\/certificaciones\/#primaryimage","url":"https:\/\/cailapares.com\/wp-content\/uploads\/2025\/11\/certificado-gmp-300x259.jpg","contentUrl":"https:\/\/cailapares.com\/wp-content\/uploads\/2025\/11\/certificado-gmp-300x259.jpg"},{"@type":"BreadcrumbList","@id":"https:\/\/cailapares.com\/sobre-nosotros\/certificaciones\/#breadcrumb","itemListElement":[{"@type":"ListItem","position":1,"name":"Compagnie","item":"https:\/\/cailapares.com\/fr\/compagnie\/"},{"@type":"ListItem","position":2,"name":"Certifications Cail\u00e0&#038;Par\u00e9s"}]},{"@type":"WebSite","@id":"https:\/\/cailapares.com\/#website","url":"https:\/\/cailapares.com\/","name":"Caila","description":"Otro sitio realizado con WordPress","potentialAction":[{"@type":"SearchAction","target":{"@type":"EntryPoint","urlTemplate":"https:\/\/cailapares.com\/?s={search_term_string}"},"query-input":{"@type":"PropertyValueSpecification","valueRequired":true,"valueName":"search_term_string"}}],"inLanguage":"fr-FR"}]}},"_links":{"self":[{"href":"https:\/\/cailapares.com\/fr\/wp-json\/wp\/v2\/pages\/282","targetHints":{"allow":["GET"]}}],"collection":[{"href":"https:\/\/cailapares.com\/fr\/wp-json\/wp\/v2\/pages"}],"about":[{"href":"https:\/\/cailapares.com\/fr\/wp-json\/wp\/v2\/types\/page"}],"author":[{"embeddable":true,"href":"https:\/\/cailapares.com\/fr\/wp-json\/wp\/v2\/users\/1"}],"replies":[{"embeddable":true,"href":"https:\/\/cailapares.com\/fr\/wp-json\/wp\/v2\/comments?post=282"}],"version-history":[{"count":3,"href":"https:\/\/cailapares.com\/fr\/wp-json\/wp\/v2\/pages\/282\/revisions"}],"predecessor-version":[{"id":995,"href":"https:\/\/cailapares.com\/fr\/wp-json\/wp\/v2\/pages\/282\/revisions\/995"}],"up":[{"embeddable":true,"href":"https:\/\/cailapares.com\/fr\/wp-json\/wp\/v2\/pages\/243"}],"wp:attachment":[{"href":"https:\/\/cailapares.com\/fr\/wp-json\/wp\/v2\/media?parent=282"}],"curies":[{"name":"wp","href":"https:\/\/api.w.org\/{rel}","templated":true}]}}