{"id":272,"date":"2024-07-01T12:14:38","date_gmt":"2024-07-01T12:14:38","guid":{"rendered":"https:\/\/cailapares.com\/glicerina\/"},"modified":"2022-10-31T13:29:05","modified_gmt":"2022-10-31T13:29:05","slug":"glycerine","status":"publish","type":"page","link":"https:\/\/cailapares.com\/fr\/glycerine\/","title":{"rendered":"Glyc\u00e9rine"},"content":{"rendered":"<h2>Qu&rsquo;est-ce que la glyc\u00e9rine pure ou USP?<\/h2>\n<p><strong>La glyc\u00e9rine est une mol\u00e9cule tr\u00e8s importante <\/strong> qui est utilis\u00e9e dans diff\u00e9rents domaines et zones. Il est aussi connu sous le nom de glyc\u00e9rol <\/strong> et est un trialcool (triol) avec un squelette de 3 carbones, tous <strong> occup\u00e9s par un groupe hydroxyle <\/strong>, d&rsquo;o\u00f9 son nom IUPAC : <strong>propane- 1, 2, 3-triol ou 1, 2, 3, propanetriol.<\/strong><\/p>\n<ul>\n<li><i>Num\u00e9ro CAS: 56-81-5<\/i><\/li>\n<li><i>Num\u00e9ro EC: 232-293-8<\/i><\/li>\n<\/ul>\n<p>&nbsp;<\/p>\n<div style=\"font-size: small;overflow-x:scroll;\">\n<table width=\"100%\" cellspacing=\"0\" cellpadding=\"5\" border=\"1\" align=\"center\">\n<tbody>\n<tr>\n<td bgcolor=\"#D2D2D2\" colspan=\"2\">ORIGIN<\/td>\n<td valign=\"middle\" bgcolor=\"#D2D2D2\" align=\"center\" colspan=\"3\">NATURAL<\/td>\n<\/tr>\n<tr>\n<td width=\"265\" bgcolor=\"#EBEBEB\">\n<p>ANALISYS<\/p>\n<p>METHOD<\/p>\n<\/td>\n<td width=\"100\" bgcolor=\"#EBEBEB\">UNITS<\/td>\n<td width=\"100\" bgcolor=\"#EBEBEB\">GL-86,5<\/td>\n<td width=\"100\" bgcolor=\"#EBEBEB\">GL-99<\/td>\n<td width=\"100\" bgcolor=\"#EBEBEB\">GL-99-HC<\/td>\n<\/tr>\n<tr>\n<td bgcolor=\"#EBEBEB\">WATER<br \/>\n            ISO 760<\/td>\n<td bgcolor=\"#EBEBEB\">%<\/td>\n<td>12-14<\/td>\n<td>MAX. 0,5<\/td>\n<td>MAX. 1<\/td>\n<\/tr>\n<tr>\n<td bgcolor=\"#EBEBEB\">ASHES<br \/>\n            BS &#8211; 5711- 6<\/td>\n<td bgcolor=\"#EBEBEB\">%<\/td>\n<td>&#8211;<\/td>\n<td>&#8211;<\/td>\n<td bgcolor=\"#FFFFFF\">MAX. 0,05<\/td>\n<\/tr>\n<tr>\n<td bgcolor=\"#EBEBEB\">GLYCEROL<br \/>\n            APAG GL-008<\/td>\n<td bgcolor=\"#EBEBEB\">%<\/td>\n<td>MIN. 86<\/td>\n<td>MIN. 99,5<\/td>\n<td bgcolor=\"#FFFFFF\">MIN. 99<\/td>\n<\/tr>\n<tr>\n<td bgcolor=\"#EBEBEB\">COLOUR<br \/>\n            AOCSTd 1a64<\/td>\n<td bgcolor=\"#EBEBEB\">Gardner<\/td>\n<td>&#8211;<\/td>\n<td>&#8211;<\/td>\n<td bgcolor=\"#FFFFFF\">MAX. 3<\/td>\n<\/tr>\n<tr>\n<td bgcolor=\"#EBEBEB\">RELATIVE DENSITY<br \/>\n            BS &#8211; 5711- 4<\/td>\n<td bgcolor=\"#EBEBEB\">\n<p>A<\/p>\n<p>AT<\/p>\n<p>20&ordm; C<\/p>\n<\/td>\n<td>MIN. 1,226<\/td>\n<td>MIN. 1,262<\/td>\n<td bgcolor=\"#FFFFFF\">MIN. 1,258<\/td>\n<\/tr>\n<tr>\n<td bgcolor=\"#EBEBEB\">REFRACTIVE INDEX<br \/>\n            APAG GL-006<\/td>\n<td bgcolor=\"#EBEBEB\">\n<p>A<\/p>\n<p>AT<\/p>\n<p>20&ordm; C<\/p>\n<\/td>\n<td>MIN. 1,452<\/td>\n<td>MIN. 1,472<\/td>\n<td bgcolor=\"#FFFFFF\">MIN. 1,470<\/td>\n<\/tr>\n<tr>\n<td bgcolor=\"#EBEBEB\">COLOUR<br \/>\n            ISO 2211<\/td>\n<td bgcolor=\"#EBEBEB\">APHA\/HAZEN<\/td>\n<td>MAX. 10<\/td>\n<td>MAX.20<\/td>\n<td bgcolor=\"#FFFFFF\">&#8211;<\/td>\n<\/tr>\n<tr>\n<td valign=\"top\" bgcolor=\"#EBEBEB\">ACIDITY\/ALCALINITY<br \/>\n            European Pharmacopoeia<\/td>\n<td valign=\"middle\" bgcolor=\"#EBEBEB\" align=\"left\">meq.\/100 gr.<\/td>\n<td valign=\"middle\" align=\"left\">MAX. 0,08<\/td>\n<td valign=\"middle\" align=\"left\">MAX. 0,08<\/td>\n<td valign=\"middle\" align=\"left\">&#8211;<\/td>\n<\/tr>\n<tr>\n<td valign=\"top\" bgcolor=\"#EBEBEB\">ESTERS<br \/>\n            European Pharmacopoeia<\/td>\n<td valign=\"middle\" bgcolor=\"#EBEBEB\" align=\"left\">meq.\/100 gr.<\/td>\n<td valign=\"middle\" align=\"left\">MAX. 0,8<\/td>\n<td valign=\"middle\" align=\"left\">MAX. 0,8<\/td>\n<td valign=\"middle\" align=\"left\">&#8211;<\/td>\n<\/tr>\n<tr>\n<td valign=\"top\" bgcolor=\"#EBEBEB\">ASHES SULFURICAS<br \/>\n            European Pharmacopoeia<\/td>\n<td valign=\"middle\" bgcolor=\"#EBEBEB\" align=\"left\">%<\/td>\n<td valign=\"middle\" align=\"left\">MAX. 0,01<\/td>\n<td valign=\"middle\" align=\"left\">MAX. 0,01<\/td>\n<td valign=\"middle\" align=\"left\">&#8211;<\/td>\n<\/tr>\n<tr>\n<td valign=\"top\" bgcolor=\"#EBEBEB\">SULPHATES<br \/>\n            United States Pharmacopoeia<\/td>\n<td valign=\"middle\" bgcolor=\"#EBEBEB\" align=\"left\">ppm<\/td>\n<td valign=\"middle\" align=\"left\">&#8211;<\/td>\n<td valign=\"middle\" align=\"left\">MAX. 20<\/td>\n<td valign=\"middle\" align=\"left\">&#8211;<\/td>\n<\/tr>\n<tr>\n<td valign=\"top\" bgcolor=\"#EBEBEB\">HEAVY METALS<br \/>\n            European Pharmacopoeia<\/td>\n<td valign=\"middle\" bgcolor=\"#EBEBEB\" align=\"left\">ppm Pb<\/td>\n<td valign=\"middle\" align=\"left\">MAX. 5<\/td>\n<td valign=\"middle\" align=\"left\">MAX. 5<\/td>\n<td valign=\"middle\" align=\"left\">&#8211;<\/td>\n<\/tr>\n<tr>\n<td valign=\"top\" bgcolor=\"#EBEBEB\">CLHORIDES<br \/>\n            European Pharmacopoeia<\/td>\n<td valign=\"middle\" bgcolor=\"#EBEBEB\" align=\"left\">ppm Pb<\/td>\n<td valign=\"middle\" align=\"left\">MAX. 10<\/td>\n<td valign=\"middle\" align=\"left\">MAX. 10<\/td>\n<td valign=\"middle\" align=\"left\">&#8211;<\/td>\n<\/tr>\n<tr>\n<td valign=\"top\" bgcolor=\"#EBEBEB\">HALOGENATED COMPOUNDS<br \/>\n            European Pharmacopoeia<\/td>\n<td valign=\"middle\" bgcolor=\"#EBEBEB\" align=\"left\">&#8211;<\/td>\n<td valign=\"middle\" align=\"left\">PASA TEST<\/td>\n<td valign=\"middle\" align=\"left\">PASA TEST<\/td>\n<td valign=\"middle\" align=\"left\">&#8211;<\/td>\n<\/tr>\n<tr>\n<td valign=\"top\" bgcolor=\"#EBEBEB\">ALDEHYDE\/REDUCING SUBSTANCES<br \/>\n            European Pharmacopoeia<\/td>\n<td valign=\"middle\" bgcolor=\"#EBEBEB\" align=\"left\">&#8211;<\/td>\n<td valign=\"middle\" align=\"left\">PASA TEST<\/td>\n<td valign=\"middle\" align=\"left\">PASA TEST<\/td>\n<td valign=\"middle\" align=\"left\">&#8211;<\/td>\n<\/tr>\n<tr>\n<td valign=\"top\" bgcolor=\"#EBEBEB\">SUGARS<br \/>\n            European Pharmacopoeia<\/td>\n<td valign=\"middle\" bgcolor=\"#EBEBEB\" align=\"left\">&#8211;<\/td>\n<td valign=\"middle\" align=\"left\">PASA TEST<\/td>\n<td valign=\"middle\" align=\"left\">PASA TEST<\/td>\n<td valign=\"middle\" align=\"left\">&#8211;<\/td>\n<\/tr>\n<tr>\n<td valign=\"top\" bgcolor=\"#EBEBEB\">\n<p>IMPURITY A AND RELATED SUBSTANCES<\/p>\n<p>            European Pharmacopoeia<\/td>\n<td valign=\"middle\" bgcolor=\"#EBEBEB\" align=\"left\">&#8211;<\/td>\n<td valign=\"middle\" align=\"left\">PASA TEST<\/td>\n<td valign=\"middle\" align=\"left\">PASA TEST<\/td>\n<td valign=\"middle\" align=\"left\">&#8211;<\/td>\n<\/tr>\n<\/tbody>\n<\/table>\n<\/div>\n<p>&nbsp;<br \/>\n&nbsp;<\/p>\n<div id=\"tab_id\" class=\"sc_tab-container\">\n<ul class=\"tab-nav left\">\n<li class=\"active\" data-tab=\"tab_id-tab1\">Origine de la glyc\u00e9rine<\/li>\n<li data-tab=\"tab_id-tab2\">Propri\u00e9t\u00e9s et applications<\/li>\n<li data-tab=\"tab_id-tab3\">Pr\u00e9sentations de glyc\u00e9rine<\/li>\n<\/ul>\n<div class=\"tab-content-block clearfix\">\n<h3 class=\"v_nav v_active\" data-tab=\"tab_id-tab1\">Tab 1<\/h3>\n<div id=\"tab_id-tab1\" class=\"tab_content clearfix\">\n<p><strong>La glyc\u00e9rine liquide <\/strong> est principalement obtenue par hydrolyse des graisses et des huiles selon la m\u00e9thode <i>Fat Splitting <\/i>, c&rsquo;est-\u00e0-dire une s\u00e9paration des graisses\/huiles de <i>Colgate-Emery<\/i> donnant deux produits : la glyc\u00e9rine brute (\u00e0 une concentration de 12-15% environ) et les cha\u00eenes acides gras libres.<\/p>\n<p>La m\u00e9thode traditionnelle utilis\u00e9e pour obtenir des graisses et des huiles \u00e0 partir de la glyc\u00e9rine a \u00e9t\u00e9 obtenue par saponification des graisses et des huiles, comme s&rsquo;il s&rsquo;agissait d&rsquo;un sous-produit de la production de glyc\u00e9rine <strong>pour les savons <\/strong>. Le triglyc\u00e9ride r\u00e9agit avec la soude caustique en fournissant du savon et de la glyc\u00e9rine.<\/p>\n<p>Une autre m\u00e9thode hautement d\u00e9velopp\u00e9e et en pleine croissance pour y parvenir est la r\u00e9action de transest\u00e9rification des huiles et des graisses pour obtenir du biodiesel. Les huiles et les graisses r\u00e9agissent avec un alcool (m\u00e9thanol ou \u00e9thanol) pour donner des esters m\u00e9thyliques ou \u00e9thyliques et de la glyc\u00e9rine.<\/p>\n<p>Cependant, le m\u00e9canisme le plus r\u00e9cent et le plus moderne d&rsquo;obtention de glyc\u00e9rine est li\u00e9 aux progr\u00e8s de l&rsquo;industrie des polym\u00e8res d\u00e9riv\u00e9s du propyl\u00e8ne, notamment dans la synth\u00e8se de l&rsquo;\u00e9pichlorhydrine (pr\u00e9curseur des r\u00e9sines plastiques, \u00e9poxy, \u00e9change, etc.).<\/p>\n<\/div>\n<h3 class=\"v_nav\" data-tab=\"tab_id-tab2\">Tab 2<\/h3>\n<div id=\"tab_id-tab2\" class=\"tab_content\">\n<p>La glyc\u00e9rine est l&rsquo;une des substances les plus importantes dans le monde de l&rsquo;ol\u00e9ochimie puisqu&rsquo;elle est un ingr\u00e9dient appliqu\u00e9 \u00e0 plusieurs produits. C&rsquo;est une mol\u00e9cule extr\u00eamement polyvalente qui est utilis\u00e9e dans pratiquement tous les domaines de l&rsquo;industrie.<\/p>\n<ul>\n<li><strong>Alimentation (<i>food grade<\/i>):<\/strong> Additif E-422 pr\u00e9sent dans une multitude de pr\u00e9parations.<\/li>\n<li><strong>Alimentation animal (<i>feed grade<\/i>):<\/strong> humectant, additif&#8230;..<\/li>\n<li><strong>Pharmacie\/M\u00e9decine:<\/strong> diff\u00e9rentes qualit\u00e9s selon les r\u00e9glementations en vigueur (USP, EUP, GBP&#8230;), peuvent \u00eatre utilis\u00e9es dans de multiples pr\u00e9parations telles que suppositoires, additifs, lubrifiants, adjuvants&#8230;.<\/li>\n<li>Cosm\u00e9tiques, d\u00e9tergents, assouplisseurs, tabac, explosifs, esters, polym\u00e8res, peintures&#8230;.<\/li>\n<\/ul>\n<p>La glyc\u00e9rine est un milieu extr\u00eamement important dans l&rsquo;industrie ol\u00e9ochimique. Sa plasticit\u00e9 et ses excellentes propri\u00e9t\u00e9s permettent une large gamme d&rsquo;utilisations sur diff\u00e9rents march\u00e9s. <strong>L&rsquo;innocuit\u00e9 de la glyc\u00e9rine v\u00e9g\u00e9tale <\/strong>, l&rsquo;efficacit\u00e9 et la performance des produits ol\u00e9ochimiques sont parfois sup\u00e9rieures \u00e0 celles des produits chimiques.<\/p>\n<p>L&rsquo;ol\u00e9ochimie est une alternative de plus en plus attrayante pour les diff\u00e9rentes industries, car il s&rsquo;agit d&rsquo;un milieu assez \u00e9cologique et rentable qui r\u00e9pond \u00e9galement aux attentes les plus \u00e9lev\u00e9es, c&rsquo;est pourquoi nous offrons aux diff\u00e9rents march\u00e9s une large gamme de produits afin de pouvoir fabriquer tous types de biens et articles industriels. La glyc\u00e9rine est sans aucun doute l&rsquo;une des substances les plus importantes et les plus puissantes sur le march\u00e9 ol\u00e9ochimique.<\/p>\n<\/div>\n<h3 class=\"v_nav\" data-tab=\"tab_id-tab3\">Tab 3<\/h3>\n<div id=\"tab_id-tab3\" class=\"tab_content\">\n<p>Glyc\u00e9rine: GL-99, GL-99 USP\/ EUP, GL-85, GL-86,5 EP\/UBP<\/p>\n<h3>Glyc\u00e9rine liquide et glyc\u00e9rine v\u00e9g\u00e9tale<\/h3>\n<p>Chacun de nos produits est livr\u00e9 en f\u00fbts de 180 kg et en citernes de vrac ou en conteneurs de 850 kg. La meilleure qualit\u00e9 en glyc\u00e9rine <strong>liquide et glyc\u00e9rine v\u00e9g\u00e9tale <\/strong> sur le march\u00e9. Pour plus d&rsquo;informations, vous pouvez nous contacter via notre formulaire web ou par t\u00e9l\u00e9phone.<\/p>\n<p>&nbsp;<\/p>\n<\/div>\n<\/div>\n<\/div>\n","protected":false},"excerpt":{"rendered":"<p>Qu&rsquo;est-ce que la glyc\u00e9rine pure ou USP? La glyc\u00e9rine est une mol\u00e9cule tr\u00e8s importante qui est utilis\u00e9e dans diff\u00e9rents domaines et zones. Il est aussi connu sous le nom de glyc\u00e9rol et est un trialcool (triol) avec un squelette de 3 carbones, tous occup\u00e9s par un groupe hydroxyle , d&rsquo;o\u00f9 son nom IUPAC : propane-&#8230;<\/p>\n","protected":false},"author":1,"featured_media":0,"parent":0,"menu_order":0,"comment_status":"closed","ping_status":"closed","template":"","meta":{"footnotes":""},"class_list":["post-272","page","type-page","status-publish","hentry"],"yoast_head":"<!-- This site is optimized with the Yoast SEO plugin v25.9 - https:\/\/yoast.com\/wordpress\/plugins\/seo\/ -->\n<title>Glyc\u00e9rine - Cail\u00e0 &amp; Par\u00e9s<\/title>\n<meta name=\"description\" content=\"\u25b7 Avez-vous besoin d&#039;un fournisseur de glyc\u00e9rine pure ou de glyc\u00e9rine USP ? Achetez maintenant de la glyc\u00e9rine chez Cail\u00e0&amp;Par\u00e9s, une entreprise fiable. \u2705\" \/>\n<meta name=\"robots\" content=\"index, follow, max-snippet:-1, max-image-preview:large, max-video-preview:-1\" \/>\n<link rel=\"canonical\" href=\"https:\/\/cailapares.com\/fr\/glycerine\/\" \/>\n<meta property=\"og:locale\" content=\"fr_FR\" \/>\n<meta property=\"og:type\" content=\"article\" \/>\n<meta property=\"og:title\" content=\"Glyc\u00e9rine - Cail\u00e0 &amp; Par\u00e9s\" \/>\n<meta property=\"og:description\" content=\"\u25b7 Avez-vous besoin d&#039;un fournisseur de glyc\u00e9rine pure ou de glyc\u00e9rine USP ? Achetez maintenant de la glyc\u00e9rine chez Cail\u00e0&amp;Par\u00e9s, une entreprise fiable. \u2705\" \/>\n<meta property=\"og:url\" content=\"https:\/\/cailapares.com\/fr\/glycerine\/\" \/>\n<meta property=\"og:site_name\" content=\"Caila\" \/>\n<meta name=\"twitter:card\" content=\"summary_large_image\" \/>\n<meta name=\"twitter:label1\" content=\"Dur\u00e9e de lecture estim\u00e9e\" \/>\n\t<meta name=\"twitter:data1\" content=\"4 minutes\" \/>\n<script type=\"application\/ld+json\" class=\"yoast-schema-graph\">{\"@context\":\"https:\/\/schema.org\",\"@graph\":[{\"@type\":\"WebPage\",\"@id\":\"https:\/\/cailapares.com\/fr\/glycerine\/\",\"url\":\"https:\/\/cailapares.com\/fr\/glycerine\/\",\"name\":\"Glyc\u00e9rine - Cail\u00e0 & Par\u00e9s\",\"isPartOf\":{\"@id\":\"https:\/\/cailapares.com\/#website\"},\"datePublished\":\"2024-07-01T12:14:38+00:00\",\"description\":\"\u25b7 Avez-vous besoin d'un fournisseur de glyc\u00e9rine pure ou de glyc\u00e9rine USP ? Achetez maintenant de la glyc\u00e9rine chez Cail\u00e0&Par\u00e9s, une entreprise fiable. \u2705\",\"inLanguage\":\"fr-FR\",\"potentialAction\":[{\"@type\":\"ReadAction\",\"target\":[\"https:\/\/cailapares.com\/fr\/glycerine\/\"]}]},{\"@type\":\"WebSite\",\"@id\":\"https:\/\/cailapares.com\/#website\",\"url\":\"https:\/\/cailapares.com\/\",\"name\":\"Caila\",\"description\":\"Otro sitio realizado con WordPress\",\"potentialAction\":[{\"@type\":\"SearchAction\",\"target\":{\"@type\":\"EntryPoint\",\"urlTemplate\":\"https:\/\/cailapares.com\/?s={search_term_string}\"},\"query-input\":{\"@type\":\"PropertyValueSpecification\",\"valueRequired\":true,\"valueName\":\"search_term_string\"}}],\"inLanguage\":\"fr-FR\"}]}<\/script>\n<!-- \/ Yoast SEO plugin. -->","yoast_head_json":{"title":"Glyc\u00e9rine - Cail\u00e0 & Par\u00e9s","description":"\u25b7 Avez-vous besoin d'un fournisseur de glyc\u00e9rine pure ou de glyc\u00e9rine USP ? Achetez maintenant de la glyc\u00e9rine chez Cail\u00e0&Par\u00e9s, une entreprise fiable. \u2705","robots":{"index":"index","follow":"follow","max-snippet":"max-snippet:-1","max-image-preview":"max-image-preview:large","max-video-preview":"max-video-preview:-1"},"canonical":"https:\/\/cailapares.com\/fr\/glycerine\/","og_locale":"fr_FR","og_type":"article","og_title":"Glyc\u00e9rine - Cail\u00e0 & Par\u00e9s","og_description":"\u25b7 Avez-vous besoin d'un fournisseur de glyc\u00e9rine pure ou de glyc\u00e9rine USP ? Achetez maintenant de la glyc\u00e9rine chez Cail\u00e0&Par\u00e9s, une entreprise fiable. \u2705","og_url":"https:\/\/cailapares.com\/fr\/glycerine\/","og_site_name":"Caila","twitter_card":"summary_large_image","twitter_misc":{"Dur\u00e9e de lecture estim\u00e9e":"4 minutes"},"schema":{"@context":"https:\/\/schema.org","@graph":[{"@type":"WebPage","@id":"https:\/\/cailapares.com\/fr\/glycerine\/","url":"https:\/\/cailapares.com\/fr\/glycerine\/","name":"Glyc\u00e9rine - Cail\u00e0 & Par\u00e9s","isPartOf":{"@id":"https:\/\/cailapares.com\/#website"},"datePublished":"2024-07-01T12:14:38+00:00","description":"\u25b7 Avez-vous besoin d'un fournisseur de glyc\u00e9rine pure ou de glyc\u00e9rine USP ? Achetez maintenant de la glyc\u00e9rine chez Cail\u00e0&Par\u00e9s, une entreprise fiable. \u2705","inLanguage":"fr-FR","potentialAction":[{"@type":"ReadAction","target":["https:\/\/cailapares.com\/fr\/glycerine\/"]}]},{"@type":"WebSite","@id":"https:\/\/cailapares.com\/#website","url":"https:\/\/cailapares.com\/","name":"Caila","description":"Otro sitio realizado con WordPress","potentialAction":[{"@type":"SearchAction","target":{"@type":"EntryPoint","urlTemplate":"https:\/\/cailapares.com\/?s={search_term_string}"},"query-input":{"@type":"PropertyValueSpecification","valueRequired":true,"valueName":"search_term_string"}}],"inLanguage":"fr-FR"}]}},"_links":{"self":[{"href":"https:\/\/cailapares.com\/fr\/wp-json\/wp\/v2\/pages\/272","targetHints":{"allow":["GET"]}}],"collection":[{"href":"https:\/\/cailapares.com\/fr\/wp-json\/wp\/v2\/pages"}],"about":[{"href":"https:\/\/cailapares.com\/fr\/wp-json\/wp\/v2\/types\/page"}],"author":[{"embeddable":true,"href":"https:\/\/cailapares.com\/fr\/wp-json\/wp\/v2\/users\/1"}],"replies":[{"embeddable":true,"href":"https:\/\/cailapares.com\/fr\/wp-json\/wp\/v2\/comments?post=272"}],"version-history":[{"count":1,"href":"https:\/\/cailapares.com\/fr\/wp-json\/wp\/v2\/pages\/272\/revisions"}],"predecessor-version":[{"id":276,"href":"https:\/\/cailapares.com\/fr\/wp-json\/wp\/v2\/pages\/272\/revisions\/276"}],"wp:attachment":[{"href":"https:\/\/cailapares.com\/fr\/wp-json\/wp\/v2\/media?parent=272"}],"curies":[{"name":"wp","href":"https:\/\/api.w.org\/{rel}","templated":true}]}}