{"id":259,"date":"2022-10-24T12:19:30","date_gmt":"2022-10-24T12:19:30","guid":{"rendered":"https:\/\/cailapares.com\/compagnie\/clientes-mundiales\/"},"modified":"2023-03-01T08:36:34","modified_gmt":"2023-03-01T08:36:34","slug":"clients-mondiaux","status":"publish","type":"page","link":"https:\/\/cailapares.com\/fr\/compagnie\/clients-mondiaux\/","title":{"rendered":"Clients mondiaux"},"content":{"rendered":"<h1>Clients mondiaux<\/h1>\n<p><img decoding=\"async\" class=\"aligncenter\" src=\"\/wp-content\/uploads\/2014\/11\/WorldMap-arrows870-2-e1416235487690.png\" alt=\"carte du monde\" style=\"background-image: url(https:\/\/cailapares.com\/wp-content\/uploads\/2023\/03\/CompoWorldMapFade.gif);\"\/><\/p>\n<h2>Expansion de Cail\u00e0&amp;Par\u00e9s avec des clients du monde entier<\/h2>\n<p>Depuis 1932, Cail\u00e0&amp;Par\u00e9s a commenc\u00e9 son expansion dans des clients au niveau europ\u00e9en, atteignant diff\u00e9rents pays comme l&rsquo;Allemagne, la France ou la Norv\u00e8ge.<\/p>\n<p>Dans les ann\u00e9es 80, notre entreprise a fait le saut vers le continent am\u00e9ricain, atteignant des pays situ\u00e9s au nord de l&rsquo;Am\u00e9rique comme les \u00c9tats-Unis ou le Canada, ainsi que des pays du sud, comme l&rsquo;Argentine, le Br\u00e9sil ou le Chili.<\/p>\n<p>Au d\u00e9but des ann\u00e9es 90, Cail\u00e0&amp;Par\u00e9s a commenc\u00e9 \u00e0 se d\u00e9velopper sur tout le continent asiatique, avec de grandes possibilit\u00e9s de travailler avec des clients tels que la Chine ou l&rsquo;Inde. Apr\u00e8s l&rsquo;expansion en Asie, notre soci\u00e9t\u00e9 a \u00e9galement commenc\u00e9 \u00e0 travailler pour des pays du continent africain, atteignant un point de mondialisation plus \u00e9tendu.<\/p>\n<p>La derni\u00e8re \u00e9tape de son expansion, comme nous le voyons sur l&rsquo;image, a \u00e9t\u00e9 notre arriv\u00e9e sur le continent oc\u00e9anique, avec des clients en Australie ou en Nouvelle-Z\u00e9lande.<\/p>\n","protected":false},"excerpt":{"rendered":"<p>Clients mondiaux Expansion de Cail\u00e0&amp;Par\u00e9s avec des clients du monde entier Depuis 1932, Cail\u00e0&amp;Par\u00e9s a commenc\u00e9 son expansion dans des clients au niveau europ\u00e9en, atteignant diff\u00e9rents pays comme l&rsquo;Allemagne, la France ou la Norv\u00e8ge. Dans les ann\u00e9es 80, notre entreprise a fait le saut vers le continent am\u00e9ricain, atteignant des pays situ\u00e9s au nord de&#8230;<\/p>\n","protected":false},"author":1,"featured_media":0,"parent":243,"menu_order":0,"comment_status":"closed","ping_status":"closed","template":"","meta":{"footnotes":""},"class_list":["post-259","page","type-page","status-publish","hentry"],"yoast_head":"<!-- This site is optimized with the Yoast SEO plugin v25.9 - https:\/\/yoast.com\/wordpress\/plugins\/seo\/ -->\n<title>Clients internationaux | Cail\u00e0&amp;Par\u00e9s<\/title>\n<meta name=\"description\" content=\"\u00c9volution de la croissance de Cail\u00e0 &amp; Par\u00e9s au fil des ans vue avec une animation graphique passant par ses origines jusqu&#039;\u00e0 aujourd&#039;hui.\" \/>\n<meta name=\"robots\" content=\"index, follow, max-snippet:-1, max-image-preview:large, max-video-preview:-1\" \/>\n<link rel=\"canonical\" href=\"https:\/\/cailapares.com\/fr\/compagnie\/clients-mondiaux\/\" \/>\n<meta property=\"og:locale\" content=\"fr_FR\" \/>\n<meta property=\"og:type\" content=\"article\" \/>\n<meta property=\"og:title\" content=\"Clients internationaux | Cail\u00e0&amp;Par\u00e9s\" \/>\n<meta property=\"og:description\" content=\"\u00c9volution de la croissance de Cail\u00e0 &amp; Par\u00e9s au fil des ans vue avec une animation graphique passant par ses origines jusqu&#039;\u00e0 aujourd&#039;hui.\" \/>\n<meta property=\"og:url\" content=\"https:\/\/cailapares.com\/fr\/compagnie\/clients-mondiaux\/\" \/>\n<meta property=\"og:site_name\" content=\"Caila\" \/>\n<meta property=\"article:modified_time\" content=\"2023-03-01T08:36:34+00:00\" \/>\n<meta name=\"twitter:card\" content=\"summary_large_image\" \/>\n<meta name=\"twitter:label1\" content=\"Dur\u00e9e de lecture estim\u00e9e\" \/>\n\t<meta name=\"twitter:data1\" content=\"1 minute\" \/>\n<script type=\"application\/ld+json\" class=\"yoast-schema-graph\">{\"@context\":\"https:\/\/schema.org\",\"@graph\":[{\"@type\":\"WebPage\",\"@id\":\"https:\/\/cailapares.com\/fr\/compagnie\/clients-mondiaux\/\",\"url\":\"https:\/\/cailapares.com\/fr\/compagnie\/clients-mondiaux\/\",\"name\":\"Clients internationaux | Cail\u00e0&Par\u00e9s\",\"isPartOf\":{\"@id\":\"https:\/\/cailapares.com\/#website\"},\"datePublished\":\"2022-10-24T12:19:30+00:00\",\"dateModified\":\"2023-03-01T08:36:34+00:00\",\"description\":\"\u00c9volution de la croissance de Cail\u00e0 & Par\u00e9s au fil des ans vue avec une animation graphique passant par ses origines jusqu'\u00e0 aujourd'hui.\",\"breadcrumb\":{\"@id\":\"https:\/\/cailapares.com\/fr\/compagnie\/clients-mondiaux\/#breadcrumb\"},\"inLanguage\":\"fr-FR\",\"potentialAction\":[{\"@type\":\"ReadAction\",\"target\":[\"https:\/\/cailapares.com\/fr\/compagnie\/clients-mondiaux\/\"]}]},{\"@type\":\"BreadcrumbList\",\"@id\":\"https:\/\/cailapares.com\/fr\/compagnie\/clients-mondiaux\/#breadcrumb\",\"itemListElement\":[{\"@type\":\"ListItem\",\"position\":1,\"name\":\"Compagnie\",\"item\":\"https:\/\/cailapares.com\/fr\/compagnie\/\"},{\"@type\":\"ListItem\",\"position\":2,\"name\":\"Clients mondiaux\"}]},{\"@type\":\"WebSite\",\"@id\":\"https:\/\/cailapares.com\/#website\",\"url\":\"https:\/\/cailapares.com\/\",\"name\":\"Caila\",\"description\":\"Otro sitio realizado con WordPress\",\"potentialAction\":[{\"@type\":\"SearchAction\",\"target\":{\"@type\":\"EntryPoint\",\"urlTemplate\":\"https:\/\/cailapares.com\/?s={search_term_string}\"},\"query-input\":{\"@type\":\"PropertyValueSpecification\",\"valueRequired\":true,\"valueName\":\"search_term_string\"}}],\"inLanguage\":\"fr-FR\"}]}<\/script>\n<!-- \/ Yoast SEO plugin. -->","yoast_head_json":{"title":"Clients internationaux | Cail\u00e0&Par\u00e9s","description":"\u00c9volution de la croissance de Cail\u00e0 & Par\u00e9s au fil des ans vue avec une animation graphique passant par ses origines jusqu'\u00e0 aujourd'hui.","robots":{"index":"index","follow":"follow","max-snippet":"max-snippet:-1","max-image-preview":"max-image-preview:large","max-video-preview":"max-video-preview:-1"},"canonical":"https:\/\/cailapares.com\/fr\/compagnie\/clients-mondiaux\/","og_locale":"fr_FR","og_type":"article","og_title":"Clients internationaux | Cail\u00e0&Par\u00e9s","og_description":"\u00c9volution de la croissance de Cail\u00e0 & Par\u00e9s au fil des ans vue avec une animation graphique passant par ses origines jusqu'\u00e0 aujourd'hui.","og_url":"https:\/\/cailapares.com\/fr\/compagnie\/clients-mondiaux\/","og_site_name":"Caila","article_modified_time":"2023-03-01T08:36:34+00:00","twitter_card":"summary_large_image","twitter_misc":{"Dur\u00e9e de lecture estim\u00e9e":"1 minute"},"schema":{"@context":"https:\/\/schema.org","@graph":[{"@type":"WebPage","@id":"https:\/\/cailapares.com\/fr\/compagnie\/clients-mondiaux\/","url":"https:\/\/cailapares.com\/fr\/compagnie\/clients-mondiaux\/","name":"Clients internationaux | Cail\u00e0&Par\u00e9s","isPartOf":{"@id":"https:\/\/cailapares.com\/#website"},"datePublished":"2022-10-24T12:19:30+00:00","dateModified":"2023-03-01T08:36:34+00:00","description":"\u00c9volution de la croissance de Cail\u00e0 & Par\u00e9s au fil des ans vue avec une animation graphique passant par ses origines jusqu'\u00e0 aujourd'hui.","breadcrumb":{"@id":"https:\/\/cailapares.com\/fr\/compagnie\/clients-mondiaux\/#breadcrumb"},"inLanguage":"fr-FR","potentialAction":[{"@type":"ReadAction","target":["https:\/\/cailapares.com\/fr\/compagnie\/clients-mondiaux\/"]}]},{"@type":"BreadcrumbList","@id":"https:\/\/cailapares.com\/fr\/compagnie\/clients-mondiaux\/#breadcrumb","itemListElement":[{"@type":"ListItem","position":1,"name":"Compagnie","item":"https:\/\/cailapares.com\/fr\/compagnie\/"},{"@type":"ListItem","position":2,"name":"Clients mondiaux"}]},{"@type":"WebSite","@id":"https:\/\/cailapares.com\/#website","url":"https:\/\/cailapares.com\/","name":"Caila","description":"Otro sitio realizado con WordPress","potentialAction":[{"@type":"SearchAction","target":{"@type":"EntryPoint","urlTemplate":"https:\/\/cailapares.com\/?s={search_term_string}"},"query-input":{"@type":"PropertyValueSpecification","valueRequired":true,"valueName":"search_term_string"}}],"inLanguage":"fr-FR"}]}},"_links":{"self":[{"href":"https:\/\/cailapares.com\/fr\/wp-json\/wp\/v2\/pages\/259","targetHints":{"allow":["GET"]}}],"collection":[{"href":"https:\/\/cailapares.com\/fr\/wp-json\/wp\/v2\/pages"}],"about":[{"href":"https:\/\/cailapares.com\/fr\/wp-json\/wp\/v2\/types\/page"}],"author":[{"embeddable":true,"href":"https:\/\/cailapares.com\/fr\/wp-json\/wp\/v2\/users\/1"}],"replies":[{"embeddable":true,"href":"https:\/\/cailapares.com\/fr\/wp-json\/wp\/v2\/comments?post=259"}],"version-history":[{"count":4,"href":"https:\/\/cailapares.com\/fr\/wp-json\/wp\/v2\/pages\/259\/revisions"}],"predecessor-version":[{"id":733,"href":"https:\/\/cailapares.com\/fr\/wp-json\/wp\/v2\/pages\/259\/revisions\/733"}],"up":[{"embeddable":true,"href":"https:\/\/cailapares.com\/fr\/wp-json\/wp\/v2\/pages\/243"}],"wp:attachment":[{"href":"https:\/\/cailapares.com\/fr\/wp-json\/wp\/v2\/media?parent=259"}],"curies":[{"name":"wp","href":"https:\/\/api.w.org\/{rel}","templated":true}]}}