{"id":251,"date":"2022-10-24T12:19:53","date_gmt":"2022-10-24T12:19:53","guid":{"rendered":"https:\/\/cailapares.com\/compagnie\/historia\/"},"modified":"2022-11-21T10:12:26","modified_gmt":"2022-11-21T10:12:26","slug":"histoire","status":"publish","type":"page","link":"https:\/\/cailapares.com\/fr\/compagnie\/histoire\/","title":{"rendered":"Histoire"},"content":{"rendered":"<section class=\"l-section wpb_row height_medium\"><div class=\"l-section-h i-cf\"><div class=\"g-cols vc_row via_flex valign_top type_default stacking_default\"><div class=\"vc_col-sm-12 wpb_column vc_column_container\"><div class=\"vc_column-inner\"><div class=\"wpb_wrapper\"><div class=\"wpb_text_column\"><div class=\"wpb_wrapper\"><h1>Histoire<\/h1>\n<\/div><\/div><div class=\"g-cols wpb_row via_flex valign_top type_default stacking_default\"><div class=\"vc_col-sm-6 wpb_column vc_column_container has_bg_color\"><div class=\"vc_column-inner us_custom_8244eaa4\"><div class=\"wpb_wrapper\"><div class=\"wpb_text_column\"><div class=\"wpb_wrapper\"><p>Cail\u00e0 y Par\u00e9s, S.A. a \u00e9t\u00e9 fond\u00e9e en 1932 et sa principale activit\u00e9 \u00e9tait la commercialisation, la repr\u00e9sentation et la distribution de c\u00e9r\u00e9ales et produits similaires.<\/p>\n<\/div><\/div><\/div><\/div><\/div><div class=\"vc_col-sm-6 wpb_column vc_column_container has_bg_color\"><div class=\"vc_column-inner us_custom_8244eaa4\"><div class=\"wpb_wrapper\"><div class=\"wpb_text_column\"><div class=\"wpb_wrapper\"><p>Actuellement, apr\u00e8s la construction du dernier investissement, une usine de d\u00e9doublement, Cail\u00e0 y Par\u00e9s, S.A. a une capacit\u00e9 de production d\u2019environ 110 000 t de distillation, 110 000 t d\u2019hydrolyse et 80 000 t d\u2019hydrog\u00e9nation, \u00e9tant ainsi en t\u00eate du march\u00e9 espagnol.<\/p>\n<\/div><\/div><\/div><\/div><\/div><\/div><\/div><\/div><\/div><\/div><\/div><\/section><section class=\"l-section wpb_row height_medium\"><div class=\"l-section-h i-cf\"><div class=\"g-cols vc_row via_flex valign_top type_default stacking_default\"><div class=\"vc_col-sm-4 wpb_column vc_column_container\"><div class=\"vc_column-inner\"><div class=\"wpb_wrapper\"><div class=\"wpb_text_column\"><div class=\"wpb_wrapper\"><p><img decoding=\"async\" src=\"https:\/\/cailapares.com\/wp-content\/uploads\/2014\/11\/29076159.jpg\" alt=\"29076159\" \/><\/p>\n<\/div><\/div><\/div><\/div><\/div><div class=\"vc_col-sm-8 wpb_column vc_column_container\"><div class=\"vc_column-inner\"><div class=\"wpb_wrapper\"><div class=\"wpb_text_column\"><div class=\"wpb_wrapper\"><ul>\n<li><strong>1932<\/strong>\u00a0Cr\u00e9ation et d\u00e9but des activit\u00e9s.<\/li>\n<li><strong>1947<\/strong>\u00a0D\u00e9but du broyage de graines et de la commercialisation d\u2019huiles dans le quartier de Poble Nou (Barcelone).<\/li>\n<li><strong>1970<\/strong>\u00a0D\u00e9m\u00e9nagement \u00e0 la Zona Franca (Zone franche) de Barcelone. Le broyage est maintenu et d\u2019autres activit\u00e9s d\u2019entreprise sont incorpor\u00e9es comme le raffinage d\u2019huiles v\u00e9g\u00e9tales en discontinu,le fractionnement et la distillation d\u2019acides gras (1500 t\/an).<\/li>\n<li><strong>1977<\/strong>\u00a0ermeture de l\u2019usine de broyage et construction de l\u2019usine de distillation fractionn\u00e9e d\u2019acides gras (8000 t\/an).<\/li>\n<li><strong>1982<\/strong>\u00a0D\u00e9but de l\u2019activit\u00e9 d\u2019hydrog\u00e9nation.<\/li>\n<li><strong>1988<\/strong>\u00a0\u00c0 partir de cette ann\u00e9e-l\u00e0, la croissance est exponentielle et une nouvelle usine d\u2019hydrolyse et de distillation d\u2019acides gras est inaugur\u00e9e.<\/li>\n<li><strong>1994<\/strong>\u00a0Nouvel agrandissement de l\u2019usine d\u2019hydrog\u00e9nation.<\/li>\n<li><strong>1997<\/strong>\u00a0Les usines de production de glyc\u00e9rine et une autre de distillation d\u2019acides gras sont construites.<\/li>\n<li><strong>1998<\/strong>\u00a0Inauguration de l\u2019usine de cog\u00e9n\u00e9ration de 4,8 Mw.<\/li>\n<li><strong>2000<\/strong>\u00a0Il est proc\u00e9d\u00e9 \u00e0 un nouvel agrandissement de l\u2019usine d\u2019hydrog\u00e9nation.<\/li>\n<li><strong>2002<\/strong>\u00a0L\u2019usine d\u2019hydrolyse est agrandie.<\/li>\n<li><strong>2005<\/strong>\u00a0Installation d\u2019une tour de d\u00e9doublement \u00e0 haute pression.<\/li>\n<li><strong>2010<\/strong>\u00a0Construction d\u2019une usine de d\u00e9doublement.<\/li>\n<li><strong>2011<\/strong>\u00a0Agrandissement de l\u2019usine de cog\u00e9n\u00e9ration.<\/li>\n<li><strong>2013<\/strong>\u00a0Installation d\u2019une nouvelle usine de distillation d\u2019acides gras.<\/li>\n<\/ul>\n<\/div><\/div><\/div><\/div><\/div><\/div><\/div><\/section>\n","protected":false},"excerpt":{"rendered":"Histoire Cail\u00e0 y Par\u00e9s, S.A. a \u00e9t\u00e9 fond\u00e9e en 1932 et sa principale activit\u00e9 \u00e9tait la commercialisation, la repr\u00e9sentation et la distribution de c\u00e9r\u00e9ales et produits similaires. Actuellement, apr\u00e8s la construction du dernier investissement, une usine de d\u00e9doublement, Cail\u00e0 y Par\u00e9s, S.A. a une capacit\u00e9 de production d\u2019environ 110 000 t de distillation, 110 000...","protected":false},"author":1,"featured_media":0,"parent":243,"menu_order":0,"comment_status":"closed","ping_status":"closed","template":"","meta":{"footnotes":""},"class_list":["post-251","page","type-page","status-publish","hentry"],"yoast_head":"<!-- This site is optimized with the Yoast SEO plugin v25.9 - https:\/\/yoast.com\/wordpress\/plugins\/seo\/ -->\n<title>Histoire - Cail\u00e0 &amp; Par\u00e9s | Oleochemicals Manufacturers<\/title>\n<meta name=\"description\" content=\"En passant par les derni\u00e8res infrastructures construites par Cail\u00e0 &amp; Par\u00e9s, on d\u00e9couvre les origines de l&#039;entreprise. Un cours de travail efficace.\" \/>\n<meta name=\"robots\" content=\"index, follow, max-snippet:-1, max-image-preview:large, max-video-preview:-1\" \/>\n<link rel=\"canonical\" href=\"https:\/\/cailapares.com\/fr\/compagnie\/histoire\/\" \/>\n<meta property=\"og:locale\" content=\"fr_FR\" \/>\n<meta property=\"og:type\" content=\"article\" \/>\n<meta property=\"og:title\" content=\"Histoire - Cail\u00e0 &amp; Par\u00e9s | Oleochemicals Manufacturers\" \/>\n<meta property=\"og:description\" content=\"En passant par les derni\u00e8res infrastructures construites par Cail\u00e0 &amp; Par\u00e9s, on d\u00e9couvre les origines de l&#039;entreprise. Un cours de travail efficace.\" \/>\n<meta property=\"og:url\" content=\"https:\/\/cailapares.com\/fr\/compagnie\/histoire\/\" \/>\n<meta property=\"og:site_name\" content=\"Caila\" \/>\n<meta property=\"article:modified_time\" content=\"2022-11-21T10:12:26+00:00\" \/>\n<meta property=\"og:image\" content=\"https:\/\/cailapares.com\/wp-content\/uploads\/2014\/11\/29076159.jpg\" \/>\n<meta name=\"twitter:card\" content=\"summary_large_image\" \/>\n<meta name=\"twitter:label1\" content=\"Dur\u00e9e de lecture estim\u00e9e\" \/>\n\t<meta name=\"twitter:data1\" content=\"2 minutes\" \/>\n<script type=\"application\/ld+json\" class=\"yoast-schema-graph\">{\"@context\":\"https:\/\/schema.org\",\"@graph\":[{\"@type\":\"WebPage\",\"@id\":\"https:\/\/cailapares.com\/fr\/compagnie\/histoire\/\",\"url\":\"https:\/\/cailapares.com\/fr\/compagnie\/histoire\/\",\"name\":\"Histoire - Cail\u00e0 & Par\u00e9s | Oleochemicals Manufacturers\",\"isPartOf\":{\"@id\":\"https:\/\/cailapares.com\/#website\"},\"primaryImageOfPage\":{\"@id\":\"https:\/\/cailapares.com\/fr\/compagnie\/histoire\/#primaryimage\"},\"image\":{\"@id\":\"https:\/\/cailapares.com\/fr\/compagnie\/histoire\/#primaryimage\"},\"thumbnailUrl\":\"https:\/\/cailapares.com\/wp-content\/uploads\/2014\/11\/29076159.jpg\",\"datePublished\":\"2022-10-24T12:19:53+00:00\",\"dateModified\":\"2022-11-21T10:12:26+00:00\",\"description\":\"En passant par les derni\u00e8res infrastructures construites par Cail\u00e0 & Par\u00e9s, on d\u00e9couvre les origines de l'entreprise. Un cours de travail efficace.\",\"breadcrumb\":{\"@id\":\"https:\/\/cailapares.com\/fr\/compagnie\/histoire\/#breadcrumb\"},\"inLanguage\":\"fr-FR\",\"potentialAction\":[{\"@type\":\"ReadAction\",\"target\":[\"https:\/\/cailapares.com\/fr\/compagnie\/histoire\/\"]}]},{\"@type\":\"ImageObject\",\"inLanguage\":\"fr-FR\",\"@id\":\"https:\/\/cailapares.com\/fr\/compagnie\/histoire\/#primaryimage\",\"url\":\"https:\/\/cailapares.com\/wp-content\/uploads\/2014\/11\/29076159.jpg\",\"contentUrl\":\"https:\/\/cailapares.com\/wp-content\/uploads\/2014\/11\/29076159.jpg\"},{\"@type\":\"BreadcrumbList\",\"@id\":\"https:\/\/cailapares.com\/fr\/compagnie\/histoire\/#breadcrumb\",\"itemListElement\":[{\"@type\":\"ListItem\",\"position\":1,\"name\":\"Compagnie\",\"item\":\"https:\/\/cailapares.com\/fr\/compagnie\/\"},{\"@type\":\"ListItem\",\"position\":2,\"name\":\"Histoire\"}]},{\"@type\":\"WebSite\",\"@id\":\"https:\/\/cailapares.com\/#website\",\"url\":\"https:\/\/cailapares.com\/\",\"name\":\"Caila\",\"description\":\"Otro sitio realizado con WordPress\",\"potentialAction\":[{\"@type\":\"SearchAction\",\"target\":{\"@type\":\"EntryPoint\",\"urlTemplate\":\"https:\/\/cailapares.com\/?s={search_term_string}\"},\"query-input\":{\"@type\":\"PropertyValueSpecification\",\"valueRequired\":true,\"valueName\":\"search_term_string\"}}],\"inLanguage\":\"fr-FR\"}]}<\/script>\n<!-- \/ Yoast SEO plugin. -->","yoast_head_json":{"title":"Histoire - Cail\u00e0 & Par\u00e9s | Oleochemicals Manufacturers","description":"En passant par les derni\u00e8res infrastructures construites par Cail\u00e0 & Par\u00e9s, on d\u00e9couvre les origines de l'entreprise. Un cours de travail efficace.","robots":{"index":"index","follow":"follow","max-snippet":"max-snippet:-1","max-image-preview":"max-image-preview:large","max-video-preview":"max-video-preview:-1"},"canonical":"https:\/\/cailapares.com\/fr\/compagnie\/histoire\/","og_locale":"fr_FR","og_type":"article","og_title":"Histoire - Cail\u00e0 & Par\u00e9s | Oleochemicals Manufacturers","og_description":"En passant par les derni\u00e8res infrastructures construites par Cail\u00e0 & Par\u00e9s, on d\u00e9couvre les origines de l'entreprise. Un cours de travail efficace.","og_url":"https:\/\/cailapares.com\/fr\/compagnie\/histoire\/","og_site_name":"Caila","article_modified_time":"2022-11-21T10:12:26+00:00","og_image":[{"url":"https:\/\/cailapares.com\/wp-content\/uploads\/2014\/11\/29076159.jpg","type":"","width":"","height":""}],"twitter_card":"summary_large_image","twitter_misc":{"Dur\u00e9e de lecture estim\u00e9e":"2 minutes"},"schema":{"@context":"https:\/\/schema.org","@graph":[{"@type":"WebPage","@id":"https:\/\/cailapares.com\/fr\/compagnie\/histoire\/","url":"https:\/\/cailapares.com\/fr\/compagnie\/histoire\/","name":"Histoire - Cail\u00e0 & Par\u00e9s | Oleochemicals Manufacturers","isPartOf":{"@id":"https:\/\/cailapares.com\/#website"},"primaryImageOfPage":{"@id":"https:\/\/cailapares.com\/fr\/compagnie\/histoire\/#primaryimage"},"image":{"@id":"https:\/\/cailapares.com\/fr\/compagnie\/histoire\/#primaryimage"},"thumbnailUrl":"https:\/\/cailapares.com\/wp-content\/uploads\/2014\/11\/29076159.jpg","datePublished":"2022-10-24T12:19:53+00:00","dateModified":"2022-11-21T10:12:26+00:00","description":"En passant par les derni\u00e8res infrastructures construites par Cail\u00e0 & Par\u00e9s, on d\u00e9couvre les origines de l'entreprise. Un cours de travail efficace.","breadcrumb":{"@id":"https:\/\/cailapares.com\/fr\/compagnie\/histoire\/#breadcrumb"},"inLanguage":"fr-FR","potentialAction":[{"@type":"ReadAction","target":["https:\/\/cailapares.com\/fr\/compagnie\/histoire\/"]}]},{"@type":"ImageObject","inLanguage":"fr-FR","@id":"https:\/\/cailapares.com\/fr\/compagnie\/histoire\/#primaryimage","url":"https:\/\/cailapares.com\/wp-content\/uploads\/2014\/11\/29076159.jpg","contentUrl":"https:\/\/cailapares.com\/wp-content\/uploads\/2014\/11\/29076159.jpg"},{"@type":"BreadcrumbList","@id":"https:\/\/cailapares.com\/fr\/compagnie\/histoire\/#breadcrumb","itemListElement":[{"@type":"ListItem","position":1,"name":"Compagnie","item":"https:\/\/cailapares.com\/fr\/compagnie\/"},{"@type":"ListItem","position":2,"name":"Histoire"}]},{"@type":"WebSite","@id":"https:\/\/cailapares.com\/#website","url":"https:\/\/cailapares.com\/","name":"Caila","description":"Otro sitio realizado con WordPress","potentialAction":[{"@type":"SearchAction","target":{"@type":"EntryPoint","urlTemplate":"https:\/\/cailapares.com\/?s={search_term_string}"},"query-input":{"@type":"PropertyValueSpecification","valueRequired":true,"valueName":"search_term_string"}}],"inLanguage":"fr-FR"}]}},"_links":{"self":[{"href":"https:\/\/cailapares.com\/fr\/wp-json\/wp\/v2\/pages\/251","targetHints":{"allow":["GET"]}}],"collection":[{"href":"https:\/\/cailapares.com\/fr\/wp-json\/wp\/v2\/pages"}],"about":[{"href":"https:\/\/cailapares.com\/fr\/wp-json\/wp\/v2\/types\/page"}],"author":[{"embeddable":true,"href":"https:\/\/cailapares.com\/fr\/wp-json\/wp\/v2\/users\/1"}],"replies":[{"embeddable":true,"href":"https:\/\/cailapares.com\/fr\/wp-json\/wp\/v2\/comments?post=251"}],"version-history":[{"count":3,"href":"https:\/\/cailapares.com\/fr\/wp-json\/wp\/v2\/pages\/251\/revisions"}],"predecessor-version":[{"id":648,"href":"https:\/\/cailapares.com\/fr\/wp-json\/wp\/v2\/pages\/251\/revisions\/648"}],"up":[{"embeddable":true,"href":"https:\/\/cailapares.com\/fr\/wp-json\/wp\/v2\/pages\/243"}],"wp:attachment":[{"href":"https:\/\/cailapares.com\/fr\/wp-json\/wp\/v2\/media?parent=251"}],"curies":[{"name":"wp","href":"https:\/\/api.w.org\/{rel}","templated":true}]}}