{"id":243,"date":"2022-10-24T12:18:42","date_gmt":"2022-10-24T12:18:42","guid":{"rendered":"https:\/\/cailapares.com\/sobre-nosotros\/"},"modified":"2022-11-21T10:08:16","modified_gmt":"2022-11-21T10:08:16","slug":"compagnie","status":"publish","type":"page","link":"https:\/\/cailapares.com\/fr\/compagnie\/","title":{"rendered":"Compagnie"},"content":{"rendered":"<p>Notre soci\u00e9t\u00e9 est une r\u00e9f\u00e9rence dans le domaine des acides et des huiles depuis de nombreuses ann\u00e9es pour diff\u00e9rentes entreprises tant au niveau national qu&rsquo;international. Si vous voulez en savoir plus sur nous, vous pouvez visiter ou parcourir nos diff\u00e9rentes pages d&rsquo;information sur notre entreprise:<\/p>\n<h2>Histoire de Cail\u00e0&amp;Par\u00e9s<\/h2>\n<p>Entrez dans cette section de <a href=\"\/fr\/compagnie\/histoire\/\">l&rsquo;histoire de notre entreprise<\/a> pour en savoir plus sur notre expansion et notre d\u00e9veloppement en tant qu&rsquo;entreprise. D\u00e9couvrez nos d\u00e9buts de 1932 \u00e0 nos jours.<\/p>\n<h2>Clients de Cail\u00e0&amp;Par\u00e9s<\/h2>\n<p>Notre soci\u00e9t\u00e9 a <a href=\"\/fr\/compagnie\/clients-mondiaux\/\">plusieurs clients dans le monde entier<\/a>. D\u00e9couvrez notre expansion dans cette section de notre site web.<\/p>\n<h2>Certifications de Cail\u00e0&amp;Par\u00e9s<\/h2>\n<p>Connaissez nos diff\u00e9rentes certifications pour lesquelles Cail\u00e0&amp;Par\u00e9s compte, garantissant la qualit\u00e9 de tous nos produits pour nos clients. Voir les <a href=\"\/fr\/compagnie\/certifications\/\">certifications de Cail\u00e0&amp;Par\u00e9s ici<\/a>.<\/p>\n<h2>Politique d&rsquo;entreprise de Cail\u00e0&amp;Par\u00e9s<\/h2>\n<p>Sans aucun doute, la politique d&rsquo;entreprise est quelque chose qui concerne \u00e9galement les int\u00e9r\u00eats de Cail\u00e0&amp;Par\u00e9s, c&rsquo;est pourquoi nous prenons ce point tr\u00e8s au s\u00e9rieux. Si vous souhaitez en savoir plus, acc\u00e9dez d\u00e8s maintenant \u00e0 ce lien pour conna\u00eetre la <a href=\"\/fr\/compagnie\/politique-environnementale\/\">politique d&rsquo;entreprise de Cail\u00e0&amp;Par\u00e9s<\/a>.<\/p>\n<p>Si vous souhaitez en savoir plus sur notre entreprise, n&rsquo;h\u00e9sitez pas \u00e0 consulter les informations dont vous avez besoin \u00e0 notre sujet. D&rsquo;autre part, nous esp\u00e9rons \u00e9galement que vous pourrez acqu\u00e9rir nos produits en toute libert\u00e9.<\/p>\n","protected":false},"excerpt":{"rendered":"<p>Notre soci\u00e9t\u00e9 est une r\u00e9f\u00e9rence dans le domaine des acides et des huiles depuis de nombreuses ann\u00e9es pour diff\u00e9rentes entreprises tant au niveau national qu&rsquo;international. Si vous voulez en savoir plus sur nous, vous pouvez visiter ou parcourir nos diff\u00e9rentes pages d&rsquo;information sur notre entreprise: Histoire de Cail\u00e0&amp;Par\u00e9s Entrez dans cette section de l&rsquo;histoire de&#8230;<\/p>\n","protected":false},"author":1,"featured_media":0,"parent":0,"menu_order":0,"comment_status":"closed","ping_status":"closed","template":"","meta":{"footnotes":""},"class_list":["post-243","page","type-page","status-publish","hentry"],"yoast_head":"<!-- This site is optimized with the Yoast SEO plugin v25.9 - https:\/\/yoast.com\/wordpress\/plugins\/seo\/ -->\n<title>\u00c0 propos de nous - Cail\u00e0 &amp; Par\u00e9s | Fabricants de produits ol\u00e9ochimiques<\/title>\n<meta name=\"description\" content=\"D\u00e9couvrez qui nous sommes et ce que nous pouvons faire pour vous. Des produits de qualit\u00e9 sup\u00e9rieure en provenance du monde entier. Entrez maintenant pour nous rencontrer.\" \/>\n<meta name=\"robots\" content=\"index, follow, max-snippet:-1, max-image-preview:large, max-video-preview:-1\" \/>\n<link rel=\"canonical\" href=\"https:\/\/cailapares.com\/fr\/compagnie\/\" \/>\n<meta property=\"og:locale\" content=\"fr_FR\" \/>\n<meta property=\"og:type\" content=\"article\" \/>\n<meta property=\"og:title\" content=\"\u00c0 propos de nous - Cail\u00e0 &amp; Par\u00e9s | Fabricants de produits ol\u00e9ochimiques\" \/>\n<meta property=\"og:description\" content=\"D\u00e9couvrez qui nous sommes et ce que nous pouvons faire pour vous. Des produits de qualit\u00e9 sup\u00e9rieure en provenance du monde entier. Entrez maintenant pour nous rencontrer.\" \/>\n<meta property=\"og:url\" content=\"https:\/\/cailapares.com\/fr\/compagnie\/\" \/>\n<meta property=\"og:site_name\" content=\"Caila\" \/>\n<meta property=\"article:modified_time\" content=\"2022-11-21T10:08:16+00:00\" \/>\n<meta name=\"twitter:card\" content=\"summary_large_image\" \/>\n<meta name=\"twitter:label1\" content=\"Dur\u00e9e de lecture estim\u00e9e\" \/>\n\t<meta name=\"twitter:data1\" content=\"1 minute\" \/>\n<script type=\"application\/ld+json\" class=\"yoast-schema-graph\">{\"@context\":\"https:\/\/schema.org\",\"@graph\":[{\"@type\":\"WebPage\",\"@id\":\"https:\/\/cailapares.com\/fr\/compagnie\/\",\"url\":\"https:\/\/cailapares.com\/fr\/compagnie\/\",\"name\":\"\u00c0 propos de nous - Cail\u00e0 & Par\u00e9s | Fabricants de produits ol\u00e9ochimiques\",\"isPartOf\":{\"@id\":\"https:\/\/cailapares.com\/#website\"},\"datePublished\":\"2022-10-24T12:18:42+00:00\",\"dateModified\":\"2022-11-21T10:08:16+00:00\",\"description\":\"D\u00e9couvrez qui nous sommes et ce que nous pouvons faire pour vous. Des produits de qualit\u00e9 sup\u00e9rieure en provenance du monde entier. Entrez maintenant pour nous rencontrer.\",\"inLanguage\":\"fr-FR\",\"potentialAction\":[{\"@type\":\"ReadAction\",\"target\":[\"https:\/\/cailapares.com\/fr\/compagnie\/\"]}]},{\"@type\":\"WebSite\",\"@id\":\"https:\/\/cailapares.com\/#website\",\"url\":\"https:\/\/cailapares.com\/\",\"name\":\"Caila\",\"description\":\"Otro sitio realizado con WordPress\",\"potentialAction\":[{\"@type\":\"SearchAction\",\"target\":{\"@type\":\"EntryPoint\",\"urlTemplate\":\"https:\/\/cailapares.com\/?s={search_term_string}\"},\"query-input\":{\"@type\":\"PropertyValueSpecification\",\"valueRequired\":true,\"valueName\":\"search_term_string\"}}],\"inLanguage\":\"fr-FR\"}]}<\/script>\n<!-- \/ Yoast SEO plugin. -->","yoast_head_json":{"title":"\u00c0 propos de nous - Cail\u00e0 & Par\u00e9s | Fabricants de produits ol\u00e9ochimiques","description":"D\u00e9couvrez qui nous sommes et ce que nous pouvons faire pour vous. Des produits de qualit\u00e9 sup\u00e9rieure en provenance du monde entier. Entrez maintenant pour nous rencontrer.","robots":{"index":"index","follow":"follow","max-snippet":"max-snippet:-1","max-image-preview":"max-image-preview:large","max-video-preview":"max-video-preview:-1"},"canonical":"https:\/\/cailapares.com\/fr\/compagnie\/","og_locale":"fr_FR","og_type":"article","og_title":"\u00c0 propos de nous - Cail\u00e0 & Par\u00e9s | Fabricants de produits ol\u00e9ochimiques","og_description":"D\u00e9couvrez qui nous sommes et ce que nous pouvons faire pour vous. Des produits de qualit\u00e9 sup\u00e9rieure en provenance du monde entier. Entrez maintenant pour nous rencontrer.","og_url":"https:\/\/cailapares.com\/fr\/compagnie\/","og_site_name":"Caila","article_modified_time":"2022-11-21T10:08:16+00:00","twitter_card":"summary_large_image","twitter_misc":{"Dur\u00e9e de lecture estim\u00e9e":"1 minute"},"schema":{"@context":"https:\/\/schema.org","@graph":[{"@type":"WebPage","@id":"https:\/\/cailapares.com\/fr\/compagnie\/","url":"https:\/\/cailapares.com\/fr\/compagnie\/","name":"\u00c0 propos de nous - Cail\u00e0 & Par\u00e9s | Fabricants de produits ol\u00e9ochimiques","isPartOf":{"@id":"https:\/\/cailapares.com\/#website"},"datePublished":"2022-10-24T12:18:42+00:00","dateModified":"2022-11-21T10:08:16+00:00","description":"D\u00e9couvrez qui nous sommes et ce que nous pouvons faire pour vous. Des produits de qualit\u00e9 sup\u00e9rieure en provenance du monde entier. Entrez maintenant pour nous rencontrer.","inLanguage":"fr-FR","potentialAction":[{"@type":"ReadAction","target":["https:\/\/cailapares.com\/fr\/compagnie\/"]}]},{"@type":"WebSite","@id":"https:\/\/cailapares.com\/#website","url":"https:\/\/cailapares.com\/","name":"Caila","description":"Otro sitio realizado con WordPress","potentialAction":[{"@type":"SearchAction","target":{"@type":"EntryPoint","urlTemplate":"https:\/\/cailapares.com\/?s={search_term_string}"},"query-input":{"@type":"PropertyValueSpecification","valueRequired":true,"valueName":"search_term_string"}}],"inLanguage":"fr-FR"}]}},"_links":{"self":[{"href":"https:\/\/cailapares.com\/fr\/wp-json\/wp\/v2\/pages\/243","targetHints":{"allow":["GET"]}}],"collection":[{"href":"https:\/\/cailapares.com\/fr\/wp-json\/wp\/v2\/pages"}],"about":[{"href":"https:\/\/cailapares.com\/fr\/wp-json\/wp\/v2\/types\/page"}],"author":[{"embeddable":true,"href":"https:\/\/cailapares.com\/fr\/wp-json\/wp\/v2\/users\/1"}],"replies":[{"embeddable":true,"href":"https:\/\/cailapares.com\/fr\/wp-json\/wp\/v2\/comments?post=243"}],"version-history":[{"count":2,"href":"https:\/\/cailapares.com\/fr\/wp-json\/wp\/v2\/pages\/243\/revisions"}],"predecessor-version":[{"id":644,"href":"https:\/\/cailapares.com\/fr\/wp-json\/wp\/v2\/pages\/243\/revisions\/644"}],"wp:attachment":[{"href":"https:\/\/cailapares.com\/fr\/wp-json\/wp\/v2\/media?parent=243"}],"curies":[{"name":"wp","href":"https:\/\/api.w.org\/{rel}","templated":true}]}}