{"id":237,"date":"2024-07-01T12:18:22","date_gmt":"2024-07-01T12:18:22","guid":{"rendered":"https:\/\/cailapares.com\/productos\/"},"modified":"2022-11-21T10:19:17","modified_gmt":"2022-11-21T10:19:17","slug":"produits","status":"publish","type":"page","link":"https:\/\/cailapares.com\/fr\/produits\/","title":{"rendered":"Produits"},"content":{"rendered":"<h1>Produits<\/h1>\n<p>Les produits de Cail\u00e0 &amp; Par\u00e9s sont distribu\u00e9s dans le monde entier gr\u00e2ce \u00e0 leur commercialisation et leur fabrication. Gr\u00e2ce \u00e0 nos valeurs exceptionnelles et organis\u00e9es, nous sommes des pionniers et des r\u00e9f\u00e9rences mondiales en mati\u00e8re de qualit\u00e9 dans le domaine de la protection de l&rsquo;environnement.<\/p>\n<p>Obtenir la qualit\u00e9 maximale de nos produits est notre garantie.<\/p>\n<h2>Liste des huiles et acides de Cail\u00e0 &amp; Par\u00e9s<\/h2>\n<p><img decoding=\"async\" class=\"alignright\" src=\"\/wp-content\/uploads\/2014\/09\/Compo-planet-e1416246632498.png\" alt=\"Productos Cail\u00e0 y Par\u00e9s\" \/><\/p>\n<p>D\u00e9couvrez en d\u00e9tail notre gamme d&rsquo;huiles et d&rsquo;acides, en parcourant leurs caract\u00e9ristiques chimiques dans des tableaux descriptifs avec les pourcentages des mati\u00e8res qui les composent, les d\u00e9finitions scientifiques, leurs modes d&rsquo;utilisation, l&rsquo;obtention du produit, l&rsquo;origine et bien s\u00fbr, les b\u00e9n\u00e9fices qu&rsquo;ils apportent lorsqu&rsquo;ils sont consomm\u00e9s ou utilis\u00e9s dans les secteurs qui n\u00e9cessitent leur consommation.<\/p>\n<p>Informations sur les nombres exacts de la chromatographie en phase gazeuse, ainsi que le type d&rsquo;indices et les diff\u00e9rents degr\u00e9s de temp\u00e9rature et un tableau exact des pourcentages et des niveaux num\u00e9riques des diff\u00e9rents acides :<\/p>\n<ul>\n<li><a href=\"http:\/\/cailapares.com\/fr\/huiles-vegetales\/\">Huiles v\u00e9g\u00e9tales<\/a><\/li>\n<li><a href=\"http:\/\/cailapares.com\/fr\/acides-gras-distille-poly-insatures\/\">Acides gras distill\u00e9 &#8211; Poly-insatur\u00e9s<\/a><\/li>\n<li><a href=\"http:\/\/cailapares.com\/fr\/acides-gras-distille-insatures\/\">Acides gras distill\u00e9 insatur\u00e9s<\/a><\/li>\n<li><a href=\"http:\/\/cailapares.com\/fr\/acides-gras-distille-oleiques\/\">Acides gras distill\u00e9 ol\u00e9iques<\/a><\/li>\n<li><a href=\"http:\/\/cailapares.com\/fr\/acides-gras-fractionnes-chaines-moyennes-longues\/\">Acides gras fractionn\u00e9s &#8211; cha\u00eenes moyennes-longues<\/a><\/li>\n<li><a href=\"http:\/\/cailapares.com\/fr\/acides-gras-fractionnes-melanges-coupes\/\">Acides gras fractionn\u00e9s m\u00e9lang\u00e9s &#8211; coup\u00e9s<\/a><\/li>\n<li><a href=\"http:\/\/cailapares.com\/fr\/acides-gras-hydrogenes-steariques-origine-animale\/\">Acides gras hydrog\u00e9n\u00e9s st\u00e9ariques (origine animale)<\/a><\/li>\n<li><a href=\"http:\/\/cailapares.com\/fr\/acides-gras-hydrogenes-et-steariques-origine-vegetale\/\">Acides gras hydrog\u00e9n\u00e9s et st\u00e9ariques (origine v\u00e9g\u00e9tale)<\/a><\/li>\n<li><a href=\"http:\/\/cailapares.com\/fr\/acides-gras-selectivement-hydrogenes\/\">Acides gras s\u00e9lectivement hydrog\u00e9n\u00e9s<\/a><\/li>\n<li><a href=\"http:\/\/cailapares.com\/fr\/glycerine\/\">Glyc\u00e9rine<\/a><\/li>\n<\/ul>\n","protected":false},"excerpt":{"rendered":"<p>Produits Les produits de Cail\u00e0 &amp; Par\u00e9s sont distribu\u00e9s dans le monde entier gr\u00e2ce \u00e0 leur commercialisation et leur fabrication. Gr\u00e2ce \u00e0 nos valeurs exceptionnelles et organis\u00e9es, nous sommes des pionniers et des r\u00e9f\u00e9rences mondiales en mati\u00e8re de qualit\u00e9 dans le domaine de la protection de l&rsquo;environnement. Obtenir la qualit\u00e9 maximale de nos produits est&#8230;<\/p>\n","protected":false},"author":1,"featured_media":0,"parent":0,"menu_order":0,"comment_status":"closed","ping_status":"closed","template":"","meta":{"footnotes":""},"class_list":["post-237","page","type-page","status-publish","hentry"],"yoast_head":"<!-- This site is optimized with the Yoast SEO plugin v25.9 - https:\/\/yoast.com\/wordpress\/plugins\/seo\/ -->\n<title>Produits - Cail\u00e0 &amp; Par\u00e9s | Oleochemicals Manufacturers<\/title>\n<meta name=\"description\" content=\"Entrez et d\u00e9couvrez tous nos acides et huiles \u00e0 la page suivante. Vous pourrez consulter les informations individuelles dans chaque lien.\" \/>\n<meta name=\"robots\" content=\"index, follow, max-snippet:-1, max-image-preview:large, max-video-preview:-1\" \/>\n<link rel=\"canonical\" href=\"https:\/\/cailapares.com\/fr\/produits\/\" \/>\n<meta property=\"og:locale\" content=\"fr_FR\" \/>\n<meta property=\"og:type\" content=\"article\" \/>\n<meta property=\"og:title\" content=\"Produits - Cail\u00e0 &amp; Par\u00e9s | Oleochemicals Manufacturers\" \/>\n<meta property=\"og:description\" content=\"Entrez et d\u00e9couvrez tous nos acides et huiles \u00e0 la page suivante. Vous pourrez consulter les informations individuelles dans chaque lien.\" \/>\n<meta property=\"og:url\" content=\"https:\/\/cailapares.com\/fr\/produits\/\" \/>\n<meta property=\"og:site_name\" content=\"Caila\" \/>\n<meta name=\"twitter:card\" content=\"summary_large_image\" \/>\n<meta name=\"twitter:label1\" content=\"Dur\u00e9e de lecture estim\u00e9e\" \/>\n\t<meta name=\"twitter:data1\" content=\"1 minute\" \/>\n<script type=\"application\/ld+json\" class=\"yoast-schema-graph\">{\"@context\":\"https:\/\/schema.org\",\"@graph\":[{\"@type\":\"WebPage\",\"@id\":\"https:\/\/cailapares.com\/fr\/produits\/\",\"url\":\"https:\/\/cailapares.com\/fr\/produits\/\",\"name\":\"Produits - Cail\u00e0 & Par\u00e9s | Oleochemicals Manufacturers\",\"isPartOf\":{\"@id\":\"https:\/\/cailapares.com\/#website\"},\"datePublished\":\"2024-07-01T12:18:22+00:00\",\"description\":\"Entrez et d\u00e9couvrez tous nos acides et huiles \u00e0 la page suivante. Vous pourrez consulter les informations individuelles dans chaque lien.\",\"inLanguage\":\"fr-FR\",\"potentialAction\":[{\"@type\":\"ReadAction\",\"target\":[\"https:\/\/cailapares.com\/fr\/produits\/\"]}]},{\"@type\":\"WebSite\",\"@id\":\"https:\/\/cailapares.com\/#website\",\"url\":\"https:\/\/cailapares.com\/\",\"name\":\"Caila\",\"description\":\"Otro sitio realizado con WordPress\",\"potentialAction\":[{\"@type\":\"SearchAction\",\"target\":{\"@type\":\"EntryPoint\",\"urlTemplate\":\"https:\/\/cailapares.com\/?s={search_term_string}\"},\"query-input\":{\"@type\":\"PropertyValueSpecification\",\"valueRequired\":true,\"valueName\":\"search_term_string\"}}],\"inLanguage\":\"fr-FR\"}]}<\/script>\n<!-- \/ Yoast SEO plugin. -->","yoast_head_json":{"title":"Produits - Cail\u00e0 & Par\u00e9s | Oleochemicals Manufacturers","description":"Entrez et d\u00e9couvrez tous nos acides et huiles \u00e0 la page suivante. Vous pourrez consulter les informations individuelles dans chaque lien.","robots":{"index":"index","follow":"follow","max-snippet":"max-snippet:-1","max-image-preview":"max-image-preview:large","max-video-preview":"max-video-preview:-1"},"canonical":"https:\/\/cailapares.com\/fr\/produits\/","og_locale":"fr_FR","og_type":"article","og_title":"Produits - Cail\u00e0 & Par\u00e9s | Oleochemicals Manufacturers","og_description":"Entrez et d\u00e9couvrez tous nos acides et huiles \u00e0 la page suivante. Vous pourrez consulter les informations individuelles dans chaque lien.","og_url":"https:\/\/cailapares.com\/fr\/produits\/","og_site_name":"Caila","twitter_card":"summary_large_image","twitter_misc":{"Dur\u00e9e de lecture estim\u00e9e":"1 minute"},"schema":{"@context":"https:\/\/schema.org","@graph":[{"@type":"WebPage","@id":"https:\/\/cailapares.com\/fr\/produits\/","url":"https:\/\/cailapares.com\/fr\/produits\/","name":"Produits - Cail\u00e0 & Par\u00e9s | Oleochemicals Manufacturers","isPartOf":{"@id":"https:\/\/cailapares.com\/#website"},"datePublished":"2024-07-01T12:18:22+00:00","description":"Entrez et d\u00e9couvrez tous nos acides et huiles \u00e0 la page suivante. Vous pourrez consulter les informations individuelles dans chaque lien.","inLanguage":"fr-FR","potentialAction":[{"@type":"ReadAction","target":["https:\/\/cailapares.com\/fr\/produits\/"]}]},{"@type":"WebSite","@id":"https:\/\/cailapares.com\/#website","url":"https:\/\/cailapares.com\/","name":"Caila","description":"Otro sitio realizado con WordPress","potentialAction":[{"@type":"SearchAction","target":{"@type":"EntryPoint","urlTemplate":"https:\/\/cailapares.com\/?s={search_term_string}"},"query-input":{"@type":"PropertyValueSpecification","valueRequired":true,"valueName":"search_term_string"}}],"inLanguage":"fr-FR"}]}},"_links":{"self":[{"href":"https:\/\/cailapares.com\/fr\/wp-json\/wp\/v2\/pages\/237","targetHints":{"allow":["GET"]}}],"collection":[{"href":"https:\/\/cailapares.com\/fr\/wp-json\/wp\/v2\/pages"}],"about":[{"href":"https:\/\/cailapares.com\/fr\/wp-json\/wp\/v2\/types\/page"}],"author":[{"embeddable":true,"href":"https:\/\/cailapares.com\/fr\/wp-json\/wp\/v2\/users\/1"}],"replies":[{"embeddable":true,"href":"https:\/\/cailapares.com\/fr\/wp-json\/wp\/v2\/comments?post=237"}],"version-history":[{"count":3,"href":"https:\/\/cailapares.com\/fr\/wp-json\/wp\/v2\/pages\/237\/revisions"}],"predecessor-version":[{"id":656,"href":"https:\/\/cailapares.com\/fr\/wp-json\/wp\/v2\/pages\/237\/revisions\/656"}],"wp:attachment":[{"href":"https:\/\/cailapares.com\/fr\/wp-json\/wp\/v2\/media?parent=237"}],"curies":[{"name":"wp","href":"https:\/\/api.w.org\/{rel}","templated":true}]}}