{"id":223,"date":"2024-07-01T12:28:44","date_gmt":"2024-07-01T12:28:44","guid":{"rendered":"https:\/\/cailapares.com\/inicio\/"},"modified":"2024-09-25T10:26:36","modified_gmt":"2024-09-25T10:26:36","slug":"inicio","status":"publish","type":"page","link":"https:\/\/cailapares.com\/fr\/","title":{"rendered":"Accueil"},"content":{"rendered":"<section class=\"l-section wpb_row height_auto width_full\"><div class=\"l-section-h i-cf\"><div class=\"g-cols vc_row via_flex valign_top type_default stacking_default\"><div class=\"vc_col-sm-12 wpb_column vc_column_container\"><div class=\"vc_column-inner\"><div class=\"wpb_wrapper\"><div class=\"w-slider style_none fit_scaledown\"><div class=\"w-slider-h\"><div class=\"royalSlider\"><div class=\"rsContent\"><a class=\"rsImg\" data-rsw=\"1600\" data-rsh=\"630\" href=\"https:\/\/cailapares.com\/wp-content\/uploads\/2022\/11\/endurance-fr-caila.jpg\"><span data-alt=\"endurance-fr-caila\"><\/span><\/a><\/div><div class=\"rsContent\"><a class=\"rsImg\" data-rsw=\"1600\" data-rsh=\"630\" href=\"https:\/\/cailapares.com\/wp-content\/uploads\/2022\/11\/experience-caila-fr.jpg\"><span data-alt=\"experience-caila-fr\"><\/span><\/a><\/div><div class=\"rsContent\"><a class=\"rsImg\" data-rsw=\"1600\" data-rsh=\"630\" href=\"https:\/\/cailapares.com\/wp-content\/uploads\/2022\/11\/durabilite-caila.jpg\"><span data-alt=\"durabilite-caila\"><\/span><\/a><\/div><div class=\"rsContent\"><a class=\"rsImg\" data-rsw=\"1600\" data-rsh=\"630\" href=\"https:\/\/cailapares.com\/wp-content\/uploads\/2022\/11\/le-banner-caila.jpg\"><span data-alt=\"le-banner-caila\"><\/span><\/a><\/div><\/div><img decoding=\"async\" src=\"https:\/\/cailapares.com\/wp-content\/uploads\/2022\/11\/endurance-fr-caila.jpg\" width=\"1600\" height=\"630\" alt=\"endurance-fr-caila\" loading=\"lazy\"><\/div><div class=\"w-slider-json\" onclick='return {&quot;autoScaleSlider&quot;:true,&quot;loop&quot;:true,&quot;fadeInLoadedSlide&quot;:false,&quot;slidesSpacing&quot;:0,&quot;imageScalePadding&quot;:0,&quot;numImagesToPreload&quot;:2,&quot;arrowsNav&quot;:true,&quot;arrowsNavAutoHide&quot;:false,&quot;transitionType&quot;:&quot;move&quot;,&quot;transitionSpeed&quot;:250,&quot;block&quot;:{&quot;moveEffect&quot;:&quot;none&quot;,&quot;speed&quot;:300},&quot;thumbs&quot;:{&quot;fitInViewport&quot;:false},&quot;controlNavigation&quot;:&quot;none&quot;,&quot;imageScaleMode&quot;:&quot;fit-if-smaller&quot;,&quot;autoScaleSliderWidth&quot;:1600,&quot;autoScaleSliderHeight&quot;:630}'><\/div><\/div><\/div><\/div><\/div><\/div><\/div><\/section><section class=\"l-section wpb_row height_medium\"><div class=\"l-section-h i-cf\"><div class=\"g-cols vc_row via_flex valign_top type_default stacking_default\"><div class=\"vc_col-sm-12 wpb_column vc_column_container\"><div class=\"vc_column-inner\"><div class=\"wpb_wrapper\"><div class=\"wpb_text_column\"><div class=\"wpb_wrapper\"><h1 style=\"text-align: center;\">Cail\u00e0 &amp; Par\u00e9s: entreprise ol\u00e9ochimique<\/h1>\n<h2 style=\"text-align: center;\">Fabrication et distribution de produits ol\u00e9ochimiques<\/h2>\n<p style=\"text-align: center;\">Cail\u00e0 i Par\u00e9s S.A. est une entreprise de pr\u00e8s de 100 ans d&rsquo;histoire qui exerce l&rsquo;activit\u00e9 commerciale et la distribution d&rsquo;acides et d&rsquo;huiles grasses dans diff\u00e9rentes r\u00e9gions du monde. Vous pouvez en savoir plus sur nous en cliquant sur les liens ci-dessous pour commencer \u00e0 naviguer et \u00e0 conna\u00eetre Cail\u00e0 y Par\u00e9s.<\/p>\n<\/div><\/div><\/div><\/div><\/div><\/div><\/div><\/section><section class=\"l-section wpb_row height_auto\"><div class=\"l-section-h i-cf\"><div class=\"g-cols vc_row via_flex valign_top type_default stacking_default\"><div class=\"vc_col-sm-4 wpb_column vc_column_container\"><div class=\"vc_column-inner\"><div class=\"wpb_wrapper\"><div class=\"wpb_text_column\"><div class=\"wpb_wrapper\"><p><a href=\"\/fr\/compagnie\/politique-environnementale\/\"><img decoding=\"async\" src=\"\/wp-content\/uploads\/2014\/12\/EcoFRA2.jpg\" width=\"\" height=\"\" \/><\/a><\/p>\n<\/div><\/div><\/div><\/div><\/div><div class=\"vc_col-sm-4 wpb_column vc_column_container\"><div class=\"vc_column-inner\"><div class=\"wpb_wrapper\"><div class=\"wpb_text_column\"><div class=\"wpb_wrapper\"><p><a href=\"\/fr\/produits\/\"><img decoding=\"async\" src=\"\/wp-content\/uploads\/2014\/12\/ProductsFRA2.jpg\" width=\"\" height=\"\" \/><\/a><\/p>\n<\/div><\/div><\/div><\/div><\/div><div class=\"vc_col-sm-4 wpb_column vc_column_container\"><div class=\"vc_column-inner\"><div class=\"wpb_wrapper\"><div class=\"wpb_text_column\"><div class=\"wpb_wrapper\"><p><a href=\"https:\/\/cailapares.com\/fr\/\"><img decoding=\"async\" src=\"\/wp-content\/uploads\/2014\/12\/LocateFRA2.jpg\" width=\"\" height=\"\" \/><\/a><\/p>\n<\/div><\/div><\/div><\/div><\/div><\/div><\/div><\/section><section class=\"l-section wpb_row height_auto\"><div class=\"l-section-h i-cf\"><div class=\"g-cols vc_row via_flex valign_top type_default stacking_default\"><div class=\"vc_col-sm-4 wpb_column vc_column_container\"><div class=\"vc_column-inner\"><div class=\"wpb_wrapper\"><div class=\"wpb_text_column\"><div class=\"wpb_wrapper\"><p><a href=\"\/fr\/fiches-techniques\/\"><img decoding=\"async\" src=\"\/wp-content\/uploads\/2014\/12\/TechnicalFRA2.jpg\" width=\"\" height=\"\" \/><\/a><\/p>\n<\/div><\/div><\/div><\/div><\/div><div class=\"vc_col-sm-4 wpb_column vc_column_container\"><div class=\"vc_column-inner\"><div class=\"wpb_wrapper\"><div class=\"wpb_text_column\"><div class=\"wpb_wrapper\"><p><a href=\"\/fr\/compagnie\/histoire\/\"><img decoding=\"async\" src=\"\/wp-content\/uploads\/2014\/12\/HistoryFRA2.jpg\" width=\"\" height=\"\" \/><\/a><\/p>\n<\/div><\/div><\/div><\/div><\/div><div class=\"vc_col-sm-4 wpb_column vc_column_container\"><div class=\"vc_column-inner\"><div class=\"wpb_wrapper\"><div class=\"wpb_text_column\"><div class=\"wpb_wrapper\"><p><a href=\"\/fr\/compagnie\/clients-mondiaux\/\"><img decoding=\"async\" src=\"\/wp-content\/uploads\/2014\/12\/ClientsFRA2.jpg\" width=\"\" height=\"\" \/><\/a><\/p>\n<\/div><\/div><\/div><\/div><\/div><\/div><\/div><\/section>\n","protected":false},"excerpt":{"rendered":"Cail\u00e0 &amp; Par\u00e9s: entreprise ol\u00e9ochimique Fabrication et distribution de produits ol\u00e9ochimiques Cail\u00e0 i Par\u00e9s S.A. est une entreprise de pr\u00e8s de 100 ans d&rsquo;histoire qui exerce l&rsquo;activit\u00e9 commerciale et la distribution d&rsquo;acides et d&rsquo;huiles grasses dans diff\u00e9rentes r\u00e9gions du monde. Vous pouvez en savoir plus sur nous en cliquant sur les liens ci-dessous pour commencer...","protected":false},"author":1,"featured_media":0,"parent":0,"menu_order":0,"comment_status":"closed","ping_status":"closed","template":"","meta":{"footnotes":""},"class_list":["post-223","page","type-page","status-publish","hentry"],"yoast_head":"<!-- This site is optimized with the Yoast SEO plugin v25.9 - https:\/\/yoast.com\/wordpress\/plugins\/seo\/ -->\n<title>Cail\u00e0&amp;Par\u00e9s Ol\u00e9ochimie | Fabrication de produits ol\u00e9ochimiques<\/title>\n<meta name=\"description\" content=\"Cail\u00e0&amp;Par\u00e9s: Entreprise sp\u00e9cialis\u00e9e dans la fabrication et la distribution de produits ol\u00e9ochimiques. Nous sommes votre entreprise ol\u00e9ochimique!\" \/>\n<meta name=\"robots\" content=\"index, follow, max-snippet:-1, max-image-preview:large, max-video-preview:-1\" \/>\n<link rel=\"canonical\" href=\"https:\/\/cailapares.com\/fr\/\" \/>\n<meta property=\"og:locale\" content=\"fr_FR\" \/>\n<meta property=\"og:type\" content=\"article\" \/>\n<meta property=\"og:title\" content=\"Cail\u00e0&amp;Par\u00e9s Ol\u00e9ochimie | Fabrication de produits ol\u00e9ochimiques\" \/>\n<meta property=\"og:description\" content=\"Cail\u00e0&amp;Par\u00e9s: Entreprise sp\u00e9cialis\u00e9e dans la fabrication et la distribution de produits ol\u00e9ochimiques. Nous sommes votre entreprise ol\u00e9ochimique!\" \/>\n<meta property=\"og:url\" content=\"https:\/\/cailapares.com\/fr\/\" \/>\n<meta property=\"og:site_name\" content=\"Caila\" \/>\n<meta property=\"article:modified_time\" content=\"2024-09-25T10:26:36+00:00\" \/>\n<meta name=\"twitter:card\" content=\"summary_large_image\" \/>\n<meta name=\"twitter:label1\" content=\"Dur\u00e9e de lecture estim\u00e9e\" \/>\n\t<meta name=\"twitter:data1\" content=\"1 minute\" \/>\n<script type=\"application\/ld+json\" class=\"yoast-schema-graph\">{\"@context\":\"https:\/\/schema.org\",\"@graph\":[{\"@type\":\"WebPage\",\"@id\":\"https:\/\/cailapares.com\/fr\/\",\"url\":\"https:\/\/cailapares.com\/fr\/\",\"name\":\"Cail\u00e0&Par\u00e9s Ol\u00e9ochimie | Fabrication de produits ol\u00e9ochimiques\",\"isPartOf\":{\"@id\":\"https:\/\/cailapares.com\/#website\"},\"datePublished\":\"2024-07-01T12:28:44+00:00\",\"dateModified\":\"2024-09-25T10:26:36+00:00\",\"description\":\"Cail\u00e0&Par\u00e9s: Entreprise sp\u00e9cialis\u00e9e dans la fabrication et la distribution de produits ol\u00e9ochimiques. Nous sommes votre entreprise ol\u00e9ochimique!\",\"inLanguage\":\"fr-FR\",\"potentialAction\":[{\"@type\":\"ReadAction\",\"target\":[\"https:\/\/cailapares.com\/fr\/\"]}]},{\"@type\":\"WebSite\",\"@id\":\"https:\/\/cailapares.com\/#website\",\"url\":\"https:\/\/cailapares.com\/\",\"name\":\"Caila\",\"description\":\"Otro sitio realizado con WordPress\",\"potentialAction\":[{\"@type\":\"SearchAction\",\"target\":{\"@type\":\"EntryPoint\",\"urlTemplate\":\"https:\/\/cailapares.com\/?s={search_term_string}\"},\"query-input\":{\"@type\":\"PropertyValueSpecification\",\"valueRequired\":true,\"valueName\":\"search_term_string\"}}],\"inLanguage\":\"fr-FR\"}]}<\/script>\n<!-- \/ Yoast SEO plugin. -->","yoast_head_json":{"title":"Cail\u00e0&Par\u00e9s Ol\u00e9ochimie | Fabrication de produits ol\u00e9ochimiques","description":"Cail\u00e0&Par\u00e9s: Entreprise sp\u00e9cialis\u00e9e dans la fabrication et la distribution de produits ol\u00e9ochimiques. Nous sommes votre entreprise ol\u00e9ochimique!","robots":{"index":"index","follow":"follow","max-snippet":"max-snippet:-1","max-image-preview":"max-image-preview:large","max-video-preview":"max-video-preview:-1"},"canonical":"https:\/\/cailapares.com\/fr\/","og_locale":"fr_FR","og_type":"article","og_title":"Cail\u00e0&Par\u00e9s Ol\u00e9ochimie | Fabrication de produits ol\u00e9ochimiques","og_description":"Cail\u00e0&Par\u00e9s: Entreprise sp\u00e9cialis\u00e9e dans la fabrication et la distribution de produits ol\u00e9ochimiques. Nous sommes votre entreprise ol\u00e9ochimique!","og_url":"https:\/\/cailapares.com\/fr\/","og_site_name":"Caila","article_modified_time":"2024-09-25T10:26:36+00:00","twitter_card":"summary_large_image","twitter_misc":{"Dur\u00e9e de lecture estim\u00e9e":"1 minute"},"schema":{"@context":"https:\/\/schema.org","@graph":[{"@type":"WebPage","@id":"https:\/\/cailapares.com\/fr\/","url":"https:\/\/cailapares.com\/fr\/","name":"Cail\u00e0&Par\u00e9s Ol\u00e9ochimie | Fabrication de produits ol\u00e9ochimiques","isPartOf":{"@id":"https:\/\/cailapares.com\/#website"},"datePublished":"2024-07-01T12:28:44+00:00","dateModified":"2024-09-25T10:26:36+00:00","description":"Cail\u00e0&Par\u00e9s: Entreprise sp\u00e9cialis\u00e9e dans la fabrication et la distribution de produits ol\u00e9ochimiques. Nous sommes votre entreprise ol\u00e9ochimique!","inLanguage":"fr-FR","potentialAction":[{"@type":"ReadAction","target":["https:\/\/cailapares.com\/fr\/"]}]},{"@type":"WebSite","@id":"https:\/\/cailapares.com\/#website","url":"https:\/\/cailapares.com\/","name":"Caila","description":"Otro sitio realizado con WordPress","potentialAction":[{"@type":"SearchAction","target":{"@type":"EntryPoint","urlTemplate":"https:\/\/cailapares.com\/?s={search_term_string}"},"query-input":{"@type":"PropertyValueSpecification","valueRequired":true,"valueName":"search_term_string"}}],"inLanguage":"fr-FR"}]}},"_links":{"self":[{"href":"https:\/\/cailapares.com\/fr\/wp-json\/wp\/v2\/pages\/223","targetHints":{"allow":["GET"]}}],"collection":[{"href":"https:\/\/cailapares.com\/fr\/wp-json\/wp\/v2\/pages"}],"about":[{"href":"https:\/\/cailapares.com\/fr\/wp-json\/wp\/v2\/types\/page"}],"author":[{"embeddable":true,"href":"https:\/\/cailapares.com\/fr\/wp-json\/wp\/v2\/users\/1"}],"replies":[{"embeddable":true,"href":"https:\/\/cailapares.com\/fr\/wp-json\/wp\/v2\/comments?post=223"}],"version-history":[{"count":7,"href":"https:\/\/cailapares.com\/fr\/wp-json\/wp\/v2\/pages\/223\/revisions"}],"predecessor-version":[{"id":928,"href":"https:\/\/cailapares.com\/fr\/wp-json\/wp\/v2\/pages\/223\/revisions\/928"}],"wp:attachment":[{"href":"https:\/\/cailapares.com\/fr\/wp-json\/wp\/v2\/media?parent=223"}],"curies":[{"name":"wp","href":"https:\/\/api.w.org\/{rel}","templated":true}]}}