{"id":214,"date":"2022-10-24T12:13:46","date_gmt":"2022-10-24T12:13:46","guid":{"rendered":"https:\/\/cailapares.com\/hojas-tecnicas\/"},"modified":"2022-11-21T10:17:06","modified_gmt":"2022-11-21T10:17:06","slug":"fiches-techniques","status":"publish","type":"page","link":"https:\/\/cailapares.com\/fr\/fiches-techniques\/","title":{"rendered":"Fiches techniques"},"content":{"rendered":"<section class=\"l-section wpb_row height_medium\"><div class=\"l-section-h i-cf\"><div class=\"g-cols vc_row via_flex valign_top type_default stacking_default\"><div class=\"vc_col-sm-12 wpb_column vc_column_container\"><div class=\"vc_column-inner\"><div class=\"wpb_wrapper\"><div class=\"wpb_text_column\"><div class=\"wpb_wrapper\"><h1>Fiches techniques<\/h1>\n<\/div><\/div><\/div><\/div><\/div><\/div><\/div><\/section><section class=\"l-section wpb_row height_medium\"><div class=\"l-section-h i-cf\"><div class=\"g-cols vc_row via_flex valign_top type_default stacking_default\"><div class=\"vc_col-sm-4 wpb_column vc_column_container\"><div class=\"vc_column-inner\"><div class=\"wpb_wrapper\"><div class=\"wpb_text_column\"><div class=\"wpb_wrapper\"><h2>Formulaire de demande de fiche technique<\/h2>\n<p>Si vous avez besoin de demander une fiche technique de nos produits, vous pouvez le faire via notre formulaire en ligne.<\/p>\n<p>Remplissez tous les champs obligatoires et indiquez dans le champ de texte les fiches techniques que vous souhaitez acheter.<\/p>\n<p>Si vous avez besoin de parler pr\u00e9alablement avec notre soci\u00e9t\u00e9 au sujet des fiches techniques, vous pouvez le faire par le biais de notre t\u00e9l\u00e9phone +34933 354 850.<\/p>\n<p><img decoding=\"async\" src=\"https:\/\/cailapares.com\/wp-content\/uploads\/2014\/11\/Data950.jpg\" alt=\"Hoja T\u00e9cnica\" \/><\/p>\n<\/div><\/div><\/div><\/div><\/div><div class=\"vc_col-sm-8 wpb_column vc_column_container\"><div class=\"vc_column-inner\"><div class=\"wpb_wrapper\">\n<div class=\"wpcf7 no-js\" id=\"wpcf7-f441-o1\" lang=\"es-ES\" dir=\"ltr\" data-wpcf7-id=\"441\">\n<div class=\"screen-reader-response\"><p role=\"status\" aria-live=\"polite\" aria-atomic=\"true\"><\/p> <ul><\/ul><\/div>\n<form action=\"\/fr\/wp-json\/wp\/v2\/pages\/214#wpcf7-f441-o1\" method=\"post\" class=\"wpcf7-form init\" aria-label=\"Formulario de contacto\" novalidate=\"novalidate\" data-status=\"init\">\n<fieldset class=\"hidden-fields-container\"><input type=\"hidden\" name=\"_wpcf7\" value=\"441\" \/><input type=\"hidden\" name=\"_wpcf7_version\" value=\"6.1.1\" \/><input type=\"hidden\" name=\"_wpcf7_locale\" value=\"es_ES\" \/><input type=\"hidden\" name=\"_wpcf7_unit_tag\" value=\"wpcf7-f441-o1\" \/><input type=\"hidden\" name=\"_wpcf7_container_post\" value=\"0\" \/><input type=\"hidden\" name=\"_wpcf7_posted_data_hash\" value=\"\" \/>\n<\/fieldset>\n<p>Nombre (requerido)\n<\/p>\n<p><span class=\"wpcf7-form-control-wrap\" data-name=\"your-name\"><input size=\"40\" maxlength=\"400\" class=\"wpcf7-form-control wpcf7-text wpcf7-validates-as-required\" aria-required=\"true\" aria-invalid=\"false\" value=\"\" type=\"text\" name=\"your-name\" \/><\/span>\n<\/p>\n<p>Empresa (requerido)\n<\/p>\n<p><span class=\"wpcf7-form-control-wrap\" data-name=\"text-706\"><input size=\"40\" maxlength=\"400\" class=\"wpcf7-form-control wpcf7-text wpcf7-validates-as-required\" aria-required=\"true\" aria-invalid=\"false\" value=\"\" type=\"text\" name=\"text-706\" \/><\/span>\n<\/p>\n<p>Tel\u00e9fono (requerido)\n<\/p>\n<p><span class=\"wpcf7-form-control-wrap\" data-name=\"tel-879\"><input size=\"40\" maxlength=\"400\" class=\"wpcf7-form-control wpcf7-tel wpcf7-validates-as-required wpcf7-text wpcf7-validates-as-tel\" aria-required=\"true\" aria-invalid=\"false\" value=\"\" type=\"tel\" name=\"tel-879\" \/><\/span>\n<\/p>\n<p>E-mail (requerido)\n<\/p>\n<p><span class=\"wpcf7-form-control-wrap\" data-name=\"your-email\"><input size=\"40\" maxlength=\"400\" class=\"wpcf7-form-control wpcf7-email wpcf7-validates-as-required wpcf7-text wpcf7-validates-as-email\" aria-required=\"true\" aria-invalid=\"false\" value=\"\" type=\"email\" name=\"your-email\" \/><\/span>\n<\/p>\n<p>Asunto (requerido)\n<\/p>\n<p><span class=\"wpcf7-form-control-wrap\" data-name=\"Asunto\"><input size=\"40\" maxlength=\"400\" class=\"wpcf7-form-control wpcf7-text wpcf7-validates-as-required\" aria-required=\"true\" aria-invalid=\"false\" value=\"\" type=\"text\" name=\"Asunto\" \/><\/span>\n<\/p>\n<p>Por favor, ind\u00edquenos qu\u00e9 Fichas T\u00e9cnicas de Cail\u00e0 & Par\u00e9s desea recibir\n<\/p>\n<p><span class=\"wpcf7-form-control-wrap\" data-name=\"your-message\"><textarea cols=\"40\" rows=\"10\" maxlength=\"2000\" class=\"wpcf7-form-control wpcf7-textarea\" aria-invalid=\"false\" name=\"your-message\"><\/textarea><\/span>\n<\/p>\n<p><input class=\"wpcf7-form-control wpcf7-submit has-spinner\" type=\"submit\" value=\"Enviar\" \/>\n<\/p>\n<p><span class=\"wpcf7-form-control-wrap\" data-name=\"acceptance-795\"><span class=\"wpcf7-form-control wpcf7-acceptance\"><span class=\"wpcf7-list-item\"><input type=\"checkbox\" name=\"acceptance-795\" value=\"1\" id=\"aceptacondicioneslegales\" aria-invalid=\"false\" \/><\/span><\/span><\/span> He le\u00eddo y acepto el <a href=\"\/politica-de-privacidad\/\" rel=\"nofollow\" target=\"_blank\">procesamiento de mis datos personales<\/a><span style=\"font-size:12px\"> * campos obligatorios<\/span>\n<\/p><div class=\"wpcf7-response-output\" aria-hidden=\"true\"><\/div>\n<\/form>\n<\/div>\n<\/div><\/div><\/div><\/div><\/div><\/section>\n","protected":false},"excerpt":{"rendered":"Fiches techniques Formulaire de demande de fiche technique Si vous avez besoin de demander une fiche technique de nos produits, vous pouvez le faire via notre formulaire en ligne. Remplissez tous les champs obligatoires et indiquez dans le champ de texte les fiches techniques que vous souhaitez acheter. Si vous avez besoin de parler pr\u00e9alablement...","protected":false},"author":1,"featured_media":0,"parent":0,"menu_order":0,"comment_status":"closed","ping_status":"closed","template":"","meta":{"footnotes":""},"class_list":["post-214","page","type-page","status-publish","hentry"],"yoast_head":"<!-- This site is optimized with the Yoast SEO plugin v25.9 - https:\/\/yoast.com\/wordpress\/plugins\/seo\/ -->\n<title>Fiches techniques - Cail\u00e0 &amp; Par\u00e9s | Fabricants de produits ol\u00e9ochimiques<\/title>\n<meta name=\"description\" content=\"Pour demander une fiche technique, veuillez remplir ce formulaire et nous l&#039;envoyer. Nous r\u00e9pondrons \u00e0 votre demande dans les plus brefs d\u00e9lais.\" \/>\n<meta name=\"robots\" content=\"index, follow, max-snippet:-1, max-image-preview:large, max-video-preview:-1\" \/>\n<link rel=\"canonical\" href=\"https:\/\/cailapares.com\/fr\/fiches-techniques\/\" \/>\n<meta property=\"og:locale\" content=\"fr_FR\" \/>\n<meta property=\"og:type\" content=\"article\" \/>\n<meta property=\"og:title\" content=\"Fiches techniques - Cail\u00e0 &amp; Par\u00e9s | Fabricants de produits ol\u00e9ochimiques\" \/>\n<meta property=\"og:description\" content=\"Pour demander une fiche technique, veuillez remplir ce formulaire et nous l&#039;envoyer. Nous r\u00e9pondrons \u00e0 votre demande dans les plus brefs d\u00e9lais.\" \/>\n<meta property=\"og:url\" content=\"https:\/\/cailapares.com\/fr\/fiches-techniques\/\" \/>\n<meta property=\"og:site_name\" content=\"Caila\" \/>\n<meta property=\"article:modified_time\" content=\"2022-11-21T10:17:06+00:00\" \/>\n<meta property=\"og:image\" content=\"https:\/\/cailapares.com\/wp-content\/uploads\/2014\/11\/Data950.jpg\" \/>\n<meta name=\"twitter:card\" content=\"summary_large_image\" \/>\n<meta name=\"twitter:label1\" content=\"Dur\u00e9e de lecture estim\u00e9e\" \/>\n\t<meta name=\"twitter:data1\" content=\"1 minute\" \/>\n<script type=\"application\/ld+json\" class=\"yoast-schema-graph\">{\"@context\":\"https:\/\/schema.org\",\"@graph\":[{\"@type\":\"WebPage\",\"@id\":\"https:\/\/cailapares.com\/fr\/fiches-techniques\/\",\"url\":\"https:\/\/cailapares.com\/fr\/fiches-techniques\/\",\"name\":\"Fiches techniques - Cail\u00e0 & Par\u00e9s | Fabricants de produits ol\u00e9ochimiques\",\"isPartOf\":{\"@id\":\"https:\/\/cailapares.com\/#website\"},\"primaryImageOfPage\":{\"@id\":\"https:\/\/cailapares.com\/fr\/fiches-techniques\/#primaryimage\"},\"image\":{\"@id\":\"https:\/\/cailapares.com\/fr\/fiches-techniques\/#primaryimage\"},\"thumbnailUrl\":\"https:\/\/cailapares.com\/wp-content\/uploads\/2014\/11\/Data950.jpg\",\"datePublished\":\"2022-10-24T12:13:46+00:00\",\"dateModified\":\"2022-11-21T10:17:06+00:00\",\"description\":\"Pour demander une fiche technique, veuillez remplir ce formulaire et nous l'envoyer. Nous r\u00e9pondrons \u00e0 votre demande dans les plus brefs d\u00e9lais.\",\"inLanguage\":\"fr-FR\",\"potentialAction\":[{\"@type\":\"ReadAction\",\"target\":[\"https:\/\/cailapares.com\/fr\/fiches-techniques\/\"]}]},{\"@type\":\"ImageObject\",\"inLanguage\":\"fr-FR\",\"@id\":\"https:\/\/cailapares.com\/fr\/fiches-techniques\/#primaryimage\",\"url\":\"https:\/\/cailapares.com\/wp-content\/uploads\/2014\/11\/Data950.jpg\",\"contentUrl\":\"https:\/\/cailapares.com\/wp-content\/uploads\/2014\/11\/Data950.jpg\"},{\"@type\":\"WebSite\",\"@id\":\"https:\/\/cailapares.com\/#website\",\"url\":\"https:\/\/cailapares.com\/\",\"name\":\"Caila\",\"description\":\"Otro sitio realizado con WordPress\",\"potentialAction\":[{\"@type\":\"SearchAction\",\"target\":{\"@type\":\"EntryPoint\",\"urlTemplate\":\"https:\/\/cailapares.com\/?s={search_term_string}\"},\"query-input\":{\"@type\":\"PropertyValueSpecification\",\"valueRequired\":true,\"valueName\":\"search_term_string\"}}],\"inLanguage\":\"fr-FR\"}]}<\/script>\n<!-- \/ Yoast SEO plugin. -->","yoast_head_json":{"title":"Fiches techniques - Cail\u00e0 & Par\u00e9s | Fabricants de produits ol\u00e9ochimiques","description":"Pour demander une fiche technique, veuillez remplir ce formulaire et nous l'envoyer. Nous r\u00e9pondrons \u00e0 votre demande dans les plus brefs d\u00e9lais.","robots":{"index":"index","follow":"follow","max-snippet":"max-snippet:-1","max-image-preview":"max-image-preview:large","max-video-preview":"max-video-preview:-1"},"canonical":"https:\/\/cailapares.com\/fr\/fiches-techniques\/","og_locale":"fr_FR","og_type":"article","og_title":"Fiches techniques - Cail\u00e0 & Par\u00e9s | Fabricants de produits ol\u00e9ochimiques","og_description":"Pour demander une fiche technique, veuillez remplir ce formulaire et nous l'envoyer. Nous r\u00e9pondrons \u00e0 votre demande dans les plus brefs d\u00e9lais.","og_url":"https:\/\/cailapares.com\/fr\/fiches-techniques\/","og_site_name":"Caila","article_modified_time":"2022-11-21T10:17:06+00:00","og_image":[{"url":"https:\/\/cailapares.com\/wp-content\/uploads\/2014\/11\/Data950.jpg","type":"","width":"","height":""}],"twitter_card":"summary_large_image","twitter_misc":{"Dur\u00e9e de lecture estim\u00e9e":"1 minute"},"schema":{"@context":"https:\/\/schema.org","@graph":[{"@type":"WebPage","@id":"https:\/\/cailapares.com\/fr\/fiches-techniques\/","url":"https:\/\/cailapares.com\/fr\/fiches-techniques\/","name":"Fiches techniques - Cail\u00e0 & Par\u00e9s | Fabricants de produits ol\u00e9ochimiques","isPartOf":{"@id":"https:\/\/cailapares.com\/#website"},"primaryImageOfPage":{"@id":"https:\/\/cailapares.com\/fr\/fiches-techniques\/#primaryimage"},"image":{"@id":"https:\/\/cailapares.com\/fr\/fiches-techniques\/#primaryimage"},"thumbnailUrl":"https:\/\/cailapares.com\/wp-content\/uploads\/2014\/11\/Data950.jpg","datePublished":"2022-10-24T12:13:46+00:00","dateModified":"2022-11-21T10:17:06+00:00","description":"Pour demander une fiche technique, veuillez remplir ce formulaire et nous l'envoyer. Nous r\u00e9pondrons \u00e0 votre demande dans les plus brefs d\u00e9lais.","inLanguage":"fr-FR","potentialAction":[{"@type":"ReadAction","target":["https:\/\/cailapares.com\/fr\/fiches-techniques\/"]}]},{"@type":"ImageObject","inLanguage":"fr-FR","@id":"https:\/\/cailapares.com\/fr\/fiches-techniques\/#primaryimage","url":"https:\/\/cailapares.com\/wp-content\/uploads\/2014\/11\/Data950.jpg","contentUrl":"https:\/\/cailapares.com\/wp-content\/uploads\/2014\/11\/Data950.jpg"},{"@type":"WebSite","@id":"https:\/\/cailapares.com\/#website","url":"https:\/\/cailapares.com\/","name":"Caila","description":"Otro sitio realizado con WordPress","potentialAction":[{"@type":"SearchAction","target":{"@type":"EntryPoint","urlTemplate":"https:\/\/cailapares.com\/?s={search_term_string}"},"query-input":{"@type":"PropertyValueSpecification","valueRequired":true,"valueName":"search_term_string"}}],"inLanguage":"fr-FR"}]}},"_links":{"self":[{"href":"https:\/\/cailapares.com\/fr\/wp-json\/wp\/v2\/pages\/214","targetHints":{"allow":["GET"]}}],"collection":[{"href":"https:\/\/cailapares.com\/fr\/wp-json\/wp\/v2\/pages"}],"about":[{"href":"https:\/\/cailapares.com\/fr\/wp-json\/wp\/v2\/types\/page"}],"author":[{"embeddable":true,"href":"https:\/\/cailapares.com\/fr\/wp-json\/wp\/v2\/users\/1"}],"replies":[{"embeddable":true,"href":"https:\/\/cailapares.com\/fr\/wp-json\/wp\/v2\/comments?post=214"}],"version-history":[{"count":2,"href":"https:\/\/cailapares.com\/fr\/wp-json\/wp\/v2\/pages\/214\/revisions"}],"predecessor-version":[{"id":654,"href":"https:\/\/cailapares.com\/fr\/wp-json\/wp\/v2\/pages\/214\/revisions\/654"}],"wp:attachment":[{"href":"https:\/\/cailapares.com\/fr\/wp-json\/wp\/v2\/media?parent=214"}],"curies":[{"name":"wp","href":"https:\/\/api.w.org\/{rel}","templated":true}]}}