{"id":196,"date":"2024-07-01T12:09:40","date_gmt":"2024-07-01T12:09:40","guid":{"rendered":"https:\/\/cailapares.com\/acidos-grasos-selectivamente-hidrogenados\/"},"modified":"2022-10-31T12:30:52","modified_gmt":"2022-10-31T12:30:52","slug":"acides-gras-selectivement-hydrogenes","status":"publish","type":"page","link":"https:\/\/cailapares.com\/fr\/acides-gras-selectivement-hydrogenes\/","title":{"rendered":"Acides gras s\u00e9lectivement hydrog\u00e9n\u00e9s"},"content":{"rendered":"<h2>Tableaux d&rsquo;information sur les acides gras s\u00e9lectivement hydrog\u00e9n\u00e9s<\/h2>\n<p>Dans les tableaux de donn\u00e9es informatives suivants, vous trouverez de la documentation concernant les acides gras hydrog\u00e9n\u00e9s pertinents :<\/p>\n<div style=\"overflow-x:scroll;font-size: small;\">\n<table border=\"1\" width=\"100%\" cellspacing=\"0\" cellpadding=\"5\" align=\"center\">\n<tbody>\n<tr>\n<td colspan=\"2\" bgcolor=\"#D2D2D2\">ORIGIN<\/td>\n<td colspan=\"2\" align=\"center\" valign=\"middle\" bgcolor=\"#D2D2D2\">TALLOW<\/td>\n<td align=\"center\" valign=\"middle\" bgcolor=\"#D2D2D2\"><span style=\"font-size: 12px;\">PALM<\/span><\/td>\n<\/tr>\n<tr>\n<td bgcolor=\"#EBEBEB\" width=\"265\">ANALISYS<\/p>\n<p>METHOD<\/td>\n<td bgcolor=\"#EBEBEB\" width=\"100\">UNITS<\/td>\n<td bgcolor=\"#EBEBEB\" width=\"100\">CYPTEC<br \/>\nAE-SPCT<\/td>\n<td bgcolor=\"#EBEBEB\" width=\"100\">CYPTEC<br \/>\nTL-12-CT<\/td>\n<td bgcolor=\"#EBEBEB\" width=\"100\">CYPTEC<br \/>\nP-50-H<\/td>\n<\/tr>\n<tr>\n<td bgcolor=\"#EBEBEB\">ACID VALUE<br \/>\nISO 660<\/td>\n<td bgcolor=\"#EBEBEB\">mg KOH\/gr.<\/td>\n<td>202-209<\/td>\n<td>200-210<\/td>\n<td>204-212<\/td>\n<\/tr>\n<tr>\n<td bgcolor=\"#EBEBEB\">IODINE VALUE<br \/>\nISO 3961<\/td>\n<td bgcolor=\"#EBEBEB\">gr.l\/100 gr.<\/td>\n<td>17-20<\/td>\n<td>32-45<\/td>\n<td bgcolor=\"#FFFFFF\">30-40<\/td>\n<\/tr>\n<tr>\n<td bgcolor=\"#EBEBEB\">SAPONIFICATION VALUE<br \/>\nISO 3657<\/td>\n<td bgcolor=\"#EBEBEB\">mg KOH\/gr.<\/td>\n<td>203-210<\/td>\n<td>201-211<\/td>\n<td bgcolor=\"#FFFFFF\">205-213<\/td>\n<\/tr>\n<tr>\n<td bgcolor=\"#EBEBEB\">TITRE<br \/>\nISO 935<\/td>\n<td bgcolor=\"#EBEBEB\">\u00ba centigrade<\/td>\n<td>50-55<\/td>\n<td>43-48<\/td>\n<td bgcolor=\"#FFFFFF\">44-48<\/td>\n<\/tr>\n<tr>\n<td bgcolor=\"#EBEBEB\">COLOUR LOVIBOND 5 1\/4&Prime;<br \/>\nBS684.1.14<\/td>\n<td bgcolor=\"#EBEBEB\">Red units (R)<\/td>\n<td>MAX. 0,5<\/td>\n<td>MAX. 0,7<\/td>\n<td bgcolor=\"#FFFFFF\">MAX. 0,7<\/td>\n<\/tr>\n<tr>\n<td bgcolor=\"#EBEBEB\">COLOUR LOVIBOND 5 1\/4&Prime;<br \/>\nBS684.1.14<\/td>\n<td bgcolor=\"#EBEBEB\">Yellow units (Y)<\/td>\n<td>MAX. 5<\/td>\n<td>MAX. 5<\/td>\n<td bgcolor=\"#FFFFFF\">MAX. 5<\/td>\n<\/tr>\n<tr>\n<td bgcolor=\"#EBEBEB\">UNSAPONIFIABLES<br \/>\nISO &#8211; 18609<\/td>\n<td bgcolor=\"#EBEBEB\">%<\/td>\n<td>MAX. 0,5<\/td>\n<td>MAX. 0,5<\/td>\n<td bgcolor=\"#FFFFFF\">MAX. 0,5<\/td>\n<\/tr>\n<\/tbody>\n<\/table>\n<table border=\"0\" width=\"725\" cellspacing=\"0\" cellpadding=\"0\" align=\"center\">\n<tbody>\n<tr>\n<td><span style=\"color: #000377;\">GAS CHROMATOGRAPHY<\/span><\/td>\n<td align=\"right\" valign=\"middle\"><span style=\"color: #000377;\">ISO 5508\/21966-2<\/span><\/td>\n<\/tr>\n<\/tbody>\n<\/table>\n<table border=\"1\" width=\"725\" cellspacing=\"0\" cellpadding=\"5\" align=\"center\">\n<tbody>\n<tr>\n<td bgcolor=\"#EBEBEB\">\n<table border=\"0\" width=\"100%\" cellspacing=\"0\" cellpadding=\"0\">\n<tbody>\n<tr>\n<td width=\"250\">LAURIC ACID<\/td>\n<td width=\"80\">C-12<\/td>\n<td>%<\/td>\n<\/tr>\n<\/tbody>\n<\/table>\n<\/td>\n<td width=\"100\">MAX. 1<\/td>\n<td width=\"100\">MAX. 1<\/td>\n<td width=\"100\">MAX. 1<\/td>\n<\/tr>\n<tr>\n<td bgcolor=\"#EBEBEB\">\n<table border=\"0\" width=\"100%\" cellspacing=\"0\" cellpadding=\"0\">\n<tbody>\n<tr>\n<td width=\"250\">MYRISTIC ACID<\/td>\n<td width=\"80\">C-14<\/td>\n<td>%<\/td>\n<\/tr>\n<\/tbody>\n<\/table>\n<\/td>\n<td>MAX. 5<\/td>\n<td>MAX. 4<\/td>\n<td>MAX. 3<\/td>\n<\/tr>\n<tr>\n<td bgcolor=\"#EBEBEB\">\n<table border=\"0\" width=\"100%\" cellspacing=\"0\" cellpadding=\"0\">\n<tbody>\n<tr>\n<td width=\"250\">PALMITIC ACID<\/td>\n<td width=\"80\">C-16<\/td>\n<td>%<\/td>\n<\/tr>\n<\/tbody>\n<\/table>\n<\/td>\n<td>24-30<\/td>\n<td>24-34<\/td>\n<td>40-50<\/td>\n<\/tr>\n<tr>\n<td bgcolor=\"#EBEBEB\">\n<table border=\"0\" width=\"100%\" cellspacing=\"0\" cellpadding=\"0\">\n<tbody>\n<tr>\n<td width=\"250\">PALMITOLEIC ACID<\/td>\n<td width=\"80\">C-16:1<\/td>\n<td>%<\/td>\n<\/tr>\n<\/tbody>\n<\/table>\n<\/td>\n<td>MAX. 2<\/td>\n<td>MAX. 4<\/td>\n<td>&#8211;<\/td>\n<\/tr>\n<tr>\n<td bgcolor=\"#EBEBEB\">\n<table border=\"0\" width=\"100%\" cellspacing=\"0\" cellpadding=\"0\">\n<tbody>\n<tr>\n<td width=\"250\">MARGARIC ACID<\/td>\n<td width=\"80\">C-17<\/td>\n<td>%<\/td>\n<\/tr>\n<\/tbody>\n<\/table>\n<\/td>\n<td>MAX. 2<\/td>\n<td>MAX. 2<\/td>\n<td>&#8211;<\/td>\n<\/tr>\n<tr>\n<td bgcolor=\"#EBEBEB\">\n<table border=\"0\" width=\"100%\" cellspacing=\"0\" cellpadding=\"0\">\n<tbody>\n<tr>\n<td width=\"250\">STEARIC ACID<\/td>\n<td width=\"80\">C-18<\/td>\n<td>%<\/td>\n<\/tr>\n<\/tbody>\n<\/table>\n<\/td>\n<td>43-52<\/td>\n<td>22-32<\/td>\n<td>12-18<\/td>\n<\/tr>\n<tr>\n<td bgcolor=\"#EBEBEB\">\n<table border=\"0\" width=\"100%\" cellspacing=\"0\" cellpadding=\"0\">\n<tbody>\n<tr>\n<td width=\"250\">OLEIC ACID<\/td>\n<td width=\"80\">C-18:1<\/td>\n<td>%<\/td>\n<\/tr>\n<\/tbody>\n<\/table>\n<\/td>\n<td>15-19<\/td>\n<td>30-40<\/td>\n<td>30-40<\/td>\n<\/tr>\n<tr>\n<td bgcolor=\"#EBEBEB\">\n<table border=\"0\" width=\"100%\" cellspacing=\"0\" cellpadding=\"0\">\n<tbody>\n<tr>\n<td width=\"250\">OLEIC ACID<\/td>\n<td align=\"left\" valign=\"middle\" width=\"80\">\n<p style=\"text-align: left;\">C-18:1<\/p>\n<p style=\"text-align: left;\"><span style=\"font-size: 8px;\">\u00ab\u00a0Cis\u00a0\u00bb % x C18:1<\/span><\/p>\n<\/td>\n<td align=\"left\" valign=\"bottom\"><\/td>\n<\/tr>\n<\/tbody>\n<\/table>\n<\/td>\n<td>MIN. 60<\/td>\n<td>MIN. 60<\/td>\n<td>MIN. 60<\/td>\n<\/tr>\n<tr>\n<td bgcolor=\"#EBEBEB\">\n<table border=\"0\" width=\"100%\" cellspacing=\"0\" cellpadding=\"0\">\n<tbody>\n<tr>\n<td width=\"250\">OLEIC ACID<\/td>\n<td width=\"80\">C-18:1<\/p>\n<p><span style=\"font-size: 7px;\">\u00ab\u00a0Trans.\u00a0\u00bb % x C18:1<\/span><\/td>\n<td><\/td>\n<\/tr>\n<\/tbody>\n<\/table>\n<\/td>\n<td>MAX. 40<\/td>\n<td>MAX. 40<\/td>\n<td>MAX. 40<\/td>\n<\/tr>\n<tr>\n<td valign=\"top\" bgcolor=\"#EBEBEB\">\n<table border=\"0\" width=\"100%\" cellspacing=\"0\" cellpadding=\"0\">\n<tbody>\n<tr>\n<td width=\"250\">LINOLEIC ACID<\/td>\n<td width=\"80\">C-18:2<\/td>\n<td>%<\/td>\n<\/tr>\n<\/tbody>\n<\/table>\n<\/td>\n<td align=\"left\" valign=\"middle\">MAX. 1<\/td>\n<td align=\"left\" valign=\"middle\">MAX. 2<\/td>\n<td align=\"left\" valign=\"middle\">MAX. 2<\/td>\n<\/tr>\n<tr>\n<td bgcolor=\"#EBEBEB\">\n<table border=\"0\" width=\"100%\" cellspacing=\"0\" cellpadding=\"0\">\n<tbody>\n<tr>\n<td width=\"250\">HIGHER FATTY ACID<\/td>\n<td width=\"80\"><\/td>\n<td>%<\/td>\n<\/tr>\n<\/tbody>\n<\/table>\n<\/td>\n<td>MAX. 1<\/td>\n<td>MAX. 1<\/td>\n<td>MAX. 1<\/td>\n<\/tr>\n<\/tbody>\n<\/table>\n<\/div>\n<p>&nbsp;<br \/>\nChez Cail\u00e0&#038;Par\u00e9s, nous sommes experts en diff\u00e9rents types d&rsquo;acides et d&rsquo;huiles que nous commercialisons depuis pr\u00e8s d&rsquo;un si\u00e8cle dans l&rsquo;histoire de notre entreprise. Par cons\u00e9quent, si vous recherchez un fournisseur comme nous ou si vous voulez des informations sur notre entreprise, vous pouvez nous contacter par t\u00e9l\u00e9phone au 933354850 ou \u00e0 partir de nos formulaires en ligne.<\/p>\n","protected":false},"excerpt":{"rendered":"<p>Tableaux d&rsquo;information sur les acides gras s\u00e9lectivement hydrog\u00e9n\u00e9s Dans les tableaux de donn\u00e9es informatives suivants, vous trouverez de la documentation concernant les acides gras hydrog\u00e9n\u00e9s pertinents : ORIGIN TALLOW PALM ANALISYS METHOD UNITS CYPTEC AE-SPCT CYPTEC TL-12-CT CYPTEC P-50-H ACID VALUE ISO 660 mg KOH\/gr. 202-209 200-210 204-212 IODINE VALUE ISO 3961 gr.l\/100 gr. 17-20&#8230;<\/p>\n","protected":false},"author":1,"featured_media":0,"parent":0,"menu_order":0,"comment_status":"closed","ping_status":"closed","template":"","meta":{"footnotes":""},"class_list":["post-196","page","type-page","status-publish","hentry"],"yoast_head":"<!-- This site is optimized with the Yoast SEO plugin v25.9 - https:\/\/yoast.com\/wordpress\/plugins\/seo\/ -->\n<title>Acides gras s\u00e9lectivement hydrog\u00e9n\u00e9s | Cail\u00e0 &amp; Par\u00e9s<\/title>\n<meta name=\"description\" content=\"Informations sur les acides gras s\u00e9lectivement hydrog\u00e9n\u00e9s sur notre web. Table des mati\u00e8res avec des donn\u00e9es sp\u00e9cifiques, l&#039;origine et les huiles grasses.\" \/>\n<meta name=\"robots\" content=\"index, follow, max-snippet:-1, max-image-preview:large, max-video-preview:-1\" \/>\n<link rel=\"canonical\" href=\"https:\/\/cailapares.com\/fr\/acides-gras-selectivement-hydrogenes\/\" \/>\n<meta property=\"og:locale\" content=\"fr_FR\" \/>\n<meta property=\"og:type\" content=\"article\" \/>\n<meta property=\"og:title\" content=\"Acides gras s\u00e9lectivement hydrog\u00e9n\u00e9s | Cail\u00e0 &amp; Par\u00e9s\" \/>\n<meta property=\"og:description\" content=\"Informations sur les acides gras s\u00e9lectivement hydrog\u00e9n\u00e9s sur notre web. Table des mati\u00e8res avec des donn\u00e9es sp\u00e9cifiques, l&#039;origine et les huiles grasses.\" \/>\n<meta property=\"og:url\" content=\"https:\/\/cailapares.com\/fr\/acides-gras-selectivement-hydrogenes\/\" \/>\n<meta property=\"og:site_name\" content=\"Caila\" \/>\n<meta name=\"twitter:card\" content=\"summary_large_image\" \/>\n<meta name=\"twitter:label1\" content=\"Dur\u00e9e de lecture estim\u00e9e\" \/>\n\t<meta name=\"twitter:data1\" content=\"1 minute\" \/>\n<script type=\"application\/ld+json\" class=\"yoast-schema-graph\">{\"@context\":\"https:\/\/schema.org\",\"@graph\":[{\"@type\":\"WebPage\",\"@id\":\"https:\/\/cailapares.com\/fr\/acides-gras-selectivement-hydrogenes\/\",\"url\":\"https:\/\/cailapares.com\/fr\/acides-gras-selectivement-hydrogenes\/\",\"name\":\"Acides gras s\u00e9lectivement hydrog\u00e9n\u00e9s | Cail\u00e0 & Par\u00e9s\",\"isPartOf\":{\"@id\":\"https:\/\/cailapares.com\/#website\"},\"datePublished\":\"2024-07-01T12:09:40+00:00\",\"description\":\"Informations sur les acides gras s\u00e9lectivement hydrog\u00e9n\u00e9s sur notre web. Table des mati\u00e8res avec des donn\u00e9es sp\u00e9cifiques, l'origine et les huiles grasses.\",\"inLanguage\":\"fr-FR\",\"potentialAction\":[{\"@type\":\"ReadAction\",\"target\":[\"https:\/\/cailapares.com\/fr\/acides-gras-selectivement-hydrogenes\/\"]}]},{\"@type\":\"WebSite\",\"@id\":\"https:\/\/cailapares.com\/#website\",\"url\":\"https:\/\/cailapares.com\/\",\"name\":\"Caila\",\"description\":\"Otro sitio realizado con WordPress\",\"potentialAction\":[{\"@type\":\"SearchAction\",\"target\":{\"@type\":\"EntryPoint\",\"urlTemplate\":\"https:\/\/cailapares.com\/?s={search_term_string}\"},\"query-input\":{\"@type\":\"PropertyValueSpecification\",\"valueRequired\":true,\"valueName\":\"search_term_string\"}}],\"inLanguage\":\"fr-FR\"}]}<\/script>\n<!-- \/ Yoast SEO plugin. -->","yoast_head_json":{"title":"Acides gras s\u00e9lectivement hydrog\u00e9n\u00e9s | Cail\u00e0 & Par\u00e9s","description":"Informations sur les acides gras s\u00e9lectivement hydrog\u00e9n\u00e9s sur notre web. Table des mati\u00e8res avec des donn\u00e9es sp\u00e9cifiques, l'origine et les huiles grasses.","robots":{"index":"index","follow":"follow","max-snippet":"max-snippet:-1","max-image-preview":"max-image-preview:large","max-video-preview":"max-video-preview:-1"},"canonical":"https:\/\/cailapares.com\/fr\/acides-gras-selectivement-hydrogenes\/","og_locale":"fr_FR","og_type":"article","og_title":"Acides gras s\u00e9lectivement hydrog\u00e9n\u00e9s | Cail\u00e0 & Par\u00e9s","og_description":"Informations sur les acides gras s\u00e9lectivement hydrog\u00e9n\u00e9s sur notre web. Table des mati\u00e8res avec des donn\u00e9es sp\u00e9cifiques, l'origine et les huiles grasses.","og_url":"https:\/\/cailapares.com\/fr\/acides-gras-selectivement-hydrogenes\/","og_site_name":"Caila","twitter_card":"summary_large_image","twitter_misc":{"Dur\u00e9e de lecture estim\u00e9e":"1 minute"},"schema":{"@context":"https:\/\/schema.org","@graph":[{"@type":"WebPage","@id":"https:\/\/cailapares.com\/fr\/acides-gras-selectivement-hydrogenes\/","url":"https:\/\/cailapares.com\/fr\/acides-gras-selectivement-hydrogenes\/","name":"Acides gras s\u00e9lectivement hydrog\u00e9n\u00e9s | Cail\u00e0 & Par\u00e9s","isPartOf":{"@id":"https:\/\/cailapares.com\/#website"},"datePublished":"2024-07-01T12:09:40+00:00","description":"Informations sur les acides gras s\u00e9lectivement hydrog\u00e9n\u00e9s sur notre web. Table des mati\u00e8res avec des donn\u00e9es sp\u00e9cifiques, l'origine et les huiles grasses.","inLanguage":"fr-FR","potentialAction":[{"@type":"ReadAction","target":["https:\/\/cailapares.com\/fr\/acides-gras-selectivement-hydrogenes\/"]}]},{"@type":"WebSite","@id":"https:\/\/cailapares.com\/#website","url":"https:\/\/cailapares.com\/","name":"Caila","description":"Otro sitio realizado con WordPress","potentialAction":[{"@type":"SearchAction","target":{"@type":"EntryPoint","urlTemplate":"https:\/\/cailapares.com\/?s={search_term_string}"},"query-input":{"@type":"PropertyValueSpecification","valueRequired":true,"valueName":"search_term_string"}}],"inLanguage":"fr-FR"}]}},"_links":{"self":[{"href":"https:\/\/cailapares.com\/fr\/wp-json\/wp\/v2\/pages\/196","targetHints":{"allow":["GET"]}}],"collection":[{"href":"https:\/\/cailapares.com\/fr\/wp-json\/wp\/v2\/pages"}],"about":[{"href":"https:\/\/cailapares.com\/fr\/wp-json\/wp\/v2\/types\/page"}],"author":[{"embeddable":true,"href":"https:\/\/cailapares.com\/fr\/wp-json\/wp\/v2\/users\/1"}],"replies":[{"embeddable":true,"href":"https:\/\/cailapares.com\/fr\/wp-json\/wp\/v2\/comments?post=196"}],"version-history":[{"count":1,"href":"https:\/\/cailapares.com\/fr\/wp-json\/wp\/v2\/pages\/196\/revisions"}],"predecessor-version":[{"id":203,"href":"https:\/\/cailapares.com\/fr\/wp-json\/wp\/v2\/pages\/196\/revisions\/203"}],"wp:attachment":[{"href":"https:\/\/cailapares.com\/fr\/wp-json\/wp\/v2\/media?parent=196"}],"curies":[{"name":"wp","href":"https:\/\/api.w.org\/{rel}","templated":true}]}}