{"id":190,"date":"2024-07-01T12:09:16","date_gmt":"2024-07-01T12:09:16","guid":{"rendered":"https:\/\/cailapares.com\/acidos-grasos-poliinsaturados\/"},"modified":"2022-10-31T12:27:51","modified_gmt":"2022-10-31T12:27:51","slug":"acides-gras-distille-poly-insatures","status":"publish","type":"page","link":"https:\/\/cailapares.com\/fr\/acides-gras-distille-poly-insatures\/","title":{"rendered":"Acides gras distill\u00e9 &#8211; Poly-insatur\u00e9s"},"content":{"rendered":"<p style=\"text-align: justify;\"><strong>Chez Cail\u00e0 &amp; Par\u00e9s<\/strong>, nous r\u00e9affirmons notre engagement en faveur de l&rsquo;utilisation de composants v\u00e9g\u00e9taux pour la composition de produits et d&rsquo;articles destin\u00e9s \u00e0 diff\u00e9rentes industries, connus sous le nom <strong>d&rsquo;ol\u00e9ochimie<\/strong>.<\/p>\n<h2 style=\"text-align: justify;\">Que sont les acides gras polyinsatur\u00e9s?<\/h2>\n<p style=\"text-align: justify;\"><strong>Les acides gras polyinsatur\u00e9s<\/strong> sont un moyen fondamental pour produire tous les types de finitions commerciales, offrant d&rsquo;excellents r\u00e9sultats dans leurs diverses utilisations.<\/p>\n<p>L&rsquo;industrie ol\u00e9ochimique a gagn\u00e9 du terrain ces derni\u00e8res ann\u00e9es. L&rsquo;importante production d&rsquo;acides polyinsatur\u00e9s que nous proposons chez Cail\u00e0 &amp; Par\u00e9s vise \u00e0 offrir<strong> un \u00e9ventail de possibilit\u00e9s<\/strong> pour approvisionner les diff\u00e9rents march\u00e9s et industries en supports destin\u00e9s \u00e0 diff\u00e9rentes utilisations.<\/p>\n<div style=\"overflow-x:scroll;font-size: small;\">\n<table border=\"1\" width=\"100%\" cellspacing=\"0\" cellpadding=\"5\">\n<tbody>\n<tr>\n<td colspan=\"2\" bgcolor=\"#D2D2D2\">ORIGIN<\/td>\n<td colspan=\"3\" align=\"center\" valign=\"middle\" bgcolor=\"#D2D2D2\">SOYA &#8211; SUNFLOWER<\/td>\n<td bgcolor=\"#D2D2D2\" width=\"100\">GROUNDNUT<\/td>\n<td valign=\"top\" bgcolor=\"#D2D2D2\">COTTON<\/td>\n<td bgcolor=\"#D2D2D2\" width=\"100\">LINOIL<\/td>\n<\/tr>\n<tr>\n<td bgcolor=\"#EBEBEB\">ANALISYS<\/p>\n<p>METHOD<\/td>\n<td bgcolor=\"#EBEBEB\" width=\"100\">UNITS<\/td>\n<td bgcolor=\"#EBEBEB\" width=\"100\">CYPACID SG-30<\/td>\n<td bgcolor=\"#EBEBEB\" width=\"100\">CYPACID S-35<\/td>\n<td align=\"left\" valign=\"middle\" bgcolor=\"#EBEBEB\" width=\"100\">CYPACID G-35<\/td>\n<td bgcolor=\"#EBEBEB\" width=\"100\">CYPACID K-12<\/td>\n<td bgcolor=\"#EBEBEB\" width=\"100\">CYPACID CT-82<\/td>\n<td bgcolor=\"#EBEBEB\" width=\"100\">CYPACID L-80<\/td>\n<\/tr>\n<tr>\n<td bgcolor=\"#EBEBEB\">ACID VALUE<\/p>\n<p>ISO 660<\/td>\n<td bgcolor=\"#EBEBEB\">mg KOH\/gr.<\/td>\n<td>195-205<\/td>\n<td>197-205<\/td>\n<td align=\"left\" valign=\"middle\">196-205<\/td>\n<td>193-203<\/td>\n<td>196-206<\/td>\n<td>197-205<\/td>\n<\/tr>\n<tr>\n<td bgcolor=\"#EBEBEB\">IODINE VALUE<\/p>\n<p>ISO 3961<\/td>\n<td bgcolor=\"#EBEBEB\">gr.l\/100 gr.<\/td>\n<td>MIN. 120<\/td>\n<td>125-145<\/td>\n<td align=\"left\" valign=\"middle\">125-145<\/td>\n<td>95-115<\/td>\n<td>100-115<\/td>\n<td bgcolor=\"#FFFFFF\">175-195<\/td>\n<\/tr>\n<tr>\n<td bgcolor=\"#EBEBEB\">SAPONIFICATION VALUE<\/p>\n<p>ISO 3657<\/td>\n<td bgcolor=\"#EBEBEB\">mg KOH\/gr.<\/td>\n<td>196-206<\/td>\n<td>198-206<\/td>\n<td align=\"left\" valign=\"middle\">197-206<\/td>\n<td>195-205<\/td>\n<td>197-207<\/td>\n<td bgcolor=\"#FFFFFF\">198-206<\/td>\n<\/tr>\n<tr>\n<td bgcolor=\"#EBEBEB\">TITRE<\/p>\n<p>ISO 935<\/td>\n<td bgcolor=\"#EBEBEB\">\u00ba centigrade<\/td>\n<td>17-25<\/td>\n<td>18-24<\/td>\n<td align=\"left\" valign=\"middle\">17-21<\/td>\n<td>19-25<\/td>\n<td>25-30<\/td>\n<td bgcolor=\"#FFFFFF\">14-18<\/td>\n<\/tr>\n<tr>\n<td bgcolor=\"#EBEBEB\"><span style=\"font-size: 11px;\">COLOUR LOVIBOND 5 1\/4&Prime;<\/span><\/p>\n<p>BS684.1.14<\/td>\n<td bgcolor=\"#EBEBEB\">Red units (R)<\/td>\n<td>MAX. 2<\/td>\n<td>MAX. 1<\/td>\n<td align=\"left\" valign=\"middle\">MAX. 1<\/td>\n<td>MAX. 1,5<\/td>\n<td>MAX. 1<\/td>\n<td bgcolor=\"#FFFFFF\">MAX 1,5<\/td>\n<\/tr>\n<tr>\n<td bgcolor=\"#EBEBEB\"><span style=\"font-size: 11px;\">COLOUR LOVIBOND 5 1\/4&Prime;<\/span><\/p>\n<p>BS684.1.14<\/td>\n<td bgcolor=\"#EBEBEB\">Yellow units (Y)<\/td>\n<td>MAX. 15<\/td>\n<td>MAX. 10<\/td>\n<td align=\"left\" valign=\"middle\">MAX. 10<\/td>\n<td>\u00a0MAX. 20<\/td>\n<td>MAX. 10<\/td>\n<td bgcolor=\"#FFFFFF\">MAX. 15<\/td>\n<\/tr>\n<tr>\n<td bgcolor=\"#EBEBEB\">UNSAPONIFIABLES<\/p>\n<p>ISO &#8211; 18609<\/td>\n<td bgcolor=\"#EBEBEB\">%<\/td>\n<td>MAX. 2<\/td>\n<td>MAX. 0,5<\/td>\n<td align=\"left\" valign=\"middle\">MAX. 0,5<\/td>\n<td>MAX. 1<\/td>\n<td>MAX. 1<\/td>\n<td bgcolor=\"#FFFFFF\">MAX. 1<\/td>\n<\/tr>\n<\/tbody>\n<\/table>\n<table border=\"0\" width=\"950\" cellspacing=\"0\" cellpadding=\"0\">\n<tbody>\n<tr>\n<td><span style=\"color: #000377;\">GAS CHROMATOGRAPHY<\/span><\/td>\n<td align=\"right\" valign=\"middle\"><span style=\"color: #000377;\">ISO 5508\/12966-2<\/span><\/td>\n<\/tr>\n<\/tbody>\n<\/table>\n<table border=\"1\" width=\"950\" cellspacing=\"0\" cellpadding=\"5\">\n<tbody>\n<tr>\n<td bgcolor=\"#EBEBEB\">\n<table border=\"0\" width=\"100%\" cellspacing=\"0\" cellpadding=\"0\">\n<tbody>\n<tr>\n<td width=\"250\">LAURIC ACID<\/td>\n<td width=\"80\">C-12<\/td>\n<td>%<\/td>\n<\/tr>\n<\/tbody>\n<\/table>\n<\/td>\n<td align=\"left\" valign=\"middle\" width=\"100\">MAX. 1<\/td>\n<td width=\"100\">MAX. 1<\/td>\n<td width=\"100\">MAX. 1<\/td>\n<td width=\"100\">MAX. 1<\/td>\n<td width=\"100\">MAX. 1<\/td>\n<td width=\"100\">MAX. 1<\/td>\n<\/tr>\n<tr>\n<td bgcolor=\"#EBEBEB\">\n<table border=\"0\" width=\"100%\" cellspacing=\"0\" cellpadding=\"0\">\n<tbody>\n<tr>\n<td width=\"250\">MYRISTIC ACID<\/td>\n<td width=\"80\">C-14<\/td>\n<td>%<\/td>\n<\/tr>\n<\/tbody>\n<\/table>\n<\/td>\n<td align=\"left\" valign=\"middle\">MAX. 2<\/td>\n<td>MAX. 1<\/td>\n<td>MAX. 1<\/td>\n<td>MAX. 2<\/td>\n<td>MAX. 2<\/td>\n<td>MAX. 1<\/td>\n<\/tr>\n<tr>\n<td bgcolor=\"#EBEBEB\">\n<table border=\"0\" width=\"100%\" cellspacing=\"0\" cellpadding=\"0\">\n<tbody>\n<tr>\n<td width=\"250\">PALMITIC ACID<\/td>\n<td width=\"80\">C-16<\/td>\n<td>%<\/td>\n<\/tr>\n<\/tbody>\n<\/table>\n<\/td>\n<td align=\"left\" valign=\"middle\">5-14<\/td>\n<td>7-14<\/td>\n<td>5-9<\/td>\n<td>8-16<\/td>\n<td>10-20<\/td>\n<td>4-8<\/td>\n<\/tr>\n<tr>\n<td bgcolor=\"#EBEBEB\">\n<table border=\"0\" width=\"100%\" cellspacing=\"0\" cellpadding=\"0\">\n<tbody>\n<tr>\n<td width=\"250\">PALMITOLEIC ACID<\/td>\n<td width=\"80\">C-16:1<\/td>\n<td>%<\/td>\n<\/tr>\n<\/tbody>\n<\/table>\n<\/td>\n<td align=\"left\" valign=\"middle\">MAX. 0,5<\/td>\n<td>MAX. 0,5<\/td>\n<td>MAX. 0,5<\/td>\n<td>MAX. 1<\/td>\n<td>MAX. 2<\/td>\n<td>&#8211;<\/td>\n<\/tr>\n<tr>\n<td bgcolor=\"#EBEBEB\">\n<table border=\"0\" width=\"100%\" cellspacing=\"0\" cellpadding=\"0\">\n<tbody>\n<tr>\n<td width=\"250\">STEARIC ACID<\/td>\n<td width=\"80\">C-18<\/td>\n<td>%<\/td>\n<\/tr>\n<\/tbody>\n<\/table>\n<\/td>\n<td align=\"left\" valign=\"middle\">2-8<\/td>\n<td>2-6<\/td>\n<td>3-6<\/td>\n<td>2-7<\/td>\n<td>5-10<\/td>\n<td>2-5<\/td>\n<\/tr>\n<tr>\n<td bgcolor=\"#EBEBEB\">\n<table border=\"0\" width=\"100%\" cellspacing=\"0\" cellpadding=\"0\">\n<tbody>\n<tr>\n<td width=\"250\">OLEIC ACID<\/td>\n<td width=\"80\">C-18:1<\/td>\n<td>%<\/td>\n<\/tr>\n<\/tbody>\n<\/table>\n<\/td>\n<td align=\"left\" valign=\"middle\">20-35<\/td>\n<td>20-30<\/td>\n<td>20-35<\/td>\n<td>45-55<\/td>\n<td>30-35<\/td>\n<td>18-25<\/td>\n<\/tr>\n<tr>\n<td bgcolor=\"#EBEBEB\">\n<table border=\"0\" width=\"100%\" cellspacing=\"0\" cellpadding=\"0\">\n<tbody>\n<tr>\n<td width=\"250\">LINOLEIC ACID<\/td>\n<td width=\"80\">C-18:2<\/td>\n<td>%<\/td>\n<\/tr>\n<\/tbody>\n<\/table>\n<\/td>\n<td align=\"left\" valign=\"middle\">MIN. 47<\/td>\n<td>50-65<\/td>\n<td>55-70<\/td>\n<td>22-37<\/td>\n<td>35-45<\/td>\n<td>13-20<\/td>\n<\/tr>\n<tr>\n<td bgcolor=\"#EBEBEB\">\n<table border=\"0\" width=\"100%\" cellspacing=\"0\" cellpadding=\"0\">\n<tbody>\n<tr>\n<td width=\"250\">LINOLENIC ACID<\/td>\n<td width=\"80\">C-18:3<\/td>\n<td>%<\/td>\n<\/tr>\n<\/tbody>\n<\/table>\n<\/td>\n<td align=\"left\" valign=\"middle\">MAX. 8<\/td>\n<td>MAX. 8<\/td>\n<td>MAX. 2<\/td>\n<td>MAX. 3<\/td>\n<td>MAX. 3<\/td>\n<td>45-60<\/td>\n<\/tr>\n<tr>\n<td bgcolor=\"#EBEBEB\">\n<table border=\"0\" width=\"100%\" cellspacing=\"0\" cellpadding=\"0\">\n<tbody>\n<tr>\n<td width=\"250\">HIGHER FATTY ACID<\/td>\n<td width=\"80\"><\/td>\n<td>%<\/td>\n<\/tr>\n<\/tbody>\n<\/table>\n<\/td>\n<td align=\"left\" valign=\"middle\">MAX. 3<\/td>\n<td>MAX. 2<\/td>\n<td>MAX. 2<\/td>\n<td>MAX. 2<\/td>\n<td>MAX. 2,5<\/td>\n<td>MAX. 2<\/td>\n<\/tr>\n<\/tbody>\n<\/table>\n<\/div>\n<p>Nous nous consacrons \u00e0 la fabrication et \u00e0 la <strong>distribution d&rsquo;acides gras polyinsatur\u00e9s<\/strong> afin de fournir des ressources aux diff\u00e9rentes industries et aux diff\u00e9rents march\u00e9s. Avec pr\u00e8s d&rsquo;un si\u00e8cle d&rsquo;exp\u00e9rience dans le secteur, nous sommes une entreprise de premier plan gr\u00e2ce \u00e0 nos efforts et \u00e0 notre travail dans chacun de nos services et produits.<\/p>\n<p>Les acides gras polyinsatur\u00e9s sont pr\u00e9sents dans diff\u00e9rentes esp\u00e8ces v\u00e9g\u00e9tales et nous sommes charg\u00e9s d&rsquo;extraire ces acides pour obtenir leur essence et les <strong>appliquer dans diff\u00e9rents domaines industriels<\/strong>. On trouve diff\u00e9rentes s\u00e9ries d&rsquo;acides gras polyinsatur\u00e9s<\/p>\n<h3>Avantages des acides gras polyinsatur\u00e9s distill\u00e9s<\/h3>\n<p>Les multiples utilisations des produits ol\u00e9ochimiques sont ind\u00e9niables et de plus en plus d&rsquo;industries adoptent ces substances dans leurs finitions car elles <strong>sont des \u00e9l\u00e9ments \u00e9cologiques<\/strong> et totalement efficaces dans diff\u00e9rents march\u00e9s et produits, tels que: savons, cosm\u00e9tiques, d\u00e9tergents, esters, mousses \u00e0 raser, produits pharmaceutiques, peintures, parmi beaucoup d&rsquo;autres.<\/p>\n<p>Les nouvelles tendances vont dans notre sens et c&rsquo;est pour cette raison que nous fournissons tous les types de produits pour r\u00e9pondre \u00e0 tous les types de besoins. Dans les mati\u00e8res premi\u00e8res, nous pouvons trouver <strong>des solutions d&rsquo;une grande excellence et utilit\u00e9<\/strong>. Nos produits sont soumis \u00e0 des contr\u00f4les de qualit\u00e9 stricts afin d&rsquo;obtenir des solutions rentables et \u00e9cologiques.<\/p>\n<p>La qualit\u00e9 et l&rsquo;efficacit\u00e9 nous d\u00e9finissent et, pour cette raison, nous sommes l&rsquo;une des entit\u00e9s les plus consolid\u00e9es du secteur ol\u00e9ochimique. Nous sommes une entreprise de march\u00e9 mondial afin d&rsquo;approvisionner <strong>diff\u00e9rentes industries et entreprises dans le monde entier<\/strong>. Nous fournissons des produits \u00e0 des entreprises de tous les continents de mani\u00e8re rapide, flexible et personnalis\u00e9e afin d&rsquo;obtenir la plus grande satisfaction possible.<\/p>\n<p>Pour plus d&rsquo;informations, vous pouvez nous contacter via notre formulaire en ligne ou par t\u00e9l\u00e9phone.<\/p>\n","protected":false},"excerpt":{"rendered":"<p>Chez Cail\u00e0 &amp; Par\u00e9s, nous r\u00e9affirmons notre engagement en faveur de l&rsquo;utilisation de composants v\u00e9g\u00e9taux pour la composition de produits et d&rsquo;articles destin\u00e9s \u00e0 diff\u00e9rentes industries, connus sous le nom d&rsquo;ol\u00e9ochimie. Que sont les acides gras polyinsatur\u00e9s? Les acides gras polyinsatur\u00e9s sont un moyen fondamental pour produire tous les types de finitions commerciales, offrant d&rsquo;excellents&#8230;<\/p>\n","protected":false},"author":1,"featured_media":0,"parent":0,"menu_order":0,"comment_status":"closed","ping_status":"closed","template":"","meta":{"footnotes":""},"class_list":["post-190","page","type-page","status-publish","hentry"],"yoast_head":"<!-- This site is optimized with the Yoast SEO plugin v25.9 - https:\/\/yoast.com\/wordpress\/plugins\/seo\/ -->\n<title>Acides gras polyinsatur\u00e9s: Ce qu&#039;ils sont et leurs utilisations<\/title>\n<meta name=\"description\" content=\"Achetez chez Cail\u00e0&amp;Par\u00e9s des huiles et d&#039;autres produits comme nos acides gras polyinsatur\u00e9s au meilleur prix et \u00e0 la meilleure qualit\u00e9.\" \/>\n<meta name=\"robots\" content=\"index, follow, max-snippet:-1, max-image-preview:large, max-video-preview:-1\" \/>\n<link rel=\"canonical\" href=\"https:\/\/cailapares.com\/fr\/acides-gras-distille-poly-insatures\/\" \/>\n<meta property=\"og:locale\" content=\"fr_FR\" \/>\n<meta property=\"og:type\" content=\"article\" \/>\n<meta property=\"og:title\" content=\"Acides gras polyinsatur\u00e9s: Ce qu&#039;ils sont et leurs utilisations\" \/>\n<meta property=\"og:description\" content=\"Achetez chez Cail\u00e0&amp;Par\u00e9s des huiles et d&#039;autres produits comme nos acides gras polyinsatur\u00e9s au meilleur prix et \u00e0 la meilleure qualit\u00e9.\" \/>\n<meta property=\"og:url\" content=\"https:\/\/cailapares.com\/fr\/acides-gras-distille-poly-insatures\/\" \/>\n<meta property=\"og:site_name\" content=\"Caila\" \/>\n<meta name=\"twitter:card\" content=\"summary_large_image\" \/>\n<meta name=\"twitter:label1\" content=\"Dur\u00e9e de lecture estim\u00e9e\" \/>\n\t<meta name=\"twitter:data1\" content=\"3 minutes\" \/>\n<script type=\"application\/ld+json\" class=\"yoast-schema-graph\">{\"@context\":\"https:\/\/schema.org\",\"@graph\":[{\"@type\":\"WebPage\",\"@id\":\"https:\/\/cailapares.com\/fr\/acides-gras-distille-poly-insatures\/\",\"url\":\"https:\/\/cailapares.com\/fr\/acides-gras-distille-poly-insatures\/\",\"name\":\"Acides gras polyinsatur\u00e9s: Ce qu'ils sont et leurs utilisations\",\"isPartOf\":{\"@id\":\"https:\/\/cailapares.com\/#website\"},\"datePublished\":\"2024-07-01T12:09:16+00:00\",\"description\":\"Achetez chez Cail\u00e0&Par\u00e9s des huiles et d'autres produits comme nos acides gras polyinsatur\u00e9s au meilleur prix et \u00e0 la meilleure qualit\u00e9.\",\"inLanguage\":\"fr-FR\",\"potentialAction\":[{\"@type\":\"ReadAction\",\"target\":[\"https:\/\/cailapares.com\/fr\/acides-gras-distille-poly-insatures\/\"]}]},{\"@type\":\"WebSite\",\"@id\":\"https:\/\/cailapares.com\/#website\",\"url\":\"https:\/\/cailapares.com\/\",\"name\":\"Caila\",\"description\":\"Otro sitio realizado con WordPress\",\"potentialAction\":[{\"@type\":\"SearchAction\",\"target\":{\"@type\":\"EntryPoint\",\"urlTemplate\":\"https:\/\/cailapares.com\/?s={search_term_string}\"},\"query-input\":{\"@type\":\"PropertyValueSpecification\",\"valueRequired\":true,\"valueName\":\"search_term_string\"}}],\"inLanguage\":\"fr-FR\"}]}<\/script>\n<!-- \/ Yoast SEO plugin. -->","yoast_head_json":{"title":"Acides gras polyinsatur\u00e9s: Ce qu'ils sont et leurs utilisations","description":"Achetez chez Cail\u00e0&Par\u00e9s des huiles et d'autres produits comme nos acides gras polyinsatur\u00e9s au meilleur prix et \u00e0 la meilleure qualit\u00e9.","robots":{"index":"index","follow":"follow","max-snippet":"max-snippet:-1","max-image-preview":"max-image-preview:large","max-video-preview":"max-video-preview:-1"},"canonical":"https:\/\/cailapares.com\/fr\/acides-gras-distille-poly-insatures\/","og_locale":"fr_FR","og_type":"article","og_title":"Acides gras polyinsatur\u00e9s: Ce qu'ils sont et leurs utilisations","og_description":"Achetez chez Cail\u00e0&Par\u00e9s des huiles et d'autres produits comme nos acides gras polyinsatur\u00e9s au meilleur prix et \u00e0 la meilleure qualit\u00e9.","og_url":"https:\/\/cailapares.com\/fr\/acides-gras-distille-poly-insatures\/","og_site_name":"Caila","twitter_card":"summary_large_image","twitter_misc":{"Dur\u00e9e de lecture estim\u00e9e":"3 minutes"},"schema":{"@context":"https:\/\/schema.org","@graph":[{"@type":"WebPage","@id":"https:\/\/cailapares.com\/fr\/acides-gras-distille-poly-insatures\/","url":"https:\/\/cailapares.com\/fr\/acides-gras-distille-poly-insatures\/","name":"Acides gras polyinsatur\u00e9s: Ce qu'ils sont et leurs utilisations","isPartOf":{"@id":"https:\/\/cailapares.com\/#website"},"datePublished":"2024-07-01T12:09:16+00:00","description":"Achetez chez Cail\u00e0&Par\u00e9s des huiles et d'autres produits comme nos acides gras polyinsatur\u00e9s au meilleur prix et \u00e0 la meilleure qualit\u00e9.","inLanguage":"fr-FR","potentialAction":[{"@type":"ReadAction","target":["https:\/\/cailapares.com\/fr\/acides-gras-distille-poly-insatures\/"]}]},{"@type":"WebSite","@id":"https:\/\/cailapares.com\/#website","url":"https:\/\/cailapares.com\/","name":"Caila","description":"Otro sitio realizado con WordPress","potentialAction":[{"@type":"SearchAction","target":{"@type":"EntryPoint","urlTemplate":"https:\/\/cailapares.com\/?s={search_term_string}"},"query-input":{"@type":"PropertyValueSpecification","valueRequired":true,"valueName":"search_term_string"}}],"inLanguage":"fr-FR"}]}},"_links":{"self":[{"href":"https:\/\/cailapares.com\/fr\/wp-json\/wp\/v2\/pages\/190","targetHints":{"allow":["GET"]}}],"collection":[{"href":"https:\/\/cailapares.com\/fr\/wp-json\/wp\/v2\/pages"}],"about":[{"href":"https:\/\/cailapares.com\/fr\/wp-json\/wp\/v2\/types\/page"}],"author":[{"embeddable":true,"href":"https:\/\/cailapares.com\/fr\/wp-json\/wp\/v2\/users\/1"}],"replies":[{"embeddable":true,"href":"https:\/\/cailapares.com\/fr\/wp-json\/wp\/v2\/comments?post=190"}],"version-history":[{"count":1,"href":"https:\/\/cailapares.com\/fr\/wp-json\/wp\/v2\/pages\/190\/revisions"}],"predecessor-version":[{"id":193,"href":"https:\/\/cailapares.com\/fr\/wp-json\/wp\/v2\/pages\/190\/revisions\/193"}],"wp:attachment":[{"href":"https:\/\/cailapares.com\/fr\/wp-json\/wp\/v2\/media?parent=190"}],"curies":[{"name":"wp","href":"https:\/\/api.w.org\/{rel}","templated":true}]}}