{"id":185,"date":"2024-07-01T12:08:49","date_gmt":"2024-07-01T12:08:49","guid":{"rendered":"https:\/\/cailapares.com\/acidos-grasos-hidrogenados-y-estearicos-origen-vegetal\/"},"modified":"2023-06-08T08:45:44","modified_gmt":"2023-06-08T08:45:44","slug":"acides-gras-hydrogenes-et-steariques-origine-vegetale","status":"publish","type":"page","link":"https:\/\/cailapares.com\/fr\/acides-gras-hydrogenes-et-steariques-origine-vegetale\/","title":{"rendered":"Acides gras hydrog\u00e9n\u00e9s et st\u00e9ariques (origine v\u00e9g\u00e9tale)"},"content":{"rendered":"<h2>Information sur les acides gras hydrog\u00e9n\u00e9s et st\u00e9ariques d&rsquo;origine v\u00e9g\u00e9tale<\/h2>\n<p>Vous trouverez ci-dessous des donn\u00e9es informatives et pertinentes sur les acides gras hydrog\u00e9n\u00e9s et st\u00e9ariques qui proviennent exclusivement du sol ou d&rsquo;origine v\u00e9g\u00e9tale:<\/p>\n<div style=\"overflow-x: scroll; font-size: small;\">\n<table border=\"1\" width=\"100%\" cellspacing=\"0\" cellpadding=\"5\" align=\"center\">\n<tbody>\n<tr>\n<td colspan=\"2\" bgcolor=\"#D2D2D2\">ORIGIN<\/td>\n<td align=\"center\" valign=\"middle\" bgcolor=\"#D2D2D2\">COCONUT<\/td>\n<td colspan=\"2\" align=\"center\" valign=\"middle\" bgcolor=\"#D2D2D2\"><span style=\"font-size: 12px;\">PALM<\/span><\/td>\n<\/tr>\n<tr>\n<td bgcolor=\"#EBEBEB\" width=\"265\">ANALISYS<\/p>\n<p>METHOD<\/td>\n<td bgcolor=\"#EBEBEB\" width=\"100\">UNITS<\/td>\n<td bgcolor=\"#EBEBEB\" width=\"100\">CYPACID<br \/>\nCC-52-H<\/td>\n<td bgcolor=\"#EBEBEB\" width=\"100\">CYPTEC<br \/>\nAE-5050-V<\/td>\n<td bgcolor=\"#EBEBEB\" width=\"100\">CYPTEC<br \/>\nAE-6040-V<\/td>\n<\/tr>\n<tr>\n<td bgcolor=\"#EBEBEB\">ACID VALUE<br \/>\nISO 660<\/td>\n<td bgcolor=\"#EBEBEB\">mg KOH\/gr.<\/td>\n<td>266-276<\/td>\n<td align=\"left\" valign=\"middle\">204-212<\/td>\n<td>207-215<\/td>\n<\/tr>\n<tr>\n<td bgcolor=\"#EBEBEB\">IODINE VALUE<br \/>\nISO 3961<\/td>\n<td bgcolor=\"#EBEBEB\">gr.l\/100 gr.<\/td>\n<td>MAX. 1<\/td>\n<td align=\"left\" valign=\"middle\">MAX. 1<\/td>\n<td bgcolor=\"#FFFFFF\">MAX. 0,5<\/td>\n<\/tr>\n<tr>\n<td bgcolor=\"#EBEBEB\">SAPONIFICATION VALUE<br \/>\nISO 3657<\/td>\n<td bgcolor=\"#EBEBEB\">mg KOH\/gr.<\/td>\n<td>&#8211;<\/td>\n<td align=\"left\" valign=\"middle\">205-213<\/td>\n<td bgcolor=\"#FFFFFF\">208-216<\/td>\n<\/tr>\n<tr>\n<td bgcolor=\"#EBEBEB\">TITRE<br \/>\nISO 935<\/td>\n<td bgcolor=\"#EBEBEB\">\u00ba centigrade<\/td>\n<td>24-28<\/td>\n<td align=\"left\" valign=\"middle\">54-56<\/td>\n<td bgcolor=\"#FFFFFF\">54-56<\/td>\n<\/tr>\n<tr>\n<td bgcolor=\"#EBEBEB\">COLOUR LOVIBOND 5 1\/4&Prime;<br \/>\nBS684.1.14<\/td>\n<td bgcolor=\"#EBEBEB\">Red units (R)<\/td>\n<td>MAX. 0,5<\/td>\n<td align=\"left\" valign=\"middle\">MAX. 0,5<\/td>\n<td bgcolor=\"#FFFFFF\">MAX. 0,5<\/td>\n<\/tr>\n<tr>\n<td bgcolor=\"#EBEBEB\">COLOUR LOVIBOND 5 1\/4&Prime;<br \/>\nBS684.1.14<\/td>\n<td bgcolor=\"#EBEBEB\">Yellow units (Y)<\/td>\n<td>MAX. 5<\/td>\n<td align=\"left\" valign=\"middle\">MAX. 3<\/td>\n<td bgcolor=\"#FFFFFF\">MAX. 3<\/td>\n<\/tr>\n<tr>\n<td bgcolor=\"#EBEBEB\">UNSAPONIFIABLES<br \/>\nISO &#8211; 18609<\/td>\n<td bgcolor=\"#EBEBEB\">%<\/td>\n<td>MAX. 0,5<\/td>\n<td align=\"left\" valign=\"middle\">MAX. 0,5<\/td>\n<td bgcolor=\"#FFFFFF\">MAX. 0,5<\/td>\n<\/tr>\n<\/tbody>\n<\/table>\n<table border=\"0\" width=\"725\" cellspacing=\"0\" cellpadding=\"0\" align=\"center\">\n<tbody>\n<tr>\n<td><span style=\"color: #000377;\">GAS CHROMATOGRAPHY<\/span><\/td>\n<td align=\"right\" valign=\"middle\"><span style=\"color: #000377;\">ISO 5508\/12966-2<\/span><\/td>\n<\/tr>\n<\/tbody>\n<\/table>\n<table border=\"1\" width=\"725\" cellspacing=\"0\" cellpadding=\"5\" align=\"center\">\n<tbody>\n<tr>\n<td bgcolor=\"#EBEBEB\">\n<table border=\"0\" width=\"100%\" cellspacing=\"0\" cellpadding=\"0\">\n<tbody>\n<tr>\n<td width=\"250\">CAPROIC ACID<\/td>\n<td width=\"80\">C-6<\/td>\n<td>%<\/td>\n<\/tr>\n<\/tbody>\n<\/table>\n<\/td>\n<td width=\"100\">MAX. 1<\/td>\n<td width=\"100\">&#8211;<\/td>\n<td width=\"100\">&#8211;<\/td>\n<\/tr>\n<tr>\n<td bgcolor=\"#EBEBEB\">\n<table border=\"0\" width=\"100%\" cellspacing=\"0\" cellpadding=\"0\">\n<tbody>\n<tr>\n<td width=\"250\">CAPRILIC ACID<\/td>\n<td width=\"80\">C-8<\/td>\n<td>%<\/td>\n<\/tr>\n<\/tbody>\n<\/table>\n<\/td>\n<td>5-8<\/td>\n<td align=\"left\" valign=\"middle\">&#8211;<\/td>\n<td>&#8211;<\/td>\n<\/tr>\n<tr>\n<td bgcolor=\"#EBEBEB\">\n<table border=\"0\" width=\"100%\" cellspacing=\"0\" cellpadding=\"0\">\n<tbody>\n<tr>\n<td width=\"250\">CAPRIC ACID<\/td>\n<td width=\"80\">C-10<\/td>\n<td>%<\/td>\n<\/tr>\n<\/tbody>\n<\/table>\n<\/td>\n<td>4-7<\/td>\n<td align=\"left\" valign=\"middle\">&#8211;<\/td>\n<td>&#8211;<\/td>\n<\/tr>\n<tr>\n<td bgcolor=\"#EBEBEB\">\n<table border=\"0\" width=\"100%\" cellspacing=\"0\" cellpadding=\"0\">\n<tbody>\n<tr>\n<td width=\"250\">LAURIC ACID<\/td>\n<td width=\"80\">C-12<\/td>\n<td>%<\/td>\n<\/tr>\n<\/tbody>\n<\/table>\n<\/td>\n<td>47-54<\/td>\n<td align=\"left\" valign=\"middle\">MAX. 1<\/td>\n<td>MAX. 1<\/td>\n<\/tr>\n<tr>\n<td bgcolor=\"#EBEBEB\">\n<table border=\"0\" width=\"100%\" cellspacing=\"0\" cellpadding=\"0\">\n<tbody>\n<tr>\n<td width=\"250\">MYRISTIC ACID<\/td>\n<td width=\"80\">C-14<\/td>\n<td>%<\/td>\n<\/tr>\n<\/tbody>\n<\/table>\n<\/td>\n<td>17-22<\/td>\n<td align=\"left\" valign=\"middle\">MAX. 3<\/td>\n<td>MAX. 3<\/td>\n<\/tr>\n<tr>\n<td bgcolor=\"#EBEBEB\">\n<table border=\"0\" width=\"100%\" cellspacing=\"0\" cellpadding=\"0\">\n<tbody>\n<tr>\n<td width=\"250\">PENTADECANOIC ACID<\/td>\n<td width=\"80\">C-15<\/td>\n<td>%<\/td>\n<\/tr>\n<\/tbody>\n<\/table>\n<\/td>\n<td>&#8211;<\/td>\n<td align=\"left\" valign=\"middle\">&#8211;<\/td>\n<td>&#8211;<\/td>\n<\/tr>\n<tr>\n<td bgcolor=\"#EBEBEB\">\n<table border=\"0\" width=\"100%\" cellspacing=\"0\" cellpadding=\"0\">\n<tbody>\n<tr>\n<td width=\"250\">PALMITIC ACID<\/td>\n<td width=\"80\">C-16<\/td>\n<td>%<\/td>\n<\/tr>\n<\/tbody>\n<\/table>\n<\/td>\n<td>8-12<\/td>\n<td align=\"left\" valign=\"middle\">42-55<\/td>\n<td>50-70<\/td>\n<\/tr>\n<tr>\n<td bgcolor=\"#EBEBEB\">\n<table border=\"0\" width=\"100%\" cellspacing=\"0\" cellpadding=\"0\">\n<tbody>\n<tr>\n<td width=\"250\">MARGARIC ACID<\/td>\n<td width=\"80\">C-17<\/td>\n<td>%<\/td>\n<\/tr>\n<\/tbody>\n<\/table>\n<\/td>\n<td>&#8211;<\/td>\n<td align=\"left\" valign=\"middle\">&#8211;<\/td>\n<td>&#8211;<\/td>\n<\/tr>\n<tr>\n<td bgcolor=\"#EBEBEB\">\n<table border=\"0\" width=\"100%\" cellspacing=\"0\" cellpadding=\"0\">\n<tbody>\n<tr>\n<td width=\"250\">STEARIC ACID<\/td>\n<td width=\"80\">C-18<\/td>\n<td>%<\/td>\n<\/tr>\n<\/tbody>\n<\/table>\n<\/td>\n<td>9-13<\/td>\n<td align=\"left\" valign=\"middle\">43-56<\/td>\n<td>27-47<\/td>\n<\/tr>\n<tr>\n<td valign=\"top\" bgcolor=\"#EBEBEB\">\n<table border=\"0\" width=\"100%\" cellspacing=\"0\" cellpadding=\"0\">\n<tbody>\n<tr>\n<td width=\"250\">OLEIC ACID<\/td>\n<td width=\"80\">C-18:1<\/td>\n<td>%<\/td>\n<\/tr>\n<\/tbody>\n<\/table>\n<\/td>\n<td align=\"left\" valign=\"middle\">MAX. 0,5<\/td>\n<td align=\"left\" valign=\"middle\">MAX. 1<\/td>\n<td align=\"left\" valign=\"middle\">MAX. 0,5<\/td>\n<\/tr>\n<tr>\n<td valign=\"top\" bgcolor=\"#EBEBEB\">\n<table border=\"0\" width=\"100%\" cellspacing=\"0\" cellpadding=\"0\">\n<tbody>\n<tr>\n<td width=\"250\">LINOLEIC ACID<\/td>\n<td width=\"80\">C-18:2<\/td>\n<td>%<\/td>\n<\/tr>\n<\/tbody>\n<\/table>\n<\/td>\n<td align=\"left\" valign=\"middle\">&#8211;<\/td>\n<td align=\"left\" valign=\"middle\">&#8211;<\/td>\n<td align=\"left\" valign=\"middle\">&#8211;<\/td>\n<\/tr>\n<tr>\n<td bgcolor=\"#EBEBEB\">\n<table border=\"0\" width=\"100%\" cellspacing=\"0\" cellpadding=\"0\">\n<tbody>\n<tr>\n<td width=\"250\">HIGHER FATTY ACID<\/td>\n<td width=\"80\"><\/td>\n<td>%<\/td>\n<\/tr>\n<\/tbody>\n<\/table>\n<\/td>\n<td>&#8211;<\/td>\n<td align=\"left\" valign=\"middle\">MAX. 1<\/td>\n<td>MAX. 1<\/td>\n<\/tr>\n<\/tbody>\n<\/table>\n<\/div>\n<p>&nbsp;<\/p>\n<p>Si vous avez besoin de plus d&rsquo;informations sur les acides gras \u00e9num\u00e9r\u00e9s dans nos tableaux d&rsquo;information, n&rsquo;h\u00e9sitez pas \u00e0 nous contacter ou \u00e0 demander des informations \u00e0 l&rsquo;aide de notre formulaire en ligne que vous trouverez sur diff\u00e9rentes pages de notre site web ou en appelant notre num\u00e9ro de t\u00e9l\u00e9phone de contact 933354850.<\/p>\n<p>Il existe diff\u00e9rents types de proc\u00e9d\u00e9s pour obtenir ce type d&rsquo;acides st\u00e9ariques hydrog\u00e9n\u00e9s:<\/p>\n<p>Biohydrog\u00e9nation : c&rsquo;est une r\u00e9action d&rsquo;hydrog\u00e9nation effectu\u00e9e par des bact\u00e9ries dans le rumen d&rsquo;animaux polygazouteux.<\/p>\n<p>Hydrog\u00e9nation industrielle : Pour la fabrication de diff\u00e9rents produits \u00e0 partir de graisses animales et v\u00e9g\u00e9tales (margarine, etc.).<\/p>\n<p>Chauffage et transformation des graisses : Lorsqu&rsquo;une huile ou une graisse est raffin\u00e9e ou frite, elle peut subir une s\u00e9rie de r\u00e9actions chimiques, y compris la formation de graisses trans.<\/p>\n","protected":false},"excerpt":{"rendered":"<p>Information sur les acides gras hydrog\u00e9n\u00e9s et st\u00e9ariques d&rsquo;origine v\u00e9g\u00e9tale Vous trouverez ci-dessous des donn\u00e9es informatives et pertinentes sur les acides gras hydrog\u00e9n\u00e9s et st\u00e9ariques qui proviennent exclusivement du sol ou d&rsquo;origine v\u00e9g\u00e9tale: ORIGIN COCONUT PALM ANALISYS METHOD UNITS CYPACID CC-52-H CYPTEC AE-5050-V CYPTEC AE-6040-V ACID VALUE ISO 660 mg KOH\/gr. 266-276 204-212 207-215 IODINE&#8230;<\/p>\n","protected":false},"author":1,"featured_media":0,"parent":0,"menu_order":0,"comment_status":"closed","ping_status":"closed","template":"","meta":{"footnotes":""},"class_list":["post-185","page","type-page","status-publish","hentry"],"yoast_head":"<!-- This site is optimized with the Yoast SEO plugin v25.9 - https:\/\/yoast.com\/wordpress\/plugins\/seo\/ -->\n<title>Acides gras hydrog\u00e9n\u00e9s et st\u00e9ariques (origine v\u00e9g\u00e9tale)<\/title>\n<meta name=\"description\" content=\"Trouvez des acides gras hydrog\u00e9n\u00e9s et st\u00e9ariques chez Cail\u00e0&amp;Par\u00e9s, votre entreprise de confiance pour les produits ol\u00e9ochimiques avec des clients internationaux.\" \/>\n<meta name=\"robots\" content=\"index, follow, max-snippet:-1, max-image-preview:large, max-video-preview:-1\" \/>\n<link rel=\"canonical\" href=\"https:\/\/cailapares.com\/fr\/acides-gras-hydrogenes-et-steariques-origine-vegetale\/\" \/>\n<meta property=\"og:locale\" content=\"fr_FR\" \/>\n<meta property=\"og:type\" content=\"article\" \/>\n<meta property=\"og:title\" content=\"Acides gras hydrog\u00e9n\u00e9s et st\u00e9ariques (origine v\u00e9g\u00e9tale)\" \/>\n<meta property=\"og:description\" content=\"Trouvez des acides gras hydrog\u00e9n\u00e9s et st\u00e9ariques chez Cail\u00e0&amp;Par\u00e9s, votre entreprise de confiance pour les produits ol\u00e9ochimiques avec des clients internationaux.\" \/>\n<meta property=\"og:url\" content=\"https:\/\/cailapares.com\/fr\/acides-gras-hydrogenes-et-steariques-origine-vegetale\/\" \/>\n<meta property=\"og:site_name\" content=\"Caila\" \/>\n<meta name=\"twitter:card\" content=\"summary_large_image\" \/>\n<meta name=\"twitter:label1\" content=\"Dur\u00e9e de lecture estim\u00e9e\" \/>\n\t<meta name=\"twitter:data1\" content=\"2 minutes\" \/>\n<script type=\"application\/ld+json\" class=\"yoast-schema-graph\">{\"@context\":\"https:\/\/schema.org\",\"@graph\":[{\"@type\":\"WebPage\",\"@id\":\"https:\/\/cailapares.com\/fr\/acides-gras-hydrogenes-et-steariques-origine-vegetale\/\",\"url\":\"https:\/\/cailapares.com\/fr\/acides-gras-hydrogenes-et-steariques-origine-vegetale\/\",\"name\":\"Acides gras hydrog\u00e9n\u00e9s et st\u00e9ariques (origine v\u00e9g\u00e9tale)\",\"isPartOf\":{\"@id\":\"https:\/\/cailapares.com\/#website\"},\"datePublished\":\"2024-07-01T12:08:49+00:00\",\"description\":\"Trouvez des acides gras hydrog\u00e9n\u00e9s et st\u00e9ariques chez Cail\u00e0&Par\u00e9s, votre entreprise de confiance pour les produits ol\u00e9ochimiques avec des clients internationaux.\",\"inLanguage\":\"fr-FR\",\"potentialAction\":[{\"@type\":\"ReadAction\",\"target\":[\"https:\/\/cailapares.com\/fr\/acides-gras-hydrogenes-et-steariques-origine-vegetale\/\"]}]},{\"@type\":\"WebSite\",\"@id\":\"https:\/\/cailapares.com\/#website\",\"url\":\"https:\/\/cailapares.com\/\",\"name\":\"Caila\",\"description\":\"Otro sitio realizado con WordPress\",\"potentialAction\":[{\"@type\":\"SearchAction\",\"target\":{\"@type\":\"EntryPoint\",\"urlTemplate\":\"https:\/\/cailapares.com\/?s={search_term_string}\"},\"query-input\":{\"@type\":\"PropertyValueSpecification\",\"valueRequired\":true,\"valueName\":\"search_term_string\"}}],\"inLanguage\":\"fr-FR\"}]}<\/script>\n<!-- \/ Yoast SEO plugin. -->","yoast_head_json":{"title":"Acides gras hydrog\u00e9n\u00e9s et st\u00e9ariques (origine v\u00e9g\u00e9tale)","description":"Trouvez des acides gras hydrog\u00e9n\u00e9s et st\u00e9ariques chez Cail\u00e0&Par\u00e9s, votre entreprise de confiance pour les produits ol\u00e9ochimiques avec des clients internationaux.","robots":{"index":"index","follow":"follow","max-snippet":"max-snippet:-1","max-image-preview":"max-image-preview:large","max-video-preview":"max-video-preview:-1"},"canonical":"https:\/\/cailapares.com\/fr\/acides-gras-hydrogenes-et-steariques-origine-vegetale\/","og_locale":"fr_FR","og_type":"article","og_title":"Acides gras hydrog\u00e9n\u00e9s et st\u00e9ariques (origine v\u00e9g\u00e9tale)","og_description":"Trouvez des acides gras hydrog\u00e9n\u00e9s et st\u00e9ariques chez Cail\u00e0&Par\u00e9s, votre entreprise de confiance pour les produits ol\u00e9ochimiques avec des clients internationaux.","og_url":"https:\/\/cailapares.com\/fr\/acides-gras-hydrogenes-et-steariques-origine-vegetale\/","og_site_name":"Caila","twitter_card":"summary_large_image","twitter_misc":{"Dur\u00e9e de lecture estim\u00e9e":"2 minutes"},"schema":{"@context":"https:\/\/schema.org","@graph":[{"@type":"WebPage","@id":"https:\/\/cailapares.com\/fr\/acides-gras-hydrogenes-et-steariques-origine-vegetale\/","url":"https:\/\/cailapares.com\/fr\/acides-gras-hydrogenes-et-steariques-origine-vegetale\/","name":"Acides gras hydrog\u00e9n\u00e9s et st\u00e9ariques (origine v\u00e9g\u00e9tale)","isPartOf":{"@id":"https:\/\/cailapares.com\/#website"},"datePublished":"2024-07-01T12:08:49+00:00","description":"Trouvez des acides gras hydrog\u00e9n\u00e9s et st\u00e9ariques chez Cail\u00e0&Par\u00e9s, votre entreprise de confiance pour les produits ol\u00e9ochimiques avec des clients internationaux.","inLanguage":"fr-FR","potentialAction":[{"@type":"ReadAction","target":["https:\/\/cailapares.com\/fr\/acides-gras-hydrogenes-et-steariques-origine-vegetale\/"]}]},{"@type":"WebSite","@id":"https:\/\/cailapares.com\/#website","url":"https:\/\/cailapares.com\/","name":"Caila","description":"Otro sitio realizado con WordPress","potentialAction":[{"@type":"SearchAction","target":{"@type":"EntryPoint","urlTemplate":"https:\/\/cailapares.com\/?s={search_term_string}"},"query-input":{"@type":"PropertyValueSpecification","valueRequired":true,"valueName":"search_term_string"}}],"inLanguage":"fr-FR"}]}},"_links":{"self":[{"href":"https:\/\/cailapares.com\/fr\/wp-json\/wp\/v2\/pages\/185","targetHints":{"allow":["GET"]}}],"collection":[{"href":"https:\/\/cailapares.com\/fr\/wp-json\/wp\/v2\/pages"}],"about":[{"href":"https:\/\/cailapares.com\/fr\/wp-json\/wp\/v2\/types\/page"}],"author":[{"embeddable":true,"href":"https:\/\/cailapares.com\/fr\/wp-json\/wp\/v2\/users\/1"}],"replies":[{"embeddable":true,"href":"https:\/\/cailapares.com\/fr\/wp-json\/wp\/v2\/comments?post=185"}],"version-history":[{"count":2,"href":"https:\/\/cailapares.com\/fr\/wp-json\/wp\/v2\/pages\/185\/revisions"}],"predecessor-version":[{"id":819,"href":"https:\/\/cailapares.com\/fr\/wp-json\/wp\/v2\/pages\/185\/revisions\/819"}],"wp:attachment":[{"href":"https:\/\/cailapares.com\/fr\/wp-json\/wp\/v2\/media?parent=185"}],"curies":[{"name":"wp","href":"https:\/\/api.w.org\/{rel}","templated":true}]}}