{"id":172,"date":"2024-07-01T11:51:27","date_gmt":"2024-07-01T11:51:27","guid":{"rendered":"https:\/\/cailapares.com\/acidos-grasos-fraccionados-mezclados-cortados\/"},"modified":"2022-10-31T12:16:33","modified_gmt":"2022-10-31T12:16:33","slug":"acides-gras-fractionnes-melanges-coupes","status":"publish","type":"page","link":"https:\/\/cailapares.com\/fr\/acides-gras-fractionnes-melanges-coupes\/","title":{"rendered":"Acides gras fractionn\u00e9s m\u00e9lang\u00e9s &#8211; coup\u00e9s"},"content":{"rendered":"<p>Sur cette page, vous trouverez notre tableau sur les acides gras fractionn\u00e9s m\u00e9lang\u00e9s et coup\u00e9s. Tous sont obtenus par hydrolyse \u00e0 haute pression et temp\u00e9rature avec des graisses et des huiles des deux types d&rsquo;origine, en les fractionnant pour obtenir des fractions plus l\u00e9g\u00e8res et aussi pour obtenir un aspect plus doux ou plus propre.<\/p>\n<p>C&rsquo;est \u00e0 partir de ce processus que nous parvenons \u00e0 obtenir les r\u00e9sultats que nous allons voir ensuite dans les tableaux :<\/p>\n<h2>Information sur les acides gras fractionn\u00e9s m\u00e9lang\u00e9s\/coup\u00e9s<\/h2>\n<div style=\"overflow-x:scroll;font-size: small;\">\n<table width=\"100%\" cellspacing=\"0\" cellpadding=\"5\" border=\"1\" align=\"center\">\n<tbody>\n<tr>\n<td bgcolor=\"#D2D2D2\" colspan=\"2\">ORIGIN<\/td>\n<td valign=\"middle\" bgcolor=\"#D2D2D2\" align=\"center\" colspan=\"3\">COCONUT OIL<\/td>\n<\/tr>\n<tr>\n<td width=\"265\" bgcolor=\"#EBEBEB\">\n<p>ANALISYS<\/p>\n<p>METHOD<\/p>\n<\/td>\n<td width=\"100\" bgcolor=\"#EBEBEB\">UNITS<\/td>\n<td width=\"100\" bgcolor=\"#EBEBEB\">CYPACID<br \/>\n            CG<\/td>\n<td width=\"100\" bgcolor=\"#EBEBEB\">CYPACID <br \/>\n            CG-H<\/td>\n<td width=\"100\" bgcolor=\"#EBEBEB\">CYPAFRAK<br \/>\n            0810-STD<\/td>\n<\/tr>\n<tr>\n<td bgcolor=\"#EBEBEB\">ACID VALUE<br \/>\n            ISO 660<\/td>\n<td bgcolor=\"#EBEBEB\">mg KOH\/gr.<\/td>\n<td>252-262<\/td>\n<td>252-262<\/td>\n<td>355-365<\/td>\n<\/tr>\n<tr>\n<td bgcolor=\"#EBEBEB\">IODINE VALUE<br \/>\n            ISO 3961<\/td>\n<td bgcolor=\"#EBEBEB\">gr.l\/100 gr.<\/td>\n<td>MAX. 12<\/td>\n<td>MAX. 0,5<\/td>\n<td bgcolor=\"#FFFFFF\">MAX. 1<\/td>\n<\/tr>\n<tr>\n<td bgcolor=\"#EBEBEB\">SAPONIFICATION VALUE<br \/>\n            ISO 3657<\/td>\n<td bgcolor=\"#EBEBEB\">mg KOH\/gr.<\/td>\n<td>253-263<\/td>\n<td>253-263<\/td>\n<td bgcolor=\"#FFFFFF\">&#8211;<\/td>\n<\/tr>\n<tr>\n<td bgcolor=\"#EBEBEB\">TITRE<br \/>\n            ISO 935<\/td>\n<td bgcolor=\"#EBEBEB\">&ordm; centigrade<\/td>\n<td>26-29<\/td>\n<td>28-31<\/td>\n<td bgcolor=\"#FFFFFF\">MAX. 7<\/td>\n<\/tr>\n<tr>\n<td bgcolor=\"#EBEBEB\">COLOUR LOVIBOND 5 1\/4&quot;<br \/>\n            BS684.1.14<\/td>\n<td bgcolor=\"#EBEBEB\">Red units (R)<\/td>\n<td>MAX. 0,7<\/td>\n<td>MAX. 0,4<\/td>\n<td bgcolor=\"#FFFFFF\">MAX. 1<\/td>\n<\/tr>\n<tr>\n<td bgcolor=\"#EBEBEB\">COLOUR LOVIBOND 5 1\/4&quot;<br \/>\n            BS684.1.14<\/td>\n<td bgcolor=\"#EBEBEB\">Yellow units (Y)<\/td>\n<td>MAX. 7<\/td>\n<td>MAX. 3<\/td>\n<td bgcolor=\"#FFFFFF\">MAX. 5<\/td>\n<\/tr>\n<tr>\n<td bgcolor=\"#EBEBEB\">UNSAPONIFIABLES<br \/>\n            ISO &#8211; 18609<\/td>\n<td bgcolor=\"#EBEBEB\">%<\/td>\n<td>MAX. 0,3<\/td>\n<td>MAX. 0,3<\/td>\n<td bgcolor=\"#FFFFFF\">MAX. 0,5<\/td>\n<\/tr>\n<\/tbody>\n<\/table>\n<\/div>\n<p>&nbsp;<\/p>\n<table width=\"725\" cellspacing=\"0\" cellpadding=\"0\" border=\"0\" align=\"center\">\n<tbody>\n<tr>\n<td><span style=\"color: rgb(0, 3, 119);\">GAS CHROMATOGRAPHY<\/span>&nbsp;<\/td>\n<td valign=\"middle\" align=\"right\"><span style=\"color: rgb(0, 3, 119);\">ISO 5508\/12966-2<\/span><\/td>\n<\/tr>\n<\/tbody>\n<\/table>\n<p>&nbsp;<\/p>\n<div style=\"overflow-x:scroll;font-size: small;\">\n<table width=\"725\" cellspacing=\"0\" cellpadding=\"5\" border=\"1\" align=\"center\">\n<tbody>\n<tr>\n<td bgcolor=\"#EBEBEB\">\n<table width=\"100%\" cellspacing=\"0\" cellpadding=\"0\" border=\"0\">\n<tbody>\n<tr>\n<td width=\"250\">CAPROIC ACID<\/td>\n<td width=\"80\">C-6<\/td>\n<td>%<\/td>\n<\/tr>\n<\/tbody>\n<\/table>\n<\/td>\n<td width=\"100\">&#8211;<\/td>\n<td width=\"100\">&#8211;<\/td>\n<td width=\"100\">MAX. 3<\/td>\n<\/tr>\n<tr>\n<td bgcolor=\"#EBEBEB\">\n<table width=\"100%\" cellspacing=\"0\" cellpadding=\"0\" border=\"0\">\n<tbody>\n<tr>\n<td width=\"250\">CAPRILIC ACID<\/td>\n<td width=\"80\">C-8<\/td>\n<td>%<\/td>\n<\/tr>\n<\/tbody>\n<\/table>\n<\/td>\n<td>MAX. 0,5<\/td>\n<td>MAX. 0,2<\/td>\n<td>45-65<\/td>\n<\/tr>\n<tr>\n<td bgcolor=\"#EBEBEB\">\n<table width=\"100%\" cellspacing=\"0\" cellpadding=\"0\" border=\"0\">\n<tbody>\n<tr>\n<td width=\"250\">CAPRIC ACID<\/td>\n<td width=\"80\">C-10<\/td>\n<td>%<\/td>\n<\/tr>\n<\/tbody>\n<\/table>\n<\/td>\n<td>MAX. 3<\/td>\n<td>MAX. 1,5<\/td>\n<td>30-50<\/td>\n<\/tr>\n<tr>\n<td bgcolor=\"#EBEBEB\">\n<table width=\"100%\" cellspacing=\"0\" cellpadding=\"0\" border=\"0\">\n<tbody>\n<tr>\n<td width=\"250\">LAURIC ACID<\/td>\n<td width=\"80\">C-12<\/td>\n<td>%<\/td>\n<\/tr>\n<\/tbody>\n<\/table>\n<\/td>\n<td>52-62<\/td>\n<td>52-64<\/td>\n<td>MAX. 3<\/td>\n<\/tr>\n<tr>\n<td bgcolor=\"#EBEBEB\">\n<table width=\"100%\" cellspacing=\"0\" cellpadding=\"0\" border=\"0\">\n<tbody>\n<tr>\n<td width=\"250\">MYRISTIC ACID<\/td>\n<td width=\"80\">C-14<\/td>\n<td>%<\/td>\n<\/tr>\n<\/tbody>\n<\/table>\n<\/td>\n<td>16-24<\/td>\n<td>16-24<\/td>\n<td>&#8211;<\/td>\n<\/tr>\n<tr>\n<td bgcolor=\"#EBEBEB\">\n<table width=\"100%\" cellspacing=\"0\" cellpadding=\"0\" border=\"0\">\n<tbody>\n<tr>\n<td width=\"250\">PALMITIC ACID<\/td>\n<td width=\"80\">C-16<\/td>\n<td>%<\/td>\n<\/tr>\n<\/tbody>\n<\/table>\n<\/td>\n<td>7-12<\/td>\n<td>7-12<\/td>\n<td>&#8211;<\/td>\n<\/tr>\n<tr>\n<td bgcolor=\"#EBEBEB\">\n<table width=\"100%\" cellspacing=\"0\" cellpadding=\"0\" border=\"0\">\n<tbody>\n<tr>\n<td width=\"250\">STEARIC ACID<\/td>\n<td width=\"80\">C-18<\/td>\n<td>%<\/td>\n<\/tr>\n<\/tbody>\n<\/table>\n<\/td>\n<td>2-6<\/td>\n<td>8-13<\/td>\n<td>&#8211;<\/td>\n<\/tr>\n<tr>\n<td bgcolor=\"#EBEBEB\">\n<table width=\"100%\" cellspacing=\"0\" cellpadding=\"0\" border=\"0\">\n<tbody>\n<tr>\n<td width=\"250\">OLEIC ACID<\/td>\n<td width=\"80\">C-18:1<\/td>\n<td>%<\/td>\n<\/tr>\n<\/tbody>\n<\/table>\n<\/td>\n<td>4-9<\/td>\n<td>MAX. 0,5<\/td>\n<td>&#8211;<\/td>\n<\/tr>\n<tr>\n<td bgcolor=\"#EBEBEB\">\n<table width=\"100%\" cellspacing=\"0\" cellpadding=\"0\" border=\"0\">\n<tbody>\n<tr>\n<td width=\"250\">LINOLEIC ACID<\/td>\n<td width=\"80\">C-18:2<\/td>\n<td>%<\/td>\n<\/tr>\n<\/tbody>\n<\/table>\n<\/td>\n<td>MAX. 2<\/td>\n<td>&#8211;<\/td>\n<td>&#8211;<\/td>\n<\/tr>\n<\/tbody>\n<\/table>\n<\/div>\n<p>&nbsp;<br \/>\nAvec ce type d&rsquo;acides, nous pouvons obtenir diff\u00e9rents produits tels que des \u00e9mulsifiants dans la d\u00e9tergence, des plastifiants, du caoutchouc, des rev\u00eatements, entre autres.<\/p>\n","protected":false},"excerpt":{"rendered":"<p>Sur cette page, vous trouverez notre tableau sur les acides gras fractionn\u00e9s m\u00e9lang\u00e9s et coup\u00e9s. Tous sont obtenus par hydrolyse \u00e0 haute pression et temp\u00e9rature avec des graisses et des huiles des deux types d&rsquo;origine, en les fractionnant pour obtenir des fractions plus l\u00e9g\u00e8res et aussi pour obtenir un aspect plus doux ou plus propre&#8230;.<\/p>\n","protected":false},"author":1,"featured_media":0,"parent":0,"menu_order":0,"comment_status":"closed","ping_status":"closed","template":"","meta":{"footnotes":""},"class_list":["post-172","page","type-page","status-publish","hentry"],"yoast_head":"<!-- This site is optimized with the Yoast SEO plugin v25.9 - https:\/\/yoast.com\/wordpress\/plugins\/seo\/ -->\n<title>M\u00e9lange d&#039;acides gras fractionn\u00e9s | Cail\u00e0 &amp; Par\u00e9s<\/title>\n<meta name=\"description\" content=\"Nous sommes des fournisseurs d&#039;acides gras gracieusement m\u00e9lang\u00e9s \u00e0 d&#039;autres types d&#039;acides et d&#039;huiles. Toutes les informations dont vous avez besoin sur web.\" \/>\n<meta name=\"robots\" content=\"index, follow, max-snippet:-1, max-image-preview:large, max-video-preview:-1\" \/>\n<link rel=\"canonical\" href=\"https:\/\/cailapares.com\/fr\/acides-gras-fractionnes-melanges-coupes\/\" \/>\n<meta property=\"og:locale\" content=\"fr_FR\" \/>\n<meta property=\"og:type\" content=\"article\" \/>\n<meta property=\"og:title\" content=\"M\u00e9lange d&#039;acides gras fractionn\u00e9s | Cail\u00e0 &amp; Par\u00e9s\" \/>\n<meta property=\"og:description\" content=\"Nous sommes des fournisseurs d&#039;acides gras gracieusement m\u00e9lang\u00e9s \u00e0 d&#039;autres types d&#039;acides et d&#039;huiles. Toutes les informations dont vous avez besoin sur web.\" \/>\n<meta property=\"og:url\" content=\"https:\/\/cailapares.com\/fr\/acides-gras-fractionnes-melanges-coupes\/\" \/>\n<meta property=\"og:site_name\" content=\"Caila\" \/>\n<meta name=\"twitter:card\" content=\"summary_large_image\" \/>\n<meta name=\"twitter:label1\" content=\"Dur\u00e9e de lecture estim\u00e9e\" \/>\n\t<meta name=\"twitter:data1\" content=\"1 minute\" \/>\n<script type=\"application\/ld+json\" class=\"yoast-schema-graph\">{\"@context\":\"https:\/\/schema.org\",\"@graph\":[{\"@type\":\"WebPage\",\"@id\":\"https:\/\/cailapares.com\/fr\/acides-gras-fractionnes-melanges-coupes\/\",\"url\":\"https:\/\/cailapares.com\/fr\/acides-gras-fractionnes-melanges-coupes\/\",\"name\":\"M\u00e9lange d'acides gras fractionn\u00e9s | Cail\u00e0 & Par\u00e9s\",\"isPartOf\":{\"@id\":\"https:\/\/cailapares.com\/#website\"},\"datePublished\":\"2024-07-01T11:51:27+00:00\",\"description\":\"Nous sommes des fournisseurs d'acides gras gracieusement m\u00e9lang\u00e9s \u00e0 d'autres types d'acides et d'huiles. Toutes les informations dont vous avez besoin sur web.\",\"inLanguage\":\"fr-FR\",\"potentialAction\":[{\"@type\":\"ReadAction\",\"target\":[\"https:\/\/cailapares.com\/fr\/acides-gras-fractionnes-melanges-coupes\/\"]}]},{\"@type\":\"WebSite\",\"@id\":\"https:\/\/cailapares.com\/#website\",\"url\":\"https:\/\/cailapares.com\/\",\"name\":\"Caila\",\"description\":\"Otro sitio realizado con WordPress\",\"potentialAction\":[{\"@type\":\"SearchAction\",\"target\":{\"@type\":\"EntryPoint\",\"urlTemplate\":\"https:\/\/cailapares.com\/?s={search_term_string}\"},\"query-input\":{\"@type\":\"PropertyValueSpecification\",\"valueRequired\":true,\"valueName\":\"search_term_string\"}}],\"inLanguage\":\"fr-FR\"}]}<\/script>\n<!-- \/ Yoast SEO plugin. -->","yoast_head_json":{"title":"M\u00e9lange d'acides gras fractionn\u00e9s | Cail\u00e0 & Par\u00e9s","description":"Nous sommes des fournisseurs d'acides gras gracieusement m\u00e9lang\u00e9s \u00e0 d'autres types d'acides et d'huiles. Toutes les informations dont vous avez besoin sur web.","robots":{"index":"index","follow":"follow","max-snippet":"max-snippet:-1","max-image-preview":"max-image-preview:large","max-video-preview":"max-video-preview:-1"},"canonical":"https:\/\/cailapares.com\/fr\/acides-gras-fractionnes-melanges-coupes\/","og_locale":"fr_FR","og_type":"article","og_title":"M\u00e9lange d'acides gras fractionn\u00e9s | Cail\u00e0 & Par\u00e9s","og_description":"Nous sommes des fournisseurs d'acides gras gracieusement m\u00e9lang\u00e9s \u00e0 d'autres types d'acides et d'huiles. Toutes les informations dont vous avez besoin sur web.","og_url":"https:\/\/cailapares.com\/fr\/acides-gras-fractionnes-melanges-coupes\/","og_site_name":"Caila","twitter_card":"summary_large_image","twitter_misc":{"Dur\u00e9e de lecture estim\u00e9e":"1 minute"},"schema":{"@context":"https:\/\/schema.org","@graph":[{"@type":"WebPage","@id":"https:\/\/cailapares.com\/fr\/acides-gras-fractionnes-melanges-coupes\/","url":"https:\/\/cailapares.com\/fr\/acides-gras-fractionnes-melanges-coupes\/","name":"M\u00e9lange d'acides gras fractionn\u00e9s | Cail\u00e0 & Par\u00e9s","isPartOf":{"@id":"https:\/\/cailapares.com\/#website"},"datePublished":"2024-07-01T11:51:27+00:00","description":"Nous sommes des fournisseurs d'acides gras gracieusement m\u00e9lang\u00e9s \u00e0 d'autres types d'acides et d'huiles. Toutes les informations dont vous avez besoin sur web.","inLanguage":"fr-FR","potentialAction":[{"@type":"ReadAction","target":["https:\/\/cailapares.com\/fr\/acides-gras-fractionnes-melanges-coupes\/"]}]},{"@type":"WebSite","@id":"https:\/\/cailapares.com\/#website","url":"https:\/\/cailapares.com\/","name":"Caila","description":"Otro sitio realizado con WordPress","potentialAction":[{"@type":"SearchAction","target":{"@type":"EntryPoint","urlTemplate":"https:\/\/cailapares.com\/?s={search_term_string}"},"query-input":{"@type":"PropertyValueSpecification","valueRequired":true,"valueName":"search_term_string"}}],"inLanguage":"fr-FR"}]}},"_links":{"self":[{"href":"https:\/\/cailapares.com\/fr\/wp-json\/wp\/v2\/pages\/172","targetHints":{"allow":["GET"]}}],"collection":[{"href":"https:\/\/cailapares.com\/fr\/wp-json\/wp\/v2\/pages"}],"about":[{"href":"https:\/\/cailapares.com\/fr\/wp-json\/wp\/v2\/types\/page"}],"author":[{"embeddable":true,"href":"https:\/\/cailapares.com\/fr\/wp-json\/wp\/v2\/users\/1"}],"replies":[{"embeddable":true,"href":"https:\/\/cailapares.com\/fr\/wp-json\/wp\/v2\/comments?post=172"}],"version-history":[{"count":1,"href":"https:\/\/cailapares.com\/fr\/wp-json\/wp\/v2\/pages\/172\/revisions"}],"predecessor-version":[{"id":176,"href":"https:\/\/cailapares.com\/fr\/wp-json\/wp\/v2\/pages\/172\/revisions\/176"}],"wp:attachment":[{"href":"https:\/\/cailapares.com\/fr\/wp-json\/wp\/v2\/media?parent=172"}],"curies":[{"name":"wp","href":"https:\/\/api.w.org\/{rel}","templated":true}]}}