{"id":166,"date":"2024-07-01T11:49:11","date_gmt":"2024-07-01T11:49:11","guid":{"rendered":"https:\/\/cailapares.com\/acidos-grasos-fraccionados-cadenas-medias-largas\/"},"modified":"2022-10-31T12:12:04","modified_gmt":"2022-10-31T12:12:04","slug":"acides-gras-fractionnes-chaines-moyennes-longues","status":"publish","type":"page","link":"https:\/\/cailapares.com\/fr\/acides-gras-fractionnes-chaines-moyennes-longues\/","title":{"rendered":"Acides gras fractionn\u00e9s &#8211; cha\u00eenes moyennes-longues"},"content":{"rendered":"<h2>Comment les acides gras fractionn\u00e9s sont-ils obtenus?<\/h2>\n<p>Les acides gras fractionn\u00e9s peuvent \u00eatre obtenus \u00e0 partir de la distillation fractionn\u00e9e d&rsquo;un acide gras. Il existe plusieurs types d&rsquo;acides gras fractionn\u00e9s, mais parmi les principaux, on en trouve certains comme les acides capryliques, lauriques ou myristiques.<\/p>\n<h2>Quelles sont les utilisations des acides gras fractionn\u00e9s?<\/h2>\n<p>Ce type d&rsquo;acides est g\u00e9n\u00e9ralement utilis\u00e9 dans diff\u00e9rents types de produits tels que:<\/p>\n<ul>\n<li>D\u00e9tergents<\/li>\n<li>Lubrifiants<\/li>\n<li>Savons<\/li>\n<li>Esters<\/li>\n<li>Produits cosm\u00e9tiques et de beaut\u00e9<\/li>\n<\/ul>\n<h3>Tableau d&rsquo;information des acides gras fractionn\u00e9s (cha\u00eenes moyennes-longues)<\/h3>\n<div style=\"overflow-x:scroll;font-size: small;\">\n<table width=\"100%\" cellspacing=\"0\" cellpadding=\"5\" border=\"1\" align=\"center\">\n<tbody>\n<tr>\n<td bgcolor=\"#D2D2D2\" colspan=\"2\" rowspan=\"2\">ORIGIN<\/td>\n<td valign=\"middle\" bgcolor=\"#D2D2D2\" align=\"center\" colspan=\"4\">VEGETAL<\/td>\n<\/tr>\n<tr>\n<td valign=\"middle\" bgcolor=\"#D2D2D2\" align=\"center\">&nbsp;LAURIC<\/td>\n<td valign=\"middle\" bgcolor=\"#D2D2D2\" align=\"center\">&nbsp;MIRISTIC<\/td>\n<td valign=\"middle\" bgcolor=\"#D2D2D2\" align=\"center\">PALMITIC<\/td>\n<td valign=\"middle\" bgcolor=\"#D2D2D2\" align=\"center\">STEARIC<\/td>\n<\/tr>\n<tr>\n<td width=\"265\" bgcolor=\"#EBEBEB\">\n<p>ANALISYS<\/p>\n<p>METHOD<\/p>\n<\/td>\n<td width=\"100\" bgcolor=\"#EBEBEB\">UNITS<\/td>\n<td width=\"100\" bgcolor=\"#EBEBEB\">CYPAFRAK<br \/>\n            1295<\/td>\n<td width=\"100\" bgcolor=\"#EBEBEB\">CYPAFRAK<br \/>\n            1495<\/td>\n<td width=\"100\" bgcolor=\"#EBEBEB\">CYPAFRAK<br \/>\n            1695<\/td>\n<td width=\"100\" bgcolor=\"#EBEBEB\">CYPTEC<br \/>\n            AE-90<\/td>\n<\/tr>\n<tr>\n<td bgcolor=\"#EBEBEB\">ACID VALUE<br \/>\n            ISO 660<\/td>\n<td bgcolor=\"#EBEBEB\">mg KOH\/gr.<\/td>\n<td>277-282<\/td>\n<td>242-248<\/td>\n<td valign=\"middle\" align=\"left\">217-221<\/td>\n<td bgcolor=\"#FFFFFF\">196-199<\/td>\n<\/tr>\n<tr>\n<td bgcolor=\"#EBEBEB\">IODINE VALUE<br \/>\n            ISO 3961<\/td>\n<td bgcolor=\"#EBEBEB\">gr.l\/100 gr.<\/td>\n<td>MAX. 0,5<\/td>\n<td>MAX. 0,5<\/td>\n<td valign=\"middle\" align=\"left\">MAX. 1<\/td>\n<td bgcolor=\"#FFFFFF\">MAX. 2<\/td>\n<\/tr>\n<tr>\n<td bgcolor=\"#EBEBEB\">SAPONIFICATION VALUE<br \/>\n            ISO 3657<\/td>\n<td bgcolor=\"#EBEBEB\">mg KOH\/gr.<\/td>\n<td>&#8211;<\/td>\n<td>&#8211;<\/td>\n<td valign=\"middle\" align=\"left\">&#8211;<\/td>\n<td bgcolor=\"#FFFFFF\">&#8211;<\/td>\n<\/tr>\n<tr>\n<td bgcolor=\"#EBEBEB\">TITRE<br \/>\n            ISO 935<\/td>\n<td bgcolor=\"#EBEBEB\">&ordm; centigrade<\/td>\n<td>42-45<\/td>\n<td>52-55<\/td>\n<td valign=\"middle\" align=\"left\">60-65<\/td>\n<td bgcolor=\"#FFFFFF\">66-69<\/td>\n<\/tr>\n<tr>\n<td bgcolor=\"#EBEBEB\">COLOUR LOVIBOND 5 1\/4&quot;<br \/>\n            BS684.1.14<\/td>\n<td bgcolor=\"#EBEBEB\">Red units (R)<\/td>\n<td>MAX. 0,3<\/td>\n<td>MAX. 0,2<\/td>\n<td valign=\"middle\" align=\"left\">MAX. 0,2<\/td>\n<td bgcolor=\"#FFFFFF\">MAX. 1<\/td>\n<\/tr>\n<tr>\n<td bgcolor=\"#EBEBEB\">COLOUR LOVIBOND 5 1\/4&quot;<br \/>\n            BS684.1.14<\/td>\n<td bgcolor=\"#EBEBEB\">Yellow units (Y)<\/td>\n<td>MAX. 1<\/td>\n<td>MAX. 2<\/td>\n<td valign=\"middle\" align=\"left\">MAX. 2<\/td>\n<td bgcolor=\"#FFFFFF\">MAX. 5<\/td>\n<\/tr>\n<tr>\n<td bgcolor=\"#EBEBEB\">UNSAPONIFIABLES<br \/>\n            ISO &#8211; 18609<\/td>\n<td bgcolor=\"#EBEBEB\">%<\/td>\n<td>MAX. 0,3<\/td>\n<td>MAX. 0,3<\/td>\n<td valign=\"middle\" align=\"left\">MAX. 0,3<\/td>\n<td bgcolor=\"#FFFFFF\">\n<p>MAX. 0,5<\/p>\n<\/td>\n<\/tr>\n<\/tbody>\n<\/table>\n<\/div>\n<p>&nbsp;<\/p>\n<div style=\"overflow-x:scroll;font-size: small;\">\n<table width=\"840\" cellspacing=\"0\" cellpadding=\"0\" border=\"0\" align=\"center\">\n<tbody>\n<tr>\n<td><span style=\"color: rgb(0, 3, 119);\">GAS CHROMATOGRAPHY<\/span>&nbsp;<\/td>\n<td valign=\"middle\" align=\"right\"><span style=\"color: rgb(0, 3, 119);\">ISO 5508\/12966-2<\/span><\/td>\n<\/tr>\n<\/tbody>\n<\/table>\n<p>&nbsp;<\/p>\n<table width=\"840\" cellspacing=\"0\" cellpadding=\"5\" border=\"1\" align=\"center\">\n<tbody>\n<tr>\n<td bgcolor=\"#EBEBEB\">\n<table width=\"100%\" cellspacing=\"0\" cellpadding=\"0\" border=\"0\">\n<tbody>\n<tr>\n<td width=\"250\">CAPRIC ACID<\/td>\n<td width=\"80\">C-10<\/td>\n<td>%<\/td>\n<\/tr>\n<\/tbody>\n<\/table>\n<\/td>\n<td width=\"100\">MAX. 4<\/td>\n<td width=\"100\">&#8211;<\/td>\n<td width=\"100\">&#8211;<\/td>\n<td width=\"100\">&#8211;<\/td>\n<\/tr>\n<tr>\n<td bgcolor=\"#EBEBEB\">\n<table width=\"100%\" cellspacing=\"0\" cellpadding=\"0\" border=\"0\">\n<tbody>\n<tr>\n<td width=\"250\">LAURIC ACID<\/td>\n<td width=\"80\">C-12<\/td>\n<td>%<\/td>\n<\/tr>\n<\/tbody>\n<\/table>\n<\/td>\n<td>MIN. 95<\/td>\n<td>MAX. 4<\/td>\n<td valign=\"top\">MAX. 1<\/td>\n<td>&#8211;<\/td>\n<\/tr>\n<tr>\n<td bgcolor=\"#EBEBEB\">\n<table width=\"100%\" cellspacing=\"0\" cellpadding=\"0\" border=\"0\">\n<tbody>\n<tr>\n<td width=\"250\">MYRISTIC ACID<\/td>\n<td width=\"80\">C-14<\/td>\n<td>%<\/td>\n<\/tr>\n<\/tbody>\n<\/table>\n<\/td>\n<td>MAX. 4<\/td>\n<td>MIN. 95<\/td>\n<td valign=\"top\">MAX. 2<\/td>\n<td>MAX. 1<\/td>\n<\/tr>\n<tr>\n<td bgcolor=\"#EBEBEB\">\n<table width=\"100%\" cellspacing=\"0\" cellpadding=\"0\" border=\"0\">\n<tbody>\n<tr>\n<td width=\"250\">PALMITIC ACID<\/td>\n<td width=\"80\">C-16<\/td>\n<td>%<\/td>\n<\/tr>\n<\/tbody>\n<\/table>\n<\/td>\n<td>&#8211;<\/td>\n<td>MAX. 4<\/td>\n<td valign=\"top\">MIN. 95<\/td>\n<td>MAX. 8<\/td>\n<\/tr>\n<tr>\n<td bgcolor=\"#EBEBEB\">\n<table width=\"100%\" cellspacing=\"0\" cellpadding=\"0\" border=\"0\">\n<tbody>\n<tr>\n<td width=\"250\">STEARIC ACID<\/td>\n<td width=\"80\">C-18<\/td>\n<td>%<\/td>\n<\/tr>\n<\/tbody>\n<\/table>\n<\/td>\n<td>&#8211;<\/td>\n<td>&#8211;<\/td>\n<td valign=\"top\">MAX. 4<\/td>\n<td>MIN. 90<\/td>\n<\/tr>\n<tr>\n<td bgcolor=\"#EBEBEB\">\n<table width=\"100%\" cellspacing=\"0\" cellpadding=\"0\" border=\"0\">\n<tbody>\n<tr>\n<td width=\"250\">OLEIC ACID<\/td>\n<td width=\"80\">C-18:1<\/td>\n<td>%<\/td>\n<\/tr>\n<\/tbody>\n<\/table>\n<\/td>\n<td>&#8211;<\/td>\n<td>&#8211;<\/td>\n<td valign=\"top\">&#8211;<\/td>\n<td>MAX. 2<\/td>\n<\/tr>\n<tr>\n<td bgcolor=\"#EBEBEB\">\n<table width=\"100%\" cellspacing=\"0\" cellpadding=\"0\" border=\"0\">\n<tbody>\n<tr>\n<td width=\"250\">HIGHER FATTY ACID<\/td>\n<td width=\"80\">&nbsp;<\/td>\n<td>%<\/td>\n<\/tr>\n<\/tbody>\n<\/table>\n<\/td>\n<td>&#8211;<\/td>\n<td>&#8211;<\/td>\n<td valign=\"top\">&#8211;<\/td>\n<td>MAX. 3<\/td>\n<\/tr>\n<\/tbody>\n<\/table>\n<\/div>\n","protected":false},"excerpt":{"rendered":"<p>Comment les acides gras fractionn\u00e9s sont-ils obtenus? Les acides gras fractionn\u00e9s peuvent \u00eatre obtenus \u00e0 partir de la distillation fractionn\u00e9e d&rsquo;un acide gras. Il existe plusieurs types d&rsquo;acides gras fractionn\u00e9s, mais parmi les principaux, on en trouve certains comme les acides capryliques, lauriques ou myristiques. Quelles sont les utilisations des acides gras fractionn\u00e9s? Ce type&#8230;<\/p>\n","protected":false},"author":1,"featured_media":0,"parent":0,"menu_order":0,"comment_status":"closed","ping_status":"closed","template":"","meta":{"footnotes":""},"class_list":["post-166","page","type-page","status-publish","hentry"],"yoast_head":"<!-- This site is optimized with the Yoast SEO plugin v25.9 - https:\/\/yoast.com\/wordpress\/plugins\/seo\/ -->\n<title>Acides gras fractionn\u00e9s, cha\u00eenes moyennes-longues | Cail\u00e0&amp;Par\u00e9s<\/title>\n<meta name=\"description\" content=\"Tableau informatif des acides gras fractionn\u00e9s (cha\u00eenes moyennes-longues) D\u00e9couvrez les composantes sur cette page de donn\u00e9es de Cail\u00e0&amp;Par\u00e9s.\" \/>\n<meta name=\"robots\" content=\"index, follow, max-snippet:-1, max-image-preview:large, max-video-preview:-1\" \/>\n<link rel=\"canonical\" href=\"https:\/\/cailapares.com\/fr\/acides-gras-fractionnes-chaines-moyennes-longues\/\" \/>\n<meta property=\"og:locale\" content=\"fr_FR\" \/>\n<meta property=\"og:type\" content=\"article\" \/>\n<meta property=\"og:title\" content=\"Acides gras fractionn\u00e9s, cha\u00eenes moyennes-longues | Cail\u00e0&amp;Par\u00e9s\" \/>\n<meta property=\"og:description\" content=\"Tableau informatif des acides gras fractionn\u00e9s (cha\u00eenes moyennes-longues) D\u00e9couvrez les composantes sur cette page de donn\u00e9es de Cail\u00e0&amp;Par\u00e9s.\" \/>\n<meta property=\"og:url\" content=\"https:\/\/cailapares.com\/fr\/acides-gras-fractionnes-chaines-moyennes-longues\/\" \/>\n<meta property=\"og:site_name\" content=\"Caila\" \/>\n<meta name=\"twitter:card\" content=\"summary_large_image\" \/>\n<meta name=\"twitter:label1\" content=\"Dur\u00e9e de lecture estim\u00e9e\" \/>\n\t<meta name=\"twitter:data1\" content=\"1 minute\" \/>\n<script type=\"application\/ld+json\" class=\"yoast-schema-graph\">{\"@context\":\"https:\/\/schema.org\",\"@graph\":[{\"@type\":\"WebPage\",\"@id\":\"https:\/\/cailapares.com\/fr\/acides-gras-fractionnes-chaines-moyennes-longues\/\",\"url\":\"https:\/\/cailapares.com\/fr\/acides-gras-fractionnes-chaines-moyennes-longues\/\",\"name\":\"Acides gras fractionn\u00e9s, cha\u00eenes moyennes-longues | Cail\u00e0&Par\u00e9s\",\"isPartOf\":{\"@id\":\"https:\/\/cailapares.com\/#website\"},\"datePublished\":\"2024-07-01T11:49:11+00:00\",\"description\":\"Tableau informatif des acides gras fractionn\u00e9s (cha\u00eenes moyennes-longues) D\u00e9couvrez les composantes sur cette page de donn\u00e9es de Cail\u00e0&Par\u00e9s.\",\"inLanguage\":\"fr-FR\",\"potentialAction\":[{\"@type\":\"ReadAction\",\"target\":[\"https:\/\/cailapares.com\/fr\/acides-gras-fractionnes-chaines-moyennes-longues\/\"]}]},{\"@type\":\"WebSite\",\"@id\":\"https:\/\/cailapares.com\/#website\",\"url\":\"https:\/\/cailapares.com\/\",\"name\":\"Caila\",\"description\":\"Otro sitio realizado con WordPress\",\"potentialAction\":[{\"@type\":\"SearchAction\",\"target\":{\"@type\":\"EntryPoint\",\"urlTemplate\":\"https:\/\/cailapares.com\/?s={search_term_string}\"},\"query-input\":{\"@type\":\"PropertyValueSpecification\",\"valueRequired\":true,\"valueName\":\"search_term_string\"}}],\"inLanguage\":\"fr-FR\"}]}<\/script>\n<!-- \/ Yoast SEO plugin. -->","yoast_head_json":{"title":"Acides gras fractionn\u00e9s, cha\u00eenes moyennes-longues | Cail\u00e0&Par\u00e9s","description":"Tableau informatif des acides gras fractionn\u00e9s (cha\u00eenes moyennes-longues) D\u00e9couvrez les composantes sur cette page de donn\u00e9es de Cail\u00e0&Par\u00e9s.","robots":{"index":"index","follow":"follow","max-snippet":"max-snippet:-1","max-image-preview":"max-image-preview:large","max-video-preview":"max-video-preview:-1"},"canonical":"https:\/\/cailapares.com\/fr\/acides-gras-fractionnes-chaines-moyennes-longues\/","og_locale":"fr_FR","og_type":"article","og_title":"Acides gras fractionn\u00e9s, cha\u00eenes moyennes-longues | Cail\u00e0&Par\u00e9s","og_description":"Tableau informatif des acides gras fractionn\u00e9s (cha\u00eenes moyennes-longues) D\u00e9couvrez les composantes sur cette page de donn\u00e9es de Cail\u00e0&Par\u00e9s.","og_url":"https:\/\/cailapares.com\/fr\/acides-gras-fractionnes-chaines-moyennes-longues\/","og_site_name":"Caila","twitter_card":"summary_large_image","twitter_misc":{"Dur\u00e9e de lecture estim\u00e9e":"1 minute"},"schema":{"@context":"https:\/\/schema.org","@graph":[{"@type":"WebPage","@id":"https:\/\/cailapares.com\/fr\/acides-gras-fractionnes-chaines-moyennes-longues\/","url":"https:\/\/cailapares.com\/fr\/acides-gras-fractionnes-chaines-moyennes-longues\/","name":"Acides gras fractionn\u00e9s, cha\u00eenes moyennes-longues | Cail\u00e0&Par\u00e9s","isPartOf":{"@id":"https:\/\/cailapares.com\/#website"},"datePublished":"2024-07-01T11:49:11+00:00","description":"Tableau informatif des acides gras fractionn\u00e9s (cha\u00eenes moyennes-longues) D\u00e9couvrez les composantes sur cette page de donn\u00e9es de Cail\u00e0&Par\u00e9s.","inLanguage":"fr-FR","potentialAction":[{"@type":"ReadAction","target":["https:\/\/cailapares.com\/fr\/acides-gras-fractionnes-chaines-moyennes-longues\/"]}]},{"@type":"WebSite","@id":"https:\/\/cailapares.com\/#website","url":"https:\/\/cailapares.com\/","name":"Caila","description":"Otro sitio realizado con WordPress","potentialAction":[{"@type":"SearchAction","target":{"@type":"EntryPoint","urlTemplate":"https:\/\/cailapares.com\/?s={search_term_string}"},"query-input":{"@type":"PropertyValueSpecification","valueRequired":true,"valueName":"search_term_string"}}],"inLanguage":"fr-FR"}]}},"_links":{"self":[{"href":"https:\/\/cailapares.com\/fr\/wp-json\/wp\/v2\/pages\/166","targetHints":{"allow":["GET"]}}],"collection":[{"href":"https:\/\/cailapares.com\/fr\/wp-json\/wp\/v2\/pages"}],"about":[{"href":"https:\/\/cailapares.com\/fr\/wp-json\/wp\/v2\/types\/page"}],"author":[{"embeddable":true,"href":"https:\/\/cailapares.com\/fr\/wp-json\/wp\/v2\/users\/1"}],"replies":[{"embeddable":true,"href":"https:\/\/cailapares.com\/fr\/wp-json\/wp\/v2\/comments?post=166"}],"version-history":[{"count":1,"href":"https:\/\/cailapares.com\/fr\/wp-json\/wp\/v2\/pages\/166\/revisions"}],"predecessor-version":[{"id":168,"href":"https:\/\/cailapares.com\/fr\/wp-json\/wp\/v2\/pages\/166\/revisions\/168"}],"wp:attachment":[{"href":"https:\/\/cailapares.com\/fr\/wp-json\/wp\/v2\/media?parent=166"}],"curies":[{"name":"wp","href":"https:\/\/api.w.org\/{rel}","templated":true}]}}