{"id":162,"date":"2024-07-01T11:48:04","date_gmt":"2024-07-01T11:48:04","guid":{"rendered":"https:\/\/cailapares.com\/acidos-grasos-destilados-oleicos\/"},"modified":"2022-11-21T10:06:08","modified_gmt":"2022-11-21T10:06:08","slug":"acides-gras-distille-oleiques","status":"publish","type":"page","link":"https:\/\/cailapares.com\/fr\/acides-gras-distille-oleiques\/","title":{"rendered":"Acides gras distill\u00e9 ol\u00e9iques"},"content":{"rendered":"<h2>Tableaux informatifs sur les acides gras ol\u00e9iques distill\u00e9s<\/h2>\n<p>Les acides gras peuvent \u00eatre obtenus par hydrolyse \u00e0 haute pression (scission d&rsquo;un triglyc\u00e9ride) et \u00e0 haute temp\u00e9rature de graisses et d&rsquo;huiles d&rsquo;origine animale et v\u00e9g\u00e9tale. Apr\u00e8s ce processus, ils sont distill\u00e9s, et c&rsquo;est ainsi que l&rsquo;on obtient un produit au toucher savonneux et au ton blanc.<\/p>\n<p>Le point de fusion des acides gras ol\u00e9iques distill\u00e9s va de 25\u00baC pour la noix de coco \u00e0 50-55\u00baC pour les acides gras qui peuvent provenir du suif ou du palmier.<\/p>\n<div style=\"overflow-x:scroll;font-size: small;\">\n<table width=\"100%\" cellspacing=\"0\" cellpadding=\"5\" border=\"1\" align=\"center\">\n<tbody>\n<tr>\n<td bgcolor=\"#D2D2D2\" colspan=\"2\">ORIGIN<\/td>\n<td valign=\"middle\" bgcolor=\"#D2D2D2\" align=\"center\" colspan=\"2\">OLIVE<\/td>\n<td width=\"100\" bgcolor=\"#D2D2D2\">ANIMAL FAT<\/td>\n<\/tr>\n<tr>\n<td width=\"265\" bgcolor=\"#EBEBEB\">\n<p>ANALISYS<\/p>\n<p>METHOD<\/p>\n<\/td>\n<td width=\"100\" bgcolor=\"#EBEBEB\">UNITS<\/td>\n<td width=\"100\" bgcolor=\"#EBEBEB\">CYPAFRAK<br \/>\n            OL-75<\/td>\n<td width=\"100\" bgcolor=\"#EBEBEB\">CYPACID <br \/>\n            I-10<\/td>\n<td width=\"100\" bgcolor=\"#EBEBEB\">CYPAFRAK<br \/>\n            OL-707<\/td>\n<\/tr>\n<tr>\n<td bgcolor=\"#EBEBEB\">ACID VALUE<br \/>\n            ISO 660<\/td>\n<td bgcolor=\"#EBEBEB\">mg KOH\/gr.<\/td>\n<td>192-202<\/td>\n<td>192-202<\/td>\n<td bgcolor=\"#FFFFFF\">196-204<\/td>\n<\/tr>\n<tr>\n<td bgcolor=\"#EBEBEB\">IODINE VALUE<br \/>\n            ISO 3961<\/td>\n<td bgcolor=\"#EBEBEB\">gr.l\/100 gr.<\/td>\n<td>82-95<\/td>\n<td>80-95<\/td>\n<td bgcolor=\"#FFFFFF\">90-100<\/td>\n<\/tr>\n<tr>\n<td bgcolor=\"#EBEBEB\">SAPONIFICATION VALUE<br \/>\n            ISO 3657<\/td>\n<td bgcolor=\"#EBEBEB\">mg KOH\/gr.<\/td>\n<td>193-203<\/td>\n<td>193-203<\/td>\n<td bgcolor=\"#FFFFFF\">197-205<\/td>\n<\/tr>\n<tr>\n<td bgcolor=\"#EBEBEB\">TITRE<br \/>\n            ISO 935<\/td>\n<td bgcolor=\"#EBEBEB\">&ordm; centigrade<\/td>\n<td>19-24<\/td>\n<td>20-26<\/td>\n<td bgcolor=\"#FFFFFF\">MAX. 7<\/td>\n<\/tr>\n<tr>\n<td bgcolor=\"#EBEBEB\">COLOUR LOVIBOND 5 1\/4&quot;<br \/>\n            BS684.1.14<\/td>\n<td bgcolor=\"#EBEBEB\">Red units (R)<\/td>\n<td>MAX. 2,5<\/td>\n<td>MAX. 2,5<\/td>\n<td bgcolor=\"#FFFFFF\">MAX. 2,5<\/td>\n<\/tr>\n<tr>\n<td bgcolor=\"#EBEBEB\">COLOUR LOVIBOND 5 1\/4&quot;<br \/>\n            BS684.1.14<\/td>\n<td bgcolor=\"#EBEBEB\">Yellow units (Y)<\/td>\n<td>MAX. 25<\/td>\n<td>MAX. 25<\/td>\n<td bgcolor=\"#FFFFFF\">MAX. 25<\/td>\n<\/tr>\n<tr>\n<td bgcolor=\"#EBEBEB\">UNSAPONIFIABLES<br \/>\n            ISO &#8211; 18609<\/td>\n<td bgcolor=\"#EBEBEB\">%<\/td>\n<td>MAX. 2<\/td>\n<td>MAX. 2<\/td>\n<td bgcolor=\"#FFFFFF\">MAX. 1<\/td>\n<\/tr>\n<\/tbody>\n<\/table>\n<table width=\"720\" cellspacing=\"0\" cellpadding=\"0\" border=\"0\" align=\"center\">\n<tbody>\n<tr>\n<td><span style=\"color: rgb(0, 3, 119);\">GAS CHROMATOGRAPHY<\/span>&nbsp;<\/td>\n<td valign=\"middle\" align=\"right\"><span style=\"color: rgb(0, 3, 119);\">ISO 5508\/12966-2<\/span><\/td>\n<\/tr>\n<\/tbody>\n<\/table>\n<table width=\"720\" cellspacing=\"0\" cellpadding=\"5\" border=\"1\" align=\"center\">\n<tbody>\n<tr>\n<td bgcolor=\"#EBEBEB\">\n<table width=\"100%\" cellspacing=\"0\" cellpadding=\"0\" border=\"0\">\n<tbody>\n<tr>\n<td width=\"250\">LAURIC ACID<\/td>\n<td width=\"80\">C-12<\/td>\n<td>%<\/td>\n<\/tr>\n<\/tbody>\n<\/table>\n<\/td>\n<td width=\"100\">&#8211;<\/td>\n<td width=\"100\">MAX. 1<\/td>\n<td width=\"100\">MAX. 1<\/td>\n<\/tr>\n<tr>\n<td bgcolor=\"#EBEBEB\">\n<table width=\"100%\" cellspacing=\"0\" cellpadding=\"0\" border=\"0\">\n<tbody>\n<tr>\n<td width=\"250\">MYRISTIC ACID<\/td>\n<td width=\"80\">C-14<\/td>\n<td>%<\/td>\n<\/tr>\n<\/tbody>\n<\/table>\n<\/td>\n<td>MAX. 1<\/td>\n<td>MAX. 1<\/td>\n<td>MAX. 3<\/td>\n<\/tr>\n<tr>\n<td bgcolor=\"#EBEBEB\">\n<table width=\"100%\" cellspacing=\"0\" cellpadding=\"0\" border=\"0\">\n<tbody>\n<tr>\n<td width=\"250\">MYRISTOLEIC ACID<\/td>\n<td width=\"80\">C-14:1<\/td>\n<td>%<\/td>\n<\/tr>\n<\/tbody>\n<\/table>\n<\/td>\n<td>&#8211;<\/td>\n<td>&#8211;<\/td>\n<td>MAX. 2<\/td>\n<\/tr>\n<tr>\n<td bgcolor=\"#EBEBEB\">\n<table width=\"100%\" cellspacing=\"0\" cellpadding=\"0\" border=\"0\">\n<tbody>\n<tr>\n<td width=\"250\">PALMITIC ACID<\/td>\n<td width=\"80\">C-16<\/td>\n<td>%<\/td>\n<\/tr>\n<\/tbody>\n<\/table>\n<\/td>\n<td>10-15<\/td>\n<td>11-17<\/td>\n<td>4-6<\/td>\n<\/tr>\n<tr>\n<td bgcolor=\"#EBEBEB\">\n<table width=\"100%\" cellspacing=\"0\" cellpadding=\"0\" border=\"0\">\n<tbody>\n<tr>\n<td width=\"250\">PALMITOLEIC ACID<\/td>\n<td width=\"80\">C-16:1<\/td>\n<td>%<\/td>\n<\/tr>\n<\/tbody>\n<\/table>\n<\/td>\n<td>MAX. 1,5<\/td>\n<td>MAX. 1,5<\/td>\n<td>2-8<\/td>\n<\/tr>\n<tr>\n<td bgcolor=\"#EBEBEB\">\n<table width=\"100%\" cellspacing=\"0\" cellpadding=\"0\" border=\"0\">\n<tbody>\n<tr>\n<td width=\"250\">STEARIC ACID<\/td>\n<td width=\"80\">C-18<\/td>\n<td>%<\/td>\n<\/tr>\n<\/tbody>\n<\/table>\n<\/td>\n<td>2-5<\/td>\n<td>2-5<\/td>\n<td>MAX. 2<\/td>\n<\/tr>\n<tr>\n<td bgcolor=\"#EBEBEB\">\n<table width=\"100%\" cellspacing=\"0\" cellpadding=\"0\" border=\"0\">\n<tbody>\n<tr>\n<td width=\"250\">OLEIC ACID<\/td>\n<td width=\"80\">C-18:1<\/td>\n<td>%<\/td>\n<\/tr>\n<\/tbody>\n<\/table>\n<\/td>\n<td>MIN. 67<\/td>\n<td>MIN. 65<\/td>\n<td>65-80<\/td>\n<\/tr>\n<tr>\n<td bgcolor=\"#EBEBEB\">\n<table width=\"100%\" cellspacing=\"0\" cellpadding=\"0\" border=\"0\">\n<tbody>\n<tr>\n<td width=\"250\">LINOLEIC ACID<\/td>\n<td width=\"80\">C-18:2<\/td>\n<td>%<\/td>\n<\/tr>\n<\/tbody>\n<\/table>\n<\/td>\n<td>6-15<\/td>\n<td>6-16<\/td>\n<td>4-15<\/td>\n<\/tr>\n<tr>\n<td bgcolor=\"#EBEBEB\">\n<table width=\"100%\" cellspacing=\"0\" cellpadding=\"0\" border=\"0\">\n<tbody>\n<tr>\n<td width=\"250\">LINOLENIC ACID<\/td>\n<td width=\"80\">C-18:3<\/td>\n<td>%<\/td>\n<\/tr>\n<\/tbody>\n<\/table>\n<\/td>\n<td>MAX. 2<\/td>\n<td>MAX. 2<\/td>\n<td>1-3<\/td>\n<\/tr>\n<tr>\n<td bgcolor=\"#EBEBEB\">\n<table width=\"100%\" cellspacing=\"0\" cellpadding=\"0\" border=\"0\">\n<tbody>\n<tr>\n<td width=\"250\">HIGHER FATTY ACID<\/td>\n<td width=\"80\">&nbsp;<\/td>\n<td>%<\/td>\n<\/tr>\n<\/tbody>\n<\/table>\n<\/td>\n<td>MAX.2<\/td>\n<td>MAX. 2<\/td>\n<td>MAX. 2<\/td>\n<\/tr>\n<\/tbody>\n<\/table>\n<\/div>\n<p>&nbsp;<\/p>\n","protected":false},"excerpt":{"rendered":"<p>Tableaux informatifs sur les acides gras ol\u00e9iques distill\u00e9s Les acides gras peuvent \u00eatre obtenus par hydrolyse \u00e0 haute pression (scission d&rsquo;un triglyc\u00e9ride) et \u00e0 haute temp\u00e9rature de graisses et d&rsquo;huiles d&rsquo;origine animale et v\u00e9g\u00e9tale. Apr\u00e8s ce processus, ils sont distill\u00e9s, et c&rsquo;est ainsi que l&rsquo;on obtient un produit au toucher savonneux et au ton blanc&#8230;.<\/p>\n","protected":false},"author":1,"featured_media":0,"parent":0,"menu_order":0,"comment_status":"closed","ping_status":"closed","template":"","meta":{"footnotes":""},"class_list":["post-162","page","type-page","status-publish","hentry"],"yoast_head":"<!-- This site is optimized with the Yoast SEO plugin v25.9 - https:\/\/yoast.com\/wordpress\/plugins\/seo\/ -->\n<title>Acides gras ol\u00e9iques distill\u00e9s | Cail\u00e0 &amp; Par\u00e9s<\/title>\n<meta name=\"description\" content=\"Si vous avez besoin d&#039;un fournisseur d&#039;acides gras ol\u00e9iques distill\u00e9s, faites confiance \u00e0 Cail\u00e0&amp;Par\u00e9s pour acqu\u00e9rir les acides et les huiles dont vous avez besoin.\" \/>\n<meta name=\"robots\" content=\"index, follow, max-snippet:-1, max-image-preview:large, max-video-preview:-1\" \/>\n<link rel=\"canonical\" href=\"https:\/\/cailapares.com\/fr\/acides-gras-distille-oleiques\/\" \/>\n<meta property=\"og:locale\" content=\"fr_FR\" \/>\n<meta property=\"og:type\" content=\"article\" \/>\n<meta property=\"og:title\" content=\"Acides gras ol\u00e9iques distill\u00e9s | Cail\u00e0 &amp; Par\u00e9s\" \/>\n<meta property=\"og:description\" content=\"Si vous avez besoin d&#039;un fournisseur d&#039;acides gras ol\u00e9iques distill\u00e9s, faites confiance \u00e0 Cail\u00e0&amp;Par\u00e9s pour acqu\u00e9rir les acides et les huiles dont vous avez besoin.\" \/>\n<meta property=\"og:url\" content=\"https:\/\/cailapares.com\/fr\/acides-gras-distille-oleiques\/\" \/>\n<meta property=\"og:site_name\" content=\"Caila\" \/>\n<meta name=\"twitter:card\" content=\"summary_large_image\" \/>\n<meta name=\"twitter:label1\" content=\"Dur\u00e9e de lecture estim\u00e9e\" \/>\n\t<meta name=\"twitter:data1\" content=\"1 minute\" \/>\n<script type=\"application\/ld+json\" class=\"yoast-schema-graph\">{\"@context\":\"https:\/\/schema.org\",\"@graph\":[{\"@type\":\"WebPage\",\"@id\":\"https:\/\/cailapares.com\/fr\/acides-gras-distille-oleiques\/\",\"url\":\"https:\/\/cailapares.com\/fr\/acides-gras-distille-oleiques\/\",\"name\":\"Acides gras ol\u00e9iques distill\u00e9s | Cail\u00e0 & Par\u00e9s\",\"isPartOf\":{\"@id\":\"https:\/\/cailapares.com\/#website\"},\"datePublished\":\"2024-07-01T11:48:04+00:00\",\"description\":\"Si vous avez besoin d'un fournisseur d'acides gras ol\u00e9iques distill\u00e9s, faites confiance \u00e0 Cail\u00e0&Par\u00e9s pour acqu\u00e9rir les acides et les huiles dont vous avez besoin.\",\"inLanguage\":\"fr-FR\",\"potentialAction\":[{\"@type\":\"ReadAction\",\"target\":[\"https:\/\/cailapares.com\/fr\/acides-gras-distille-oleiques\/\"]}]},{\"@type\":\"WebSite\",\"@id\":\"https:\/\/cailapares.com\/#website\",\"url\":\"https:\/\/cailapares.com\/\",\"name\":\"Caila\",\"description\":\"Otro sitio realizado con WordPress\",\"potentialAction\":[{\"@type\":\"SearchAction\",\"target\":{\"@type\":\"EntryPoint\",\"urlTemplate\":\"https:\/\/cailapares.com\/?s={search_term_string}\"},\"query-input\":{\"@type\":\"PropertyValueSpecification\",\"valueRequired\":true,\"valueName\":\"search_term_string\"}}],\"inLanguage\":\"fr-FR\"}]}<\/script>\n<!-- \/ Yoast SEO plugin. -->","yoast_head_json":{"title":"Acides gras ol\u00e9iques distill\u00e9s | Cail\u00e0 & Par\u00e9s","description":"Si vous avez besoin d'un fournisseur d'acides gras ol\u00e9iques distill\u00e9s, faites confiance \u00e0 Cail\u00e0&Par\u00e9s pour acqu\u00e9rir les acides et les huiles dont vous avez besoin.","robots":{"index":"index","follow":"follow","max-snippet":"max-snippet:-1","max-image-preview":"max-image-preview:large","max-video-preview":"max-video-preview:-1"},"canonical":"https:\/\/cailapares.com\/fr\/acides-gras-distille-oleiques\/","og_locale":"fr_FR","og_type":"article","og_title":"Acides gras ol\u00e9iques distill\u00e9s | Cail\u00e0 & Par\u00e9s","og_description":"Si vous avez besoin d'un fournisseur d'acides gras ol\u00e9iques distill\u00e9s, faites confiance \u00e0 Cail\u00e0&Par\u00e9s pour acqu\u00e9rir les acides et les huiles dont vous avez besoin.","og_url":"https:\/\/cailapares.com\/fr\/acides-gras-distille-oleiques\/","og_site_name":"Caila","twitter_card":"summary_large_image","twitter_misc":{"Dur\u00e9e de lecture estim\u00e9e":"1 minute"},"schema":{"@context":"https:\/\/schema.org","@graph":[{"@type":"WebPage","@id":"https:\/\/cailapares.com\/fr\/acides-gras-distille-oleiques\/","url":"https:\/\/cailapares.com\/fr\/acides-gras-distille-oleiques\/","name":"Acides gras ol\u00e9iques distill\u00e9s | Cail\u00e0 & Par\u00e9s","isPartOf":{"@id":"https:\/\/cailapares.com\/#website"},"datePublished":"2024-07-01T11:48:04+00:00","description":"Si vous avez besoin d'un fournisseur d'acides gras ol\u00e9iques distill\u00e9s, faites confiance \u00e0 Cail\u00e0&Par\u00e9s pour acqu\u00e9rir les acides et les huiles dont vous avez besoin.","inLanguage":"fr-FR","potentialAction":[{"@type":"ReadAction","target":["https:\/\/cailapares.com\/fr\/acides-gras-distille-oleiques\/"]}]},{"@type":"WebSite","@id":"https:\/\/cailapares.com\/#website","url":"https:\/\/cailapares.com\/","name":"Caila","description":"Otro sitio realizado con WordPress","potentialAction":[{"@type":"SearchAction","target":{"@type":"EntryPoint","urlTemplate":"https:\/\/cailapares.com\/?s={search_term_string}"},"query-input":{"@type":"PropertyValueSpecification","valueRequired":true,"valueName":"search_term_string"}}],"inLanguage":"fr-FR"}]}},"_links":{"self":[{"href":"https:\/\/cailapares.com\/fr\/wp-json\/wp\/v2\/pages\/162","targetHints":{"allow":["GET"]}}],"collection":[{"href":"https:\/\/cailapares.com\/fr\/wp-json\/wp\/v2\/pages"}],"about":[{"href":"https:\/\/cailapares.com\/fr\/wp-json\/wp\/v2\/types\/page"}],"author":[{"embeddable":true,"href":"https:\/\/cailapares.com\/fr\/wp-json\/wp\/v2\/users\/1"}],"replies":[{"embeddable":true,"href":"https:\/\/cailapares.com\/fr\/wp-json\/wp\/v2\/comments?post=162"}],"version-history":[{"count":2,"href":"https:\/\/cailapares.com\/fr\/wp-json\/wp\/v2\/pages\/162\/revisions"}],"predecessor-version":[{"id":643,"href":"https:\/\/cailapares.com\/fr\/wp-json\/wp\/v2\/pages\/162\/revisions\/643"}],"wp:attachment":[{"href":"https:\/\/cailapares.com\/fr\/wp-json\/wp\/v2\/media?parent=162"}],"curies":[{"name":"wp","href":"https:\/\/api.w.org\/{rel}","templated":true}]}}