{"id":153,"date":"2024-07-01T11:46:56","date_gmt":"2024-07-01T11:46:56","guid":{"rendered":"https:\/\/cailapares.com\/acidos-grasos-insaturados\/"},"modified":"2022-10-31T12:05:17","modified_gmt":"2022-10-31T12:05:17","slug":"acides-gras-distille-insatures","status":"publish","type":"page","link":"https:\/\/cailapares.com\/fr\/acides-gras-distille-insatures\/","title":{"rendered":"Acides gras distill\u00e9 insatur\u00e9s"},"content":{"rendered":"<p style=\"text-align: justify;\">En <strong>Cail\u00e0 &#038; Par\u00e9s <\/strong> nous misons sur des alternatives \u00e9cologiques \u00e0 fort potentiel pour pouvoir cr\u00e9er tout type de produits pour diff\u00e9rents march\u00e9s. Les produits ol\u00e9ochimiques sont des <strong>substances d&rsquo;origine naturelle -animales ou v\u00e9g\u00e9tales <\/strong>&#8211; qui sont utilis\u00e9es pour offrir diff\u00e9rents services dans les industries chimiques.<\/p>\n<h2 style=\"text-align: justify;\">Que sont les acides gras insatur\u00e9s?<\/h2>\n<p style=\"text-align: justify;\">Les acides gras insatur\u00e9s sont d&rsquo;une grande importance sur notre march\u00e9 <strong>en raison de la grande utilisation et de la fonctionnalit\u00e9 <\/strong> de ceux-ci dans diff\u00e9rentes finitions. Ce sont des moyens convaincants et efficaces qui permettent d&rsquo;obtenir des r\u00e9sultats optimaux dans leurs diff\u00e9rents usages et utilisations.<\/p>\n<p style=\"text-align: justify;\">Les produits ol\u00e9ochimiques sont l&rsquo;une des alternatives les plus rentables aux composants chimiques parce qu&rsquo;ils offrent un rapport qualit\u00e9-prix <strong>excellente\/excellente\/prix<\/strong> et, par cons\u00e9quent, de plus en plus de soci\u00e9t\u00e9s optent pour ce type de substances pour produire leurs produits.<\/p>\n<div style=\"overflow-x:scroll;font-size: small;\">\n<table width=\"100%\" cellspacing=\"0\" cellpadding=\"5\" border=\"1\">\n<tbody>\n<tr>\n<td bgcolor=\"#D2D2D2\" colspan=\"2\">ORIGIN<\/td>\n<td valign=\"middle\" bgcolor=\"#D2D2D2\" align=\"center\" colspan=\"2\">LAURICS<\/td>\n<td width=\"100\" bgcolor=\"#D2D2D2\">PALM<\/td>\n<td width=\"100\" valign=\"middle\" bgcolor=\"#D2D2D2\" align=\"center\" colspan=\"2\">&nbsp;TALLOW<\/td>\n<\/tr>\n<tr>\n<td bgcolor=\"#EBEBEB\">\n<p>ANALISYS<\/p>\n<p>METHOD<\/p>\n<\/td>\n<td width=\"100\" bgcolor=\"#EBEBEB\">UNITS<\/td>\n<td width=\"100\" bgcolor=\"#EBEBEB\">\n<p>CYPACID<\/p>\n<p>            CC-52<\/td>\n<td width=\"100\" bgcolor=\"#EBEBEB\">\n<p>CYPACID<\/p>\n<p>            CP-45<\/td>\n<td width=\"100\" bgcolor=\"#EBEBEB\">\n<p>CYPACID<\/p>\n<p>            P-50<\/td>\n<td width=\"100\" bgcolor=\"#EBEBEB\">\n<p>CYPACID<\/p>\n<p>            TL-12<\/td>\n<td width=\"100\" bgcolor=\"#EBEBEB\">\n<p>CYPACID<\/p>\n<p>            TL-34<\/td>\n<\/tr>\n<tr>\n<td bgcolor=\"#EBEBEB\">\n<p>ACID VALUE<\/p>\n<p>            ISO 660<\/td>\n<td bgcolor=\"#EBEBEB\">mg KOH\/gr.<\/td>\n<td>265-280<\/td>\n<td>250-275<\/td>\n<td>204-212<\/td>\n<td>200-210<\/td>\n<td>200-210<\/td>\n<\/tr>\n<tr>\n<td bgcolor=\"#EBEBEB\">IODINE VALUE<br \/>\n            ISO 3961<\/td>\n<td bgcolor=\"#EBEBEB\">gr.l\/100 gr.<\/td>\n<td>6-13<\/td>\n<td>MAX. 20<\/td>\n<td>50-60<\/td>\n<td>45-60<\/td>\n<td bgcolor=\"#FFFFFF\">39-56<\/td>\n<\/tr>\n<tr>\n<td bgcolor=\"#EBEBEB\">SAPONIFICATION VALUE<br \/>\n            ISO 3657<\/td>\n<td bgcolor=\"#EBEBEB\">mg KOH\/gr.<\/td>\n<td>266-281<\/td>\n<td>252-277<\/td>\n<td>205-213<\/td>\n<td>201-211<\/td>\n<td bgcolor=\"#FFFFFF\">201-211<\/td>\n<\/tr>\n<tr>\n<td bgcolor=\"#EBEBEB\">TITRE<br \/>\n            ISO 935<\/td>\n<td bgcolor=\"#EBEBEB\">&ordm; centigrade<\/td>\n<td>20-25<\/td>\n<td>20-26<\/td>\n<td>42-47<\/td>\n<td>39-53<\/td>\n<td bgcolor=\"#FFFFFF\">40-50<\/td>\n<\/tr>\n<tr>\n<td bgcolor=\"#EBEBEB\">COLOUR LOVIBOND 5 1\/4&quot;<br \/>\n            BS684.1.14<\/td>\n<td bgcolor=\"#EBEBEB\">\n<p>Red units<\/p>\n<p>(R)<\/p>\n<\/td>\n<td>MAX. 1,5<\/td>\n<td>MAX. 1,5<\/td>\n<td>MAX. 1<\/td>\n<td>MAX. 1<\/td>\n<td bgcolor=\"#FFFFFF\">MAX. 3<\/td>\n<\/tr>\n<tr>\n<td bgcolor=\"#EBEBEB\">COLOUR LOVIBOND 5 1\/4&quot;<br \/>\n            BS684.1.14<\/td>\n<td bgcolor=\"#EBEBEB\">Yellow units (Y)<\/td>\n<td>MAX. 10<\/td>\n<td>MAX. 10<\/td>\n<td>&nbsp;MAX. 5<\/td>\n<td>MAX. 5<\/td>\n<td bgcolor=\"#FFFFFF\">MAX. 30<\/td>\n<\/tr>\n<tr>\n<td bgcolor=\"#EBEBEB\">UNSAPONIFIABLES<br \/>\n            ISO &#8211; 18609<\/td>\n<td bgcolor=\"#EBEBEB\">%<\/td>\n<td>MAX. 0,5<\/td>\n<td>MAX. 2<\/td>\n<td>MAX. 0,5<\/td>\n<td>MAX. 0,5<\/td>\n<td bgcolor=\"#FFFFFF\">&#8211;<\/td>\n<\/tr>\n<\/tbody>\n<\/table>\n<table width=\"950\" cellspacing=\"0\" cellpadding=\"0\" border=\"0\">\n<tbody>\n<tr>\n<td><span style=\"color: rgb(0, 3, 119);\">GAS CHROMATOGRAPHY<\/span>&nbsp;<\/td>\n<td valign=\"middle\" align=\"right\"><span style=\"color: rgb(0, 3, 119);\">ISO 5508\/12966-2<\/span><\/td>\n<\/tr>\n<\/tbody>\n<\/table>\n<table width=\"950\" cellspacing=\"0\" cellpadding=\"5\" border=\"1\">\n<tbody>\n<tr>\n<td bgcolor=\"#EBEBEB\">\n<table width=\"100%\" cellspacing=\"0\" cellpadding=\"0\" border=\"0\">\n<tbody>\n<tr>\n<td width=\"250\">CAPROIC ACID<\/td>\n<td width=\"80\">C-6<\/td>\n<td>%<\/td>\n<\/tr>\n<\/tbody>\n<\/table>\n<\/td>\n<td width=\"100\">MAX. 1<\/td>\n<td width=\"100\">MAX. 1<\/td>\n<td width=\"100\">&#8211;<\/td>\n<td width=\"100\">&#8211;<\/td>\n<td width=\"100\">&#8211;<\/td>\n<\/tr>\n<tr>\n<td bgcolor=\"#EBEBEB\">\n<table width=\"100%\" cellspacing=\"0\" cellpadding=\"0\" border=\"0\">\n<tbody>\n<tr>\n<td width=\"250\">CAPRILIC ACID<\/td>\n<td width=\"80\">C-8<\/td>\n<td>%<\/td>\n<\/tr>\n<\/tbody>\n<\/table>\n<\/td>\n<td>4-10<\/td>\n<td>3-10<\/td>\n<td>&#8211;<\/td>\n<td>&#8211;<\/td>\n<td>&#8211;<\/td>\n<\/tr>\n<tr>\n<td bgcolor=\"#EBEBEB\">\n<table width=\"100%\" cellspacing=\"0\" cellpadding=\"0\" border=\"0\">\n<tbody>\n<tr>\n<td width=\"250\">CAPRIC ACID<\/td>\n<td width=\"80\">C-10<\/td>\n<td>%<\/td>\n<\/tr>\n<\/tbody>\n<\/table>\n<\/td>\n<td>4-9<\/td>\n<td>3-10<\/td>\n<td>&#8211;<\/td>\n<td>&#8211;<\/td>\n<td>&#8211;<\/td>\n<\/tr>\n<tr>\n<td bgcolor=\"#EBEBEB\">\n<table width=\"100%\" cellspacing=\"0\" cellpadding=\"0\" border=\"0\">\n<tbody>\n<tr>\n<td width=\"250\">LAURIC ACID<\/td>\n<td width=\"80\">C-12<\/td>\n<td>%<\/td>\n<\/tr>\n<\/tbody>\n<\/table>\n<\/td>\n<td>44-56<\/td>\n<td>40-55<\/td>\n<td>MAX. 1<\/td>\n<td>MAX. 1<\/td>\n<td>MAX. 1<\/td>\n<\/tr>\n<tr>\n<td bgcolor=\"#EBEBEB\">\n<table width=\"100%\" cellspacing=\"0\" cellpadding=\"0\" border=\"0\">\n<tbody>\n<tr>\n<td width=\"250\">MYRISTIC ACID<\/td>\n<td width=\"80\">C-14<\/td>\n<td>%<\/td>\n<\/tr>\n<\/tbody>\n<\/table>\n<\/td>\n<td>15-22<\/td>\n<td>14-21<\/td>\n<td>MAX. 3<\/td>\n<td>2-6<\/td>\n<td>MAX. 5<\/td>\n<\/tr>\n<tr>\n<td bgcolor=\"#EBEBEB\">\n<table width=\"100%\" cellspacing=\"0\" cellpadding=\"0\" border=\"0\">\n<tbody>\n<tr>\n<td width=\"250\">PALMITIC ACID<\/td>\n<td width=\"80\">C-16<\/td>\n<td>%<\/td>\n<\/tr>\n<\/tbody>\n<\/table>\n<\/td>\n<td>7-12<\/td>\n<td>6-14<\/td>\n<td>40-50<\/td>\n<td>23-33<\/td>\n<td>22-33<\/td>\n<\/tr>\n<tr>\n<td bgcolor=\"#EBEBEB\">\n<table width=\"100%\" cellspacing=\"0\" cellpadding=\"0\" border=\"0\">\n<tbody>\n<tr>\n<td width=\"250\">PALMITOLEIC ACID<\/td>\n<td width=\"80\">C-16:1<\/td>\n<td>%<\/td>\n<\/tr>\n<\/tbody>\n<\/table>\n<\/td>\n<td>&#8211;<\/td>\n<td>&#8211;<\/td>\n<td>&#8211;<\/td>\n<td>2-5<\/td>\n<td>MAX. 5<\/td>\n<\/tr>\n<tr>\n<td bgcolor=\"#EBEBEB\">\n<table width=\"100%\" cellspacing=\"0\" cellpadding=\"0\" border=\"0\">\n<tbody>\n<tr>\n<td width=\"250\">STEARIC ACID<\/td>\n<td width=\"80\">C-18<\/td>\n<td>%<\/td>\n<\/tr>\n<\/tbody>\n<\/table>\n<\/td>\n<td>1-4<\/td>\n<td>1-7<\/td>\n<td>2-6<\/td>\n<td>12-24<\/td>\n<td>20-32<\/td>\n<\/tr>\n<tr>\n<td bgcolor=\"#EBEBEB\">\n<table width=\"100%\" cellspacing=\"0\" cellpadding=\"0\" border=\"0\">\n<tbody>\n<tr>\n<td width=\"250\">OLEIC ACID<\/td>\n<td width=\"80\">C-18:1<\/td>\n<td>%<\/td>\n<\/tr>\n<\/tbody>\n<\/table>\n<\/td>\n<td>3-9<\/td>\n<td>4-12<\/td>\n<td>35-40<\/td>\n<td>34-44<\/td>\n<td>28-40<\/td>\n<\/tr>\n<tr>\n<td bgcolor=\"#EBEBEB\">\n<table width=\"100%\" cellspacing=\"0\" cellpadding=\"0\" border=\"0\">\n<tbody>\n<tr>\n<td width=\"250\">LINOLEIC ACID<\/td>\n<td width=\"80\">C-18:2<\/td>\n<td>%<\/td>\n<\/tr>\n<\/tbody>\n<\/table>\n<\/td>\n<td>MAX. 2<\/td>\n<td>1-4<\/td>\n<td>8-12<\/td>\n<td>2-7<\/td>\n<td>MAX. 7<\/td>\n<\/tr>\n<tr>\n<td bgcolor=\"#EBEBEB\">\n<table width=\"100%\" cellspacing=\"0\" cellpadding=\"0\" border=\"0\">\n<tbody>\n<tr>\n<td width=\"250\">LINOLENIC ACID<\/td>\n<td width=\"80\">C-18:3<\/td>\n<td>%<\/td>\n<\/tr>\n<\/tbody>\n<\/table>\n<\/td>\n<td>&#8211;<\/td>\n<td>&#8211;<\/td>\n<td>MAX. 0,5<\/td>\n<td>MAX. 2<\/td>\n<td>MAX. 2<\/td>\n<\/tr>\n<tr>\n<td bgcolor=\"#EBEBEB\">\n<table width=\"100%\" cellspacing=\"0\" cellpadding=\"0\" border=\"0\">\n<tbody>\n<tr>\n<td width=\"250\">HIGHER FATTY ACID<\/td>\n<td width=\"80\">&nbsp;<\/td>\n<td>%<\/td>\n<\/tr>\n<\/tbody>\n<\/table>\n<\/td>\n<td>&#8211;<\/td>\n<td>&#8211;<\/td>\n<td>MAX. 1<\/td>\n<td>MAX. 1<\/td>\n<td>MAX. 2<\/td>\n<\/tr>\n<\/tbody>\n<\/table>\n<\/div>\n<p>&nbsp;<\/p>\n<p style=\"text-align: justify;\">Nos substances <strong> d\u00e9riv\u00e9es d&rsquo;huiles et graisses <\/strong> permettent l&rsquo;\u00e9laboration et la fabrication de tous types de produits, tels que: d\u00e9tergents, finitions pharmacologiques, savons, lubrifiants, cosm\u00e9tiques, peintures, polystyr\u00e8nes, etc.<\/p>\n<p style=\"text-align: justify;\">Nous fournissons une grande quantit\u00e9 de substances ol\u00e9ochimiques afin de pouvoir couvrir diff\u00e9rents march\u00e9s et industries. Nous sommes en charge de la fabrication et de la distribution dans le monde entier de tous types de produits ol\u00e9ochimiques, ce qui nous catapulte parmi les entreprises leaders du secteur.<\/p>\n<h3 style=\"text-align: justify;\">Acides gras insatur\u00e9s insatur\u00e9s distill\u00e9s: Efficacit\u00e9 maximale<\/h3>\n<p style=\"text-align: justify;\">Nos formulations sont bas\u00e9es sur des contr\u00f4les de qualit\u00e9 stricts afin de garantir une efficacit\u00e9 maximale dans les finitions. Nous disposons d&rsquo;une usine de transformation <strong>large et innovante <\/strong> afin de satisfaire les besoins de la demande d&rsquo;une mani\u00e8re totalement efficace.<\/p>\n<p style=\"text-align: justify;\">Chez Cail\u00e0 &#038; Par\u00e9s, nous avons des objectifs clairs et, par cons\u00e9quent, nous relevons toutes sortes de d\u00e9fis. Plus de 80 ans d&rsquo;exp\u00e9rience dans le secteur certifient et cautionnent notre travail bas\u00e9 sur l&rsquo;effort et la constance. Nous obtenons des r\u00e9sultats impeccables et, par cons\u00e9quent, nous nous d\u00e9veloppons sur le march\u00e9 en raison de la forte demande et du travail que nous d\u00e9veloppons.<\/p>\n<p style=\"text-align: justify;\">Les produits ol\u00e9ochimiques jouent un r\u00f4le tr\u00e8s important sur le march\u00e9 parce qu&rsquo;ils deviennent l&rsquo;une des alternatives les plus rentables du fait qu&rsquo;ils sont des substances \u00e9cologiques, \u00e9conomiques et efficaces. Des services personnalis\u00e9s <strong>pour des r\u00e9sultats impeccables. <\/strong>.<\/p>\n<p style=\"text-align: justify;\">Pour plus d&rsquo;informations, vous pouvez nous contacter via notre formulaire en ligne ou par t\u00e9l\u00e9phone.<\/p>\n","protected":false},"excerpt":{"rendered":"<p>En Cail\u00e0 &#038; Par\u00e9s nous misons sur des alternatives \u00e9cologiques \u00e0 fort potentiel pour pouvoir cr\u00e9er tout type de produits pour diff\u00e9rents march\u00e9s. Les produits ol\u00e9ochimiques sont des substances d&rsquo;origine naturelle -animales ou v\u00e9g\u00e9tales &#8211; qui sont utilis\u00e9es pour offrir diff\u00e9rents services dans les industries chimiques. Que sont les acides gras insatur\u00e9s? Les acides gras&#8230;<\/p>\n","protected":false},"author":1,"featured_media":0,"parent":0,"menu_order":0,"comment_status":"closed","ping_status":"closed","template":"","meta":{"footnotes":""},"class_list":["post-153","page","type-page","status-publish","hentry"],"yoast_head":"<!-- This site is optimized with the Yoast SEO plugin v25.9 - https:\/\/yoast.com\/wordpress\/plugins\/seo\/ -->\n<title>Acides gras distill\u00e9 insatur\u00e9s | Cail\u00e0 &amp; Par\u00e9s<\/title>\n<meta name=\"description\" content=\"Vous recherchez un fournisseur d&#039;acides gras insatur\u00e9s distill\u00e9s insatur\u00e9s? Acheter chez Cail\u00e0 &amp; Par\u00e9s est synonyme de qualit\u00e9 et de confiance.\" \/>\n<meta name=\"robots\" content=\"index, follow, max-snippet:-1, max-image-preview:large, max-video-preview:-1\" \/>\n<link rel=\"canonical\" href=\"https:\/\/cailapares.com\/fr\/acides-gras-distille-insatures\/\" \/>\n<meta property=\"og:locale\" content=\"fr_FR\" \/>\n<meta property=\"og:type\" content=\"article\" \/>\n<meta property=\"og:title\" content=\"Acides gras distill\u00e9 insatur\u00e9s | Cail\u00e0 &amp; Par\u00e9s\" \/>\n<meta property=\"og:description\" content=\"Vous recherchez un fournisseur d&#039;acides gras insatur\u00e9s distill\u00e9s insatur\u00e9s? Acheter chez Cail\u00e0 &amp; Par\u00e9s est synonyme de qualit\u00e9 et de confiance.\" \/>\n<meta property=\"og:url\" content=\"https:\/\/cailapares.com\/fr\/acides-gras-distille-insatures\/\" \/>\n<meta property=\"og:site_name\" content=\"Caila\" \/>\n<meta name=\"twitter:card\" content=\"summary_large_image\" \/>\n<meta name=\"twitter:label1\" content=\"Dur\u00e9e de lecture estim\u00e9e\" \/>\n\t<meta name=\"twitter:data1\" content=\"3 minutes\" \/>\n<script type=\"application\/ld+json\" class=\"yoast-schema-graph\">{\"@context\":\"https:\/\/schema.org\",\"@graph\":[{\"@type\":\"WebPage\",\"@id\":\"https:\/\/cailapares.com\/fr\/acides-gras-distille-insatures\/\",\"url\":\"https:\/\/cailapares.com\/fr\/acides-gras-distille-insatures\/\",\"name\":\"Acides gras distill\u00e9 insatur\u00e9s | Cail\u00e0 & Par\u00e9s\",\"isPartOf\":{\"@id\":\"https:\/\/cailapares.com\/#website\"},\"datePublished\":\"2024-07-01T11:46:56+00:00\",\"description\":\"Vous recherchez un fournisseur d'acides gras insatur\u00e9s distill\u00e9s insatur\u00e9s? Acheter chez Cail\u00e0 & Par\u00e9s est synonyme de qualit\u00e9 et de confiance.\",\"inLanguage\":\"fr-FR\",\"potentialAction\":[{\"@type\":\"ReadAction\",\"target\":[\"https:\/\/cailapares.com\/fr\/acides-gras-distille-insatures\/\"]}]},{\"@type\":\"WebSite\",\"@id\":\"https:\/\/cailapares.com\/#website\",\"url\":\"https:\/\/cailapares.com\/\",\"name\":\"Caila\",\"description\":\"Otro sitio realizado con WordPress\",\"potentialAction\":[{\"@type\":\"SearchAction\",\"target\":{\"@type\":\"EntryPoint\",\"urlTemplate\":\"https:\/\/cailapares.com\/?s={search_term_string}\"},\"query-input\":{\"@type\":\"PropertyValueSpecification\",\"valueRequired\":true,\"valueName\":\"search_term_string\"}}],\"inLanguage\":\"fr-FR\"}]}<\/script>\n<!-- \/ Yoast SEO plugin. -->","yoast_head_json":{"title":"Acides gras distill\u00e9 insatur\u00e9s | Cail\u00e0 & Par\u00e9s","description":"Vous recherchez un fournisseur d'acides gras insatur\u00e9s distill\u00e9s insatur\u00e9s? Acheter chez Cail\u00e0 & Par\u00e9s est synonyme de qualit\u00e9 et de confiance.","robots":{"index":"index","follow":"follow","max-snippet":"max-snippet:-1","max-image-preview":"max-image-preview:large","max-video-preview":"max-video-preview:-1"},"canonical":"https:\/\/cailapares.com\/fr\/acides-gras-distille-insatures\/","og_locale":"fr_FR","og_type":"article","og_title":"Acides gras distill\u00e9 insatur\u00e9s | Cail\u00e0 & Par\u00e9s","og_description":"Vous recherchez un fournisseur d'acides gras insatur\u00e9s distill\u00e9s insatur\u00e9s? Acheter chez Cail\u00e0 & Par\u00e9s est synonyme de qualit\u00e9 et de confiance.","og_url":"https:\/\/cailapares.com\/fr\/acides-gras-distille-insatures\/","og_site_name":"Caila","twitter_card":"summary_large_image","twitter_misc":{"Dur\u00e9e de lecture estim\u00e9e":"3 minutes"},"schema":{"@context":"https:\/\/schema.org","@graph":[{"@type":"WebPage","@id":"https:\/\/cailapares.com\/fr\/acides-gras-distille-insatures\/","url":"https:\/\/cailapares.com\/fr\/acides-gras-distille-insatures\/","name":"Acides gras distill\u00e9 insatur\u00e9s | Cail\u00e0 & Par\u00e9s","isPartOf":{"@id":"https:\/\/cailapares.com\/#website"},"datePublished":"2024-07-01T11:46:56+00:00","description":"Vous recherchez un fournisseur d'acides gras insatur\u00e9s distill\u00e9s insatur\u00e9s? Acheter chez Cail\u00e0 & Par\u00e9s est synonyme de qualit\u00e9 et de confiance.","inLanguage":"fr-FR","potentialAction":[{"@type":"ReadAction","target":["https:\/\/cailapares.com\/fr\/acides-gras-distille-insatures\/"]}]},{"@type":"WebSite","@id":"https:\/\/cailapares.com\/#website","url":"https:\/\/cailapares.com\/","name":"Caila","description":"Otro sitio realizado con WordPress","potentialAction":[{"@type":"SearchAction","target":{"@type":"EntryPoint","urlTemplate":"https:\/\/cailapares.com\/?s={search_term_string}"},"query-input":{"@type":"PropertyValueSpecification","valueRequired":true,"valueName":"search_term_string"}}],"inLanguage":"fr-FR"}]}},"_links":{"self":[{"href":"https:\/\/cailapares.com\/fr\/wp-json\/wp\/v2\/pages\/153","targetHints":{"allow":["GET"]}}],"collection":[{"href":"https:\/\/cailapares.com\/fr\/wp-json\/wp\/v2\/pages"}],"about":[{"href":"https:\/\/cailapares.com\/fr\/wp-json\/wp\/v2\/types\/page"}],"author":[{"embeddable":true,"href":"https:\/\/cailapares.com\/fr\/wp-json\/wp\/v2\/users\/1"}],"replies":[{"embeddable":true,"href":"https:\/\/cailapares.com\/fr\/wp-json\/wp\/v2\/comments?post=153"}],"version-history":[{"count":1,"href":"https:\/\/cailapares.com\/fr\/wp-json\/wp\/v2\/pages\/153\/revisions"}],"predecessor-version":[{"id":160,"href":"https:\/\/cailapares.com\/fr\/wp-json\/wp\/v2\/pages\/153\/revisions\/160"}],"wp:attachment":[{"href":"https:\/\/cailapares.com\/fr\/wp-json\/wp\/v2\/media?parent=153"}],"curies":[{"name":"wp","href":"https:\/\/api.w.org\/{rel}","templated":true}]}}