{"id":130,"date":"2024-07-01T12:15:19","date_gmt":"2024-07-01T12:15:19","guid":{"rendered":"https:\/\/cailapares.com\/aceites-vegetales\/"},"modified":"2022-10-31T11:32:19","modified_gmt":"2022-10-31T11:32:19","slug":"huiles-vegetales","status":"publish","type":"page","link":"https:\/\/cailapares.com\/fr\/huiles-vegetales\/","title":{"rendered":"Huiles v\u00e9g\u00e9tales"},"content":{"rendered":"<h2>Que sont les huiles v\u00e9g\u00e9tales<\/h2>\n<p>Les huiles v\u00e9g\u00e9tales sont un produit naturel compos\u00e9 de divers acides gras obtenus sous pression, offrant de nombreuses propri\u00e9t\u00e9s et utilisations, notamment dans des secteurs tels que la cosm\u00e9tique et l&rsquo;obtention de produits cosm\u00e9tiques naturels tr\u00e8s efficaces.<\/p>\n<p>Un autre avantage remarquable par rapport \u00e0 d&rsquo;autres huiles, comme les huiles essentielles, est que les huiles v\u00e9g\u00e9tales ne n\u00e9cessitent pas certaines pr\u00e9cautions lors de l&rsquo;utilisation de ce type d&rsquo;huile.<\/p>\n<h2>Comment les huiles v\u00e9g\u00e9tales sont-elles obtenues?<\/h2>\n<p>Les huiles v\u00e9g\u00e9tales sont obtenues par pression \u00e0 froid ou \u00e0 chaud. D&rsquo;autre part, elles peuvent \u00e9galement \u00eatre obtenues par extraction, mais il est pr\u00e9f\u00e9rable d&rsquo;opter pour des huiles v\u00e9g\u00e9tales press\u00e9es \u00e0 froid.<\/p>\n<h2>Applications pour les huiles v\u00e9g\u00e9tales<\/h2>\n<p>Les utilisations dans le secteur des cosm\u00e9tiques sont g\u00e9n\u00e9ralement un ingr\u00e9dient important dans la production de cr\u00e8mes et de savons artisanaux. En outre, elle est souvent combin\u00e9e \u00e0 d&rsquo;autres huiles pour fabriquer des produits tels que des lotions ou des hydratants naturels pour la peau.<\/p>\n<p>On trouve \u00e9galement des huiles v\u00e9g\u00e9tales comme l&rsquo;huile de coco ou l&rsquo;huile de lin qui sont vendues pour le secteur alimentaire.<\/p>\n<h3>Huiles v\u00e9g\u00e9tales de table<\/h3>\n<div style=\"font-size: small;overflow-x:scroll;\">\n<table width=\"840\" cellspacing=\"0\" cellpadding=\"5\" border=\"1\" align=\"center\">\n<tbody>\n<tr>\n<td bgcolor=\"#D2D2D2\" colspan=\"2\">ORIGIN<\/td>\n<td valign=\"middle\" bgcolor=\"#D2D2D2\" align=\"center\" colspan=\"3\">LINSEED OIL<\/td>\n<td width=\"100\" valign=\"middle\" bgcolor=\"#D2D2D2\" align=\"center\">COCONUT<\/td>\n<td width=\"100\" valign=\"middle\" bgcolor=\"#D2D2D2\" align=\"center\">CASTOR OIL<\/td>\n<\/tr>\n<tr>\n<td bgcolor=\"#EBEBEB\">\n<p>ANALISYS METHOD<\/p>\n<\/td>\n<td width=\"100\" bgcolor=\"#EBEBEB\">UNITS<\/td>\n<td width=\"100\" bgcolor=\"#EBEBEB\">LINOCYP C<\/td>\n<td width=\"100\" bgcolor=\"#EBEBEB\">LINOCYP N<\/td>\n<td width=\"100\" valign=\"top\" bgcolor=\"#EBEBEB\">LINOCYP B<\/td>\n<td width=\"100\" bgcolor=\"#EBEBEB\">COCOCYP RNT<\/td>\n<td width=\"100\" bgcolor=\"#EBEBEB\">RICYP F<\/td>\n<\/tr>\n<tr>\n<td bgcolor=\"#EBEBEB\">COLOUR<br \/>\n            AOCS Td 1 a 64<\/td>\n<td bgcolor=\"#EBEBEB\">GARDNER<\/td>\n<td>MAX. 13<\/td>\n<td>MAX. 5<\/td>\n<td valign=\"middle\" align=\"left\">MAX. 13<\/td>\n<td>MAX. 2<\/td>\n<td>MAX. 4<\/td>\n<\/tr>\n<tr>\n<td bgcolor=\"#EBEBEB\">ACID VALUE<br \/>\n            ISO 660<\/td>\n<td bgcolor=\"#EBEBEB\">mg KOH\/gr.<\/td>\n<td>MAX. 4<\/td>\n<td>MAX. 1<\/td>\n<td valign=\"middle\" align=\"left\">MAX. 5<\/td>\n<td>MAX. 0,4<\/td>\n<td bgcolor=\"#FFFFFF\">MAX. 3<\/td>\n<\/tr>\n<tr>\n<td bgcolor=\"#EBEBEB\">SAPONIFICATION VALUE<br \/>\n            ISO 3657<\/td>\n<td bgcolor=\"#EBEBEB\">mg KOH\/gr.<\/td>\n<td>188-195<\/td>\n<td>188-195<\/td>\n<td valign=\"middle\" align=\"left\">185-195<\/td>\n<td>250-265<\/td>\n<td bgcolor=\"#FFFFFF\">175-185<\/td>\n<\/tr>\n<tr>\n<td bgcolor=\"#EBEBEB\">IODINE VALUE<br \/>\n            ISO 3961<\/td>\n<td bgcolor=\"#EBEBEB\">gr.l\/100 gr.<\/td>\n<td>MIN. 175<\/td>\n<td>MIN. 175<\/td>\n<td valign=\"middle\" align=\"left\">MIN. 170<\/td>\n<td>7-12<\/td>\n<td bgcolor=\"#FFFFFF\">80-90<\/td>\n<\/tr>\n<tr>\n<td bgcolor=\"#EBEBEB\">MELTING POINT<br \/>\n            ISO 6321<\/td>\n<td bgcolor=\"#EBEBEB\">&ordm; C<\/td>\n<td>&#8211;<\/td>\n<td>&#8211;<\/td>\n<td valign=\"middle\" align=\"left\">&#8211;<\/td>\n<td>24-27<\/td>\n<td bgcolor=\"#FFFFFF\">&#8211;<\/td>\n<\/tr>\n<tr>\n<td bgcolor=\"#EBEBEB\">REFRACTIVE INDEX<br \/>\n            UNE 55015<\/td>\n<td bgcolor=\"#EBEBEB\">a\/at 20&ordm;C<\/td>\n<td>1,479-1,484<\/td>\n<td>1,479-1,484<\/td>\n<td valign=\"middle\" align=\"left\">1,479-1,484<\/td>\n<td>&#8211;<\/td>\n<td bgcolor=\"#FFFFFF\">1,476-1,481<\/td>\n<\/tr>\n<tr>\n<td bgcolor=\"#EBEBEB\">PEROXIDE VALUE<br \/>\n            ISO 3960<\/td>\n<td bgcolor=\"#EBEBEB\">meq\/kg<\/td>\n<td>&#8211;<\/td>\n<td>&#8211;<\/td>\n<td valign=\"middle\" align=\"left\">&#8211;<\/td>\n<td>MAX. 1<\/td>\n<td bgcolor=\"#FFFFFF\">&#8211;<\/td>\n<\/tr>\n<\/tbody>\n<\/table>\n<\/div>\n<p>&nbsp;<\/p>\n<table width=\"840\" cellspacing=\"0\" cellpadding=\"0\" border=\"0\" align=\"center\">\n<tbody>\n<tr>\n<td><span style=\"color: rgb(0, 3, 119);\">GAS CHROMATOGRAPHY<\/span>&nbsp;<\/td>\n<td valign=\"middle\" align=\"right\"><span style=\"color: rgb(0, 3, 119);\">ISO 5508\/12966-2<\/span><\/td>\n<\/tr>\n<\/tbody>\n<\/table>\n<p>&nbsp;<\/p>\n<div style=\"overflow-x:scroll;\">\n<table width=\"840\" cellspacing=\"0\" cellpadding=\"5\" border=\"1\" align=\"center\">\n<tbody>\n<tr>\n<td bgcolor=\"#EBEBEB\">\n<table width=\"100%\" cellspacing=\"0\" cellpadding=\"0\" border=\"0\">\n<tbody>\n<tr>\n<td width=\"250\">CAPROIC ACID<\/td>\n<td width=\"80\">C-6<\/td>\n<td>%<\/td>\n<\/tr>\n<\/tbody>\n<\/table>\n<\/td>\n<td width=\"100\" valign=\"middle\" align=\"left\">&#8211;<\/td>\n<td width=\"100\">&#8211;<\/td>\n<td width=\"100\">&#8211;<\/td>\n<td width=\"100\">MAX. 1<\/td>\n<td width=\"100\">&#8211;<\/td>\n<\/tr>\n<tr>\n<td bgcolor=\"#EBEBEB\">\n<table width=\"100%\" cellspacing=\"0\" cellpadding=\"0\" border=\"0\">\n<tbody>\n<tr>\n<td width=\"250\">CAPRILIC ACID<\/td>\n<td width=\"80\">C-8<\/td>\n<td>%<\/td>\n<\/tr>\n<\/tbody>\n<\/table>\n<\/td>\n<td valign=\"middle\" align=\"left\">&#8211;<\/td>\n<td>&#8211;<\/td>\n<td>&#8211;<\/td>\n<td>4-9<\/td>\n<td>&#8211;<\/td>\n<\/tr>\n<tr>\n<td bgcolor=\"#EBEBEB\">\n<table width=\"100%\" cellspacing=\"0\" cellpadding=\"0\" border=\"0\">\n<tbody>\n<tr>\n<td width=\"250\">CAPRIC ACID<\/td>\n<td width=\"80\">C-10<\/td>\n<td>%<\/td>\n<\/tr>\n<\/tbody>\n<\/table>\n<\/td>\n<td valign=\"middle\" align=\"left\">&#8211;<\/td>\n<td>&#8211;<\/td>\n<td>&#8211;<\/td>\n<td>3-8<\/td>\n<td>&#8211;<\/td>\n<\/tr>\n<tr>\n<td bgcolor=\"#EBEBEB\">\n<table width=\"100%\" cellspacing=\"0\" cellpadding=\"0\" border=\"0\">\n<tbody>\n<tr>\n<td width=\"250\">LAURIC ACID<\/td>\n<td width=\"80\">C-12<\/td>\n<td>%<\/td>\n<\/tr>\n<\/tbody>\n<\/table>\n<\/td>\n<td valign=\"middle\" align=\"left\">&#8211;<\/td>\n<td>&#8211;<\/td>\n<td>&#8211;<\/td>\n<td>42-52<\/td>\n<td>&#8211;<\/td>\n<\/tr>\n<tr>\n<td bgcolor=\"#EBEBEB\">\n<table width=\"100%\" cellspacing=\"0\" cellpadding=\"0\" border=\"0\">\n<tbody>\n<tr>\n<td width=\"250\">MYRISTIC ACID<\/td>\n<td width=\"80\">C-14<\/td>\n<td>%<\/td>\n<\/tr>\n<\/tbody>\n<\/table>\n<\/td>\n<td valign=\"middle\" align=\"left\">&#8211;<\/td>\n<td>&#8211;<\/td>\n<td>&#8211;<\/td>\n<td>16-21<\/td>\n<td>&#8211;<\/td>\n<\/tr>\n<tr>\n<td bgcolor=\"#EBEBEB\">\n<table width=\"100%\" cellspacing=\"0\" cellpadding=\"0\" border=\"0\">\n<tbody>\n<tr>\n<td width=\"250\">PALMITIC ACID<\/td>\n<td width=\"80\">C-16<\/td>\n<td>%<\/td>\n<\/tr>\n<\/tbody>\n<\/table>\n<\/td>\n<td valign=\"middle\" align=\"left\">4-8<\/td>\n<td>4-8<\/td>\n<td>&#8211;<\/td>\n<td>7-12<\/td>\n<td>1-3<\/td>\n<\/tr>\n<tr>\n<td bgcolor=\"#EBEBEB\">\n<table width=\"100%\" cellspacing=\"0\" cellpadding=\"0\" border=\"0\">\n<tbody>\n<tr>\n<td width=\"250\">STEARIC ACID<\/td>\n<td width=\"80\">C-18<\/td>\n<td>%<\/td>\n<\/tr>\n<\/tbody>\n<\/table>\n<\/td>\n<td valign=\"middle\" align=\"left\">2-6<\/td>\n<td>2-6<\/td>\n<td>&#8211;<\/td>\n<td>2-5<\/td>\n<td>1-3<\/td>\n<\/tr>\n<tr>\n<td bgcolor=\"#EBEBEB\">\n<table width=\"100%\" cellspacing=\"0\" cellpadding=\"0\" border=\"0\">\n<tbody>\n<tr>\n<td width=\"250\">OLEIC ACID<\/td>\n<td width=\"80\">C-18:1<\/td>\n<td>%<\/td>\n<\/tr>\n<\/tbody>\n<\/table>\n<\/td>\n<td valign=\"middle\" align=\"left\">16-23<\/td>\n<td>16-23<\/td>\n<td>&#8211;<\/td>\n<td>6-10<\/td>\n<td>4-7<\/td>\n<\/tr>\n<tr>\n<td bgcolor=\"#EBEBEB\">\n<table width=\"100%\" cellspacing=\"0\" cellpadding=\"0\" border=\"0\">\n<tbody>\n<tr>\n<td width=\"250\">LINOLEIC ACID<\/td>\n<td width=\"80\">C-18:2<\/td>\n<td>%<\/td>\n<\/tr>\n<\/tbody>\n<\/table>\n<\/td>\n<td valign=\"middle\" align=\"left\">13-18<\/td>\n<td>13-18<\/td>\n<td>&#8211;<\/td>\n<td>1-3<\/td>\n<td>5-8<\/td>\n<\/tr>\n<tr>\n<td bgcolor=\"#EBEBEB\">\n<table width=\"100%\" cellspacing=\"0\" cellpadding=\"0\" border=\"0\">\n<tbody>\n<tr>\n<td width=\"250\">LINOLENIC ACID<\/td>\n<td width=\"80\">C-18:3<\/td>\n<td>%<\/td>\n<\/tr>\n<\/tbody>\n<\/table>\n<\/td>\n<td valign=\"middle\" align=\"left\">50-60<\/td>\n<td>50-60<\/td>\n<td>&#8211;<\/td>\n<td>&#8211;<\/td>\n<td>MAX. 2<\/td>\n<\/tr>\n<tr>\n<td bgcolor=\"#EBEBEB\">\n<table width=\"100%\" cellspacing=\"0\" cellpadding=\"0\" border=\"0\">\n<tbody>\n<tr>\n<td width=\"250\">OTHER FATTY ACIDS<\/td>\n<td width=\"80\">&nbsp;<\/td>\n<td>%<\/td>\n<\/tr>\n<\/tbody>\n<\/table>\n<\/td>\n<td valign=\"middle\" align=\"left\">MAX. 1<\/td>\n<td>MAX. 1<\/td>\n<td>&#8211;<\/td>\n<td>&#8211;<\/td>\n<td>&#8211;<\/td>\n<\/tr>\n<tr>\n<td bgcolor=\"#EBEBEB\">\n<table width=\"100%\" cellspacing=\"0\" cellpadding=\"0\" border=\"0\">\n<tbody>\n<tr>\n<td width=\"250\">RICINOLEIC ACID<\/td>\n<td width=\"80\">&nbsp;C-18:1OH<\/td>\n<td>%<\/td>\n<\/tr>\n<\/tbody>\n<\/table>\n<\/td>\n<td valign=\"middle\" align=\"left\">&#8211;<\/td>\n<td>&#8211;<\/td>\n<td>&#8211;<\/td>\n<td>&#8211;<\/td>\n<td>MIN. 80<\/td>\n<\/tr>\n<\/tbody>\n<\/table>\n<\/div>\n","protected":false},"excerpt":{"rendered":"<p>Que sont les huiles v\u00e9g\u00e9tales Les huiles v\u00e9g\u00e9tales sont un produit naturel compos\u00e9 de divers acides gras obtenus sous pression, offrant de nombreuses propri\u00e9t\u00e9s et utilisations, notamment dans des secteurs tels que la cosm\u00e9tique et l&rsquo;obtention de produits cosm\u00e9tiques naturels tr\u00e8s efficaces. Un autre avantage remarquable par rapport \u00e0 d&rsquo;autres huiles, comme les huiles essentielles,&#8230;<\/p>\n","protected":false},"author":1,"featured_media":0,"parent":0,"menu_order":0,"comment_status":"closed","ping_status":"closed","template":"","meta":{"footnotes":""},"class_list":["post-130","page","type-page","status-publish","hentry"],"yoast_head":"<!-- This site is optimized with the Yoast SEO plugin v25.9 - https:\/\/yoast.com\/wordpress\/plugins\/seo\/ -->\n<title>Huiles v\u00e9g\u00e9tales : Types et propri\u00e9t\u00e9s | Cail\u00e0 &amp; Par\u00e9s<\/title>\n<meta name=\"description\" content=\"Trouvez des huiles v\u00e9g\u00e9tales chez Cail\u00e0&amp;Par\u00e9s, un fournisseur international de produits ol\u00e9ochimiques de qualit\u00e9 pour votre entreprise.\" \/>\n<meta name=\"robots\" content=\"index, follow, max-snippet:-1, max-image-preview:large, max-video-preview:-1\" \/>\n<link rel=\"canonical\" href=\"https:\/\/cailapares.com\/fr\/huiles-vegetales\/\" \/>\n<meta property=\"og:locale\" content=\"fr_FR\" \/>\n<meta property=\"og:type\" content=\"article\" \/>\n<meta property=\"og:title\" content=\"Huiles v\u00e9g\u00e9tales : Types et propri\u00e9t\u00e9s | Cail\u00e0 &amp; Par\u00e9s\" \/>\n<meta property=\"og:description\" content=\"Trouvez des huiles v\u00e9g\u00e9tales chez Cail\u00e0&amp;Par\u00e9s, un fournisseur international de produits ol\u00e9ochimiques de qualit\u00e9 pour votre entreprise.\" \/>\n<meta property=\"og:url\" content=\"https:\/\/cailapares.com\/fr\/huiles-vegetales\/\" \/>\n<meta property=\"og:site_name\" content=\"Caila\" \/>\n<meta name=\"twitter:card\" content=\"summary_large_image\" \/>\n<meta name=\"twitter:label1\" content=\"Dur\u00e9e de lecture estim\u00e9e\" \/>\n\t<meta name=\"twitter:data1\" content=\"2 minutes\" \/>\n<script type=\"application\/ld+json\" class=\"yoast-schema-graph\">{\"@context\":\"https:\/\/schema.org\",\"@graph\":[{\"@type\":\"WebPage\",\"@id\":\"https:\/\/cailapares.com\/fr\/huiles-vegetales\/\",\"url\":\"https:\/\/cailapares.com\/fr\/huiles-vegetales\/\",\"name\":\"Huiles v\u00e9g\u00e9tales : Types et propri\u00e9t\u00e9s | Cail\u00e0 & Par\u00e9s\",\"isPartOf\":{\"@id\":\"https:\/\/cailapares.com\/#website\"},\"datePublished\":\"2024-07-01T12:15:19+00:00\",\"description\":\"Trouvez des huiles v\u00e9g\u00e9tales chez Cail\u00e0&Par\u00e9s, un fournisseur international de produits ol\u00e9ochimiques de qualit\u00e9 pour votre entreprise.\",\"inLanguage\":\"fr-FR\",\"potentialAction\":[{\"@type\":\"ReadAction\",\"target\":[\"https:\/\/cailapares.com\/fr\/huiles-vegetales\/\"]}]},{\"@type\":\"WebSite\",\"@id\":\"https:\/\/cailapares.com\/#website\",\"url\":\"https:\/\/cailapares.com\/\",\"name\":\"Caila\",\"description\":\"Otro sitio realizado con WordPress\",\"potentialAction\":[{\"@type\":\"SearchAction\",\"target\":{\"@type\":\"EntryPoint\",\"urlTemplate\":\"https:\/\/cailapares.com\/?s={search_term_string}\"},\"query-input\":{\"@type\":\"PropertyValueSpecification\",\"valueRequired\":true,\"valueName\":\"search_term_string\"}}],\"inLanguage\":\"fr-FR\"}]}<\/script>\n<!-- \/ Yoast SEO plugin. -->","yoast_head_json":{"title":"Huiles v\u00e9g\u00e9tales : Types et propri\u00e9t\u00e9s | Cail\u00e0 & Par\u00e9s","description":"Trouvez des huiles v\u00e9g\u00e9tales chez Cail\u00e0&Par\u00e9s, un fournisseur international de produits ol\u00e9ochimiques de qualit\u00e9 pour votre entreprise.","robots":{"index":"index","follow":"follow","max-snippet":"max-snippet:-1","max-image-preview":"max-image-preview:large","max-video-preview":"max-video-preview:-1"},"canonical":"https:\/\/cailapares.com\/fr\/huiles-vegetales\/","og_locale":"fr_FR","og_type":"article","og_title":"Huiles v\u00e9g\u00e9tales : Types et propri\u00e9t\u00e9s | Cail\u00e0 & Par\u00e9s","og_description":"Trouvez des huiles v\u00e9g\u00e9tales chez Cail\u00e0&Par\u00e9s, un fournisseur international de produits ol\u00e9ochimiques de qualit\u00e9 pour votre entreprise.","og_url":"https:\/\/cailapares.com\/fr\/huiles-vegetales\/","og_site_name":"Caila","twitter_card":"summary_large_image","twitter_misc":{"Dur\u00e9e de lecture estim\u00e9e":"2 minutes"},"schema":{"@context":"https:\/\/schema.org","@graph":[{"@type":"WebPage","@id":"https:\/\/cailapares.com\/fr\/huiles-vegetales\/","url":"https:\/\/cailapares.com\/fr\/huiles-vegetales\/","name":"Huiles v\u00e9g\u00e9tales : Types et propri\u00e9t\u00e9s | Cail\u00e0 & Par\u00e9s","isPartOf":{"@id":"https:\/\/cailapares.com\/#website"},"datePublished":"2024-07-01T12:15:19+00:00","description":"Trouvez des huiles v\u00e9g\u00e9tales chez Cail\u00e0&Par\u00e9s, un fournisseur international de produits ol\u00e9ochimiques de qualit\u00e9 pour votre entreprise.","inLanguage":"fr-FR","potentialAction":[{"@type":"ReadAction","target":["https:\/\/cailapares.com\/fr\/huiles-vegetales\/"]}]},{"@type":"WebSite","@id":"https:\/\/cailapares.com\/#website","url":"https:\/\/cailapares.com\/","name":"Caila","description":"Otro sitio realizado con WordPress","potentialAction":[{"@type":"SearchAction","target":{"@type":"EntryPoint","urlTemplate":"https:\/\/cailapares.com\/?s={search_term_string}"},"query-input":{"@type":"PropertyValueSpecification","valueRequired":true,"valueName":"search_term_string"}}],"inLanguage":"fr-FR"}]}},"_links":{"self":[{"href":"https:\/\/cailapares.com\/fr\/wp-json\/wp\/v2\/pages\/130","targetHints":{"allow":["GET"]}}],"collection":[{"href":"https:\/\/cailapares.com\/fr\/wp-json\/wp\/v2\/pages"}],"about":[{"href":"https:\/\/cailapares.com\/fr\/wp-json\/wp\/v2\/types\/page"}],"author":[{"embeddable":true,"href":"https:\/\/cailapares.com\/fr\/wp-json\/wp\/v2\/users\/1"}],"replies":[{"embeddable":true,"href":"https:\/\/cailapares.com\/fr\/wp-json\/wp\/v2\/comments?post=130"}],"version-history":[{"count":1,"href":"https:\/\/cailapares.com\/fr\/wp-json\/wp\/v2\/pages\/130\/revisions"}],"predecessor-version":[{"id":132,"href":"https:\/\/cailapares.com\/fr\/wp-json\/wp\/v2\/pages\/130\/revisions\/132"}],"wp:attachment":[{"href":"https:\/\/cailapares.com\/fr\/wp-json\/wp\/v2\/media?parent=130"}],"curies":[{"name":"wp","href":"https:\/\/api.w.org\/{rel}","templated":true}]}}