{"id":319,"date":"2024-07-01T12:19:42","date_gmt":"2024-07-01T12:19:42","guid":{"rendered":"https:\/\/cailapares.com\/acido-grasos-sebo\/"},"modified":"2022-12-21T12:02:15","modified_gmt":"2022-12-21T12:02:15","slug":"tallow-fatty-acid","status":"publish","type":"page","link":"https:\/\/cailapares.com\/en\/tallow-fatty-acid\/","title":{"rendered":"Tallow Fatty Acid"},"content":{"rendered":"<p><img decoding=\"async\" class=\"alignright wp-image-906\" src=\"\/wp-content\/uploads\/2015\/01\/aceite-ricino.jpg\" alt=\"aceite de ricino\" width=\"329\" \/><\/p>\n<h2 style=\"text-align: justify;\">What are tallow fatty acids?<\/h2>\n<p style=\"text-align: justify;\"><strong>Tallow fatty acids<\/strong> are a family of fatty acids derived mainly from animal fat, more particularly of bovine origin. These acids are a mixture of saturated fatty acids (as myristic, palmitic and stearic) and unsaturated (such as palmitoleic, oleic and linoleic).<br \/>\nSuch acids can be marketed <strong>retaining the same fatty acid distribution of tallow<\/strong>, or can be performed prior to distillation partial hydrogenation that increases the stability of the product. Depending on their use and application we will opt for one or the other.<br \/>\nFor total hydrogenation prior to distillation, animal stearic acid is obtained. Other fatty acids present in smaller amounts are:<\/p>\n<ul>\n<li style=\"text-align: justify;\"><a href=\"\/en\/palmitic-acid\/\"> <strong>Palmitic acid <\/strong><\/a>(1-3%)<\/li>\n<li style=\"text-align: justify;\"><a href=\"\/en\/stearic-acid\/\"><strong>Stearic acid<\/strong><\/a> (1-3%)<\/li>\n<li style=\"text-align: justify;\"><a href=\"\/en\/oleic-acid\/\"><strong>Oleic acid<\/strong><\/a> (4-7%)<\/li>\n<li style=\"text-align: justify;\"><a href=\"\/en\/linoleic-acid\/\"><strong>Linoleic acid<\/strong><\/a> (5-8%)<\/li>\n<li style=\"text-align: justify;\"><a href=\"\/en\/linolenic-acid\/\"><strong>Linolenic acid<\/strong><\/a> (0-2%)<\/li>\n<\/ul>\n<ul style=\"text-align: justify;\">\n<li>CAS: 61790-37-2 \/ 67701-06-8 \/ 67701-03-5<\/li>\n<li>EC number: 263-129-3 \/ 266-930-6 \/ 266-928-5<\/li>\n<\/ul>\n<h3>Origin of tallow fatty acid and how it is obtained<\/h3>\n<p>It is obtained by pressing and\/or <strong>solvent extraction from the seeds of the shrubby castor bean plant<\/strong> (Ricinus communis), native to the Mediterranean basin, but distributed worldwide and extensively exploited globally. The seeds contain ricin, a potent plant toxin that is easily extracted due to its water solubility.<\/p>\n<h3>Applications, uses and properties of ricinoleic acid<\/h3>\n<p><img loading=\"lazy\" decoding=\"async\" class=\"alignright size-full wp-image-5601\" src=\"\/wp-content\/uploads\/2019\/11\/acido-ricinoleico-217x300.jpg\" alt=\"d\u00f3nde comprar el \u00e1cido ricinoleico\" width=\"253\" height=\"350\" \/>Tallor fatty oil is a very pale yellow liquid at room temperature. It has a very characteristic and unpleasant odour and taste.<\/p>\n<p>The multiple uses of ricino oil make it one of the star ingredients in a variety of industries that use oleochemicals.<\/p>\n<p>Ricinoleic acid, thanks to the particularity of the presence of its hydroxyl functional group, has a higher polarity than any other similar fatty acid, as well as an obvious higher reactivity. It is also a fatty acid that can be derived much more easily.<\/p>\n<p>Its applications and uses are very diverse, including: <em>soaps, lubricants, brake fluids, hydraulic fluids, paints, dyes, enamels, varnishes, coatings, plastic precursors, polishes<\/em>, among many others.<\/p>\n<p>Other uses<em> include: food, medical, veterinary, additives, binders, plasticisers, dispersants, emulsifiers, detergents, softeners, esters, polymers<\/em>,&#8230;<\/p>\n<p><img loading=\"lazy\" decoding=\"async\" class=\"alignright size-full wp-image-5602\" src=\"\/wp-content\/uploads\/2019\/11\/donde-comprar-aceite-ricino.jpg\" alt=\"Donde comprar el aceite de ricino\" width=\"203\" height=\"340\" \/>The multiplicity of areas where ricino oil can be applied therefore underlines the value and strength of this substance for different purposes and uses.<\/p>\n<p><strong>Oleochemicals are an increasingly popular alternative due to their versatility, quality and cost-effectiveness compared to conventional substances and media<\/strong>. Producing products and finishes with natural substances is considerably more economical, but it is also more effective, which is why various industries are opting for oleochemicals due to their versatility and the advantages they provide to the consumer.<\/p>\n<p>Oleochemicals are a guarantee of quality, efficacy and are environmentally friendly. They are an alternative that is becoming more and more consolidated thanks to the advantages they offer. Oleochemicals are, therefore, an ideal solution for treating and supplying different needs and shortages in all types of industries.<\/p>\n<h4>Medical uses of ricino oil or ricinoleic acid<\/h4>\n<p>This type of oil is often used for different uses or applications in the medical or aesthetic sector, solving problems such as arthritis, relieving areas affected by pain, eliminating dead skin from different areas of our body or even helping to eliminate moles on our skin.<\/p>\n<p>It can also be a possible solution to dark circles under the eyes, helping to reduce them with a few drops of this oil.<\/p>\n<div>\n<h3>Fatty acid composition of ricino oil<\/h3>\n<table>\n<tbody>\n<tr>\n<td style=\"text-align: center;\"><strong>Name of the acid<\/strong><\/td>\n<td style=\"text-align: center;\" colspan=\"3\"><strong>Percentage range<\/strong><\/td>\n<\/tr>\n<tr>\n<td align=\"center\">Ricinoleic acid<\/td>\n<td align=\"center\">85 &#8211; 95%<\/td>\n<\/tr>\n<tr>\n<td align=\"center\">Oleic acid<\/td>\n<td align=\"center\">1 &#8211; 6%<\/td>\n<\/tr>\n<tr>\n<td align=\"center\">Linoleic acid<\/td>\n<td align=\"center\">1 &#8211; 5%<\/td>\n<\/tr>\n<tr>\n<td align=\"center\">Linolenic acid<\/td>\n<td align=\"center\">0,5 &#8211; 2%<\/td>\n<\/tr>\n<tr>\n<td align=\"center\">Stearic acid<\/td>\n<td align=\"center\">0,5 &#8211; 1%<\/td>\n<\/tr>\n<tr>\n<td align=\"center\">Palmitic acid<\/td>\n<td align=\"center\">0,5 &#8211; 1%<\/td>\n<\/tr>\n<tr>\n<td align=\"center\">Dihydroxystearic acid<\/td>\n<td align=\"center\">0,3 &#8211; 0,5%<\/td>\n<\/tr>\n<tr>\n<td align=\"center\">Others<\/td>\n<td align=\"center\">0,2 &#8211; 0,5%<\/td>\n<\/tr>\n<\/tbody>\n<\/table>\n<\/div>\n<h3>Ricinoleic acid products and presentations<\/h3>\n<p>Rininoleic Oil: RICYP F<br \/>\nEach and every one of the products we supply can be supplied in 180 kg drums, 850 kg containers or in bulk tanks. For more information on where to buy ricinoleic acid, you can contact us through our web form or by telephone.<\/p>\n<p>Discover our different types of acids and oils that you can purchase in our company from the following links:<\/p>\n<div class=\"clearfix\">\n<div class=\"half\">\n<ul>\n<li><i><a href=\"\/en\/caprylic-acid-capric\/\">Capric and caprylic acid for sale<\/a><\/i><\/li>\n<li><i><a href=\"\/en\/lauric-acid\/\">Buy Lauric Acid<\/a><\/i><\/li>\n<li><i><a href=\"\/en\/palmitic-acid\/\">Palmitic Acid<\/a><\/i><\/li>\n<li><i><a href=\"\/en\/palm-stearin\/\">Palm stearin for sale<\/a><\/i><\/li>\n<li><i><a href=\"\/en\/stearic-acid\/\">Buy Stearic Acid<\/a><\/i><\/li>\n<li><i><a href=\"\/en\/oleic-acid\/\">Oleic acid to buy<\/a><\/i><\/li>\n<li><i><a href=\"\/en\/linolenic-acid\/\">Linolenic Acid for sale<\/a><\/i><\/li>\n<li><i><a href=\"\/en\/linoleic-acid\/\">Linoleic acid uses<\/a><\/i><\/li>\n<\/ul>\n<\/div>\n<div class=\"half last\">\n<ul>\n<li><i><a href=\"\/en\/linseed-oil\/\">Linseed oil for sale<\/a><\/i><\/li>\n<li><i><a href=\"\/en\/palm-oil\/\">Buy Palm oil<\/a><\/i><\/li>\n<li><i><a href=\"\/en\/coconut-oil\/\">Coconut oil<\/a><\/i><\/li>\n<li><i><a href=\"\/en\/soy-oil\/\">Soy oil for sale<\/a><\/i><\/li>\n<li><i><a href=\"\/en\/linseed-fatty-acids\/\">Buy Linseed fatty acids<\/a><\/i><\/li>\n<li><i><a href=\"\/en\/glycerin\/\">Buy glycerol<\/a><\/i><\/li>\n<li><i><a href=\"\/en\/sunflower-oil\/\">Sunflower oil for sale<\/a><\/i><\/li>\n<li><i><a href=\"\/en\/castor-oil\/\">Castor oil manufacturers<\/a><\/i><\/li>\n<\/ul>\n<\/div>\n<\/div>\n","protected":false},"excerpt":{"rendered":"<p>What are tallow fatty acids? Tallow fatty acids are a family of fatty acids derived mainly from animal fat, more particularly of bovine origin. These acids are a mixture of saturated fatty acids (as myristic, palmitic and stearic) and unsaturated (such as palmitoleic, oleic and linoleic). Such acids can be marketed retaining the same fatty&#8230;<\/p>\n","protected":false},"author":1,"featured_media":0,"parent":0,"menu_order":0,"comment_status":"closed","ping_status":"closed","template":"","meta":{"footnotes":""},"class_list":["post-319","page","type-page","status-publish","hentry"],"yoast_head":"<!-- This site is optimized with the Yoast SEO plugin v25.9 - https:\/\/yoast.com\/wordpress\/plugins\/seo\/ -->\n<title>Tallow Fatty Acid - Cail\u00e0 &amp; Par\u00e9s<\/title>\n<meta name=\"description\" content=\"Buy Tallow fatty acids from Cail\u00e0&amp;Par\u00e9s, your oleochemical products company. You have all the information about this product in this result.\" \/>\n<meta name=\"robots\" content=\"index, follow, max-snippet:-1, max-image-preview:large, max-video-preview:-1\" \/>\n<link rel=\"canonical\" href=\"https:\/\/cailapares.com\/en\/tallow-fatty-acid\/\" \/>\n<meta property=\"og:locale\" content=\"en_US\" \/>\n<meta property=\"og:type\" content=\"article\" \/>\n<meta property=\"og:title\" content=\"Tallow Fatty Acid - Cail\u00e0 &amp; Par\u00e9s\" \/>\n<meta property=\"og:description\" content=\"Buy Tallow fatty acids from Cail\u00e0&amp;Par\u00e9s, your oleochemical products company. You have all the information about this product in this result.\" \/>\n<meta property=\"og:url\" content=\"https:\/\/cailapares.com\/en\/tallow-fatty-acid\/\" \/>\n<meta property=\"og:site_name\" content=\"Caila\" \/>\n<meta name=\"twitter:card\" content=\"summary_large_image\" \/>\n<meta name=\"twitter:label1\" content=\"Est. reading time\" \/>\n\t<meta name=\"twitter:data1\" content=\"3 minutes\" \/>\n<script type=\"application\/ld+json\" class=\"yoast-schema-graph\">{\"@context\":\"https:\/\/schema.org\",\"@graph\":[{\"@type\":\"WebPage\",\"@id\":\"https:\/\/cailapares.com\/en\/tallow-fatty-acid\/\",\"url\":\"https:\/\/cailapares.com\/en\/tallow-fatty-acid\/\",\"name\":\"Tallow Fatty Acid - Cail\u00e0 & Par\u00e9s\",\"isPartOf\":{\"@id\":\"https:\/\/cailapares.com\/#website\"},\"datePublished\":\"2024-07-01T12:19:42+00:00\",\"description\":\"Buy Tallow fatty acids from Cail\u00e0&Par\u00e9s, your oleochemical products company. You have all the information about this product in this result.\",\"inLanguage\":\"en-US\",\"potentialAction\":[{\"@type\":\"ReadAction\",\"target\":[\"https:\/\/cailapares.com\/en\/tallow-fatty-acid\/\"]}]},{\"@type\":\"WebSite\",\"@id\":\"https:\/\/cailapares.com\/#website\",\"url\":\"https:\/\/cailapares.com\/\",\"name\":\"Caila\",\"description\":\"Otro sitio realizado con WordPress\",\"potentialAction\":[{\"@type\":\"SearchAction\",\"target\":{\"@type\":\"EntryPoint\",\"urlTemplate\":\"https:\/\/cailapares.com\/?s={search_term_string}\"},\"query-input\":{\"@type\":\"PropertyValueSpecification\",\"valueRequired\":true,\"valueName\":\"search_term_string\"}}],\"inLanguage\":\"en-US\"}]}<\/script>\n<!-- \/ Yoast SEO plugin. -->","yoast_head_json":{"title":"Tallow Fatty Acid - Cail\u00e0 & Par\u00e9s","description":"Buy Tallow fatty acids from Cail\u00e0&Par\u00e9s, your oleochemical products company. You have all the information about this product in this result.","robots":{"index":"index","follow":"follow","max-snippet":"max-snippet:-1","max-image-preview":"max-image-preview:large","max-video-preview":"max-video-preview:-1"},"canonical":"https:\/\/cailapares.com\/en\/tallow-fatty-acid\/","og_locale":"en_US","og_type":"article","og_title":"Tallow Fatty Acid - Cail\u00e0 & Par\u00e9s","og_description":"Buy Tallow fatty acids from Cail\u00e0&Par\u00e9s, your oleochemical products company. You have all the information about this product in this result.","og_url":"https:\/\/cailapares.com\/en\/tallow-fatty-acid\/","og_site_name":"Caila","twitter_card":"summary_large_image","twitter_misc":{"Est. reading time":"3 minutes"},"schema":{"@context":"https:\/\/schema.org","@graph":[{"@type":"WebPage","@id":"https:\/\/cailapares.com\/en\/tallow-fatty-acid\/","url":"https:\/\/cailapares.com\/en\/tallow-fatty-acid\/","name":"Tallow Fatty Acid - Cail\u00e0 & Par\u00e9s","isPartOf":{"@id":"https:\/\/cailapares.com\/#website"},"datePublished":"2024-07-01T12:19:42+00:00","description":"Buy Tallow fatty acids from Cail\u00e0&Par\u00e9s, your oleochemical products company. You have all the information about this product in this result.","inLanguage":"en-US","potentialAction":[{"@type":"ReadAction","target":["https:\/\/cailapares.com\/en\/tallow-fatty-acid\/"]}]},{"@type":"WebSite","@id":"https:\/\/cailapares.com\/#website","url":"https:\/\/cailapares.com\/","name":"Caila","description":"Otro sitio realizado con WordPress","potentialAction":[{"@type":"SearchAction","target":{"@type":"EntryPoint","urlTemplate":"https:\/\/cailapares.com\/?s={search_term_string}"},"query-input":{"@type":"PropertyValueSpecification","valueRequired":true,"valueName":"search_term_string"}}],"inLanguage":"en-US"}]}},"_links":{"self":[{"href":"https:\/\/cailapares.com\/en\/wp-json\/wp\/v2\/pages\/319","targetHints":{"allow":["GET"]}}],"collection":[{"href":"https:\/\/cailapares.com\/en\/wp-json\/wp\/v2\/pages"}],"about":[{"href":"https:\/\/cailapares.com\/en\/wp-json\/wp\/v2\/types\/page"}],"author":[{"embeddable":true,"href":"https:\/\/cailapares.com\/en\/wp-json\/wp\/v2\/users\/1"}],"replies":[{"embeddable":true,"href":"https:\/\/cailapares.com\/en\/wp-json\/wp\/v2\/comments?post=319"}],"version-history":[{"count":2,"href":"https:\/\/cailapares.com\/en\/wp-json\/wp\/v2\/pages\/319\/revisions"}],"predecessor-version":[{"id":714,"href":"https:\/\/cailapares.com\/en\/wp-json\/wp\/v2\/pages\/319\/revisions\/714"}],"wp:attachment":[{"href":"https:\/\/cailapares.com\/en\/wp-json\/wp\/v2\/media?parent=319"}],"curies":[{"name":"wp","href":"https:\/\/api.w.org\/{rel}","templated":true}]}}