{"id":315,"date":"2024-10-01T12:18:53","date_gmt":"2024-10-01T12:18:53","guid":{"rendered":"https:\/\/cailapares.com\/acido-estearico\/"},"modified":"2022-12-21T12:00:17","modified_gmt":"2022-12-21T12:00:17","slug":"stearic-acid","status":"publish","type":"page","link":"https:\/\/cailapares.com\/en\/stearic-acid\/","title":{"rendered":"Stearic Acid"},"content":{"rendered":"<h2 style=\"text-align: justify;\">What is Stearic Acid?<\/h2>\n<p><a ref=\"magnificPopup\" href=\"\/wp-content\/uploads\/2015\/02\/800px-Stearins\u00e4ure_auf_Uhrglas.jpg\"><img loading=\"lazy\" decoding=\"async\" class=\"alignright wp-image-1036\" src=\"\/wp-content\/uploads\/2015\/02\/800px-Stearins\u00e4ure_auf_Uhrglas.jpg\" alt=\"Acido estearico\" width=\"298\" height=\"234\" \/><\/a><\/p>\n<p style=\"text-align: justify;\"><strong>Stearic acid<\/strong> is a saturated fatty acid <strong>present in the vast majority of animal and vegetable oils and fats<\/strong>. In addition, it is found accompanied by other saturated fatty acids and other unsaturated fatty acids. <strong>C18H36O2<\/strong> responds to its <strong>formula<\/strong>, which corresponds to the saturated carboxylic acid mono-straight chain with <strong>18 carbon atoms<\/strong>. It is marketed by different purities depending on the origin and the process of extraction always accompanied by palmitic acid.<\/p>\n<p style=\"text-align: justify;\">CAS: 67701-03-5<br \/>\nEC number: 266-928-5<\/p>\n<h3>Origin and production of stearic acid<\/h3>\n<p>Puede proceder de origen vegetal o de origen animal. Dependiendo del uso que queramos darle usaremos uno u otro.<\/p>\n<p><strong>Vegetable oil is obtained mainly from the hydrolysis of palm oil (or its fractions such as stearin or <a href=\"\/en\/oleic-acid\/\">olein<\/a>)<\/strong>, followed by hydrogenation and subsequent distillation.<br \/>\nThis acid of animal origin <strong>is obtained from the hydrolysis of animal fat (tallow)<\/strong>, followed by its hydrogenation and subsequent distillation. Depending on the degree of hydrogenation (Iodine Index) we can obtain different qualities.<\/p>\n<h3>Properties of stearic acid<\/h3>\n<p><img loading=\"lazy\" decoding=\"async\" class=\"aligncenter size-medium wp-image-5617\" src=\"\/wp-content\/uploads\/2015\/02\/acido-estearico-propiedades-300x77.png\" alt=\"propiedades del \u00e1cido este\u00e1rico\" width=\"300\" height=\"77\" \/><br \/>\nStearic acid is a <strong>solid acid at room temperature<\/strong>, generally white with a slight yellowish tinge, practically odorless. Its freezing point ranges from 55 &#8211; 65\u00baC depending on its content and its degree of hydrogenation.<\/p>\n<p>The <strong>main applications of this acid are uses as lubricants for plastics, auxiliary products in the textile industry<\/strong>, production of soaps for cosmetics or detergents. It is also applied in the production of waxes, esters, metallic salts, hydrophobic coating agents, candles or rubber for tires.<\/p>\n<h3><img loading=\"lazy\" decoding=\"async\" class=\"alignright size-medium wp-image-5618\" src=\"\/wp-content\/uploads\/2015\/02\/aplicaciones-acido-estearico-180x300.jpg\" alt=\"aplicaciones \u00e1cido este\u00e1rico\" width=\"180\" height=\"300\" \/>Applications of this stearic acid<\/h3>\n<p>It also has <strong>applications in the pharmaceutical industry<\/strong> and as a food additive in the production of plastic packaging for various foods.<\/p>\n<p>It is a component of great importance in the oleochemical industry. It is a substance with multiple possibilities, functions and applications that achieves great satisfaction in different markets.<\/p>\n<p>The <strong>growth of our industry has been driven by the demand<\/strong> from different sectors. It is a very efficient and cost-effective alternative that is making quite a remarkable gap as we are catapulting ourselves as a very competitive force. The sustainability and versatility of all our products and services is fully guaranteed as well as their functionality and quality to achieve impeccable solutions.<\/p>\n<h3>Stearic acid products and presentations<\/h3>\n<p><strong>Acid of vegetable origin:<\/strong><br \/>\nCYPTEC AE-50\/50 V (approx. 50% acid)<br \/>\nCYPTEC AE-60\/40 V (approx. 40% acidic)<br \/>\nCYPTEC AE-01 V (approx. 65% acid)<\/p>\n<p style=\"text-align: justify;\"><strong>Acid of animal origin:<\/strong><br \/>\nCYPTEC AE-01 (approx. 65% acid and I. Iodine &lt; 1)<br \/>\nCYPTEC AE-03 (60-65% acid and I. Iodine &lt; 3)<br \/>\nCYPTEC AE-08 (55-65% acid and I. Iodine &lt; 8)<br \/>\nAll products can be presented in flakes packed in 25 kg. bags, 500kg. bags or 1.000kg. bags, they can also be marketed in tankers or in bulk. If you have any doubt or for further information, please contact us through our web form or by telephone.<\/p>\n<h2>FAQs\/Frequently Asked Questions about stearic acid<\/h2>\n<h3>What are the main uses of stearic acid?<\/h3>\n<p>The main use of stearic acid is to create soap, although it has different uses in the cosmetics, food, etc.<\/p>\n<h3>Where can stearic acid be purchased?<\/h3>\n<p>At Cail\u00e0&amp;Par\u00e9s you can buy or acquire this type of acid for your business. You can request information through our online form: <a href=\"\/en\/contact\/\">\/en\/contact\/<\/a><\/p>\n<h3>Where does stearic acid come from?<\/h3>\n<p>Stearic acid or also known as &#8220;stearin&#8221; is a fatty acid derived from <a href=\"\/en\/palm-oil\/\">palm oil<\/a> and tallow.<\/p>\n<p><script type=\"application\/ld+json\">\/\/ <![CDATA[\n{\"@context\":\"https:\/\/schema.org\",\"@type\":\"FAQPage\",\"mainEntity\":[{\"@type\":\"Question\",\"name\":\"What are the main uses of stearic acid?\",\"acceptedAnswer\":{\"@type\":\"Answer\",\"text\":\"The main use of stearic acid is to create soap, although it has different uses in the cosmetics, food, etc.\"}},{\"@type\":\"Question\",\"name\":\"Where can stearic acid be purchased?\",\"acceptedAnswer\":{\"@type\":\"Answer\",\"text\":\"At Cail\u00e0&amp;Par\u00e9s you can buy or acquire this type of acid for your business. You can request information through our online form: \/en\/contact\/\"}},{\"@type\":\"Question\",\"name\":\"Where does stearic acid come from?\",\"acceptedAnswer\":{\"@type\":\"Answer\",\"text\":\"Stearic acid or also known as 'stearin' is a fatty acid derived from palm oil and tallow.\"}}]}<br \/>\n\/\/ ]]><\/script>Continue browsing our website to learn about other acids and oils available:<\/p>\n<div class=\"clearfix\">\n<div class=\"half\">\n<ul>\n<li><i><a href=\"\/en\/glycerin\/\">Pure Glycerin Properties<\/a><\/i><\/li>\n<li><i><a href=\"\/en\/caprylic-acid-capric\/\">Caprylic Acid<\/a><\/i><\/li>\n<li><i><a href=\"\/en\/lauric-acid\/\">Lauric Acid Uses<\/a><\/i><\/li>\n<li><i><a href=\"\/en\/palm-stearin\/\">Palm stearin<\/a><\/i><\/li>\n<li><i><a href=\"\/en\/palmitic-acid\/\">Palmitic Acid to buy<\/a><\/i><\/li>\n<li><i><a href=\"\/en\/oleic-acid\/\">Oleic acid for sale<\/a><\/i><\/li>\n<li><i><a href=\"\/en\/linoleic-acid\/\">Linoleic acid uses<\/a><\/i><\/li>\n<li><i><a href=\"\/en\/linolenic-acid\/\">Buy Linolenic Acid<\/a><\/i><\/li>\n<\/ul>\n<\/div>\n<div class=\"half last\">\n<ul>\n<li><i><a href=\"\/en\/linseed-oil\/\">Buy Linseed oil<\/a><\/i><\/li>\n<li><i><a href=\"\/en\/palm-oil\/\">Palm oil<\/a><\/i><\/li>\n<li><i><a href=\"\/en\/coconut-oil\/\">Coconut oil to buy<\/a><\/i><\/li>\n<li><i><a href=\"\/en\/soy-oil\/\">Soybean oil to buy<\/a><\/i><\/li>\n<li><i><a href=\"\/en\/linseed-fatty-acids\/\">Flaxseed fatty acids<\/a><\/i><\/li>\n<li><i><a href=\"\/en\/tallow-fatty-acid\/\">Tallow fatty acids for sale<\/a><\/i><\/li>\n<li><i><a href=\"\/en\/sunflower-oil\/\">Buy Sunflower oil<\/a><\/i><\/li>\n<li><i><a href=\"\/en\/castor-oil\/\">Castor oil spain<\/a><\/i><\/li>\n<\/ul>\n<\/div>\n<\/div>\n","protected":false},"excerpt":{"rendered":"<p>What is Stearic Acid? Stearic acid is a saturated fatty acid present in the vast majority of animal and vegetable oils and fats. In addition, it is found accompanied by other saturated fatty acids and other unsaturated fatty acids. C18H36O2 responds to its formula, which corresponds to the saturated carboxylic acid mono-straight chain with 18&#8230;<\/p>\n","protected":false},"author":1,"featured_media":0,"parent":0,"menu_order":0,"comment_status":"closed","ping_status":"closed","template":"","meta":{"footnotes":""},"class_list":["post-315","page","type-page","status-publish","hentry"],"yoast_head":"<!-- This site is optimized with the Yoast SEO plugin v25.9 - https:\/\/yoast.com\/wordpress\/plugins\/seo\/ -->\n<title>Stearic Acid | Buy in Cail\u00e0 &amp; Par\u00e9s<\/title>\n<meta name=\"description\" content=\"Are you looking for a supplier of Stearic Acid? Buy Stearic Acid in Cail\u00e0 &amp; Par\u00e9s is synonymous with quality and trust.\" \/>\n<meta name=\"robots\" content=\"index, follow, max-snippet:-1, max-image-preview:large, max-video-preview:-1\" \/>\n<link rel=\"canonical\" href=\"https:\/\/cailapares.com\/en\/stearic-acid\/\" \/>\n<meta property=\"og:locale\" content=\"en_US\" \/>\n<meta property=\"og:type\" content=\"article\" \/>\n<meta property=\"og:title\" content=\"Stearic Acid | Buy in Cail\u00e0 &amp; Par\u00e9s\" \/>\n<meta property=\"og:description\" content=\"Are you looking for a supplier of Stearic Acid? Buy Stearic Acid in Cail\u00e0 &amp; Par\u00e9s is synonymous with quality and trust.\" \/>\n<meta property=\"og:url\" content=\"https:\/\/cailapares.com\/en\/stearic-acid\/\" \/>\n<meta property=\"og:site_name\" content=\"Caila\" \/>\n<meta name=\"twitter:card\" content=\"summary_large_image\" \/>\n<meta name=\"twitter:label1\" content=\"Est. reading time\" \/>\n\t<meta name=\"twitter:data1\" content=\"3 minutes\" \/>\n<script type=\"application\/ld+json\" class=\"yoast-schema-graph\">{\"@context\":\"https:\/\/schema.org\",\"@graph\":[{\"@type\":\"WebPage\",\"@id\":\"https:\/\/cailapares.com\/en\/stearic-acid\/\",\"url\":\"https:\/\/cailapares.com\/en\/stearic-acid\/\",\"name\":\"Stearic Acid | Buy in Cail\u00e0 & Par\u00e9s\",\"isPartOf\":{\"@id\":\"https:\/\/cailapares.com\/#website\"},\"datePublished\":\"2024-10-01T12:18:53+00:00\",\"description\":\"Are you looking for a supplier of Stearic Acid? Buy Stearic Acid in Cail\u00e0 & Par\u00e9s is synonymous with quality and trust.\",\"inLanguage\":\"en-US\",\"potentialAction\":[{\"@type\":\"ReadAction\",\"target\":[\"https:\/\/cailapares.com\/en\/stearic-acid\/\"]}]},{\"@type\":\"WebSite\",\"@id\":\"https:\/\/cailapares.com\/#website\",\"url\":\"https:\/\/cailapares.com\/\",\"name\":\"Caila\",\"description\":\"Otro sitio realizado con WordPress\",\"potentialAction\":[{\"@type\":\"SearchAction\",\"target\":{\"@type\":\"EntryPoint\",\"urlTemplate\":\"https:\/\/cailapares.com\/?s={search_term_string}\"},\"query-input\":{\"@type\":\"PropertyValueSpecification\",\"valueRequired\":true,\"valueName\":\"search_term_string\"}}],\"inLanguage\":\"en-US\"}]}<\/script>\n<!-- \/ Yoast SEO plugin. -->","yoast_head_json":{"title":"Stearic Acid | Buy in Cail\u00e0 & Par\u00e9s","description":"Are you looking for a supplier of Stearic Acid? Buy Stearic Acid in Cail\u00e0 & Par\u00e9s is synonymous with quality and trust.","robots":{"index":"index","follow":"follow","max-snippet":"max-snippet:-1","max-image-preview":"max-image-preview:large","max-video-preview":"max-video-preview:-1"},"canonical":"https:\/\/cailapares.com\/en\/stearic-acid\/","og_locale":"en_US","og_type":"article","og_title":"Stearic Acid | Buy in Cail\u00e0 & Par\u00e9s","og_description":"Are you looking for a supplier of Stearic Acid? Buy Stearic Acid in Cail\u00e0 & Par\u00e9s is synonymous with quality and trust.","og_url":"https:\/\/cailapares.com\/en\/stearic-acid\/","og_site_name":"Caila","twitter_card":"summary_large_image","twitter_misc":{"Est. reading time":"3 minutes"},"schema":{"@context":"https:\/\/schema.org","@graph":[{"@type":"WebPage","@id":"https:\/\/cailapares.com\/en\/stearic-acid\/","url":"https:\/\/cailapares.com\/en\/stearic-acid\/","name":"Stearic Acid | Buy in Cail\u00e0 & Par\u00e9s","isPartOf":{"@id":"https:\/\/cailapares.com\/#website"},"datePublished":"2024-10-01T12:18:53+00:00","description":"Are you looking for a supplier of Stearic Acid? Buy Stearic Acid in Cail\u00e0 & Par\u00e9s is synonymous with quality and trust.","inLanguage":"en-US","potentialAction":[{"@type":"ReadAction","target":["https:\/\/cailapares.com\/en\/stearic-acid\/"]}]},{"@type":"WebSite","@id":"https:\/\/cailapares.com\/#website","url":"https:\/\/cailapares.com\/","name":"Caila","description":"Otro sitio realizado con WordPress","potentialAction":[{"@type":"SearchAction","target":{"@type":"EntryPoint","urlTemplate":"https:\/\/cailapares.com\/?s={search_term_string}"},"query-input":{"@type":"PropertyValueSpecification","valueRequired":true,"valueName":"search_term_string"}}],"inLanguage":"en-US"}]}},"_links":{"self":[{"href":"https:\/\/cailapares.com\/en\/wp-json\/wp\/v2\/pages\/315","targetHints":{"allow":["GET"]}}],"collection":[{"href":"https:\/\/cailapares.com\/en\/wp-json\/wp\/v2\/pages"}],"about":[{"href":"https:\/\/cailapares.com\/en\/wp-json\/wp\/v2\/types\/page"}],"author":[{"embeddable":true,"href":"https:\/\/cailapares.com\/en\/wp-json\/wp\/v2\/users\/1"}],"replies":[{"embeddable":true,"href":"https:\/\/cailapares.com\/en\/wp-json\/wp\/v2\/comments?post=315"}],"version-history":[{"count":2,"href":"https:\/\/cailapares.com\/en\/wp-json\/wp\/v2\/pages\/315\/revisions"}],"predecessor-version":[{"id":712,"href":"https:\/\/cailapares.com\/en\/wp-json\/wp\/v2\/pages\/315\/revisions\/712"}],"wp:attachment":[{"href":"https:\/\/cailapares.com\/en\/wp-json\/wp\/v2\/media?parent=315"}],"curies":[{"name":"wp","href":"https:\/\/api.w.org\/{rel}","templated":true}]}}