{"id":307,"date":"2024-07-01T12:36:30","date_gmt":"2024-07-01T12:36:30","guid":{"rendered":"https:\/\/cailapares.com\/aceite-de-palma\/"},"modified":"2022-12-21T11:54:22","modified_gmt":"2022-12-21T11:54:22","slug":"palm-oil","status":"publish","type":"page","link":"https:\/\/cailapares.com\/en\/palm-oil\/","title":{"rendered":"Palm oil"},"content":{"rendered":"<p><img loading=\"lazy\" decoding=\"async\" class=\"alignright wp-image-906\" src=\"\/wp-content\/uploads\/2015\/01\/aceite-palma.jpg\" alt=\"palm oil\" width=\"329\" height=\"201\" \/><\/p>\n<h2 style=\"text-align: justify;\">What is Palm Oil?<\/h2>\n<p style=\"text-align: justify;\">Palm oil, like all fats and vegetable oils is a triglyceride (glycerol backbone linked to three fatty acids by ester bonds). <strong>Palm oil is characterized by a high proportion of palmitic acid (40-45%) and oleic acid (36-45%)<\/strong>. Other fatty acids present in significant amounts are: caprylic acid (4-9%), capric acid (3-8%), myristic acid (16-21%), palmitic acid (7-12%), stearic acid (5- 6%) and linoleic acid (9-11%) acid.<\/p>\n<p style=\"text-align: justify;\"><em>CAS Number: 8002-75-3<\/em><br \/>\n<em>EC number: 232-316-1<\/em><\/p>\n<div id=\"tab_id\" class=\"sc_tab-container\">\n<ul class=\"tab-nav left\" style=\"text-align: justify;\">\n<li class=\"active\" data-tab=\"tab_id-tab1\">Origin and extraction:<\/li>\n<li data-tab=\"tab_id-tab2\">Properties and applications:<\/li>\n<li data-tab=\"tab_id-tab3\">Products and presentations:<\/li>\n<\/ul>\n<div class=\"tab-content-block clearfix\">\n<h3 class=\"v_nav v_active\" style=\"text-align: justify;\" data-tab=\"tab_id-tab1\">Tab 1<\/h3>\n<div id=\"tab_id-tab1\" class=\"tab_content clearfix\" style=\"text-align: justify;\">\n<p>Palm oil <strong>is obtained by extracting the pulp the palm fruit<\/strong> (Elaeis guineensis), mostly in intensive farms and specifically in tropical areas such as Africa, Southeast Asia and Brazil.<\/p>\n<p>Palm kernel oil is exclusively derived from the pressing and extraction of seeds and its composition completely differs from the pulp. <strong>Throughout the extraction we can process different products and solutions<\/strong>.<\/p>\n<p>Oleochemicals are always a sure bet and this fact is demonstrated by the increase in the demand these recent years. Various sectors guarantee and certify the benefits that these components have because they are cheaper than chemical ones, they provide the same or better solutions and are environmentally friendly substances.<\/p>\n<p><strong>The biodegradable oleochemical capacity<\/strong> of these compounds is a very important skill that leads to the development of these products for various industrial functions to counteract the excessive abuse of substances which <strong>are too expensive<\/strong> and have a harmful impact on the environment.<\/p>\n<\/div>\n<h3 class=\"v_nav\" style=\"text-align: justify;\" data-tab=\"tab_id-tab2\">Tab 2<\/h3>\n<div id=\"tab_id-tab2\" class=\"tab_content\" style=\"text-align: justify;\">\n<p>Palm oil is a reddish liquid above 30-35 \u00b0C (its melting range) and an orange\/red solid below that range.<\/p>\n<p>Among its many applications, as the vast majority of fats, it emphasizes human consumption. They are an important source of energy, due to its <strong>high performance in calories<\/strong> metabolized per gram. Its most important use is in the kitchen, especially as fat for frying or grilling and prepare different dishes.<\/p>\n<p>Other important applications lie in the field of medicine and industry, especially in cosmetics, but <strong>its derivatives are also widely used<\/strong> as alternative fuel oils (biodiesel), soaps, lubricants, surfactants, advanced detergents, paints, insecticides, soaps, veterinary, detergents, among many others.<\/p>\n<p>The demand of oleochemicals is going through the roof in different industrial sectors due to the magnitude and effectiveness they have. It is a safe alternative that is gaining more and more followers due to the advantages and benefits provided to the users, the industry and the <strong>environment<\/strong>.<\/p>\n<p>We provide tools and means of commercial interest as to provide high quality solutions and efficiency so as to generate customer satisfaction and care for the environment.<\/p>\n<\/div>\n<h3 class=\"v_nav\" style=\"text-align: justify;\" data-tab=\"tab_id-tab3\">Tab 3<\/h3>\n<div id=\"tab_id-tab3\" class=\"tab_content\">\n<p style=\"text-align: justify;\">Our products are distributed in <strong>180 Kg. drums<\/strong>, in <strong>850 Kg. containers<\/strong> or in bulk tankers. For more information please contact us through our web form or contact by phone.<\/p>\n<\/div>\n<\/div>\n<\/div>\n<p>Get to know our acids and oils and purchase the products you were looking for:<\/p>\n<div class=\"clearfix\">\n<div class=\"half\">\n<ul>\n<li><i><a href=\"\/en\/caprylic-acid-capric\/\">Capric acid for sale<\/a><\/i><\/li>\n<li><i><a href=\"\/en\/lauric-acid\/\">Lauric Acid<\/a><\/i><\/li>\n<li><i><a href=\"\/en\/palmitic-acid\/\">Buy Palmitic Acid<\/a><\/i><\/li>\n<li><i><a href=\"\/en\/palm-stearin\/\">Palm stearin for sale<\/a><\/i><\/li>\n<li><i><a href=\"\/en\/stearic-acid\/\">Stearic Acid uses<\/a><\/i><\/li>\n<li><i><a href=\"\/en\/oleic-acid\/\">Oleic acid uses<\/a><\/i><\/li>\n<li><i><a href=\"\/en\/linolenic-acid\/\">Linolenic Acid to buy<\/a><\/i><\/li>\n<li><i><a href=\"\/en\/linoleic-acid\/\">Linoleic acid<\/a><\/i><\/li>\n<\/ul>\n<\/div>\n<div class=\"half last\">\n<ul>\n<li><i><a href=\"\/en\/linseed-oil\/\">Linseed oil to buy<\/a><\/i><\/li>\n<li><i><a href=\"\/en\/glycerin\/\">Buy pure liquid glycerine<\/a><\/i><\/li>\n<li><i><a href=\"\/en\/coconut-oil\/\">Coconut oil<\/a><\/i><\/li>\n<li><i><a href=\"\/en\/soy-oil\/\">Soy oil<\/a><\/i><\/li>\n<li><i><a href=\"\/en\/linseed-fatty-acids\/\">Linseed fatty acids for sale<\/a><\/i><\/li>\n<li><i><a href=\"\/en\/tallow-fatty-acid\/\">Tallow fatty acid<\/a><\/i><\/li>\n<li><i><a href=\"\/en\/sunflower-oil\/\">Sunflower oil for sale<\/a><\/i><\/li>\n<li><i><a href=\"\/en\/castor-oil\/\">Castor oil Spain to buy<\/a><\/i><\/li>\n<\/ul>\n<\/div>\n<\/div>\n","protected":false},"excerpt":{"rendered":"<p>What is Palm Oil? Palm oil, like all fats and vegetable oils is a triglyceride (glycerol backbone linked to three fatty acids by ester bonds). Palm oil is characterized by a high proportion of palmitic acid (40-45%) and oleic acid (36-45%). Other fatty acids present in significant amounts are: caprylic acid (4-9%), capric acid (3-8%),&#8230;<\/p>\n","protected":false},"author":1,"featured_media":0,"parent":0,"menu_order":0,"comment_status":"closed","ping_status":"closed","template":"","meta":{"footnotes":""},"class_list":["post-307","page","type-page","status-publish","hentry"],"yoast_head":"<!-- This site is optimized with the Yoast SEO plugin v25.9 - https:\/\/yoast.com\/wordpress\/plugins\/seo\/ -->\n<title>Buy Palm Oil | Buy in Cail\u00e0 &amp; Par\u00e9s<\/title>\n<meta name=\"description\" content=\"Are you looking for a palm oil supplier? Buying Palm Oil in Cail\u00e0 &amp; Par\u00e9s is synonymous with quality and trust. Enter now.\" \/>\n<meta name=\"robots\" content=\"index, follow, max-snippet:-1, max-image-preview:large, max-video-preview:-1\" \/>\n<link rel=\"canonical\" href=\"https:\/\/cailapares.com\/en\/palm-oil\/\" \/>\n<meta property=\"og:locale\" content=\"en_US\" \/>\n<meta property=\"og:type\" content=\"article\" \/>\n<meta property=\"og:title\" content=\"Buy Palm Oil | Buy in Cail\u00e0 &amp; Par\u00e9s\" \/>\n<meta property=\"og:description\" content=\"Are you looking for a palm oil supplier? Buying Palm Oil in Cail\u00e0 &amp; Par\u00e9s is synonymous with quality and trust. Enter now.\" \/>\n<meta property=\"og:url\" content=\"https:\/\/cailapares.com\/en\/palm-oil\/\" \/>\n<meta property=\"og:site_name\" content=\"Caila\" \/>\n<meta name=\"twitter:card\" content=\"summary_large_image\" \/>\n<meta name=\"twitter:label1\" content=\"Est. reading time\" \/>\n\t<meta name=\"twitter:data1\" content=\"3 minutes\" \/>\n<script type=\"application\/ld+json\" class=\"yoast-schema-graph\">{\"@context\":\"https:\/\/schema.org\",\"@graph\":[{\"@type\":\"WebPage\",\"@id\":\"https:\/\/cailapares.com\/en\/palm-oil\/\",\"url\":\"https:\/\/cailapares.com\/en\/palm-oil\/\",\"name\":\"Buy Palm Oil | Buy in Cail\u00e0 & Par\u00e9s\",\"isPartOf\":{\"@id\":\"https:\/\/cailapares.com\/#website\"},\"datePublished\":\"2024-07-01T12:36:30+00:00\",\"description\":\"Are you looking for a palm oil supplier? Buying Palm Oil in Cail\u00e0 & Par\u00e9s is synonymous with quality and trust. Enter now.\",\"inLanguage\":\"en-US\",\"potentialAction\":[{\"@type\":\"ReadAction\",\"target\":[\"https:\/\/cailapares.com\/en\/palm-oil\/\"]}]},{\"@type\":\"WebSite\",\"@id\":\"https:\/\/cailapares.com\/#website\",\"url\":\"https:\/\/cailapares.com\/\",\"name\":\"Caila\",\"description\":\"Otro sitio realizado con WordPress\",\"potentialAction\":[{\"@type\":\"SearchAction\",\"target\":{\"@type\":\"EntryPoint\",\"urlTemplate\":\"https:\/\/cailapares.com\/?s={search_term_string}\"},\"query-input\":{\"@type\":\"PropertyValueSpecification\",\"valueRequired\":true,\"valueName\":\"search_term_string\"}}],\"inLanguage\":\"en-US\"}]}<\/script>\n<!-- \/ Yoast SEO plugin. -->","yoast_head_json":{"title":"Buy Palm Oil | Buy in Cail\u00e0 & Par\u00e9s","description":"Are you looking for a palm oil supplier? Buying Palm Oil in Cail\u00e0 & Par\u00e9s is synonymous with quality and trust. Enter now.","robots":{"index":"index","follow":"follow","max-snippet":"max-snippet:-1","max-image-preview":"max-image-preview:large","max-video-preview":"max-video-preview:-1"},"canonical":"https:\/\/cailapares.com\/en\/palm-oil\/","og_locale":"en_US","og_type":"article","og_title":"Buy Palm Oil | Buy in Cail\u00e0 & Par\u00e9s","og_description":"Are you looking for a palm oil supplier? Buying Palm Oil in Cail\u00e0 & Par\u00e9s is synonymous with quality and trust. Enter now.","og_url":"https:\/\/cailapares.com\/en\/palm-oil\/","og_site_name":"Caila","twitter_card":"summary_large_image","twitter_misc":{"Est. reading time":"3 minutes"},"schema":{"@context":"https:\/\/schema.org","@graph":[{"@type":"WebPage","@id":"https:\/\/cailapares.com\/en\/palm-oil\/","url":"https:\/\/cailapares.com\/en\/palm-oil\/","name":"Buy Palm Oil | Buy in Cail\u00e0 & Par\u00e9s","isPartOf":{"@id":"https:\/\/cailapares.com\/#website"},"datePublished":"2024-07-01T12:36:30+00:00","description":"Are you looking for a palm oil supplier? Buying Palm Oil in Cail\u00e0 & Par\u00e9s is synonymous with quality and trust. Enter now.","inLanguage":"en-US","potentialAction":[{"@type":"ReadAction","target":["https:\/\/cailapares.com\/en\/palm-oil\/"]}]},{"@type":"WebSite","@id":"https:\/\/cailapares.com\/#website","url":"https:\/\/cailapares.com\/","name":"Caila","description":"Otro sitio realizado con WordPress","potentialAction":[{"@type":"SearchAction","target":{"@type":"EntryPoint","urlTemplate":"https:\/\/cailapares.com\/?s={search_term_string}"},"query-input":{"@type":"PropertyValueSpecification","valueRequired":true,"valueName":"search_term_string"}}],"inLanguage":"en-US"}]}},"_links":{"self":[{"href":"https:\/\/cailapares.com\/en\/wp-json\/wp\/v2\/pages\/307","targetHints":{"allow":["GET"]}}],"collection":[{"href":"https:\/\/cailapares.com\/en\/wp-json\/wp\/v2\/pages"}],"about":[{"href":"https:\/\/cailapares.com\/en\/wp-json\/wp\/v2\/types\/page"}],"author":[{"embeddable":true,"href":"https:\/\/cailapares.com\/en\/wp-json\/wp\/v2\/users\/1"}],"replies":[{"embeddable":true,"href":"https:\/\/cailapares.com\/en\/wp-json\/wp\/v2\/comments?post=307"}],"version-history":[{"count":2,"href":"https:\/\/cailapares.com\/en\/wp-json\/wp\/v2\/pages\/307\/revisions"}],"predecessor-version":[{"id":705,"href":"https:\/\/cailapares.com\/en\/wp-json\/wp\/v2\/pages\/307\/revisions\/705"}],"wp:attachment":[{"href":"https:\/\/cailapares.com\/en\/wp-json\/wp\/v2\/media?parent=307"}],"curies":[{"name":"wp","href":"https:\/\/api.w.org\/{rel}","templated":true}]}}