{"id":298,"date":"2024-07-01T12:22:47","date_gmt":"2024-07-01T12:22:47","guid":{"rendered":"https:\/\/cailapares.com\/aceite-de-coco\/"},"modified":"2022-11-16T13:31:58","modified_gmt":"2022-11-16T13:31:58","slug":"coconut-oil","status":"publish","type":"page","link":"https:\/\/cailapares.com\/en\/coconut-oil\/","title":{"rendered":"Coconut oil"},"content":{"rendered":"<p><img loading=\"lazy\" decoding=\"async\" class=\"alignright wp-image-906\" src=\"\/wp-content\/uploads\/2015\/01\/aceite-coco.jpg\" alt=\"aceite de coco\" width=\"329\" height=\"201\" \/><\/p>\n<h2 style=\"text-align: justify;\">What Is Coconut Oil?<\/h2>\n<p style=\"text-align: justify;\">Coconut oil (also known as coconut butter) is, like other types of vegetable fats and oils, a triglyceride (<em>a glycerine skeleton unified to 3 fatty acids through ester bonds<\/em>). <strong>Coconut oil is characterised by a high proportion of short-chain fatty acids<\/strong>. It has a content of lauric acid, its major component, which ranges from 42-52%. Other fatty acids present in significant quantities are:<\/p>\n<ul>\n<li style=\"text-align: justify;\"><strong><a href=\"\/en\/caprylic-acid-capric\/\">Caprylic acid<\/a><\/strong> (4-9%)<\/li>\n<li style=\"text-align: justify;\"><strong>Myristic acid<\/strong> (16-21%)<\/li>\n<li style=\"text-align: justify;\"><a href=\"\/en\/caprylic-acid-capric\/\"><strong>Capric acid<\/strong><\/a> (3-8%)<\/li>\n<li style=\"text-align: justify;\"><strong>Stearic acid<\/strong> (2-5%)<\/li>\n<li style=\"text-align: justify;\"><strong><a href=\"\/en\/palmitic-acid\/\">Palmitic acid<\/a><\/strong> (7-12%)<\/li>\n<li style=\"text-align: justify;\"><a href=\"\/en\/oleic-acid\/\"><strong>Oleic acid<\/strong><\/a> (6-10%)<\/li>\n<\/ul>\n<p style=\"text-align: justify;\"><em>CAS Number: 8001-31-8<\/em><br \/>\n<em>EC number: 232-282-8<\/em><\/p>\n<p><img loading=\"lazy\" decoding=\"async\" class=\"alignright size-medium wp-image-5631\" src=\"\/wp-content\/uploads\/2015\/01\/comprar-aceite-coco-300x300.jpg\" alt=\"Comprar aceite de coco en Cail\u00e0&amp;Par\u00e9s\" width=\"300\" height=\"300\" \/><\/p>\n<h3>Origin and production of coconut oil<\/h3>\n<p>This oil is obtained by extracting the pulp and\/or seeds of the coconut (<em>Cocos nucifera<\/em>), mainly in intensive farming operations in Southeast Asia. Coconut oil <strong>can be obtained by drying out the pulp<\/strong> (<em>the product known as copra<\/em>) <strong>or directly from the whole fruit<\/strong>.<\/p>\n<p>We extract the substances in order to produce inert ingredients and formulations for different uses. The benefits of coconut oil can be applied to various areas and functions.<\/p>\n<p>Being such a fatty oil, its oxidation process is quite slow, so it is kept at room temperature for up to 6 months without going bad.<\/p>\n<h3>Properties and applications of coconut oil<\/h3>\n<p>Coconut oil is a yellowish liquid that is above 24-27\u00b0C (melting range) and a white\/yellow solid below this range.<\/p>\n<p>Among its many applications and, like the vast majority of fats, it is important to note that it is used in human food. It is an important source of energy, due to its high yield in calories per metabolized gram. Its most important use is in cooking, especially as a fat for frying or roasting.<\/p>\n<p>Other very important applications are in the field of medicine and industry, especially cosmetics, but its derivatives are also widely used as alternative fuels (biodiesel), <em>soaps, lubricants, surfactants, advanced detergents, paints, insecticides, soaps, veterinary, emulsifiers, pesticide formulations, among many others<\/em>.<\/p>\n<p>In the case of cosmetic use, this type of product stands out for beauty uses such as skin care or hair nutrition.<\/p>\n<p><img loading=\"lazy\" decoding=\"async\" class=\"aligncenter size-full wp-image-5632\" src=\"\/wp-content\/uploads\/2015\/01\/aceite-coco1.jpg\" alt=\"usos y aplicaciones del aceite de coco\" width=\"685\" height=\"385\" \/><\/p>\n<p>Thanks <strong>to the high degree of saturation of its fatty acid chains<\/strong>, they make it particularly resistant to oxidation and therefore prevent it from deteriorating. In the same way, its ease of transport and versatility has made it extremely popular all over the world.<\/p>\n<p>Coconut oil is a basic ingredient for the production of various types of oleochemicals to meet the needs and deficiencies of the consumer. The growing interest in using substances of natural origin in industrial compounds arises not only because of their high efficiency and quality, but also because of the care they take of the environment.<\/p>\n<p>We develop efficient solutions in order to provide convincing and effective results. Natural fats and oils are a valuable resource. The ingredients of natural origin provide more benefits than those of chemical origin and, in addition, they are less aggressive with the environment. Therefore, the potential of oleochemicals is relevant.<\/p>\n<p>Their use is widespread mainly in tropical countries. Especially in those of South Asia, such as Thailand, India, Sri Lanka and the Philippines, among others. Also in Australia, since there is a large production of this type of oil in this country.<\/p>\n<h4>Uses of this oil in the food sector<\/h4>\n<p>In the case of the use of this type of oil, it is an element with a very exquisite and different taste, rich in acids such as lauric, which can be found in breast milk. It is also considered a perfect food for <strong> strengthening the immune system<\/strong> and as we have indicated, it is usually a nutritional element to be used as an antibacterial.<br \/>\n<img loading=\"lazy\" decoding=\"async\" class=\"alignright size-full wp-image-5633\" src=\"\/wp-content\/uploads\/2015\/01\/uso-aceite-coco.jpg\" alt=\"Uso del aceite de coco en cosm\u00e9tica\" width=\"171\" height=\"295\" \/><\/p>\n<h4>Uses of coconut oil in the cosmetic sector<\/h4>\n<p>In the cosmetics sector, as we have previously mentioned, <strong> is usually used for solutions to hair problems<\/strong>, as it is a great element to promote hair growth, improve its natural conditions such as shine or even prevent hair loss.<\/p>\n<p>In addition, it can also provide fungicide effects, this means that it is an ideal element or remedy to eliminate or prevent hair problems such as dandruff or lice.<\/p>\n<h3>Products and presentations of coconut oil<\/h3>\n<p style=\"text-align: justify;\"><strong>Coconut Oil<\/strong>: COCOCYP RNT<\/p>\n<p style=\"text-align: justify;\">All the products we distribute can be presented in 180 kg. drums, 850 kg. containers or in bulk tank. For more information you can contact us through our web form or by phone.<\/p>\n<p style=\"text-align: justify;\">Enter now to others acids and oils for sale in Cail\u00e0&#038;Par\u00e9s:<\/p>\n<div class=\"clearfix\">\n<div class=\"half\">\n<ul>\n<li><i><a href=\"\/en\/caprylic-acid-capric\/\">Buy capric and caprylic acid<\/a><\/i><\/li>\n<li><i><a href=\"\/en\/lauric-acid\/\">Lauric Acid<\/a><\/i><\/li>\n<li><i><a href=\"\/en\/palmitic-acid\/\">Palmitic Acid<\/a><\/i><\/li>\n<li><i><a href=\"\/en\/palm-stearin\/\">Palm stearin &#8211; buy now<\/a><\/i><\/li>\n<li><i><a href=\"\/en\/stearic-acid\/\">Stearic Acid &#8211; buy now<\/a><\/i><\/li>\n<li><i><a href=\"\/en\/oleic-acid\/\">Oleic acid for sale<\/a><\/i><\/li>\n<li><i><a href=\"\/en\/linolenic-acid\/\">Buy linolenic acid<\/a><\/i><\/li>\n<li><i><a href=\"\/en\/linoleic-acid\/\">Linoleic acid for sale<\/a><\/i><\/li>\n<\/ul>\n<\/div>\n<div class=\"half last\">\n<ul>\n<li><i><a href=\"\/en\/linseed-oil\/\">Linseed oil<\/a><\/i><\/li>\n<li><i><a href=\"\/en\/palm-oil\/\">Palm oil for sale<\/a><\/i><\/li>\n<li><i><a href=\"\/en\/glycerin\/\">Buy pure glycerin<\/a><\/i><\/li>\n<li><i><a href=\"\/en\/soy-oil\/\">Soy oil<\/a><\/i><\/li>\n<li><i><a href=\"\/en\/linseed-fatty-acids\/\">Linseed fatty acids<\/a><\/i><\/li>\n<li><i><a href=\"\/en\/tallow-fatty-acid\/\">Tallow fatty acid to buy<\/a><\/i><\/li>\n<li><i><a href=\"\/en\/sunflower-oil\/\">Sunflower oil to buy<\/a><\/i><\/li>\n<li><i><a href=\"\/en\/castor-oil\/\">Castor oil for sale<\/a><\/i><\/li>\n<\/ul>\n<\/div>\n<\/div>\n","protected":false},"excerpt":{"rendered":"<p>What Is Coconut Oil? Coconut oil (also known as coconut butter) is, like other types of vegetable fats and oils, a triglyceride (a glycerine skeleton unified to 3 fatty acids through ester bonds). Coconut oil is characterised by a high proportion of short-chain fatty acids. It has a content of lauric acid, its major component,&#8230;<\/p>\n","protected":false},"author":1,"featured_media":0,"parent":0,"menu_order":0,"comment_status":"closed","ping_status":"closed","template":"","meta":{"footnotes":""},"class_list":["post-298","page","type-page","status-publish","hentry"],"yoast_head":"<!-- This site is optimized with the Yoast SEO plugin v25.9 - https:\/\/yoast.com\/wordpress\/plugins\/seo\/ -->\n<title>Buy Coconut Oil | Buy at Cail\u00e0 &amp; Par\u00e9s<\/title>\n<meta name=\"description\" content=\"Are you looking for a Coconut Oil supplier? Buying Cail\u00e0 &amp; Par\u00e9s Coconut Oil is synonymous with quality and trust. Enter now in our website!\" \/>\n<meta name=\"robots\" content=\"index, follow, max-snippet:-1, max-image-preview:large, max-video-preview:-1\" \/>\n<link rel=\"canonical\" href=\"https:\/\/cailapares.com\/en\/coconut-oil\/\" \/>\n<meta property=\"og:locale\" content=\"en_US\" \/>\n<meta property=\"og:type\" content=\"article\" \/>\n<meta property=\"og:title\" content=\"Buy Coconut Oil | Buy at Cail\u00e0 &amp; Par\u00e9s\" \/>\n<meta property=\"og:description\" content=\"Are you looking for a Coconut Oil supplier? Buying Cail\u00e0 &amp; Par\u00e9s Coconut Oil is synonymous with quality and trust. Enter now in our website!\" \/>\n<meta property=\"og:url\" content=\"https:\/\/cailapares.com\/en\/coconut-oil\/\" \/>\n<meta property=\"og:site_name\" content=\"Caila\" \/>\n<meta name=\"twitter:card\" content=\"summary_large_image\" \/>\n<meta name=\"twitter:label1\" content=\"Est. reading time\" \/>\n\t<meta name=\"twitter:data1\" content=\"4 minutes\" \/>\n<script type=\"application\/ld+json\" class=\"yoast-schema-graph\">{\"@context\":\"https:\/\/schema.org\",\"@graph\":[{\"@type\":\"WebPage\",\"@id\":\"https:\/\/cailapares.com\/en\/coconut-oil\/\",\"url\":\"https:\/\/cailapares.com\/en\/coconut-oil\/\",\"name\":\"Buy Coconut Oil | Buy at Cail\u00e0 & Par\u00e9s\",\"isPartOf\":{\"@id\":\"https:\/\/cailapares.com\/#website\"},\"datePublished\":\"2024-07-01T12:22:47+00:00\",\"description\":\"Are you looking for a Coconut Oil supplier? Buying Cail\u00e0 & Par\u00e9s Coconut Oil is synonymous with quality and trust. Enter now in our website!\",\"inLanguage\":\"en-US\",\"potentialAction\":[{\"@type\":\"ReadAction\",\"target\":[\"https:\/\/cailapares.com\/en\/coconut-oil\/\"]}]},{\"@type\":\"WebSite\",\"@id\":\"https:\/\/cailapares.com\/#website\",\"url\":\"https:\/\/cailapares.com\/\",\"name\":\"Caila\",\"description\":\"Otro sitio realizado con WordPress\",\"potentialAction\":[{\"@type\":\"SearchAction\",\"target\":{\"@type\":\"EntryPoint\",\"urlTemplate\":\"https:\/\/cailapares.com\/?s={search_term_string}\"},\"query-input\":{\"@type\":\"PropertyValueSpecification\",\"valueRequired\":true,\"valueName\":\"search_term_string\"}}],\"inLanguage\":\"en-US\"}]}<\/script>\n<!-- \/ Yoast SEO plugin. -->","yoast_head_json":{"title":"Buy Coconut Oil | Buy at Cail\u00e0 & Par\u00e9s","description":"Are you looking for a Coconut Oil supplier? Buying Cail\u00e0 & Par\u00e9s Coconut Oil is synonymous with quality and trust. Enter now in our website!","robots":{"index":"index","follow":"follow","max-snippet":"max-snippet:-1","max-image-preview":"max-image-preview:large","max-video-preview":"max-video-preview:-1"},"canonical":"https:\/\/cailapares.com\/en\/coconut-oil\/","og_locale":"en_US","og_type":"article","og_title":"Buy Coconut Oil | Buy at Cail\u00e0 & Par\u00e9s","og_description":"Are you looking for a Coconut Oil supplier? Buying Cail\u00e0 & Par\u00e9s Coconut Oil is synonymous with quality and trust. Enter now in our website!","og_url":"https:\/\/cailapares.com\/en\/coconut-oil\/","og_site_name":"Caila","twitter_card":"summary_large_image","twitter_misc":{"Est. reading time":"4 minutes"},"schema":{"@context":"https:\/\/schema.org","@graph":[{"@type":"WebPage","@id":"https:\/\/cailapares.com\/en\/coconut-oil\/","url":"https:\/\/cailapares.com\/en\/coconut-oil\/","name":"Buy Coconut Oil | Buy at Cail\u00e0 & Par\u00e9s","isPartOf":{"@id":"https:\/\/cailapares.com\/#website"},"datePublished":"2024-07-01T12:22:47+00:00","description":"Are you looking for a Coconut Oil supplier? Buying Cail\u00e0 & Par\u00e9s Coconut Oil is synonymous with quality and trust. Enter now in our website!","inLanguage":"en-US","potentialAction":[{"@type":"ReadAction","target":["https:\/\/cailapares.com\/en\/coconut-oil\/"]}]},{"@type":"WebSite","@id":"https:\/\/cailapares.com\/#website","url":"https:\/\/cailapares.com\/","name":"Caila","description":"Otro sitio realizado con WordPress","potentialAction":[{"@type":"SearchAction","target":{"@type":"EntryPoint","urlTemplate":"https:\/\/cailapares.com\/?s={search_term_string}"},"query-input":{"@type":"PropertyValueSpecification","valueRequired":true,"valueName":"search_term_string"}}],"inLanguage":"en-US"}]}},"_links":{"self":[{"href":"https:\/\/cailapares.com\/en\/wp-json\/wp\/v2\/pages\/298","targetHints":{"allow":["GET"]}}],"collection":[{"href":"https:\/\/cailapares.com\/en\/wp-json\/wp\/v2\/pages"}],"about":[{"href":"https:\/\/cailapares.com\/en\/wp-json\/wp\/v2\/types\/page"}],"author":[{"embeddable":true,"href":"https:\/\/cailapares.com\/en\/wp-json\/wp\/v2\/users\/1"}],"replies":[{"embeddable":true,"href":"https:\/\/cailapares.com\/en\/wp-json\/wp\/v2\/comments?post=298"}],"version-history":[{"count":2,"href":"https:\/\/cailapares.com\/en\/wp-json\/wp\/v2\/pages\/298\/revisions"}],"predecessor-version":[{"id":323,"href":"https:\/\/cailapares.com\/en\/wp-json\/wp\/v2\/pages\/298\/revisions\/323"}],"wp:attachment":[{"href":"https:\/\/cailapares.com\/en\/wp-json\/wp\/v2\/media?parent=298"}],"curies":[{"name":"wp","href":"https:\/\/api.w.org\/{rel}","templated":true}]}}