{"id":294,"date":"2024-07-01T12:37:01","date_gmt":"2024-07-01T12:37:01","guid":{"rendered":"https:\/\/cailapares.com\/aceite-de-ricino\/"},"modified":"2022-12-21T11:13:23","modified_gmt":"2022-12-21T11:13:23","slug":"castor-oil","status":"publish","type":"page","link":"https:\/\/cailapares.com\/en\/castor-oil\/","title":{"rendered":"Castor oil &#8211; Manufacters in Spain"},"content":{"rendered":"<p><img decoding=\"async\" class=\"alignright wp-image-906\" src=\"\/wp-content\/uploads\/2015\/01\/aceite-ricino.jpg\" alt=\"aceite de ricino\" width=\"329\" \/><\/p>\n<h2 style=\"text-align: justify;\">What is Castor Oil?<\/h2>\n<p style=\"text-align: justify;\">Castor oil is a triglyceride, like all vegetable oils and fats (glycerol backbone linked to three fatty acids by ester bonds). Castor oil is characterized by a high proportion of ricinoleic acid (80-95%), an unsaturated fatty acid chain of 18 carbons, with the particular feature of containing a hydroxyl group (-OH) in its carbon 12. Other acids fatty present in minor amounts are: <strong>palmitic acid<\/strong> (1-3%), <strong>stearic acid<\/strong> (1-3%), <strong>oleic acid<\/strong> (4-7%), <strong>linoleic acid<\/strong> (5-8%) and <strong>linoleic acid<\/strong> (0-2% )<\/p>\n<p style=\"text-align: justify;\"><em>CAS Number: 8001-79-4<\/em><br \/>\n<em>EC number: 232-293-8<\/em><\/p>\n<h3>Origin and extraction castor oil<\/h3>\n<p><strong>It is obtained by pressing and \/ or solvent extraction of seeds<\/strong> native from the Mediterranean area, but nowadays it is worldwide distributed and extensively exploited globally <strong>the bushy plant castor<\/strong> (Ricinus communis). The seeds contain ricin, a plant toxin that is easily removed due to their water solubility.<\/p>\n<h3>Properties and applications of castor oil<\/h3>\n<p>Castor oil is a pale yellow liquid at room temperature. It has a very distinctive smell and it tastes unpleasant.<\/p>\n<p>Multiple utilities has devoted castor oil as one of the star ingredients in a variety of industries that use oleochemicals.<\/p>\n<p>Ricinoleic acid, thanks to the peculiarity of the presence of the hydroxyl functional group, has a greater polarity than any other similar fatty acids, in addition to an obvious greater reactivity.<\/p>\n<p>Their applications and uses are diverse, including: soaps, lubricants, brake fluids, hydraulic fluids, paints, dyes, enamels, varnishes, coatings, plastics precursors, brighteners, among many others.<\/p>\n<p>Other uses include: food, medicine, veterinary medicine, additives, binders, plasticizers, dispersants, emulsifiers, detergents, fabric softeners, esters, polymers &#8230;<\/p>\n<p><a ref=\"magnificPopup\" href=\"\/wp-content\/uploads\/2015\/07\/castor-oil-spain.jpg\"><img loading=\"lazy\" decoding=\"async\" class=\"aligncenter wp-image-6111\" src=\"\/wp-content\/uploads\/2015\/07\/castor-oil-spain-1024x677.jpg\" alt=\"Castor oil in spain\" width=\"600\" height=\"397\" \/><\/a><\/p>\n<p>The multiplicity of areas where we can apply castor oil stresses, therefore, the value and the strength that this substance has with its different purposes and uses.<\/p>\n<p><strong>The oleochemicals constitute an alternative that is gaining more and more followers because of the versatility, quality and profitability it offers<\/strong> compared with substances and conventional means. Develop products and finished with natural substances is considerably cheaper but at the same time is more effective and thus opt for different oleochemical industries due to its versatility and the benefits it provides to consumers.<\/p>\n<p>The oleochemicals are a guarantee of quality, efficacy and also not damage the environment. They are an alternative that is consolidating increasingly harder thanks to the advantages it has. The oleochemicals are therefore ideal for treating and supplying different needs and shortages in all industries solution.<\/p>\n<h3>Products and presentation of castor oil<\/h3>\n<p style=\"text-align: justify;\"><strong>Castor oil<\/strong>: RICYP F<\/p>\n<p style=\"text-align: justify;\">Each and every one of the products we supply is contained in 180 Kg. drums, in containers of 850 Kg. or in bulk tanks. For more information please contact us through our web form or by telephone.<\/p>\n<h2>Why buy castor oil at Cail\u00e0&amp;Par\u00e9s?<\/h2>\n<p>Because Cail\u00e0&amp;Par\u00e9s is the company with a multitude of customers all over the world who have trusted and continue to trust us as manufacturers of acids and oils.<\/p>\n<p>We are manufacturers and we are located in Spain, but we have a wide network of customers in America, Asia, Europe, Oceania and Africa.<\/p>\n<p>You can see more information on our website: <a href=\"\/en\/about-us\/worldwide-clients\/\">\/en\/about-us\/worldwide-clients\/<\/a><\/p>\n<p>Below, you can access the rest of the acids and oils that we manufacture from our company:<\/p>\n<div class=\"clearfix\">\n<div class=\"half\">\n<ul>\n<li><i><a href=\"\/en\/caprylic-acid-capric\/\">Capric acid<\/a><\/i><\/li>\n<li><i><a href=\"\/en\/lauric-acid\/\">Lauric Acid for sale<\/a><\/i><\/li>\n<li><i><a href=\"\/en\/palmitic-acid\/\">Palmitic Acid for sale<\/a><\/i><\/li>\n<li><i><a href=\"\/en\/palm-stearin\/\">Palm stearin<\/a><\/i><\/li>\n<li><i><a href=\"\/en\/stearic-acid\/\">Buy Stearic Acid<\/a><\/i><\/li>\n<li><i><a href=\"\/en\/oleic-acid\/\">Buy oleic acid<\/a><\/i><\/li>\n<li><i><a href=\"\/en\/linolenic-acid\/\">Linolenic Acid<\/a><\/i><\/li>\n<li><i><a href=\"\/en\/linoleic-acid\/\">Linoleic acid uses<\/a><\/i><\/li>\n<\/ul>\n<\/div>\n<div class=\"half last\">\n<ul>\n<li><i><a href=\"\/en\/linseed-oil\/\">Linseed oil for sale<\/a><\/i><\/li>\n<li><i><a href=\"\/en\/palm-oil\/\">Palm oil<\/a><\/i><\/li>\n<li><i><a href=\"\/en\/coconut-oil\/\">Coconut oil for sale<\/a><\/i><\/li>\n<li><i><a href=\"\/en\/soy-oil\/\">Buy Soy oil<\/a><\/i><\/li>\n<li><i><a href=\"\/en\/linseed-fatty-acids\/\">Buy Linseed fatty acids<\/a><\/i><\/li>\n<li><i><a href=\"\/en\/tallow-fatty-acid\/\">Tallow fatty acid<\/a><\/i><\/li>\n<li><i><a href=\"\/en\/sunflower-oil\/\">Sunflower oil for sale<\/a><\/i><\/li>\n<li><i><a href=\"\/en\/glycerin\/\">Buy pure glycerin liquid<\/a><\/i><\/li>\n<\/ul>\n<\/div>\n<\/div>\n","protected":false},"excerpt":{"rendered":"<p>What is Castor Oil? Castor oil is a triglyceride, like all vegetable oils and fats (glycerol backbone linked to three fatty acids by ester bonds). Castor oil is characterized by a high proportion of ricinoleic acid (80-95%), an unsaturated fatty acid chain of 18 carbons, with the particular feature of containing a hydroxyl group (-OH)&#8230;<\/p>\n","protected":false},"author":1,"featured_media":0,"parent":0,"menu_order":0,"comment_status":"closed","ping_status":"closed","template":"","meta":{"footnotes":""},"class_list":["post-294","page","type-page","status-publish","hentry"],"yoast_head":"<!-- This site is optimized with the Yoast SEO plugin v25.9 - https:\/\/yoast.com\/wordpress\/plugins\/seo\/ -->\n<title>Castor Oil Manufacturers in Spain | Cail\u00e0&amp;Par\u00e9s<\/title>\n<meta name=\"description\" content=\"At Cail\u00e0&amp;Par\u00e9s we have castor oil for companies all over the world. If you need to purchase this product, access our website now.\" \/>\n<meta name=\"robots\" content=\"index, follow, max-snippet:-1, max-image-preview:large, max-video-preview:-1\" \/>\n<link rel=\"canonical\" href=\"https:\/\/cailapares.com\/en\/castor-oil\/\" \/>\n<meta property=\"og:locale\" content=\"en_US\" \/>\n<meta property=\"og:type\" content=\"article\" \/>\n<meta property=\"og:title\" content=\"Castor Oil Manufacturers in Spain | Cail\u00e0&amp;Par\u00e9s\" \/>\n<meta property=\"og:description\" content=\"At Cail\u00e0&amp;Par\u00e9s we have castor oil for companies all over the world. If you need to purchase this product, access our website now.\" \/>\n<meta property=\"og:url\" content=\"https:\/\/cailapares.com\/en\/castor-oil\/\" \/>\n<meta property=\"og:site_name\" content=\"Caila\" \/>\n<meta name=\"twitter:card\" content=\"summary_large_image\" \/>\n<meta name=\"twitter:label1\" content=\"Est. reading time\" \/>\n\t<meta name=\"twitter:data1\" content=\"3 minutes\" \/>\n<script type=\"application\/ld+json\" class=\"yoast-schema-graph\">{\"@context\":\"https:\/\/schema.org\",\"@graph\":[{\"@type\":\"WebPage\",\"@id\":\"https:\/\/cailapares.com\/en\/castor-oil\/\",\"url\":\"https:\/\/cailapares.com\/en\/castor-oil\/\",\"name\":\"Castor Oil Manufacturers in Spain | Cail\u00e0&Par\u00e9s\",\"isPartOf\":{\"@id\":\"https:\/\/cailapares.com\/#website\"},\"datePublished\":\"2024-07-01T12:37:01+00:00\",\"description\":\"At Cail\u00e0&Par\u00e9s we have castor oil for companies all over the world. If you need to purchase this product, access our website now.\",\"inLanguage\":\"en-US\",\"potentialAction\":[{\"@type\":\"ReadAction\",\"target\":[\"https:\/\/cailapares.com\/en\/castor-oil\/\"]}]},{\"@type\":\"WebSite\",\"@id\":\"https:\/\/cailapares.com\/#website\",\"url\":\"https:\/\/cailapares.com\/\",\"name\":\"Caila\",\"description\":\"Otro sitio realizado con WordPress\",\"potentialAction\":[{\"@type\":\"SearchAction\",\"target\":{\"@type\":\"EntryPoint\",\"urlTemplate\":\"https:\/\/cailapares.com\/?s={search_term_string}\"},\"query-input\":{\"@type\":\"PropertyValueSpecification\",\"valueRequired\":true,\"valueName\":\"search_term_string\"}}],\"inLanguage\":\"en-US\"}]}<\/script>\n<!-- \/ Yoast SEO plugin. -->","yoast_head_json":{"title":"Castor Oil Manufacturers in Spain | Cail\u00e0&Par\u00e9s","description":"At Cail\u00e0&Par\u00e9s we have castor oil for companies all over the world. If you need to purchase this product, access our website now.","robots":{"index":"index","follow":"follow","max-snippet":"max-snippet:-1","max-image-preview":"max-image-preview:large","max-video-preview":"max-video-preview:-1"},"canonical":"https:\/\/cailapares.com\/en\/castor-oil\/","og_locale":"en_US","og_type":"article","og_title":"Castor Oil Manufacturers in Spain | Cail\u00e0&Par\u00e9s","og_description":"At Cail\u00e0&Par\u00e9s we have castor oil for companies all over the world. If you need to purchase this product, access our website now.","og_url":"https:\/\/cailapares.com\/en\/castor-oil\/","og_site_name":"Caila","twitter_card":"summary_large_image","twitter_misc":{"Est. reading time":"3 minutes"},"schema":{"@context":"https:\/\/schema.org","@graph":[{"@type":"WebPage","@id":"https:\/\/cailapares.com\/en\/castor-oil\/","url":"https:\/\/cailapares.com\/en\/castor-oil\/","name":"Castor Oil Manufacturers in Spain | Cail\u00e0&Par\u00e9s","isPartOf":{"@id":"https:\/\/cailapares.com\/#website"},"datePublished":"2024-07-01T12:37:01+00:00","description":"At Cail\u00e0&Par\u00e9s we have castor oil for companies all over the world. If you need to purchase this product, access our website now.","inLanguage":"en-US","potentialAction":[{"@type":"ReadAction","target":["https:\/\/cailapares.com\/en\/castor-oil\/"]}]},{"@type":"WebSite","@id":"https:\/\/cailapares.com\/#website","url":"https:\/\/cailapares.com\/","name":"Caila","description":"Otro sitio realizado con WordPress","potentialAction":[{"@type":"SearchAction","target":{"@type":"EntryPoint","urlTemplate":"https:\/\/cailapares.com\/?s={search_term_string}"},"query-input":{"@type":"PropertyValueSpecification","valueRequired":true,"valueName":"search_term_string"}}],"inLanguage":"en-US"}]}},"_links":{"self":[{"href":"https:\/\/cailapares.com\/en\/wp-json\/wp\/v2\/pages\/294","targetHints":{"allow":["GET"]}}],"collection":[{"href":"https:\/\/cailapares.com\/en\/wp-json\/wp\/v2\/pages"}],"about":[{"href":"https:\/\/cailapares.com\/en\/wp-json\/wp\/v2\/types\/page"}],"author":[{"embeddable":true,"href":"https:\/\/cailapares.com\/en\/wp-json\/wp\/v2\/users\/1"}],"replies":[{"embeddable":true,"href":"https:\/\/cailapares.com\/en\/wp-json\/wp\/v2\/comments?post=294"}],"version-history":[{"count":3,"href":"https:\/\/cailapares.com\/en\/wp-json\/wp\/v2\/pages\/294\/revisions"}],"predecessor-version":[{"id":688,"href":"https:\/\/cailapares.com\/en\/wp-json\/wp\/v2\/pages\/294\/revisions\/688"}],"wp:attachment":[{"href":"https:\/\/cailapares.com\/en\/wp-json\/wp\/v2\/media?parent=294"}],"curies":[{"name":"wp","href":"https:\/\/api.w.org\/{rel}","templated":true}]}}