{"id":293,"date":"2024-07-01T12:17:18","date_gmt":"2024-07-01T12:17:18","guid":{"rendered":"https:\/\/cailapares.com\/acido-caprilico-caprico\/"},"modified":"2022-12-21T11:02:07","modified_gmt":"2022-12-21T11:02:07","slug":"caprylic-acid-capric","status":"publish","type":"page","link":"https:\/\/cailapares.com\/en\/caprylic-acid-capric\/","title":{"rendered":"Caprylic or capric acid"},"content":{"rendered":"<h2>What is caprylic acid or capric acid?<\/h2>\n<p><a ref=\"magnificPopup\" href=\"\/wp-content\/uploads\/2015\/01\/aceite-coco.jpg\"><img loading=\"lazy\" decoding=\"async\" class=\"alignright wp-image-931\" src=\"\/wp-content\/uploads\/2015\/01\/aceite-coco.jpg\" alt=\"aceite de coco\" width=\"416\" height=\"274\" \/><\/a><\/p>\n<p style=\"text-align: justify;\"><strong>Caprylic and capric acids<\/strong> are fatty short saturated chain acids present in vegetable oils such as coconut oil or palm kernel oil. In nature they can be found along with other saturated fatty acids as in the case of lauric acid, myristic acid, palmitic acid and stearic, and in <strong>minor proportion of unsaturated fatty acids<\/strong>.<\/p>\n<p style=\"text-align: justify;\">They respond to the formula C8H16O2 (Caprylic a.) and C10H20O2 (Capric a.) corresponding to the mono carboxylic acids with saturated straight-chain with 8 to 10 carbon atoms respectively. It is sold as a mixture of two fatty acids.<\/p>\n<p style=\"text-align: justify;\">These acids are a tool of great caliber to develop all kinds of industrial products. Thanks to the properties of these acids, <strong>Caprylic and capric<\/strong>, different markets<br \/>\ncan create different types of items for different use.<\/p>\n<ul style=\"text-align: justify;\">\n<li>CAS: 68937-75-7<\/li>\n<li>EC number: 273-086-2<\/li>\n<\/ul>\n<h3>Origin of caprylic acid<\/h3>\n<p><strong>Capric-caprylic acids<\/strong> are obtained mainly from the hydrolysis of <a href=\"\/en\/coconut-oil\/\">coconut oil<\/a> or palm kernel oil and subsequent fractional distillation. This process is how we obtain the acids.<strong> Depending on the use and quantity required<\/strong>, we offer different delivery formulas (drums, containers or tanks of different dimensions) for the greatest satisfaction of our customers.<\/p>\n<h3>Properties of capric acid<\/h3>\n<p>Caprylic-capric acid mixture is a slightly yellowish liquid product at room temperature. It is an irritant and corrosive product. Its freezing point ranges <strong>between 5 &#8211; 7\u00baC<\/strong>.<\/p>\n<p><img loading=\"lazy\" decoding=\"async\" class=\"aligncenter size-large wp-image-5783\" src=\"\/wp-content\/uploads\/2015\/02\/acido-caprilico-propiedades-1024x332.png\" alt=\"\u00e1cido capr\u00edlico propiedades\" width=\"1024\" height=\"332\" \/><\/p>\n<p>The <strong>main applications of caprylic-capric acids are as raw materials in the manufacture of alkyd resins for coatings<\/strong>, surfactants, perfumes and aromas, metallic soaps, lubricants, biocides and plasticizers, among many others. Caprylic and capric acids are a very useful tool. Moreover, in comparison with chemical ingredients, there is a fairly clear economic contrast in favor of oleochemicals.<\/p>\n<h3>Other applications of this acid<\/h3>\n<p>Oleochemicals are an innovation in various industries. They are becoming a <strong>very profitable alternative for different markets as opposed to chemicals<\/strong>. Oleochemicals are substances of natural origin that achieve the same or better results than chemicals and, in addition, they are environmentally friendly, which allows a reduction of pollution and danger for the consumer.<\/p>\n<p>Today, the applications of the different acids of natural origin are evident in different products and finishes. Excellent results are achieved, which implies a safe, effective and comfortable success. The quality of our products is of great excellence and, therefore, our customers are highly satisfied with the results.<\/p>\n<p>We offer cost-effective and efficient solutions so that the different industries can manufacture products of all kinds by using acids and substances of great potential. At Cail\u00e0 &amp; Par\u00e9s, quality, efficiency and hard work define us as a company.<\/p>\n<h3>Caprylic acid presentations<\/h3>\n<p style=\"text-align: justify;\"><strong>CYPAFRAK 0810-STD<\/strong><\/p>\n<p>How do we deliver this product to other companies?<\/p>\n<p>You can find our products in 180 Kg. drums and also in 850 Kg. containers and with bulk tanks.<\/p>\n<p>If you need more information about the purchase of caprylic acid with <a href=\"\/en\/\">Cail\u00e0&amp;Par\u00e9s<\/a>, do not hesitate to contact us through our web form or you can call us at our telephone number: +34933354850.<\/p>\n<p>Discover other acids and oils available at Cail\u00e0&amp;Par\u00e9s:<\/p>\n<div class=\"clearfix\">\n<div class=\"half\">\n<ul>\n<li><i><a href=\"\/en\/glycerin\/\">Pure Glycerin<\/a><\/i><\/li>\n<li><i><a href=\"\/en\/lauric-acid\/\">Buy Lauric Acid<\/a><\/i><\/li>\n<li><i><a href=\"\/en\/palmitic-acid\/\">Info about Palmitic Acid<\/a><\/i><\/li>\n<li><i><a href=\"\/en\/palm-stearin\/\">Palm stearin<\/a><\/i><\/li>\n<li><i><a href=\"\/en\/stearic-acid\/\">Our Stearic Acid<\/a><\/i><\/li>\n<li><i><a href=\"\/en\/oleic-acid\/\">Buy Oleic Acid<\/a><\/i><\/li>\n<li><i><a href=\"\/en\/linoleic-acid\/\">Linoleic Acid<\/a><\/i><\/li>\n<li><i><a href=\"\/en\/linolenic-acid\/\">Linolenic Acid<\/a><\/i><\/li>\n<\/ul>\n<\/div>\n<div class=\"half last\">\n<ul>\n<li><i><a href=\"\/en\/linseed-oil\/\">Linseed oil<\/a><\/i><\/li>\n<li><i><a href=\"\/en\/palm-oil\/\">Buy palm oil<\/a><\/i><\/li>\n<li><i><a href=\"\/en\/coconut-oil\/\">Coconut oil<\/a><\/i><\/li>\n<li><i><a href=\"\/en\/soy-oil\/\">Soybean oil information<\/a><\/i><\/li>\n<li><i><a href=\"\/en\/linseed-fatty-acids\/\">Flaxseed fatty acids<\/a><\/i><\/li>\n<li><i><a href=\"\/en\/tallow-fatty-acid\/\">Information Tallow fatty acids<\/a><\/i><\/li>\n<li><i><a href=\"\/en\/sunflower-oil\/\">Sunflower oil<\/a><\/i><\/li>\n<\/ul>\n<\/div>\n<\/div>\n","protected":false},"excerpt":{"rendered":"<p>What is caprylic acid or capric acid? Caprylic and capric acids are fatty short saturated chain acids present in vegetable oils such as coconut oil or palm kernel oil. In nature they can be found along with other saturated fatty acids as in the case of lauric acid, myristic acid, palmitic acid and stearic, and&#8230;<\/p>\n","protected":false},"author":1,"featured_media":0,"parent":0,"menu_order":0,"comment_status":"closed","ping_status":"closed","template":"","meta":{"footnotes":""},"class_list":["post-293","page","type-page","status-publish","hentry"],"yoast_head":"<!-- This site is optimized with the Yoast SEO plugin v25.9 - https:\/\/yoast.com\/wordpress\/plugins\/seo\/ -->\n<title>Caprylic or Capric Acid | Buy in Cail\u00e0 &amp; Par\u00e9s<\/title>\n<meta name=\"description\" content=\"Are you looking for a Caprylic or Capric Acid supplier? Buying at Cail\u00e0 &amp; Par\u00e9s is synonymous with quality and trust.\" \/>\n<meta name=\"robots\" content=\"index, follow, max-snippet:-1, max-image-preview:large, max-video-preview:-1\" \/>\n<link rel=\"canonical\" href=\"https:\/\/cailapares.com\/en\/caprylic-acid-capric\/\" \/>\n<meta property=\"og:locale\" content=\"en_US\" \/>\n<meta property=\"og:type\" content=\"article\" \/>\n<meta property=\"og:title\" content=\"Caprylic or Capric Acid | Buy in Cail\u00e0 &amp; Par\u00e9s\" \/>\n<meta property=\"og:description\" content=\"Are you looking for a Caprylic or Capric Acid supplier? Buying at Cail\u00e0 &amp; Par\u00e9s is synonymous with quality and trust.\" \/>\n<meta property=\"og:url\" content=\"https:\/\/cailapares.com\/en\/caprylic-acid-capric\/\" \/>\n<meta property=\"og:site_name\" content=\"Caila\" \/>\n<meta name=\"twitter:card\" content=\"summary_large_image\" \/>\n<meta name=\"twitter:label1\" content=\"Est. reading time\" \/>\n\t<meta name=\"twitter:data1\" content=\"3 minutes\" \/>\n<script type=\"application\/ld+json\" class=\"yoast-schema-graph\">{\"@context\":\"https:\/\/schema.org\",\"@graph\":[{\"@type\":\"WebPage\",\"@id\":\"https:\/\/cailapares.com\/en\/caprylic-acid-capric\/\",\"url\":\"https:\/\/cailapares.com\/en\/caprylic-acid-capric\/\",\"name\":\"Caprylic or Capric Acid | Buy in Cail\u00e0 & Par\u00e9s\",\"isPartOf\":{\"@id\":\"https:\/\/cailapares.com\/#website\"},\"datePublished\":\"2024-07-01T12:17:18+00:00\",\"description\":\"Are you looking for a Caprylic or Capric Acid supplier? Buying at Cail\u00e0 & Par\u00e9s is synonymous with quality and trust.\",\"inLanguage\":\"en-US\",\"potentialAction\":[{\"@type\":\"ReadAction\",\"target\":[\"https:\/\/cailapares.com\/en\/caprylic-acid-capric\/\"]}]},{\"@type\":\"WebSite\",\"@id\":\"https:\/\/cailapares.com\/#website\",\"url\":\"https:\/\/cailapares.com\/\",\"name\":\"Caila\",\"description\":\"Otro sitio realizado con WordPress\",\"potentialAction\":[{\"@type\":\"SearchAction\",\"target\":{\"@type\":\"EntryPoint\",\"urlTemplate\":\"https:\/\/cailapares.com\/?s={search_term_string}\"},\"query-input\":{\"@type\":\"PropertyValueSpecification\",\"valueRequired\":true,\"valueName\":\"search_term_string\"}}],\"inLanguage\":\"en-US\"}]}<\/script>\n<!-- \/ Yoast SEO plugin. -->","yoast_head_json":{"title":"Caprylic or Capric Acid | Buy in Cail\u00e0 & Par\u00e9s","description":"Are you looking for a Caprylic or Capric Acid supplier? Buying at Cail\u00e0 & Par\u00e9s is synonymous with quality and trust.","robots":{"index":"index","follow":"follow","max-snippet":"max-snippet:-1","max-image-preview":"max-image-preview:large","max-video-preview":"max-video-preview:-1"},"canonical":"https:\/\/cailapares.com\/en\/caprylic-acid-capric\/","og_locale":"en_US","og_type":"article","og_title":"Caprylic or Capric Acid | Buy in Cail\u00e0 & Par\u00e9s","og_description":"Are you looking for a Caprylic or Capric Acid supplier? Buying at Cail\u00e0 & Par\u00e9s is synonymous with quality and trust.","og_url":"https:\/\/cailapares.com\/en\/caprylic-acid-capric\/","og_site_name":"Caila","twitter_card":"summary_large_image","twitter_misc":{"Est. reading time":"3 minutes"},"schema":{"@context":"https:\/\/schema.org","@graph":[{"@type":"WebPage","@id":"https:\/\/cailapares.com\/en\/caprylic-acid-capric\/","url":"https:\/\/cailapares.com\/en\/caprylic-acid-capric\/","name":"Caprylic or Capric Acid | Buy in Cail\u00e0 & Par\u00e9s","isPartOf":{"@id":"https:\/\/cailapares.com\/#website"},"datePublished":"2024-07-01T12:17:18+00:00","description":"Are you looking for a Caprylic or Capric Acid supplier? Buying at Cail\u00e0 & Par\u00e9s is synonymous with quality and trust.","inLanguage":"en-US","potentialAction":[{"@type":"ReadAction","target":["https:\/\/cailapares.com\/en\/caprylic-acid-capric\/"]}]},{"@type":"WebSite","@id":"https:\/\/cailapares.com\/#website","url":"https:\/\/cailapares.com\/","name":"Caila","description":"Otro sitio realizado con WordPress","potentialAction":[{"@type":"SearchAction","target":{"@type":"EntryPoint","urlTemplate":"https:\/\/cailapares.com\/?s={search_term_string}"},"query-input":{"@type":"PropertyValueSpecification","valueRequired":true,"valueName":"search_term_string"}}],"inLanguage":"en-US"}]}},"_links":{"self":[{"href":"https:\/\/cailapares.com\/en\/wp-json\/wp\/v2\/pages\/293","targetHints":{"allow":["GET"]}}],"collection":[{"href":"https:\/\/cailapares.com\/en\/wp-json\/wp\/v2\/pages"}],"about":[{"href":"https:\/\/cailapares.com\/en\/wp-json\/wp\/v2\/types\/page"}],"author":[{"embeddable":true,"href":"https:\/\/cailapares.com\/en\/wp-json\/wp\/v2\/users\/1"}],"replies":[{"embeddable":true,"href":"https:\/\/cailapares.com\/en\/wp-json\/wp\/v2\/comments?post=293"}],"version-history":[{"count":3,"href":"https:\/\/cailapares.com\/en\/wp-json\/wp\/v2\/pages\/293\/revisions"}],"predecessor-version":[{"id":681,"href":"https:\/\/cailapares.com\/en\/wp-json\/wp\/v2\/pages\/293\/revisions\/681"}],"wp:attachment":[{"href":"https:\/\/cailapares.com\/en\/wp-json\/wp\/v2\/media?parent=293"}],"curies":[{"name":"wp","href":"https:\/\/api.w.org\/{rel}","templated":true}]}}