{"id":258,"date":"2022-10-24T12:19:30","date_gmt":"2022-10-24T12:19:30","guid":{"rendered":"https:\/\/cailapares.com\/about-us\/clientes-mundiales\/"},"modified":"2023-03-01T08:36:29","modified_gmt":"2023-03-01T08:36:29","slug":"worldwide-clients","status":"publish","type":"page","link":"https:\/\/cailapares.com\/en\/about-us\/worldwide-clients\/","title":{"rendered":"Worldwide clients"},"content":{"rendered":"<h1>Worldwide clients<\/h1>\n<p><img decoding=\"async\" src=\"\/wp-content\/uploads\/2014\/11\/WorldMap-arrows870-2-e1416235487690.png\" alt=\"world map\" style=\"background-image: url(https:\/\/cailapares.com\/wp-content\/uploads\/2023\/03\/CompoWorldMapFade.gif);\"\/><\/p>\n<h2>Expansion of Cail\u00e0&amp;Par\u00e9s with customers worldwide<\/h2>\n<p>Since 1932, Cail\u00e0&amp;Par\u00e9s began its expansion in clients at a European level, reaching different countries such as Germany, France or Norway.<\/p>\n<p>In the 80&#8217;s, our company made the jump to the American continent, reaching countries located in the North of America such as the United States or Canada, as well as reaching the countries of the South, such as Argentina, Brazil or Chile.<\/p>\n<p>At the beginning of the 90&#8217;s, Cail\u00e0&amp;Par\u00e9s began to expand throughout the Asian continent, with great opportunities to work with clients such as China or India. After the expansion in Asia, our company also began to work for countries in the African continent, reaching a point of more extensive globalization.<\/p>\n<p>The last step in its expansion, as we see in the image, was our arrival in the oceanic continent, with clients in Australia or New Zealand.<\/p>\n<h1>Worldwide clients<\/h1>\n<p><img decoding=\"async\" src=\"\/wp-content\/uploads\/2014\/11\/WorldMap-arrows870-2-e1416235487690.png\" alt=\"world map\" \/><\/p>\n<h2>Expansion of Cail\u00e0&amp;Par\u00e9s with customers worldwide<\/h2>\n<p>Since 1932, Cail\u00e0&amp;Par\u00e9s began its expansion in clients at a European level, reaching different countries such as Germany, France or Norway.<\/p>\n<p>In the 80&#8217;s, our company made the jump to the American continent, reaching countries located in the North of America such as the United States or Canada, as well as reaching the countries of the South, such as Argentina, Brazil or Chile.<\/p>\n<p>At the beginning of the 90&#8217;s, Cail\u00e0&amp;Par\u00e9s began to expand throughout the Asian continent, with great opportunities to work with clients such as China or India. After the expansion in Asia, our company also began to work for countries in the African continent, reaching a point of more extensive globalization.<\/p>\n<p>The last step in its expansion, as we see in the image, was our arrival in the oceanic continent, with clients in Australia or New Zealand.<\/p>\n","protected":false},"excerpt":{"rendered":"<p>Worldwide clients Expansion of Cail\u00e0&amp;Par\u00e9s with customers worldwide Since 1932, Cail\u00e0&amp;Par\u00e9s began its expansion in clients at a European level, reaching different countries such as Germany, France or Norway. In the 80&#8217;s, our company made the jump to the American continent, reaching countries located in the North of America such as the United States or&#8230;<\/p>\n","protected":false},"author":1,"featured_media":0,"parent":242,"menu_order":0,"comment_status":"closed","ping_status":"closed","template":"","meta":{"footnotes":""},"class_list":["post-258","page","type-page","status-publish","hentry"],"yoast_head":"<!-- This site is optimized with the Yoast SEO plugin v25.9 - https:\/\/yoast.com\/wordpress\/plugins\/seo\/ -->\n<title>Worldwide clients - Cail\u00e0 &amp; Par\u00e9s<\/title>\n<meta name=\"description\" content=\"Evolution of the growth of Cail\u00e0 &amp; Par\u00e9s over the years seen with a graphic animation passing through its origins until today. Enter now in our website.\" \/>\n<meta name=\"robots\" content=\"index, follow, max-snippet:-1, max-image-preview:large, max-video-preview:-1\" \/>\n<link rel=\"canonical\" href=\"https:\/\/cailapares.com\/en\/about-us\/worldwide-clients\/\" \/>\n<meta property=\"og:locale\" content=\"en_US\" \/>\n<meta property=\"og:type\" content=\"article\" \/>\n<meta property=\"og:title\" content=\"Worldwide clients - Cail\u00e0 &amp; Par\u00e9s\" \/>\n<meta property=\"og:description\" content=\"Evolution of the growth of Cail\u00e0 &amp; Par\u00e9s over the years seen with a graphic animation passing through its origins until today. Enter now in our website.\" \/>\n<meta property=\"og:url\" content=\"https:\/\/cailapares.com\/en\/about-us\/worldwide-clients\/\" \/>\n<meta property=\"og:site_name\" content=\"Caila\" \/>\n<meta property=\"article:modified_time\" content=\"2023-03-01T08:36:29+00:00\" \/>\n<meta name=\"twitter:card\" content=\"summary_large_image\" \/>\n<meta name=\"twitter:label1\" content=\"Est. reading time\" \/>\n\t<meta name=\"twitter:data1\" content=\"2 minutes\" \/>\n<script type=\"application\/ld+json\" class=\"yoast-schema-graph\">{\"@context\":\"https:\/\/schema.org\",\"@graph\":[{\"@type\":\"WebPage\",\"@id\":\"https:\/\/cailapares.com\/en\/about-us\/worldwide-clients\/\",\"url\":\"https:\/\/cailapares.com\/en\/about-us\/worldwide-clients\/\",\"name\":\"Worldwide clients - Cail\u00e0 & Par\u00e9s\",\"isPartOf\":{\"@id\":\"https:\/\/cailapares.com\/#website\"},\"datePublished\":\"2022-10-24T12:19:30+00:00\",\"dateModified\":\"2023-03-01T08:36:29+00:00\",\"description\":\"Evolution of the growth of Cail\u00e0 & Par\u00e9s over the years seen with a graphic animation passing through its origins until today. Enter now in our website.\",\"breadcrumb\":{\"@id\":\"https:\/\/cailapares.com\/en\/about-us\/worldwide-clients\/#breadcrumb\"},\"inLanguage\":\"en-US\",\"potentialAction\":[{\"@type\":\"ReadAction\",\"target\":[\"https:\/\/cailapares.com\/en\/about-us\/worldwide-clients\/\"]}]},{\"@type\":\"BreadcrumbList\",\"@id\":\"https:\/\/cailapares.com\/en\/about-us\/worldwide-clients\/#breadcrumb\",\"itemListElement\":[{\"@type\":\"ListItem\",\"position\":1,\"name\":\"About us\",\"item\":\"https:\/\/cailapares.com\/en\/about-us\/\"},{\"@type\":\"ListItem\",\"position\":2,\"name\":\"Worldwide clients\"}]},{\"@type\":\"WebSite\",\"@id\":\"https:\/\/cailapares.com\/#website\",\"url\":\"https:\/\/cailapares.com\/\",\"name\":\"Caila\",\"description\":\"Otro sitio realizado con WordPress\",\"potentialAction\":[{\"@type\":\"SearchAction\",\"target\":{\"@type\":\"EntryPoint\",\"urlTemplate\":\"https:\/\/cailapares.com\/?s={search_term_string}\"},\"query-input\":{\"@type\":\"PropertyValueSpecification\",\"valueRequired\":true,\"valueName\":\"search_term_string\"}}],\"inLanguage\":\"en-US\"}]}<\/script>\n<!-- \/ Yoast SEO plugin. -->","yoast_head_json":{"title":"Worldwide clients - Cail\u00e0 & Par\u00e9s","description":"Evolution of the growth of Cail\u00e0 & Par\u00e9s over the years seen with a graphic animation passing through its origins until today. Enter now in our website.","robots":{"index":"index","follow":"follow","max-snippet":"max-snippet:-1","max-image-preview":"max-image-preview:large","max-video-preview":"max-video-preview:-1"},"canonical":"https:\/\/cailapares.com\/en\/about-us\/worldwide-clients\/","og_locale":"en_US","og_type":"article","og_title":"Worldwide clients - Cail\u00e0 & Par\u00e9s","og_description":"Evolution of the growth of Cail\u00e0 & Par\u00e9s over the years seen with a graphic animation passing through its origins until today. Enter now in our website.","og_url":"https:\/\/cailapares.com\/en\/about-us\/worldwide-clients\/","og_site_name":"Caila","article_modified_time":"2023-03-01T08:36:29+00:00","twitter_card":"summary_large_image","twitter_misc":{"Est. reading time":"2 minutes"},"schema":{"@context":"https:\/\/schema.org","@graph":[{"@type":"WebPage","@id":"https:\/\/cailapares.com\/en\/about-us\/worldwide-clients\/","url":"https:\/\/cailapares.com\/en\/about-us\/worldwide-clients\/","name":"Worldwide clients - Cail\u00e0 & Par\u00e9s","isPartOf":{"@id":"https:\/\/cailapares.com\/#website"},"datePublished":"2022-10-24T12:19:30+00:00","dateModified":"2023-03-01T08:36:29+00:00","description":"Evolution of the growth of Cail\u00e0 & Par\u00e9s over the years seen with a graphic animation passing through its origins until today. Enter now in our website.","breadcrumb":{"@id":"https:\/\/cailapares.com\/en\/about-us\/worldwide-clients\/#breadcrumb"},"inLanguage":"en-US","potentialAction":[{"@type":"ReadAction","target":["https:\/\/cailapares.com\/en\/about-us\/worldwide-clients\/"]}]},{"@type":"BreadcrumbList","@id":"https:\/\/cailapares.com\/en\/about-us\/worldwide-clients\/#breadcrumb","itemListElement":[{"@type":"ListItem","position":1,"name":"About us","item":"https:\/\/cailapares.com\/en\/about-us\/"},{"@type":"ListItem","position":2,"name":"Worldwide clients"}]},{"@type":"WebSite","@id":"https:\/\/cailapares.com\/#website","url":"https:\/\/cailapares.com\/","name":"Caila","description":"Otro sitio realizado con WordPress","potentialAction":[{"@type":"SearchAction","target":{"@type":"EntryPoint","urlTemplate":"https:\/\/cailapares.com\/?s={search_term_string}"},"query-input":{"@type":"PropertyValueSpecification","valueRequired":true,"valueName":"search_term_string"}}],"inLanguage":"en-US"}]}},"_links":{"self":[{"href":"https:\/\/cailapares.com\/en\/wp-json\/wp\/v2\/pages\/258","targetHints":{"allow":["GET"]}}],"collection":[{"href":"https:\/\/cailapares.com\/en\/wp-json\/wp\/v2\/pages"}],"about":[{"href":"https:\/\/cailapares.com\/en\/wp-json\/wp\/v2\/types\/page"}],"author":[{"embeddable":true,"href":"https:\/\/cailapares.com\/en\/wp-json\/wp\/v2\/users\/1"}],"replies":[{"embeddable":true,"href":"https:\/\/cailapares.com\/en\/wp-json\/wp\/v2\/comments?post=258"}],"version-history":[{"count":5,"href":"https:\/\/cailapares.com\/en\/wp-json\/wp\/v2\/pages\/258\/revisions"}],"predecessor-version":[{"id":732,"href":"https:\/\/cailapares.com\/en\/wp-json\/wp\/v2\/pages\/258\/revisions\/732"}],"up":[{"embeddable":true,"href":"https:\/\/cailapares.com\/en\/wp-json\/wp\/v2\/pages\/242"}],"wp:attachment":[{"href":"https:\/\/cailapares.com\/en\/wp-json\/wp\/v2\/media?parent=258"}],"curies":[{"name":"wp","href":"https:\/\/api.w.org\/{rel}","templated":true}]}}