{"id":255,"date":"2022-10-24T12:20:48","date_gmt":"2022-10-24T12:20:48","guid":{"rendered":"https:\/\/cailapares.com\/about-us\/politica-no-deforestacion-ndpe\/"},"modified":"2023-02-28T11:44:47","modified_gmt":"2023-02-28T11:44:47","slug":"no-deforestation-policy-ndpe","status":"publish","type":"page","link":"https:\/\/cailapares.com\/en\/about-us\/no-deforestation-policy-ndpe\/","title":{"rendered":"No Deforestation Policy NDPE"},"content":{"rendered":"<h1>No Deforestation Policy NDPE<\/h1>\n<h2><strong>No Deforestation, No Peat, No Exploitation Policy (NDPE) of\u00a0<\/strong><strong>Cail\u00e0 &amp; Par\u00e9s<\/strong><\/h2>\n<p><strong>Cail\u00e0 &amp; Par\u00e9s<\/strong>,\u00a0recognises that developing a no deforestation, no peat and no exploitation policy, makes a key contribution towards making industry more sustainable, preserving the ecosystems from deforestation and other negative impacts, and respecting and protecting human rights and those of local communities. If you need to know more about it, access now to this link.<\/p>\n<p>Access now to our document: <a href=\"\/wp-content\/uploads\/2021\/12\/cypsa-ndpe-policy-v1.pdf\">No Deforestation, No Peat, No Exploitation Policy (NDPE)<\/a><\/p>\n","protected":false},"excerpt":{"rendered":"<p>No Deforestation Policy NDPE No Deforestation, No Peat, No Exploitation Policy (NDPE) of\u00a0Cail\u00e0 &amp; Par\u00e9s Cail\u00e0 &amp; Par\u00e9s,\u00a0recognises that developing a no deforestation, no peat and no exploitation policy, makes a key contribution towards making industry more sustainable, preserving the ecosystems from deforestation and other negative impacts, and respecting and protecting human rights and those&#8230;<\/p>\n","protected":false},"author":1,"featured_media":0,"parent":242,"menu_order":0,"comment_status":"closed","ping_status":"closed","template":"","meta":{"footnotes":""},"class_list":["post-255","page","type-page","status-publish","hentry"],"yoast_head":"<!-- This site is optimized with the Yoast SEO plugin v25.9 - https:\/\/yoast.com\/wordpress\/plugins\/seo\/ -->\n<title>No Deforestation Policy NDPE - Cail\u00e0 &amp; Par\u00e9s<\/title>\n<meta name=\"description\" content=\"Cail\u00e0 &amp; Par\u00e9s complies with the objectives, legal requirements and targets in terms of environmental policy and has tried to give an example of this.\" \/>\n<meta name=\"robots\" content=\"index, follow, max-snippet:-1, max-image-preview:large, max-video-preview:-1\" \/>\n<link rel=\"canonical\" href=\"https:\/\/cailapares.com\/en\/about-us\/no-deforestation-policy-ndpe\/\" \/>\n<meta property=\"og:locale\" content=\"en_US\" \/>\n<meta property=\"og:type\" content=\"article\" \/>\n<meta property=\"og:title\" content=\"No Deforestation Policy NDPE - Cail\u00e0 &amp; Par\u00e9s\" \/>\n<meta property=\"og:description\" content=\"Cail\u00e0 &amp; Par\u00e9s complies with the objectives, legal requirements and targets in terms of environmental policy and has tried to give an example of this.\" \/>\n<meta property=\"og:url\" content=\"https:\/\/cailapares.com\/en\/about-us\/no-deforestation-policy-ndpe\/\" \/>\n<meta property=\"og:site_name\" content=\"Caila\" \/>\n<meta property=\"article:modified_time\" content=\"2023-02-28T11:44:47+00:00\" \/>\n<meta name=\"twitter:card\" content=\"summary_large_image\" \/>\n<meta name=\"twitter:label1\" content=\"Est. reading time\" \/>\n\t<meta name=\"twitter:data1\" content=\"1 minute\" \/>\n<script type=\"application\/ld+json\" class=\"yoast-schema-graph\">{\"@context\":\"https:\/\/schema.org\",\"@graph\":[{\"@type\":\"WebPage\",\"@id\":\"https:\/\/cailapares.com\/en\/about-us\/no-deforestation-policy-ndpe\/\",\"url\":\"https:\/\/cailapares.com\/en\/about-us\/no-deforestation-policy-ndpe\/\",\"name\":\"No Deforestation Policy NDPE - Cail\u00e0 & Par\u00e9s\",\"isPartOf\":{\"@id\":\"https:\/\/cailapares.com\/#website\"},\"datePublished\":\"2022-10-24T12:20:48+00:00\",\"dateModified\":\"2023-02-28T11:44:47+00:00\",\"description\":\"Cail\u00e0 & Par\u00e9s complies with the objectives, legal requirements and targets in terms of environmental policy and has tried to give an example of this.\",\"breadcrumb\":{\"@id\":\"https:\/\/cailapares.com\/en\/about-us\/no-deforestation-policy-ndpe\/#breadcrumb\"},\"inLanguage\":\"en-US\",\"potentialAction\":[{\"@type\":\"ReadAction\",\"target\":[\"https:\/\/cailapares.com\/en\/about-us\/no-deforestation-policy-ndpe\/\"]}]},{\"@type\":\"BreadcrumbList\",\"@id\":\"https:\/\/cailapares.com\/en\/about-us\/no-deforestation-policy-ndpe\/#breadcrumb\",\"itemListElement\":[{\"@type\":\"ListItem\",\"position\":1,\"name\":\"About us\",\"item\":\"https:\/\/cailapares.com\/en\/about-us\/\"},{\"@type\":\"ListItem\",\"position\":2,\"name\":\"No Deforestation Policy NDPE\"}]},{\"@type\":\"WebSite\",\"@id\":\"https:\/\/cailapares.com\/#website\",\"url\":\"https:\/\/cailapares.com\/\",\"name\":\"Caila\",\"description\":\"Otro sitio realizado con WordPress\",\"potentialAction\":[{\"@type\":\"SearchAction\",\"target\":{\"@type\":\"EntryPoint\",\"urlTemplate\":\"https:\/\/cailapares.com\/?s={search_term_string}\"},\"query-input\":{\"@type\":\"PropertyValueSpecification\",\"valueRequired\":true,\"valueName\":\"search_term_string\"}}],\"inLanguage\":\"en-US\"}]}<\/script>\n<!-- \/ Yoast SEO plugin. -->","yoast_head_json":{"title":"No Deforestation Policy NDPE - Cail\u00e0 & Par\u00e9s","description":"Cail\u00e0 & Par\u00e9s complies with the objectives, legal requirements and targets in terms of environmental policy and has tried to give an example of this.","robots":{"index":"index","follow":"follow","max-snippet":"max-snippet:-1","max-image-preview":"max-image-preview:large","max-video-preview":"max-video-preview:-1"},"canonical":"https:\/\/cailapares.com\/en\/about-us\/no-deforestation-policy-ndpe\/","og_locale":"en_US","og_type":"article","og_title":"No Deforestation Policy NDPE - Cail\u00e0 & Par\u00e9s","og_description":"Cail\u00e0 & Par\u00e9s complies with the objectives, legal requirements and targets in terms of environmental policy and has tried to give an example of this.","og_url":"https:\/\/cailapares.com\/en\/about-us\/no-deforestation-policy-ndpe\/","og_site_name":"Caila","article_modified_time":"2023-02-28T11:44:47+00:00","twitter_card":"summary_large_image","twitter_misc":{"Est. reading time":"1 minute"},"schema":{"@context":"https:\/\/schema.org","@graph":[{"@type":"WebPage","@id":"https:\/\/cailapares.com\/en\/about-us\/no-deforestation-policy-ndpe\/","url":"https:\/\/cailapares.com\/en\/about-us\/no-deforestation-policy-ndpe\/","name":"No Deforestation Policy NDPE - Cail\u00e0 & Par\u00e9s","isPartOf":{"@id":"https:\/\/cailapares.com\/#website"},"datePublished":"2022-10-24T12:20:48+00:00","dateModified":"2023-02-28T11:44:47+00:00","description":"Cail\u00e0 & Par\u00e9s complies with the objectives, legal requirements and targets in terms of environmental policy and has tried to give an example of this.","breadcrumb":{"@id":"https:\/\/cailapares.com\/en\/about-us\/no-deforestation-policy-ndpe\/#breadcrumb"},"inLanguage":"en-US","potentialAction":[{"@type":"ReadAction","target":["https:\/\/cailapares.com\/en\/about-us\/no-deforestation-policy-ndpe\/"]}]},{"@type":"BreadcrumbList","@id":"https:\/\/cailapares.com\/en\/about-us\/no-deforestation-policy-ndpe\/#breadcrumb","itemListElement":[{"@type":"ListItem","position":1,"name":"About us","item":"https:\/\/cailapares.com\/en\/about-us\/"},{"@type":"ListItem","position":2,"name":"No Deforestation Policy NDPE"}]},{"@type":"WebSite","@id":"https:\/\/cailapares.com\/#website","url":"https:\/\/cailapares.com\/","name":"Caila","description":"Otro sitio realizado con WordPress","potentialAction":[{"@type":"SearchAction","target":{"@type":"EntryPoint","urlTemplate":"https:\/\/cailapares.com\/?s={search_term_string}"},"query-input":{"@type":"PropertyValueSpecification","valueRequired":true,"valueName":"search_term_string"}}],"inLanguage":"en-US"}]}},"_links":{"self":[{"href":"https:\/\/cailapares.com\/en\/wp-json\/wp\/v2\/pages\/255","targetHints":{"allow":["GET"]}}],"collection":[{"href":"https:\/\/cailapares.com\/en\/wp-json\/wp\/v2\/pages"}],"about":[{"href":"https:\/\/cailapares.com\/en\/wp-json\/wp\/v2\/types\/page"}],"author":[{"embeddable":true,"href":"https:\/\/cailapares.com\/en\/wp-json\/wp\/v2\/users\/1"}],"replies":[{"embeddable":true,"href":"https:\/\/cailapares.com\/en\/wp-json\/wp\/v2\/comments?post=255"}],"version-history":[{"count":4,"href":"https:\/\/cailapares.com\/en\/wp-json\/wp\/v2\/pages\/255\/revisions"}],"predecessor-version":[{"id":721,"href":"https:\/\/cailapares.com\/en\/wp-json\/wp\/v2\/pages\/255\/revisions\/721"}],"up":[{"embeddable":true,"href":"https:\/\/cailapares.com\/en\/wp-json\/wp\/v2\/pages\/242"}],"wp:attachment":[{"href":"https:\/\/cailapares.com\/en\/wp-json\/wp\/v2\/media?parent=255"}],"curies":[{"name":"wp","href":"https:\/\/api.w.org\/{rel}","templated":true}]}}