{"id":250,"date":"2022-10-24T12:19:53","date_gmt":"2022-10-24T12:19:53","guid":{"rendered":"https:\/\/cailapares.com\/about-us\/historia\/"},"modified":"2022-12-21T11:06:25","modified_gmt":"2022-12-21T11:06:25","slug":"history","status":"publish","type":"page","link":"https:\/\/cailapares.com\/en\/about-us\/history\/","title":{"rendered":"History"},"content":{"rendered":"<section class=\"l-section wpb_row height_medium\"><div class=\"l-section-h i-cf\"><div class=\"g-cols vc_row via_flex valign_top type_default stacking_default\"><div class=\"vc_col-sm-12 wpb_column vc_column_container\"><div class=\"vc_column-inner\"><div class=\"wpb_wrapper\"><div class=\"wpb_text_column\"><div class=\"wpb_wrapper\"><h1>History<\/h1>\n<\/div><\/div><div class=\"g-cols wpb_row via_flex valign_top type_default stacking_default\"><div class=\"vc_col-sm-6 wpb_column vc_column_container has_bg_color\"><div class=\"vc_column-inner us_custom_8244eaa4\"><div class=\"wpb_wrapper\"><div class=\"wpb_text_column\"><div class=\"wpb_wrapper\"><p>Cail\u00e0 y Par\u00e9s, S.A was established in 1932, and its main line of business was the marketing, representation and distribution of grains and similar products.<\/p>\n<\/div><\/div><\/div><\/div><\/div><div class=\"vc_col-sm-6 wpb_column vc_column_container has_bg_color\"><div class=\"vc_column-inner us_custom_8244eaa4\"><div class=\"wpb_wrapper\"><div class=\"wpb_text_column\"><div class=\"wpb_wrapper\"><p>Today, after completing the construction of its latest investment -a splitting plant- Cail\u00e0 y Par\u00e9s, S.A. boasts a production capacity of approximately 110,000 t by distillation, 110,000 t by hydrolysis and 80,000 t by hydrogenation, making it the leading oleochemical firm on the Spanish market.<\/p>\n<\/div><\/div><\/div><\/div><\/div><\/div><\/div><\/div><\/div><\/div><\/div><\/section><section class=\"l-section wpb_row height_medium\"><div class=\"l-section-h i-cf\"><div class=\"g-cols vc_row via_flex valign_top type_default stacking_default\"><div class=\"vc_col-sm-4 wpb_column vc_column_container\"><div class=\"vc_column-inner\"><div class=\"wpb_wrapper\"><div class=\"wpb_text_column\"><div class=\"wpb_wrapper\"><p><img decoding=\"async\" src=\"\/wp-content\/uploads\/2014\/11\/29076159.jpg\" alt=\"29076159\" \/><\/p>\n<\/div><\/div><\/div><\/div><\/div><div class=\"vc_col-sm-8 wpb_column vc_column_container\"><div class=\"vc_column-inner\"><div class=\"wpb_wrapper\"><div class=\"wpb_text_column\"><div class=\"wpb_wrapper\"><ul>\n<li><strong>1932<\/strong> Incorporation and start of business.<\/li>\n<li><strong>1947 <\/strong>The company begins its seed crushing operations and starts selling oils in the Poble Nou district of Barcelona.<\/li>\n<li><strong>1970 <\/strong>The firm relocates to the Barcelona Free Zone. It maintains the crushing mill operation and branches out into other business activities: vegetable oil batch refining and fatty acid splitting and distillation (1,500 t\/year)..<\/li>\n<li><strong>1977 <\/strong>The crushing mill closes and the plant for the fractional distillationof fatty acids is built (8,000 t\/year).<\/li>\n<li><strong>1982<\/strong> The company begins its hydrogenation operations.<\/li>\n<li><strong>1988 <\/strong>Cail\u00e0 y Par\u00e9s embarks on a period of exponential growth,opening a new fatty acid distillation and hydrolysis plant.<\/li>\n<li><strong>1994<\/strong> New expansion of the hydrogenation plant.<\/li>\n<li><strong>1997 <\/strong>The glycerin plants and another fatty acid distillation plant are built..<\/li>\n<li><strong>1998<\/strong> The 4.8 Mw cogeneration plant is inaugurated.<\/li>\n<li><strong>2000<\/strong> New expansion of the hydrogenation plant.<\/li>\n<li><strong>2002<\/strong> Enlargement of the hydrolysis plant.<\/li>\n<li><strong>2005<\/strong> Setting up of a high-pressure splitting tower.<\/li>\n<li><strong>2010<\/strong> Construction of a splitting plant.<\/li>\n<li><strong>2011<\/strong> Expansion of the cogeneration plant.<\/li>\n<li><strong>2013<\/strong> Setting up of a new fatty acid distillation plant.<\/li>\n<\/ul>\n<\/div><\/div><\/div><\/div><\/div><\/div><\/div><\/section>\n","protected":false},"excerpt":{"rendered":"History Cail\u00e0 y Par\u00e9s, S.A was established in 1932, and its main line of business was the marketing, representation and distribution of grains and similar products. Today, after completing the construction of its latest investment -a splitting plant- Cail\u00e0 y Par\u00e9s, S.A. boasts a production capacity of approximately 110,000 t by distillation, 110,000 t by...","protected":false},"author":1,"featured_media":0,"parent":242,"menu_order":0,"comment_status":"closed","ping_status":"closed","template":"","meta":{"footnotes":""},"class_list":["post-250","page","type-page","status-publish","hentry"],"yoast_head":"<!-- This site is optimized with the Yoast SEO plugin v25.9 - https:\/\/yoast.com\/wordpress\/plugins\/seo\/ -->\n<title>History - Cail\u00e0 &amp; Par\u00e9s | Oleochemicals Manufacturers<\/title>\n<meta name=\"description\" content=\"Passing through the last infrastructure built by Cail\u00e0 &amp; Par\u00e9s telling first hand the origins of the company. An efficient working course.\" \/>\n<meta name=\"robots\" content=\"index, follow, max-snippet:-1, max-image-preview:large, max-video-preview:-1\" \/>\n<link rel=\"canonical\" href=\"https:\/\/cailapares.com\/en\/about-us\/history\/\" \/>\n<meta property=\"og:locale\" content=\"en_US\" \/>\n<meta property=\"og:type\" content=\"article\" \/>\n<meta property=\"og:title\" content=\"History - Cail\u00e0 &amp; Par\u00e9s | Oleochemicals Manufacturers\" \/>\n<meta property=\"og:description\" content=\"Passing through the last infrastructure built by Cail\u00e0 &amp; Par\u00e9s telling first hand the origins of the company. An efficient working course.\" \/>\n<meta property=\"og:url\" content=\"https:\/\/cailapares.com\/en\/about-us\/history\/\" \/>\n<meta property=\"og:site_name\" content=\"Caila\" \/>\n<meta property=\"article:modified_time\" content=\"2022-12-21T11:06:25+00:00\" \/>\n<meta name=\"twitter:card\" content=\"summary_large_image\" \/>\n<meta name=\"twitter:label1\" content=\"Est. reading time\" \/>\n\t<meta name=\"twitter:data1\" content=\"2 minutes\" \/>\n<script type=\"application\/ld+json\" class=\"yoast-schema-graph\">{\"@context\":\"https:\/\/schema.org\",\"@graph\":[{\"@type\":\"WebPage\",\"@id\":\"https:\/\/cailapares.com\/en\/about-us\/history\/\",\"url\":\"https:\/\/cailapares.com\/en\/about-us\/history\/\",\"name\":\"History - Cail\u00e0 & Par\u00e9s | Oleochemicals Manufacturers\",\"isPartOf\":{\"@id\":\"https:\/\/cailapares.com\/#website\"},\"datePublished\":\"2022-10-24T12:19:53+00:00\",\"dateModified\":\"2022-12-21T11:06:25+00:00\",\"description\":\"Passing through the last infrastructure built by Cail\u00e0 & Par\u00e9s telling first hand the origins of the company. An efficient working course.\",\"breadcrumb\":{\"@id\":\"https:\/\/cailapares.com\/en\/about-us\/history\/#breadcrumb\"},\"inLanguage\":\"en-US\",\"potentialAction\":[{\"@type\":\"ReadAction\",\"target\":[\"https:\/\/cailapares.com\/en\/about-us\/history\/\"]}]},{\"@type\":\"BreadcrumbList\",\"@id\":\"https:\/\/cailapares.com\/en\/about-us\/history\/#breadcrumb\",\"itemListElement\":[{\"@type\":\"ListItem\",\"position\":1,\"name\":\"About us\",\"item\":\"https:\/\/cailapares.com\/en\/about-us\/\"},{\"@type\":\"ListItem\",\"position\":2,\"name\":\"History\"}]},{\"@type\":\"WebSite\",\"@id\":\"https:\/\/cailapares.com\/#website\",\"url\":\"https:\/\/cailapares.com\/\",\"name\":\"Caila\",\"description\":\"Otro sitio realizado con WordPress\",\"potentialAction\":[{\"@type\":\"SearchAction\",\"target\":{\"@type\":\"EntryPoint\",\"urlTemplate\":\"https:\/\/cailapares.com\/?s={search_term_string}\"},\"query-input\":{\"@type\":\"PropertyValueSpecification\",\"valueRequired\":true,\"valueName\":\"search_term_string\"}}],\"inLanguage\":\"en-US\"}]}<\/script>\n<!-- \/ Yoast SEO plugin. -->","yoast_head_json":{"title":"History - Cail\u00e0 & Par\u00e9s | Oleochemicals Manufacturers","description":"Passing through the last infrastructure built by Cail\u00e0 & Par\u00e9s telling first hand the origins of the company. An efficient working course.","robots":{"index":"index","follow":"follow","max-snippet":"max-snippet:-1","max-image-preview":"max-image-preview:large","max-video-preview":"max-video-preview:-1"},"canonical":"https:\/\/cailapares.com\/en\/about-us\/history\/","og_locale":"en_US","og_type":"article","og_title":"History - Cail\u00e0 & Par\u00e9s | Oleochemicals Manufacturers","og_description":"Passing through the last infrastructure built by Cail\u00e0 & Par\u00e9s telling first hand the origins of the company. An efficient working course.","og_url":"https:\/\/cailapares.com\/en\/about-us\/history\/","og_site_name":"Caila","article_modified_time":"2022-12-21T11:06:25+00:00","twitter_card":"summary_large_image","twitter_misc":{"Est. reading time":"2 minutes"},"schema":{"@context":"https:\/\/schema.org","@graph":[{"@type":"WebPage","@id":"https:\/\/cailapares.com\/en\/about-us\/history\/","url":"https:\/\/cailapares.com\/en\/about-us\/history\/","name":"History - Cail\u00e0 & Par\u00e9s | Oleochemicals Manufacturers","isPartOf":{"@id":"https:\/\/cailapares.com\/#website"},"datePublished":"2022-10-24T12:19:53+00:00","dateModified":"2022-12-21T11:06:25+00:00","description":"Passing through the last infrastructure built by Cail\u00e0 & Par\u00e9s telling first hand the origins of the company. An efficient working course.","breadcrumb":{"@id":"https:\/\/cailapares.com\/en\/about-us\/history\/#breadcrumb"},"inLanguage":"en-US","potentialAction":[{"@type":"ReadAction","target":["https:\/\/cailapares.com\/en\/about-us\/history\/"]}]},{"@type":"BreadcrumbList","@id":"https:\/\/cailapares.com\/en\/about-us\/history\/#breadcrumb","itemListElement":[{"@type":"ListItem","position":1,"name":"About us","item":"https:\/\/cailapares.com\/en\/about-us\/"},{"@type":"ListItem","position":2,"name":"History"}]},{"@type":"WebSite","@id":"https:\/\/cailapares.com\/#website","url":"https:\/\/cailapares.com\/","name":"Caila","description":"Otro sitio realizado con WordPress","potentialAction":[{"@type":"SearchAction","target":{"@type":"EntryPoint","urlTemplate":"https:\/\/cailapares.com\/?s={search_term_string}"},"query-input":{"@type":"PropertyValueSpecification","valueRequired":true,"valueName":"search_term_string"}}],"inLanguage":"en-US"}]}},"_links":{"self":[{"href":"https:\/\/cailapares.com\/en\/wp-json\/wp\/v2\/pages\/250","targetHints":{"allow":["GET"]}}],"collection":[{"href":"https:\/\/cailapares.com\/en\/wp-json\/wp\/v2\/pages"}],"about":[{"href":"https:\/\/cailapares.com\/en\/wp-json\/wp\/v2\/types\/page"}],"author":[{"embeddable":true,"href":"https:\/\/cailapares.com\/en\/wp-json\/wp\/v2\/users\/1"}],"replies":[{"embeddable":true,"href":"https:\/\/cailapares.com\/en\/wp-json\/wp\/v2\/comments?post=250"}],"version-history":[{"count":3,"href":"https:\/\/cailapares.com\/en\/wp-json\/wp\/v2\/pages\/250\/revisions"}],"predecessor-version":[{"id":684,"href":"https:\/\/cailapares.com\/en\/wp-json\/wp\/v2\/pages\/250\/revisions\/684"}],"up":[{"embeddable":true,"href":"https:\/\/cailapares.com\/en\/wp-json\/wp\/v2\/pages\/242"}],"wp:attachment":[{"href":"https:\/\/cailapares.com\/en\/wp-json\/wp\/v2\/media?parent=250"}],"curies":[{"name":"wp","href":"https:\/\/api.w.org\/{rel}","templated":true}]}}