{"id":222,"date":"2024-07-01T12:28:44","date_gmt":"2024-07-01T12:28:44","guid":{"rendered":"https:\/\/cailapares.com\/inicio\/"},"modified":"2022-12-21T12:06:06","modified_gmt":"2022-12-21T12:06:06","slug":"inicio","status":"publish","type":"page","link":"https:\/\/cailapares.com\/en\/","title":{"rendered":"Home"},"content":{"rendered":"<section class=\"l-section wpb_row height_auto width_full\"><div class=\"l-section-h i-cf\"><div class=\"g-cols vc_row via_flex valign_top type_default stacking_default\"><div class=\"vc_col-sm-12 wpb_column vc_column_container\"><div class=\"vc_column-inner\"><div class=\"wpb_wrapper\"><div class=\"w-slider style_none fit_scaledown\"><div class=\"w-slider-h\"><div class=\"royalSlider\"><div class=\"rsContent\"><a class=\"rsImg\" data-rsw=\"1600\" data-rsh=\"630\" href=\"https:\/\/cailapares.com\/wp-content\/uploads\/2022\/11\/endurance-caila.jpg\"><span data-alt=\"endurance caila\"><\/span><\/a><\/div><div class=\"rsContent\"><a class=\"rsImg\" data-rsw=\"1600\" data-rsh=\"630\" href=\"https:\/\/cailapares.com\/wp-content\/uploads\/2022\/11\/banner-caila.jpg\"><span data-alt=\"banner-caila\"><\/span><\/a><\/div><div class=\"rsContent\"><a class=\"rsImg\" data-rsw=\"1600\" data-rsh=\"630\" href=\"https:\/\/cailapares.com\/wp-content\/uploads\/2022\/11\/experience-caila.jpg\"><span data-alt=\"experience-caila\"><\/span><\/a><\/div><div class=\"rsContent\"><a class=\"rsImg\" data-rsw=\"1600\" data-rsh=\"630\" href=\"https:\/\/cailapares.com\/wp-content\/uploads\/2022\/11\/sustainability-caila.jpg\"><span data-alt=\"sustainability-caila\"><\/span><\/a><\/div><\/div><img decoding=\"async\" src=\"https:\/\/cailapares.com\/wp-content\/uploads\/2022\/11\/endurance-caila.jpg\" width=\"1600\" height=\"630\" alt=\"endurance caila\" loading=\"lazy\"><\/div><div class=\"w-slider-json\" onclick='return {&quot;autoScaleSlider&quot;:true,&quot;loop&quot;:true,&quot;fadeInLoadedSlide&quot;:false,&quot;slidesSpacing&quot;:0,&quot;imageScalePadding&quot;:0,&quot;numImagesToPreload&quot;:2,&quot;arrowsNav&quot;:true,&quot;arrowsNavAutoHide&quot;:false,&quot;transitionType&quot;:&quot;move&quot;,&quot;transitionSpeed&quot;:250,&quot;block&quot;:{&quot;moveEffect&quot;:&quot;none&quot;,&quot;speed&quot;:300},&quot;thumbs&quot;:{&quot;fitInViewport&quot;:false},&quot;controlNavigation&quot;:&quot;none&quot;,&quot;imageScaleMode&quot;:&quot;fit-if-smaller&quot;,&quot;autoScaleSliderWidth&quot;:1600,&quot;autoScaleSliderHeight&quot;:630}'><\/div><\/div><\/div><\/div><\/div><\/div><\/div><\/section><section class=\"l-section wpb_row height_medium\"><div class=\"l-section-h i-cf\"><div class=\"g-cols vc_row via_flex valign_top type_default stacking_default\"><div class=\"vc_col-sm-12 wpb_column vc_column_container\"><div class=\"vc_column-inner\"><div class=\"wpb_wrapper\"><div class=\"wpb_text_column\"><div class=\"wpb_wrapper\"><h1 style=\"text-align: center;\">Cail\u00e0 &amp; Par\u00e9s: Oleochemical Company<\/h1>\n<h2 style=\"text-align: center;\">Manufacture and distribution of oleochemical products<\/h2>\n<p style=\"text-align: center;\">Cail\u00e0 y Par\u00e9s S.A. is a company with almost 100 years of history, carrying out the commercial activity and distribution of acids and fatty oils to different areas of the world. You can learn more about us by clicking on the links below to start browsing and getting to know Cail\u00e0 y Par\u00e9s.<\/p>\n<\/div><\/div><\/div><\/div><\/div><\/div><\/div><\/section><section class=\"l-section wpb_row height_auto\"><div class=\"l-section-h i-cf\"><div class=\"g-cols vc_row via_flex valign_top type_default stacking_default\"><div class=\"vc_col-sm-4 wpb_column vc_column_container\"><div class=\"vc_column-inner\"><div class=\"wpb_wrapper\"><div class=\"wpb_text_column\"><div class=\"wpb_wrapper\"><p><a href=\"\/en\/about-us\/environmental-policy\/\"><img decoding=\"async\" src=\"\/wp-content\/uploads\/2014\/12\/EcoENG2.jpg\" width=\"\" height=\"\" \/><\/a><\/p>\n<\/div><\/div><\/div><\/div><\/div><div class=\"vc_col-sm-4 wpb_column vc_column_container\"><div class=\"vc_column-inner\"><div class=\"wpb_wrapper\"><div class=\"wpb_text_column\"><div class=\"wpb_wrapper\"><p><a href=\"\/en\/products\/\"><img decoding=\"async\" src=\"\/wp-content\/uploads\/2014\/12\/ProductsENG2.jpg\" width=\"\" height=\"\" \/><\/a><\/p>\n<\/div><\/div><\/div><\/div><\/div><div class=\"vc_col-sm-4 wpb_column vc_column_container\"><div class=\"vc_column-inner\"><div class=\"wpb_wrapper\"><div class=\"wpb_text_column\"><div class=\"wpb_wrapper\"><p><a href=\"\/en\/contact\/\"><img decoding=\"async\" src=\"\/wp-content\/uploads\/2014\/12\/LocateENG2.jpg\" width=\"\" height=\"\" \/><\/a><\/p>\n<\/div><\/div><\/div><\/div><\/div><\/div><\/div><\/section><section class=\"l-section wpb_row height_auto\"><div class=\"l-section-h i-cf\"><div class=\"g-cols vc_row via_flex valign_top type_default stacking_default\"><div class=\"vc_col-sm-4 wpb_column vc_column_container\"><div class=\"vc_column-inner\"><div class=\"wpb_wrapper\"><div class=\"wpb_text_column\"><div class=\"wpb_wrapper\"><p><a href=\"\/en\/data-sheets\/\"><img decoding=\"async\" src=\"\/wp-content\/uploads\/2014\/12\/TechnicalENG2.jpg\" width=\"\" height=\"\" \/><\/a><\/p>\n<\/div><\/div><\/div><\/div><\/div><div class=\"vc_col-sm-4 wpb_column vc_column_container\"><div class=\"vc_column-inner\"><div class=\"wpb_wrapper\"><div class=\"wpb_text_column\"><div class=\"wpb_wrapper\"><p><a href=\"\/en\/about-us\/history\/\"><img decoding=\"async\" src=\"\/wp-content\/uploads\/2014\/12\/HistoryENG2.jpg\" width=\"\" height=\"\" \/><\/a><\/p>\n<\/div><\/div><\/div><\/div><\/div><div class=\"vc_col-sm-4 wpb_column vc_column_container\"><div class=\"vc_column-inner\"><div class=\"wpb_wrapper\"><div class=\"wpb_text_column\"><div class=\"wpb_wrapper\"><p><a href=\"\/en\/about-us\/worldwide-clients\/\"><img decoding=\"async\" src=\"\/wp-content\/uploads\/2014\/12\/ClientsENG2.jpg\" width=\"\" height=\"\" \/><\/a><\/p>\n<\/div><\/div><\/div><\/div><\/div><\/div><\/div><\/section><section class=\"l-section wpb_row height_medium\"><div class=\"l-section-h i-cf\"><div class=\"g-cols vc_row via_flex valign_top type_default stacking_default\"><div class=\"vc_col-sm-12 wpb_column vc_column_container\"><div class=\"vc_column-inner\"><div class=\"wpb_wrapper\"><div class=\"wpb_text_column\"><div class=\"wpb_wrapper\"><p style=\"text-align: center; margin-bottom: 30px;\">Quickly access our list of acids and oils available at Cail\u00e0&amp;Par\u00e9s:<\/p>\n<\/div><\/div><div class=\"g-cols wpb_row via_flex valign_top type_default stacking_default\"><div class=\"vc_col-sm-4 wpb_column vc_column_container\"><div class=\"vc_column-inner\"><div class=\"wpb_wrapper\"><div class=\"wpb_text_column\"><div class=\"wpb_wrapper\"><ul>\n<li><a href=\"\/en\/caprylic-acid-capric\/\">Caprylic or capric acid<\/a><\/li>\n<li><a href=\"\/en\/lauric-acid\/\">Lauric Acid<\/a><\/li>\n<li><a href=\"\/en\/palmitic-acid\/\">Palmitic acid<\/a><\/li>\n<li><a href=\"\/en\/palm-stearin\/\">Palm Stearin<\/a><\/li>\n<li><a href=\"\/en\/stearic-acid\/\">Stearic Acid<\/a><\/li>\n<li><a href=\"\/en\/oleic-acid\/\">Oleic Acid<\/a><\/li>\n<\/ul>\n<\/div><\/div><\/div><\/div><\/div><div class=\"vc_col-sm-4 wpb_column vc_column_container\"><div class=\"vc_column-inner\"><div class=\"wpb_wrapper\"><div class=\"wpb_text_column\"><div class=\"wpb_wrapper\"><ul>\n<li><a href=\"\/en\/linolenic-acid\/\">Linolenic Acid<\/a><\/li>\n<li><a href=\"\/en\/sunflower-oil\/\">Sunflower Oil<\/a><\/li>\n<li><a href=\"\/en\/palm-oil\/\">Palm Oil<\/a><\/li>\n<li><a href=\"\/en\/coconut-oil\/\">Coconut oil<\/a><\/li>\n<li><a href=\"\/en\/coconut-fatty-acids\/\">Coconut Fatty Acids<\/a><\/li>\n<li><a href=\"\/en\/soy-oil\/\">Soy Oil<\/a><\/li>\n<\/ul>\n<\/div><\/div><\/div><\/div><\/div><div class=\"vc_col-sm-4 wpb_column vc_column_container\"><div class=\"vc_column-inner\"><div class=\"wpb_wrapper\"><div class=\"wpb_text_column\"><div class=\"wpb_wrapper\"><ul>\n<li><a href=\"\/en\/tallow-fatty-acid\/\">Tallow fatty acid<\/a><\/li>\n<li><a href=\"\/en\/fatty-acids-of-sunflower-oil\/\">Fatty acids of sunflower oil<\/a><\/li>\n<li><a href=\"\/en\/soybean-fatty-acids\/\">Soybean fatty acids<\/a><\/li>\n<li><a href=\"\/en\/linseed-fatty-acids\/\">Linseed fatty acids<\/a><\/li>\n<li><a href=\"\/en\/glycerin\/\">Pure Glycerin\/Glycerol<\/a><\/li>\n<\/ul>\n<\/div><\/div><\/div><\/div><\/div><\/div><\/div><\/div><\/div><\/div><\/div><\/section>\n","protected":false},"excerpt":{"rendered":"Cail\u00e0 &amp; Par\u00e9s: Oleochemical Company Manufacture and distribution of oleochemical products Cail\u00e0 y Par\u00e9s S.A. is a company with almost 100 years of history, carrying out the commercial activity and distribution of acids and fatty oils to different areas of the world. You can learn more about us by clicking on the links below to...","protected":false},"author":1,"featured_media":0,"parent":0,"menu_order":0,"comment_status":"closed","ping_status":"closed","template":"","meta":{"footnotes":""},"class_list":["post-222","page","type-page","status-publish","hentry"],"yoast_head":"<!-- This site is optimized with the Yoast SEO plugin v25.9 - https:\/\/yoast.com\/wordpress\/plugins\/seo\/ -->\n<title>Cail\u00e0&amp;Par\u00e9s Manufacture of oleochemical products | Oleochemistry<\/title>\n<meta name=\"description\" content=\"Cail\u00e0 &amp; Par\u00e9s: Company specialized in the manufacture and distribution of oleochemical products. We are your oleochemical company!\" \/>\n<meta name=\"robots\" content=\"index, follow, max-snippet:-1, max-image-preview:large, max-video-preview:-1\" \/>\n<link rel=\"canonical\" href=\"https:\/\/cailapares.com\/en\/inicio\/\" \/>\n<meta property=\"og:locale\" content=\"en_US\" \/>\n<meta property=\"og:type\" content=\"article\" \/>\n<meta property=\"og:title\" content=\"Cail\u00e0&amp;Par\u00e9s Manufacture of oleochemical products | Oleochemistry\" \/>\n<meta property=\"og:description\" content=\"Cail\u00e0 &amp; Par\u00e9s: Company specialized in the manufacture and distribution of oleochemical products. We are your oleochemical company!\" \/>\n<meta property=\"og:url\" content=\"https:\/\/cailapares.com\/en\/inicio\/\" \/>\n<meta property=\"og:site_name\" content=\"Caila\" \/>\n<meta name=\"twitter:card\" content=\"summary_large_image\" \/>\n<meta name=\"twitter:label1\" content=\"Est. reading time\" \/>\n\t<meta name=\"twitter:data1\" content=\"1 minute\" \/>\n<script type=\"application\/ld+json\" class=\"yoast-schema-graph\">{\"@context\":\"https:\/\/schema.org\",\"@graph\":[{\"@type\":\"WebPage\",\"@id\":\"https:\/\/cailapares.com\/en\/inicio\/\",\"url\":\"https:\/\/cailapares.com\/en\/inicio\/\",\"name\":\"Cail\u00e0&Par\u00e9s Manufacture of oleochemical products | Oleochemistry\",\"isPartOf\":{\"@id\":\"https:\/\/cailapares.com\/#website\"},\"datePublished\":\"2024-07-01T12:28:44+00:00\",\"description\":\"Cail\u00e0 & Par\u00e9s: Company specialized in the manufacture and distribution of oleochemical products. We are your oleochemical company!\",\"inLanguage\":\"en-US\",\"potentialAction\":[{\"@type\":\"ReadAction\",\"target\":[\"https:\/\/cailapares.com\/en\/inicio\/\"]}]},{\"@type\":\"WebSite\",\"@id\":\"https:\/\/cailapares.com\/#website\",\"url\":\"https:\/\/cailapares.com\/\",\"name\":\"Caila\",\"description\":\"Otro sitio realizado con WordPress\",\"potentialAction\":[{\"@type\":\"SearchAction\",\"target\":{\"@type\":\"EntryPoint\",\"urlTemplate\":\"https:\/\/cailapares.com\/?s={search_term_string}\"},\"query-input\":{\"@type\":\"PropertyValueSpecification\",\"valueRequired\":true,\"valueName\":\"search_term_string\"}}],\"inLanguage\":\"en-US\"}]}<\/script>\n<!-- \/ Yoast SEO plugin. -->","yoast_head_json":{"title":"Cail\u00e0&Par\u00e9s Manufacture of oleochemical products | Oleochemistry","description":"Cail\u00e0 & Par\u00e9s: Company specialized in the manufacture and distribution of oleochemical products. We are your oleochemical company!","robots":{"index":"index","follow":"follow","max-snippet":"max-snippet:-1","max-image-preview":"max-image-preview:large","max-video-preview":"max-video-preview:-1"},"canonical":"https:\/\/cailapares.com\/en\/inicio\/","og_locale":"en_US","og_type":"article","og_title":"Cail\u00e0&Par\u00e9s Manufacture of oleochemical products | Oleochemistry","og_description":"Cail\u00e0 & Par\u00e9s: Company specialized in the manufacture and distribution of oleochemical products. We are your oleochemical company!","og_url":"https:\/\/cailapares.com\/en\/inicio\/","og_site_name":"Caila","twitter_card":"summary_large_image","twitter_misc":{"Est. reading time":"1 minute"},"schema":{"@context":"https:\/\/schema.org","@graph":[{"@type":"WebPage","@id":"https:\/\/cailapares.com\/en\/inicio\/","url":"https:\/\/cailapares.com\/en\/inicio\/","name":"Cail\u00e0&Par\u00e9s Manufacture of oleochemical products | Oleochemistry","isPartOf":{"@id":"https:\/\/cailapares.com\/#website"},"datePublished":"2024-07-01T12:28:44+00:00","description":"Cail\u00e0 & Par\u00e9s: Company specialized in the manufacture and distribution of oleochemical products. We are your oleochemical company!","inLanguage":"en-US","potentialAction":[{"@type":"ReadAction","target":["https:\/\/cailapares.com\/en\/inicio\/"]}]},{"@type":"WebSite","@id":"https:\/\/cailapares.com\/#website","url":"https:\/\/cailapares.com\/","name":"Caila","description":"Otro sitio realizado con WordPress","potentialAction":[{"@type":"SearchAction","target":{"@type":"EntryPoint","urlTemplate":"https:\/\/cailapares.com\/?s={search_term_string}"},"query-input":{"@type":"PropertyValueSpecification","valueRequired":true,"valueName":"search_term_string"}}],"inLanguage":"en-US"}]}},"_links":{"self":[{"href":"https:\/\/cailapares.com\/en\/wp-json\/wp\/v2\/pages\/222","targetHints":{"allow":["GET"]}}],"collection":[{"href":"https:\/\/cailapares.com\/en\/wp-json\/wp\/v2\/pages"}],"about":[{"href":"https:\/\/cailapares.com\/en\/wp-json\/wp\/v2\/types\/page"}],"author":[{"embeddable":true,"href":"https:\/\/cailapares.com\/en\/wp-json\/wp\/v2\/users\/1"}],"replies":[{"embeddable":true,"href":"https:\/\/cailapares.com\/en\/wp-json\/wp\/v2\/comments?post=222"}],"version-history":[{"count":7,"href":"https:\/\/cailapares.com\/en\/wp-json\/wp\/v2\/pages\/222\/revisions"}],"predecessor-version":[{"id":715,"href":"https:\/\/cailapares.com\/en\/wp-json\/wp\/v2\/pages\/222\/revisions\/715"}],"wp:attachment":[{"href":"https:\/\/cailapares.com\/en\/wp-json\/wp\/v2\/media?parent=222"}],"curies":[{"name":"wp","href":"https:\/\/api.w.org\/{rel}","templated":true}]}}