{"id":189,"date":"2024-07-01T12:09:16","date_gmt":"2024-07-01T12:09:16","guid":{"rendered":"https:\/\/cailapares.com\/acidos-grasos-poliinsaturados\/"},"modified":"2022-10-31T12:27:27","modified_gmt":"2022-10-31T12:27:27","slug":"distilled-fatty-acids-polyunsaturated","status":"publish","type":"page","link":"https:\/\/cailapares.com\/en\/distilled-fatty-acids-polyunsaturated\/","title":{"rendered":"Distilled fatty acids &#8211; polyunsaturated"},"content":{"rendered":"<p>In Cail\u00e0 &#038; Par\u00e9s we reaffirm the use of plant components for the composition of products and items for different industries, known as oleochemicals.<\/p>\n<h2>What are polyunsaturated fatty acids?<\/h2>\n<p>Polyunsaturated fatty acids are essential means to produce all types of commercial finishes offering excellent results in its various uses.<\/p>\n<p>The oleochemical industry is gaining significant ground in recent years. The large production of polyunsaturated acids offer by Cail\u00e0 &#038; Par\u00e9s aims to offer a vast range of possibilities to provide different markets and media industries for different uses.<\/p>\n<div style=\"overflow-x:scroll;font-size: small;\">\n<table width=\"100%\" cellspacing=\"0\" cellpadding=\"5\" border=\"1\">\n<tbody>\n<tr>\n<td bgcolor=\"#D2D2D2\" colspan=\"2\">ORIGIN<\/td>\n<td valign=\"middle\" bgcolor=\"#D2D2D2\" align=\"center\" colspan=\"3\">SOYA &#8211; SUNFLOWER<\/td>\n<td width=\"100\" bgcolor=\"#D2D2D2\">GROUNDNUT<\/td>\n<td valign=\"top\" bgcolor=\"#D2D2D2\">COTTON<\/td>\n<td width=\"100\" bgcolor=\"#D2D2D2\">LINOIL<\/td>\n<\/tr>\n<tr>\n<td bgcolor=\"#EBEBEB\">ANALISYS<\/p>\n<p>METHOD<\/td>\n<td width=\"100\" bgcolor=\"#EBEBEB\">UNITS<\/td>\n<td width=\"100\" bgcolor=\"#EBEBEB\">CYPACID SG-30<\/td>\n<td width=\"100\" bgcolor=\"#EBEBEB\">CYPACID S-35<\/td>\n<td width=\"100\" valign=\"middle\" bgcolor=\"#EBEBEB\" align=\"left\">CYPACID G-35<\/td>\n<td width=\"100\" bgcolor=\"#EBEBEB\">CYPACID K-12<\/td>\n<td width=\"100\" bgcolor=\"#EBEBEB\">CYPACID CT-82<\/td>\n<td width=\"100\" bgcolor=\"#EBEBEB\">CYPACID L-80<\/td>\n<\/tr>\n<tr>\n<td bgcolor=\"#EBEBEB\">ACID VALUE<\/p>\n<p>ISO 660<\/td>\n<td bgcolor=\"#EBEBEB\">mg KOH\/gr.<\/td>\n<td>195-205<\/td>\n<td>197-205<\/td>\n<td valign=\"middle\" align=\"left\">196-205<\/td>\n<td>193-203<\/td>\n<td>196-206<\/td>\n<td>197-205<\/td>\n<\/tr>\n<tr>\n<td bgcolor=\"#EBEBEB\">IODINE VALUE<br \/>\nISO 3961<\/td>\n<td bgcolor=\"#EBEBEB\">gr.l\/100 gr.<\/td>\n<td>MIN. 120<\/td>\n<td>125-145<\/td>\n<td valign=\"middle\" align=\"left\">125-145<\/td>\n<td>95-115<\/td>\n<td>100-115<\/td>\n<td bgcolor=\"#FFFFFF\">175-195<\/td>\n<\/tr>\n<tr>\n<td bgcolor=\"#EBEBEB\">SAPONIFICATION VALUE<br \/>\nISO 3657<\/td>\n<td bgcolor=\"#EBEBEB\">mg KOH\/gr.<\/td>\n<td>196-206<\/td>\n<td>198-206<\/td>\n<td valign=\"middle\" align=\"left\">197-206<\/td>\n<td>195-205<\/td>\n<td>197-207<\/td>\n<td bgcolor=\"#FFFFFF\">198-206<\/td>\n<\/tr>\n<tr>\n<td bgcolor=\"#EBEBEB\">TITRE<br \/>\nISO 935<\/td>\n<td bgcolor=\"#EBEBEB\">&ordm; centigrade<\/td>\n<td>17-25<\/td>\n<td>18-24<\/td>\n<td valign=\"middle\" align=\"left\">17-21<\/td>\n<td>19-25<\/td>\n<td>25-30<\/td>\n<td bgcolor=\"#FFFFFF\">14-18<\/td>\n<\/tr>\n<tr>\n<td bgcolor=\"#EBEBEB\"><span style=\"font-size: 11px;\">COLOUR LOVIBOND 5 1\/4&quot;<br \/>\nBS684.1.14<\/span><\/td>\n<td bgcolor=\"#EBEBEB\">Red units (R)<\/td>\n<td>MAX. 2<\/td>\n<td>MAX. 1<\/td>\n<td valign=\"middle\" align=\"left\">MAX. 1<\/td>\n<td>MAX. 1,5<\/td>\n<td>MAX. 1<\/td>\n<td bgcolor=\"#FFFFFF\">MAX 1,5<\/td>\n<\/tr>\n<tr>\n<td bgcolor=\"#EBEBEB\"><span style=\"font-size: 11px;\">COLOUR LOVIBOND 5 1\/4&quot;<br \/>\nBS684.1.14<\/span><\/td>\n<td bgcolor=\"#EBEBEB\">Yellow units (Y)<\/td>\n<td>MAX. 15<\/td>\n<td>MAX. 10<\/td>\n<td valign=\"middle\" align=\"left\">MAX. 10<\/td>\n<td>&nbsp;MAX. 20<\/td>\n<td>MAX. 10<\/td>\n<td bgcolor=\"#FFFFFF\">MAX. 15<\/td>\n<\/tr>\n<tr>\n<td bgcolor=\"#EBEBEB\">UNSAPONIFIABLES<br \/>\nISO &#8211; 18609<\/td>\n<td bgcolor=\"#EBEBEB\">%<\/td>\n<td>MAX. 2<\/td>\n<td>MAX. 0,5<\/td>\n<td valign=\"middle\" align=\"left\">MAX. 0,5<\/td>\n<td>MAX. 1<\/td>\n<td>MAX. 1<\/td>\n<td bgcolor=\"#FFFFFF\">MAX. 1<\/td>\n<\/tr>\n<\/tbody>\n<\/table>\n<\/div>\n<p>&nbsp;<\/p>\n<table width=\"950\" cellspacing=\"0\" cellpadding=\"0\" border=\"0\">\n<tbody>\n<tr>\n<td><span style=\"color: rgb(0, 3, 119);\">GAS CHROMATOGRAPHY<\/span>&nbsp;<\/td>\n<td valign=\"middle\" align=\"right\"><span style=\"color: rgb(0, 3, 119);\">ISO 5508\/12966-2<\/span><\/td>\n<\/tr>\n<\/tbody>\n<\/table>\n<p>&nbsp;<\/p>\n<div style=\"overflow-x:scroll;font-size: small;\">\n<table width=\"950\" cellspacing=\"0\" cellpadding=\"5\" border=\"1\">\n<tbody>\n<tr>\n<td bgcolor=\"#EBEBEB\">\n<table width=\"100%\" cellspacing=\"0\" cellpadding=\"0\" border=\"0\">\n<tbody>\n<tr>\n<td width=\"250\">LAURIC ACID<\/td>\n<td width=\"80\">C-12<\/td>\n<td>%<\/td>\n<\/tr>\n<\/tbody>\n<\/table>\n<\/td>\n<td width=\"100\" valign=\"middle\" align=\"left\">MAX. 1<\/td>\n<td width=\"100\">MAX. 1<\/td>\n<td width=\"100\">MAX. 1<\/td>\n<td width=\"100\">MAX. 1<\/td>\n<td width=\"100\">MAX. 1<\/td>\n<td width=\"100\">MAX. 1<\/td>\n<\/tr>\n<tr>\n<td bgcolor=\"#EBEBEB\">\n<table width=\"100%\" cellspacing=\"0\" cellpadding=\"0\" border=\"0\">\n<tbody>\n<tr>\n<td width=\"250\">MYRISTIC ACID<\/td>\n<td width=\"80\">C-14<\/td>\n<td>%<\/td>\n<\/tr>\n<\/tbody>\n<\/table>\n<\/td>\n<td valign=\"middle\" align=\"left\">MAX. 2<\/td>\n<td>MAX. 1<\/td>\n<td>MAX. 1<\/td>\n<td>MAX. 2<\/td>\n<td>MAX. 2<\/td>\n<td>MAX. 1<\/td>\n<\/tr>\n<tr>\n<td bgcolor=\"#EBEBEB\">\n<table width=\"100%\" cellspacing=\"0\" cellpadding=\"0\" border=\"0\">\n<tbody>\n<tr>\n<td width=\"250\">PALMITIC ACID<\/td>\n<td width=\"80\">C-16<\/td>\n<td>%<\/td>\n<\/tr>\n<\/tbody>\n<\/table>\n<\/td>\n<td valign=\"middle\" align=\"left\">5-14<\/td>\n<td>7-14<\/td>\n<td>5-9<\/td>\n<td>8-16<\/td>\n<td>10-20<\/td>\n<td>4-8<\/td>\n<\/tr>\n<tr>\n<td bgcolor=\"#EBEBEB\">\n<table width=\"100%\" cellspacing=\"0\" cellpadding=\"0\" border=\"0\">\n<tbody>\n<tr>\n<td width=\"250\">PALMITOLEIC ACID<\/td>\n<td width=\"80\">C-16:1<\/td>\n<td>%<\/td>\n<\/tr>\n<\/tbody>\n<\/table>\n<\/td>\n<td valign=\"middle\" align=\"left\">MAX. 0,5<\/td>\n<td>MAX. 0,5<\/td>\n<td>MAX. 0,5<\/td>\n<td>MAX. 1<\/td>\n<td>MAX. 2<\/td>\n<td>&#8211;<\/td>\n<\/tr>\n<tr>\n<td bgcolor=\"#EBEBEB\">\n<table width=\"100%\" cellspacing=\"0\" cellpadding=\"0\" border=\"0\">\n<tbody>\n<tr>\n<td width=\"250\">STEARIC ACID<\/td>\n<td width=\"80\">C-18<\/td>\n<td>%<\/td>\n<\/tr>\n<\/tbody>\n<\/table>\n<\/td>\n<td valign=\"middle\" align=\"left\">2-8<\/td>\n<td>2-6<\/td>\n<td>3-6<\/td>\n<td>2-7<\/td>\n<td>5-10<\/td>\n<td>2-5<\/td>\n<\/tr>\n<tr>\n<td bgcolor=\"#EBEBEB\">\n<table width=\"100%\" cellspacing=\"0\" cellpadding=\"0\" border=\"0\">\n<tbody>\n<tr>\n<td width=\"250\">OLEIC ACID<\/td>\n<td width=\"80\">C-18:1<\/td>\n<td>%<\/td>\n<\/tr>\n<\/tbody>\n<\/table>\n<\/td>\n<td valign=\"middle\" align=\"left\">20-35<\/td>\n<td>20-30<\/td>\n<td>20-35<\/td>\n<td>45-55<\/td>\n<td>30-35<\/td>\n<td>18-25<\/td>\n<\/tr>\n<tr>\n<td bgcolor=\"#EBEBEB\">\n<table width=\"100%\" cellspacing=\"0\" cellpadding=\"0\" border=\"0\">\n<tbody>\n<tr>\n<td width=\"250\">LINOLEIC ACID<\/td>\n<td width=\"80\">C-18:2<\/td>\n<td>%<\/td>\n<\/tr>\n<\/tbody>\n<\/table>\n<\/td>\n<td valign=\"middle\" align=\"left\">MIN. 47<\/td>\n<td>50-65<\/td>\n<td>55-70<\/td>\n<td>22-37<\/td>\n<td>35-45<\/td>\n<td>13-20<\/td>\n<\/tr>\n<tr>\n<td bgcolor=\"#EBEBEB\">\n<table width=\"100%\" cellspacing=\"0\" cellpadding=\"0\" border=\"0\">\n<tbody>\n<tr>\n<td width=\"250\">LINOLENIC ACID<\/td>\n<td width=\"80\">C-18:3<\/td>\n<td>%<\/td>\n<\/tr>\n<\/tbody>\n<\/table>\n<\/td>\n<td valign=\"middle\" align=\"left\">MAX. 8<\/td>\n<td>MAX. 8<\/td>\n<td>MAX. 2<\/td>\n<td>MAX. 3<\/td>\n<td>MAX. 3<\/td>\n<td>45-60<\/td>\n<\/tr>\n<tr>\n<td bgcolor=\"#EBEBEB\">\n<table width=\"100%\" cellspacing=\"0\" cellpadding=\"0\" border=\"0\">\n<tbody>\n<tr>\n<td width=\"250\">HIGHER FATTY ACID<\/td>\n<td width=\"80\">&nbsp;<\/td>\n<td>%<\/td>\n<\/tr>\n<\/tbody>\n<\/table>\n<\/td>\n<td valign=\"middle\" align=\"left\">MAX. 3<\/td>\n<td>MAX. 2<\/td>\n<td>MAX. 2<\/td>\n<td>MAX. 2<\/td>\n<td>MAX. 2,5<\/td>\n<td>MAX. 2<\/td>\n<\/tr>\n<\/tbody>\n<\/table>\n<\/div>\n<p>&nbsp;<\/p>\n<p>We are dedicated to the manufacture and distribution of polyunsaturated fatty acids provided resourcing to different industries and markets. With nearly a century of experience in the sector we are a leader because of our hard work in each of our services and products.<\/p>\n<p>Polyunsaturated fatty acids are present in different plant species and we take care to extract these acids to achieve its essence and apply them in different industrial areas. We find different series of polyunsaturated fatty acids<\/p>\n<h3>Utilities Polyunsaturated Fatty Acids Distillates<\/h3>\n<p>The multiple uses of oleochemicals are undeniable and growing industries are dedicated to take these substances in finishes since they are fully effective in different markets and products ecological elements, such as soaps, cosmetics, detergents, esters, foams shaving, pharmaceuticals, paints, among many others.<\/p>\n<p>Recent trends point towards our direction and for this reason we provide all kinds of products to cater for all needs. In the raw materials we can find solutions of great excellence and usefulness. Our products passed strict quality controls so to achieve profitable and environmentally friendly solutions.<\/p>\n<p>The quality and efficiency define us and therefore we are one of the most established companies in the oleochemical industry. We are a company with such global market to provide various industries and companies worldwide. We supply products to companies from all continents on fast, flexible and personalized manner so as to achieve maximum satisfaction possible.<\/p>\n<p>For more information please contact us using our online form or by telephone.<\/p>\n","protected":false},"excerpt":{"rendered":"<p>In Cail\u00e0 &#038; Par\u00e9s we reaffirm the use of plant components for the composition of products and items for different industries, known as oleochemicals. What are polyunsaturated fatty acids? Polyunsaturated fatty acids are essential means to produce all types of commercial finishes offering excellent results in its various uses. The oleochemical industry is gaining significant&#8230;<\/p>\n","protected":false},"author":1,"featured_media":0,"parent":0,"menu_order":0,"comment_status":"closed","ping_status":"closed","template":"","meta":{"footnotes":""},"class_list":["post-189","page","type-page","status-publish","hentry"],"yoast_head":"<!-- This site is optimized with the Yoast SEO plugin v25.9 - https:\/\/yoast.com\/wordpress\/plugins\/seo\/ -->\n<title>Distilled fatty acids - polyunsaturated | Cail\u00e0 &amp; Par\u00e9s<\/title>\n<meta name=\"description\" content=\"Buy at Cail\u00e0 &amp; Par\u00e9s oils and other products such as our polyunsaturated fatty acids at the best price and quality. A company you can trust worldwide.\" \/>\n<meta name=\"robots\" content=\"index, follow, max-snippet:-1, max-image-preview:large, max-video-preview:-1\" \/>\n<link rel=\"canonical\" href=\"https:\/\/cailapares.com\/en\/distilled-fatty-acids-polyunsaturated\/\" \/>\n<meta property=\"og:locale\" content=\"en_US\" \/>\n<meta property=\"og:type\" content=\"article\" \/>\n<meta property=\"og:title\" content=\"Distilled fatty acids - polyunsaturated | Cail\u00e0 &amp; Par\u00e9s\" \/>\n<meta property=\"og:description\" content=\"Buy at Cail\u00e0 &amp; Par\u00e9s oils and other products such as our polyunsaturated fatty acids at the best price and quality. A company you can trust worldwide.\" \/>\n<meta property=\"og:url\" content=\"https:\/\/cailapares.com\/en\/distilled-fatty-acids-polyunsaturated\/\" \/>\n<meta property=\"og:site_name\" content=\"Caila\" \/>\n<meta name=\"twitter:card\" content=\"summary_large_image\" \/>\n<meta name=\"twitter:label1\" content=\"Est. reading time\" \/>\n\t<meta name=\"twitter:data1\" content=\"3 minutes\" \/>\n<script type=\"application\/ld+json\" class=\"yoast-schema-graph\">{\"@context\":\"https:\/\/schema.org\",\"@graph\":[{\"@type\":\"WebPage\",\"@id\":\"https:\/\/cailapares.com\/en\/distilled-fatty-acids-polyunsaturated\/\",\"url\":\"https:\/\/cailapares.com\/en\/distilled-fatty-acids-polyunsaturated\/\",\"name\":\"Distilled fatty acids - polyunsaturated | Cail\u00e0 & Par\u00e9s\",\"isPartOf\":{\"@id\":\"https:\/\/cailapares.com\/#website\"},\"datePublished\":\"2024-07-01T12:09:16+00:00\",\"description\":\"Buy at Cail\u00e0 & Par\u00e9s oils and other products such as our polyunsaturated fatty acids at the best price and quality. A company you can trust worldwide.\",\"inLanguage\":\"en-US\",\"potentialAction\":[{\"@type\":\"ReadAction\",\"target\":[\"https:\/\/cailapares.com\/en\/distilled-fatty-acids-polyunsaturated\/\"]}]},{\"@type\":\"WebSite\",\"@id\":\"https:\/\/cailapares.com\/#website\",\"url\":\"https:\/\/cailapares.com\/\",\"name\":\"Caila\",\"description\":\"Otro sitio realizado con WordPress\",\"potentialAction\":[{\"@type\":\"SearchAction\",\"target\":{\"@type\":\"EntryPoint\",\"urlTemplate\":\"https:\/\/cailapares.com\/?s={search_term_string}\"},\"query-input\":{\"@type\":\"PropertyValueSpecification\",\"valueRequired\":true,\"valueName\":\"search_term_string\"}}],\"inLanguage\":\"en-US\"}]}<\/script>\n<!-- \/ Yoast SEO plugin. -->","yoast_head_json":{"title":"Distilled fatty acids - polyunsaturated | Cail\u00e0 & Par\u00e9s","description":"Buy at Cail\u00e0 & Par\u00e9s oils and other products such as our polyunsaturated fatty acids at the best price and quality. A company you can trust worldwide.","robots":{"index":"index","follow":"follow","max-snippet":"max-snippet:-1","max-image-preview":"max-image-preview:large","max-video-preview":"max-video-preview:-1"},"canonical":"https:\/\/cailapares.com\/en\/distilled-fatty-acids-polyunsaturated\/","og_locale":"en_US","og_type":"article","og_title":"Distilled fatty acids - polyunsaturated | Cail\u00e0 & Par\u00e9s","og_description":"Buy at Cail\u00e0 & Par\u00e9s oils and other products such as our polyunsaturated fatty acids at the best price and quality. A company you can trust worldwide.","og_url":"https:\/\/cailapares.com\/en\/distilled-fatty-acids-polyunsaturated\/","og_site_name":"Caila","twitter_card":"summary_large_image","twitter_misc":{"Est. reading time":"3 minutes"},"schema":{"@context":"https:\/\/schema.org","@graph":[{"@type":"WebPage","@id":"https:\/\/cailapares.com\/en\/distilled-fatty-acids-polyunsaturated\/","url":"https:\/\/cailapares.com\/en\/distilled-fatty-acids-polyunsaturated\/","name":"Distilled fatty acids - polyunsaturated | Cail\u00e0 & Par\u00e9s","isPartOf":{"@id":"https:\/\/cailapares.com\/#website"},"datePublished":"2024-07-01T12:09:16+00:00","description":"Buy at Cail\u00e0 & Par\u00e9s oils and other products such as our polyunsaturated fatty acids at the best price and quality. A company you can trust worldwide.","inLanguage":"en-US","potentialAction":[{"@type":"ReadAction","target":["https:\/\/cailapares.com\/en\/distilled-fatty-acids-polyunsaturated\/"]}]},{"@type":"WebSite","@id":"https:\/\/cailapares.com\/#website","url":"https:\/\/cailapares.com\/","name":"Caila","description":"Otro sitio realizado con WordPress","potentialAction":[{"@type":"SearchAction","target":{"@type":"EntryPoint","urlTemplate":"https:\/\/cailapares.com\/?s={search_term_string}"},"query-input":{"@type":"PropertyValueSpecification","valueRequired":true,"valueName":"search_term_string"}}],"inLanguage":"en-US"}]}},"_links":{"self":[{"href":"https:\/\/cailapares.com\/en\/wp-json\/wp\/v2\/pages\/189","targetHints":{"allow":["GET"]}}],"collection":[{"href":"https:\/\/cailapares.com\/en\/wp-json\/wp\/v2\/pages"}],"about":[{"href":"https:\/\/cailapares.com\/en\/wp-json\/wp\/v2\/types\/page"}],"author":[{"embeddable":true,"href":"https:\/\/cailapares.com\/en\/wp-json\/wp\/v2\/users\/1"}],"replies":[{"embeddable":true,"href":"https:\/\/cailapares.com\/en\/wp-json\/wp\/v2\/comments?post=189"}],"version-history":[{"count":1,"href":"https:\/\/cailapares.com\/en\/wp-json\/wp\/v2\/pages\/189\/revisions"}],"predecessor-version":[{"id":192,"href":"https:\/\/cailapares.com\/en\/wp-json\/wp\/v2\/pages\/189\/revisions\/192"}],"wp:attachment":[{"href":"https:\/\/cailapares.com\/en\/wp-json\/wp\/v2\/media?parent=189"}],"curies":[{"name":"wp","href":"https:\/\/api.w.org\/{rel}","templated":true}]}}