{"id":184,"date":"2024-07-01T12:08:49","date_gmt":"2024-07-01T12:08:49","guid":{"rendered":"https:\/\/cailapares.com\/acidos-grasos-hidrogenados-y-estearicos-origen-vegetal\/"},"modified":"2022-10-31T12:26:06","modified_gmt":"2022-10-31T12:26:06","slug":"hydrogenated-stearic-acids-vegetable-origin","status":"publish","type":"page","link":"https:\/\/cailapares.com\/en\/hydrogenated-stearic-acids-vegetable-origin\/","title":{"rendered":"Hydrogenated stearic acids (vegetable origin)"},"content":{"rendered":"<h2>Information on hydrogenated and stearic fatty acids of plant origin<\/h2>\n<p> Below you can find informative and relevant data on hydrogenated and stearic fatty acids that come exclusively from the soil or plant origin:<\/p>\n<div style=\"overflow-x:scroll;font-size: small;\">\n<table width=\"100%\" cellspacing=\"0\" cellpadding=\"5\" border=\"1\" align=\"center\">\n<tbody>\n<tr>\n<td bgcolor=\"#D2D2D2\" colspan=\"2\">ORIGIN<\/td>\n<td valign=\"middle\" bgcolor=\"#D2D2D2\" align=\"center\">COCONUT<\/td>\n<td valign=\"middle\" bgcolor=\"#D2D2D2\" align=\"center\" colspan=\"2\"><span style=\"font-size:\n            12px;\">PALM<\/span><\/td>\n<\/tr>\n<tr>\n<td width=\"265\" bgcolor=\"#EBEBEB\">ANALISYS<\/p>\n<p>METHOD<\/td>\n<td width=\"100\" bgcolor=\"#EBEBEB\">UNITS<\/td>\n<td width=\"100\" bgcolor=\"#EBEBEB\">CYPACID<br \/>\nCC-52-H<\/td>\n<td width=\"100\" bgcolor=\"#EBEBEB\">CYPTEC<br \/>\nAE-5050-V<\/td>\n<td width=\"100\" bgcolor=\"#EBEBEB\">CYPTEC<br \/>\nAE-6040-V<\/td>\n<\/tr>\n<tr>\n<td bgcolor=\"#EBEBEB\">ACID VALUE<br \/>\nISO 660<\/td>\n<td bgcolor=\"#EBEBEB\">mg KOH\/gr.<\/td>\n<td>266-276<\/td>\n<td valign=\"middle\" align=\"left\">204-212<\/td>\n<td>207-215<\/td>\n<\/tr>\n<tr>\n<td bgcolor=\"#EBEBEB\">IODINE VALUE<br \/>\nISO 3961<\/td>\n<td bgcolor=\"#EBEBEB\">gr.l\/100 gr.<\/td>\n<td>MAX. 1<\/td>\n<td valign=\"middle\" align=\"left\">MAX. 1<\/td>\n<td bgcolor=\"#FFFFFF\">MAX. 0,5<\/td>\n<\/tr>\n<tr>\n<td bgcolor=\"#EBEBEB\">SAPONIFICATION VALUE<br \/>\nISO 3657<\/td>\n<td bgcolor=\"#EBEBEB\">mg KOH\/gr.<\/td>\n<td>&#8211;<\/td>\n<td valign=\"middle\" align=\"left\">205-213<\/td>\n<td bgcolor=\"#FFFFFF\">208-216<\/td>\n<\/tr>\n<tr>\n<td bgcolor=\"#EBEBEB\">TITRE<br \/>\nISO 935<\/td>\n<td bgcolor=\"#EBEBEB\">&ordm; centigrade<\/td>\n<td>24-28<\/td>\n<td valign=\"middle\" align=\"left\">54-56<\/td>\n<td bgcolor=\"#FFFFFF\">54-56<\/td>\n<\/tr>\n<tr>\n<td bgcolor=\"#EBEBEB\">COLOUR LOVIBOND 5 1\/4&quot;<br \/>\nBS684.1.14<\/td>\n<td bgcolor=\"#EBEBEB\">Red units (R)<\/td>\n<td>MAX. 0,5<\/td>\n<td valign=\"middle\" align=\"left\">MAX. 0,5<\/td>\n<td bgcolor=\"#FFFFFF\">MAX. 0,5<\/td>\n<\/tr>\n<tr>\n<td bgcolor=\"#EBEBEB\">COLOUR LOVIBOND 5 1\/4&quot;<br \/>\nBS684.1.14<\/td>\n<td bgcolor=\"#EBEBEB\">Yellow units (Y)<\/td>\n<td>MAX. 5<\/td>\n<td valign=\"middle\" align=\"left\">MAX. 3<\/td>\n<td bgcolor=\"#FFFFFF\">MAX. 3<\/td>\n<\/tr>\n<tr>\n<td bgcolor=\"#EBEBEB\">UNSAPONIFIABLES<br \/>\nISO &#8211; 18609<\/td>\n<td bgcolor=\"#EBEBEB\">%<\/td>\n<td>MAX. 0,5<\/td>\n<td valign=\"middle\" align=\"left\">MAX. 0,5<\/td>\n<td bgcolor=\"#FFFFFF\">MAX. 0,5<\/td>\n<\/tr>\n<\/tbody>\n<\/table>\n<table width=\"725\" cellspacing=\"0\" cellpadding=\"0\" border=\"0\" align=\"center\">\n<tbody>\n<tr>\n<td><span style=\"color: rgb(0, 3, 119);\">GAS CHROMATOGRAPHY<\/span>&nbsp;<\/td>\n<td valign=\"middle\" align=\"right\"><span style=\"color: rgb(0, 3, 119);\">ISO 5508\/12966-2<\/span><\/td>\n<\/tr>\n<\/tbody>\n<\/table>\n<table width=\"725\" cellspacing=\"0\" cellpadding=\"5\" border=\"1\" align=\"center\">\n<tbody>\n<tr>\n<td bgcolor=\"#EBEBEB\">\n<table width=\"100%\" cellspacing=\"0\" cellpadding=\"0\" border=\"0\">\n<tbody>\n<tr>\n<td width=\"250\">CAPROIC ACID<\/td>\n<td width=\"80\">C-6<\/td>\n<td>%<\/td>\n<\/tr>\n<\/tbody>\n<\/table>\n<\/td>\n<td width=\"100\">MAX. 1<\/td>\n<td width=\"100\">&#8211;<\/td>\n<td width=\"100\">&#8211;<\/td>\n<\/tr>\n<tr>\n<td bgcolor=\"#EBEBEB\">\n<table width=\"100%\" cellspacing=\"0\" cellpadding=\"0\" border=\"0\">\n<tbody>\n<tr>\n<td width=\"250\">CAPRILIC ACID<\/td>\n<td width=\"80\">C-8<\/td>\n<td>%<\/td>\n<\/tr>\n<\/tbody>\n<\/table>\n<\/td>\n<td>5-8<\/td>\n<td valign=\"middle\" align=\"left\">&#8211;<\/td>\n<td>&#8211;<\/td>\n<\/tr>\n<tr>\n<td bgcolor=\"#EBEBEB\">\n<table width=\"100%\" cellspacing=\"0\" cellpadding=\"0\" border=\"0\">\n<tbody>\n<tr>\n<td width=\"250\">CAPRIC ACID<\/td>\n<td width=\"80\">C-10<\/td>\n<td>%<\/td>\n<\/tr>\n<\/tbody>\n<\/table>\n<\/td>\n<td>4-7<\/td>\n<td valign=\"middle\" align=\"left\">&#8211;<\/td>\n<td>&#8211;<\/td>\n<\/tr>\n<tr>\n<td bgcolor=\"#EBEBEB\">\n<table width=\"100%\" cellspacing=\"0\" cellpadding=\"0\" border=\"0\">\n<tbody>\n<tr>\n<td width=\"250\">LAURIC ACID<\/td>\n<td width=\"80\">C-12<\/td>\n<td>%<\/td>\n<\/tr>\n<\/tbody>\n<\/table>\n<\/td>\n<td>47-54<\/td>\n<td valign=\"middle\" align=\"left\">MAX. 1<\/td>\n<td>MAX. 1<\/td>\n<\/tr>\n<tr>\n<td bgcolor=\"#EBEBEB\">\n<table width=\"100%\" cellspacing=\"0\" cellpadding=\"0\" border=\"0\">\n<tbody>\n<tr>\n<td width=\"250\">MYRISTIC ACID<\/td>\n<td width=\"80\">C-14<\/td>\n<td>%<\/td>\n<\/tr>\n<\/tbody>\n<\/table>\n<\/td>\n<td>17-22<\/td>\n<td valign=\"middle\" align=\"left\">MAX. 3<\/td>\n<td>MAX. 3<\/td>\n<\/tr>\n<tr>\n<td bgcolor=\"#EBEBEB\">\n<table width=\"100%\" cellspacing=\"0\" cellpadding=\"0\" border=\"0\">\n<tbody>\n<tr>\n<td width=\"250\">PENTADECANOIC ACID<\/td>\n<td width=\"80\">C-15<\/td>\n<td>%<\/td>\n<\/tr>\n<\/tbody>\n<\/table>\n<\/td>\n<td>&#8211;<\/td>\n<td valign=\"middle\" align=\"left\">&#8211;<\/td>\n<td>&#8211;<\/td>\n<\/tr>\n<tr>\n<td bgcolor=\"#EBEBEB\">\n<table width=\"100%\" cellspacing=\"0\" cellpadding=\"0\" border=\"0\">\n<tbody>\n<tr>\n<td width=\"250\">PALMITIC ACID<\/td>\n<td width=\"80\">C-16<\/td>\n<td>%<\/td>\n<\/tr>\n<\/tbody>\n<\/table>\n<\/td>\n<td>8-12<\/td>\n<td valign=\"middle\" align=\"left\">42-55<\/td>\n<td>50-70<\/td>\n<\/tr>\n<tr>\n<td bgcolor=\"#EBEBEB\">\n<table width=\"100%\" cellspacing=\"0\" cellpadding=\"0\" border=\"0\">\n<tbody>\n<tr>\n<td width=\"250\">MARGARIC ACID<\/td>\n<td width=\"80\">C-17<\/td>\n<td>%<\/td>\n<\/tr>\n<\/tbody>\n<\/table>\n<\/td>\n<td>&#8211;<\/td>\n<td valign=\"middle\" align=\"left\">&#8211;<\/td>\n<td>&#8211;<\/td>\n<\/tr>\n<tr>\n<td bgcolor=\"#EBEBEB\">\n<table width=\"100%\" cellspacing=\"0\" cellpadding=\"0\" border=\"0\">\n<tbody>\n<tr>\n<td width=\"250\">STEARIC ACID<\/td>\n<td width=\"80\">C-18<\/td>\n<td>%<\/td>\n<\/tr>\n<\/tbody>\n<\/table>\n<\/td>\n<td>9-13<\/td>\n<td valign=\"middle\" align=\"left\">43-56<\/td>\n<td>27-47<\/td>\n<\/tr>\n<tr>\n<td valign=\"top\" bgcolor=\"#EBEBEB\">\n<table width=\"100%\" cellspacing=\"0\" cellpadding=\"0\" border=\"0\">\n<tbody>\n<tr>\n<td width=\"250\">OLEIC ACID<\/td>\n<td width=\"80\">C-18:1<\/td>\n<td>%<\/td>\n<\/tr>\n<\/tbody>\n<\/table>\n<\/td>\n<td valign=\"middle\" align=\"left\">MAX. 0,5<\/td>\n<td valign=\"middle\" align=\"left\">MAX. 1<\/td>\n<td valign=\"middle\" align=\"left\">MAX. 0,5<\/td>\n<\/tr>\n<tr>\n<td valign=\"top\" bgcolor=\"#EBEBEB\">\n<table width=\"100%\" cellspacing=\"0\" cellpadding=\"0\" border=\"0\">\n<tbody>\n<tr>\n<td width=\"250\">LINOLEIC ACID<\/td>\n<td width=\"80\">C-18:2<\/td>\n<td>%<\/td>\n<\/tr>\n<\/tbody>\n<\/table>\n<\/td>\n<td valign=\"middle\" align=\"left\">&#8211;<\/td>\n<td valign=\"middle\" align=\"left\">&#8211;<\/td>\n<td valign=\"middle\" align=\"left\">&#8211;<\/td>\n<\/tr>\n<tr>\n<td bgcolor=\"#EBEBEB\">\n<table width=\"100%\" cellspacing=\"0\" cellpadding=\"0\" border=\"0\">\n<tbody>\n<tr>\n<td width=\"250\">HIGHER FATTY ACID<\/td>\n<td width=\"80\">&nbsp;<\/td>\n<td>%<\/td>\n<\/tr>\n<\/tbody>\n<\/table>\n<\/td>\n<td>&#8211;<\/td>\n<td valign=\"middle\" align=\"left\">MAX. 1<\/td>\n<td>MAX. 1<\/td>\n<\/tr>\n<\/tbody>\n<\/table>\n<\/div>\n<p>&nbsp;<\/p>\n<p>If you need more information about the fatty acids listed in our information tables, do not hesitate to contact us or request information from our online form that you can find on different pages of our website or by calling our contact phone number 933354850.<\/p>\n<p>There are different types of processes for obtaining this type of Hydrogenated stearic acids:<\/p>\n<p>Biohydrogenation: this is a hydrogenation reaction carried out by bacteria in the rumen of polygastric animals.<\/p>\n<p>Industrial hydrogenation: For the production of different products from animal and vegetable fats (margarine, etc.).<\/p>\n<p>Heating and processing of fats: When an oil or fat is refined or fried, it can undergo a series of chemical reactions, including the formation of trans fats.<\/p>\n","protected":false},"excerpt":{"rendered":"<p>Information on hydrogenated and stearic fatty acids of plant origin Below you can find informative and relevant data on hydrogenated and stearic fatty acids that come exclusively from the soil or plant origin: ORIGIN COCONUT PALM ANALISYS METHOD UNITS CYPACID CC-52-H CYPTEC AE-5050-V CYPTEC AE-6040-V ACID VALUE ISO 660 mg KOH\/gr. 266-276 204-212 207-215 IODINE&#8230;<\/p>\n","protected":false},"author":1,"featured_media":0,"parent":0,"menu_order":0,"comment_status":"closed","ping_status":"closed","template":"","meta":{"footnotes":""},"class_list":["post-184","page","type-page","status-publish","hentry"],"yoast_head":"<!-- This site is optimized with the Yoast SEO plugin v25.9 - https:\/\/yoast.com\/wordpress\/plugins\/seo\/ -->\n<title>Hydrogenated stearic acids (vegetable origin) | Cail\u00e0 &amp; Par\u00e9s<\/title>\n<meta name=\"description\" content=\"Find hydrogenated and stearic fatty acids at Cail\u00e0&amp;Par\u00e9s, your reliable and quality company in oleochemical products with international clients.\" \/>\n<meta name=\"robots\" content=\"index, follow, max-snippet:-1, max-image-preview:large, max-video-preview:-1\" \/>\n<link rel=\"canonical\" href=\"https:\/\/cailapares.com\/en\/hydrogenated-stearic-acids-vegetable-origin\/\" \/>\n<meta property=\"og:locale\" content=\"en_US\" \/>\n<meta property=\"og:type\" content=\"article\" \/>\n<meta property=\"og:title\" content=\"Hydrogenated stearic acids (vegetable origin) | Cail\u00e0 &amp; Par\u00e9s\" \/>\n<meta property=\"og:description\" content=\"Find hydrogenated and stearic fatty acids at Cail\u00e0&amp;Par\u00e9s, your reliable and quality company in oleochemical products with international clients.\" \/>\n<meta property=\"og:url\" content=\"https:\/\/cailapares.com\/en\/hydrogenated-stearic-acids-vegetable-origin\/\" \/>\n<meta property=\"og:site_name\" content=\"Caila\" \/>\n<meta name=\"twitter:card\" content=\"summary_large_image\" \/>\n<meta name=\"twitter:label1\" content=\"Est. reading time\" \/>\n\t<meta name=\"twitter:data1\" content=\"2 minutes\" \/>\n<script type=\"application\/ld+json\" class=\"yoast-schema-graph\">{\"@context\":\"https:\/\/schema.org\",\"@graph\":[{\"@type\":\"WebPage\",\"@id\":\"https:\/\/cailapares.com\/en\/hydrogenated-stearic-acids-vegetable-origin\/\",\"url\":\"https:\/\/cailapares.com\/en\/hydrogenated-stearic-acids-vegetable-origin\/\",\"name\":\"Hydrogenated stearic acids (vegetable origin) | Cail\u00e0 & Par\u00e9s\",\"isPartOf\":{\"@id\":\"https:\/\/cailapares.com\/#website\"},\"datePublished\":\"2024-07-01T12:08:49+00:00\",\"description\":\"Find hydrogenated and stearic fatty acids at Cail\u00e0&Par\u00e9s, your reliable and quality company in oleochemical products with international clients.\",\"inLanguage\":\"en-US\",\"potentialAction\":[{\"@type\":\"ReadAction\",\"target\":[\"https:\/\/cailapares.com\/en\/hydrogenated-stearic-acids-vegetable-origin\/\"]}]},{\"@type\":\"WebSite\",\"@id\":\"https:\/\/cailapares.com\/#website\",\"url\":\"https:\/\/cailapares.com\/\",\"name\":\"Caila\",\"description\":\"Otro sitio realizado con WordPress\",\"potentialAction\":[{\"@type\":\"SearchAction\",\"target\":{\"@type\":\"EntryPoint\",\"urlTemplate\":\"https:\/\/cailapares.com\/?s={search_term_string}\"},\"query-input\":{\"@type\":\"PropertyValueSpecification\",\"valueRequired\":true,\"valueName\":\"search_term_string\"}}],\"inLanguage\":\"en-US\"}]}<\/script>\n<!-- \/ Yoast SEO plugin. -->","yoast_head_json":{"title":"Hydrogenated stearic acids (vegetable origin) | Cail\u00e0 & Par\u00e9s","description":"Find hydrogenated and stearic fatty acids at Cail\u00e0&Par\u00e9s, your reliable and quality company in oleochemical products with international clients.","robots":{"index":"index","follow":"follow","max-snippet":"max-snippet:-1","max-image-preview":"max-image-preview:large","max-video-preview":"max-video-preview:-1"},"canonical":"https:\/\/cailapares.com\/en\/hydrogenated-stearic-acids-vegetable-origin\/","og_locale":"en_US","og_type":"article","og_title":"Hydrogenated stearic acids (vegetable origin) | Cail\u00e0 & Par\u00e9s","og_description":"Find hydrogenated and stearic fatty acids at Cail\u00e0&Par\u00e9s, your reliable and quality company in oleochemical products with international clients.","og_url":"https:\/\/cailapares.com\/en\/hydrogenated-stearic-acids-vegetable-origin\/","og_site_name":"Caila","twitter_card":"summary_large_image","twitter_misc":{"Est. reading time":"2 minutes"},"schema":{"@context":"https:\/\/schema.org","@graph":[{"@type":"WebPage","@id":"https:\/\/cailapares.com\/en\/hydrogenated-stearic-acids-vegetable-origin\/","url":"https:\/\/cailapares.com\/en\/hydrogenated-stearic-acids-vegetable-origin\/","name":"Hydrogenated stearic acids (vegetable origin) | Cail\u00e0 & Par\u00e9s","isPartOf":{"@id":"https:\/\/cailapares.com\/#website"},"datePublished":"2024-07-01T12:08:49+00:00","description":"Find hydrogenated and stearic fatty acids at Cail\u00e0&Par\u00e9s, your reliable and quality company in oleochemical products with international clients.","inLanguage":"en-US","potentialAction":[{"@type":"ReadAction","target":["https:\/\/cailapares.com\/en\/hydrogenated-stearic-acids-vegetable-origin\/"]}]},{"@type":"WebSite","@id":"https:\/\/cailapares.com\/#website","url":"https:\/\/cailapares.com\/","name":"Caila","description":"Otro sitio realizado con WordPress","potentialAction":[{"@type":"SearchAction","target":{"@type":"EntryPoint","urlTemplate":"https:\/\/cailapares.com\/?s={search_term_string}"},"query-input":{"@type":"PropertyValueSpecification","valueRequired":true,"valueName":"search_term_string"}}],"inLanguage":"en-US"}]}},"_links":{"self":[{"href":"https:\/\/cailapares.com\/en\/wp-json\/wp\/v2\/pages\/184","targetHints":{"allow":["GET"]}}],"collection":[{"href":"https:\/\/cailapares.com\/en\/wp-json\/wp\/v2\/pages"}],"about":[{"href":"https:\/\/cailapares.com\/en\/wp-json\/wp\/v2\/types\/page"}],"author":[{"embeddable":true,"href":"https:\/\/cailapares.com\/en\/wp-json\/wp\/v2\/users\/1"}],"replies":[{"embeddable":true,"href":"https:\/\/cailapares.com\/en\/wp-json\/wp\/v2\/comments?post=184"}],"version-history":[{"count":1,"href":"https:\/\/cailapares.com\/en\/wp-json\/wp\/v2\/pages\/184\/revisions"}],"predecessor-version":[{"id":187,"href":"https:\/\/cailapares.com\/en\/wp-json\/wp\/v2\/pages\/184\/revisions\/187"}],"wp:attachment":[{"href":"https:\/\/cailapares.com\/en\/wp-json\/wp\/v2\/media?parent=184"}],"curies":[{"name":"wp","href":"https:\/\/api.w.org\/{rel}","templated":true}]}}