{"id":178,"date":"2024-07-01T12:08:08","date_gmt":"2024-07-01T12:08:08","guid":{"rendered":"https:\/\/cailapares.com\/acidos-grasos-hidrogenados-estearicos-origen-animal\/"},"modified":"2022-10-31T12:23:51","modified_gmt":"2022-10-31T12:23:51","slug":"hydrogenated-stearic-acids-animal-origin","status":"publish","type":"page","link":"https:\/\/cailapares.com\/en\/hydrogenated-stearic-acids-animal-origin\/","title":{"rendered":"Hydrogenated stearic acids (animal origin)"},"content":{"rendered":"<h2>Stearic acid, what is it?<\/h2>\n<p><strong>Stearic acid<\/strong> is a type of <strong>saturated fatty acid<\/strong> found in most oils and fats, both animal and vegetable. In addition, we can find it together with other saturated and unsaturated fatty acids. It responds to the <strong>formula C18H36O2<\/strong>, which corresponds to the formula of the saturated monocarboxylic acid of linear chain of 18 carbon atoms. It is usually marketed in different purities depending on its origin and the process to obtain it is always accompanied by the well-known <strong>palmitic acid<\/strong>.<\/p>\n<div style=\"overflow-x:scroll;font-size: small;\">\n<table width=\"100%\" cellspacing=\"0\" cellpadding=\"5\" border=\"1\" align=\"center\">\n<tbody>\n<tr>\n<td bgcolor=\"#D2D2D2\" colspan=\"2\">ORIGIN<\/td>\n<td valign=\"middle\" bgcolor=\"#D2D2D2\" align=\"center\" colspan=\"3\">ANIMAL FAT<\/td>\n<td valign=\"middle\" bgcolor=\"#D2D2D2\" align=\"left\"><span style=\"font-size: 12px;\">ANIMAL FAT &amp;   VEGETAL<\/span><\/td>\n<\/tr>\n<tr>\n<td width=\"265\" bgcolor=\"#EBEBEB\">ANALISYS<\/p>\n<p>METHOD<\/td>\n<td width=\"100\" bgcolor=\"#EBEBEB\">UNITS<\/td>\n<td width=\"100\" bgcolor=\"#EBEBEB\">CYPTEC<br \/>\nAE-01<\/td>\n<td width=\"100\" bgcolor=\"#EBEBEB\">CYPTEC<br \/>\nAE-03<\/td>\n<td width=\"100\" bgcolor=\"#EBEBEB\">CYPTEC<br \/>\nAE-08<\/td>\n<td width=\"100\" bgcolor=\"#EBEBEB\">CYPTEC<br \/>\nAE-5050<\/td>\n<\/tr>\n<tr>\n<td bgcolor=\"#EBEBEB\">ACID VALUE<br \/>\nISO 660<\/td>\n<td bgcolor=\"#EBEBEB\">mg KOH\/gr.<\/td>\n<td>200-210<\/td>\n<td>200-210<\/td>\n<td valign=\"middle\" align=\"left\">200-210<\/td>\n<td bgcolor=\"#FFFFFF\">204-212<\/td>\n<\/tr>\n<tr>\n<td bgcolor=\"#EBEBEB\">IODINE VALUE<br \/>\nISO 3961<\/td>\n<td bgcolor=\"#EBEBEB\">gr.l\/100 gr.<\/td>\n<td>MAX. 1<\/td>\n<td>MAX. 3<\/td>\n<td valign=\"middle\" align=\"left\">MAX. 8<\/td>\n<td bgcolor=\"#FFFFFF\">MAX. 1<\/td>\n<\/tr>\n<tr>\n<td bgcolor=\"#EBEBEB\">SAPONIFICATION VALUE<br \/>\nISO 3657<\/td>\n<td bgcolor=\"#EBEBEB\">mg KOH\/gr.<\/td>\n<td>201-211<\/td>\n<td>201-211<\/td>\n<td valign=\"middle\" align=\"left\">201-211<\/td>\n<td bgcolor=\"#FFFFFF\">205-213<\/td>\n<\/tr>\n<tr>\n<td bgcolor=\"#EBEBEB\">TITRE<br \/>\nISO 935<\/td>\n<td bgcolor=\"#EBEBEB\">&ordm; centigrade<\/td>\n<td>57-61<\/td>\n<td>56-61<\/td>\n<td valign=\"middle\" align=\"left\">55-61<\/td>\n<td bgcolor=\"#FFFFFF\">54-56<\/td>\n<\/tr>\n<tr>\n<td bgcolor=\"#EBEBEB\">COLOUR LOVIBOND 5 1\/4&quot;<br \/>\nBS684.1.14<\/td>\n<td bgcolor=\"#EBEBEB\">Red units (R)<\/td>\n<td>MAX. 0,5<\/td>\n<td>MAX. 1<\/td>\n<td valign=\"middle\" align=\"left\">MAX. 1,5<\/td>\n<td bgcolor=\"#FFFFFF\">MAX. 0,5<\/td>\n<\/tr>\n<tr>\n<td bgcolor=\"#EBEBEB\">COLOUR LOVIBOND 5 1\/4&quot;<br \/>\nBS684.1.14<\/td>\n<td bgcolor=\"#EBEBEB\">Yellow units (Y)<\/td>\n<td>MAX. 3<\/td>\n<td>MAX. 5<\/td>\n<td valign=\"middle\" align=\"left\">MAX. 10<\/td>\n<td bgcolor=\"#FFFFFF\">MAX. 3<\/td>\n<\/tr>\n<tr>\n<td bgcolor=\"#EBEBEB\">UNSAPONIFIABLES<br \/>\nISO &#8211; 18609<\/td>\n<td bgcolor=\"#EBEBEB\">%<\/td>\n<td>MAX. 2<\/td>\n<td>MAX. 3<\/td>\n<td valign=\"middle\" align=\"left\">MAX. 3<\/td>\n<td bgcolor=\"#FFFFFF\">MAX. 0,5<\/td>\n<\/tr>\n<\/tbody>\n<\/table>\n<table width=\"840\" cellspacing=\"0\" cellpadding=\"0\" border=\"0\" align=\"center\">\n<tbody>\n<tr>\n<td><span style=\"color: rgb(0, 3, 119);\">GAS CHROMATOGRAPHY<\/span>&nbsp;<\/td>\n<td valign=\"middle\" align=\"right\"><span style=\"color: rgb(0, 3, 119);\">ISO 5508\/12966-2<\/span><\/td>\n<\/tr>\n<\/tbody>\n<\/table>\n<table width=\"840\" cellspacing=\"0\" cellpadding=\"5\" border=\"1\" align=\"center\">\n<tbody>\n<tr>\n<td bgcolor=\"#EBEBEB\">\n<table width=\"100%\" cellspacing=\"0\" cellpadding=\"0\" border=\"0\">\n<tbody>\n<tr>\n<td width=\"250\">LAURIC ACID<\/td>\n<td width=\"80\">C-12<\/td>\n<td>%<\/td>\n<\/tr>\n<\/tbody>\n<\/table>\n<\/td>\n<td width=\"100\">MAX. 1<\/td>\n<td width=\"100\">MAX. 1<\/td>\n<td width=\"100\">MAX. 2<\/td>\n<td width=\"100\">MAX. 1<\/td>\n<\/tr>\n<tr>\n<td bgcolor=\"#EBEBEB\">\n<table width=\"100%\" cellspacing=\"0\" cellpadding=\"0\" border=\"0\">\n<tbody>\n<tr>\n<td width=\"250\">MYRISTIC ACID<\/td>\n<td width=\"80\">C-14<\/td>\n<td>%<\/td>\n<\/tr>\n<\/tbody>\n<\/table>\n<\/td>\n<td>2-6<\/td>\n<td>MAX. 6<\/td>\n<td valign=\"middle\" align=\"left\">MAX. 6<\/td>\n<td>MAX. 3<\/td>\n<\/tr>\n<tr>\n<td bgcolor=\"#EBEBEB\">\n<table width=\"100%\" cellspacing=\"0\" cellpadding=\"0\" border=\"0\">\n<tbody>\n<tr>\n<td width=\"250\">PENTADECANOIC ACID<\/td>\n<td width=\"80\">C-15<\/td>\n<td>%<\/td>\n<\/tr>\n<\/tbody>\n<\/table>\n<\/td>\n<td>MAX. 1<\/td>\n<td>MAX. 1<\/td>\n<td valign=\"top\">MAX. 1<\/td>\n<td>MAX. 0,5<\/td>\n<\/tr>\n<tr>\n<td bgcolor=\"#EBEBEB\">\n<table width=\"100%\" cellspacing=\"0\" cellpadding=\"0\" border=\"0\">\n<tbody>\n<tr>\n<td width=\"250\">PALMITIC ACID<\/td>\n<td width=\"80\">C-16<\/td>\n<td>%<\/td>\n<\/tr>\n<\/tbody>\n<\/table>\n<\/td>\n<td>26-35<\/td>\n<td>24-35<\/td>\n<td valign=\"middle\" align=\"left\">22-37<\/td>\n<td>42-55<\/td>\n<\/tr>\n<tr>\n<td bgcolor=\"#EBEBEB\">\n<table width=\"100%\" cellspacing=\"0\" cellpadding=\"0\" border=\"0\">\n<tbody>\n<tr>\n<td width=\"250\">MARGARIC ACID<\/td>\n<td width=\"80\">C-17<\/td>\n<td>%<\/td>\n<\/tr>\n<\/tbody>\n<\/table>\n<\/td>\n<td>MAX. 2<\/td>\n<td>MAX. 2<\/td>\n<td valign=\"middle\" align=\"left\">MAX. 3<\/td>\n<td>MAX. 1<\/td>\n<\/tr>\n<tr>\n<td bgcolor=\"#EBEBEB\">\n<table width=\"100%\" cellspacing=\"0\" cellpadding=\"0\" border=\"0\">\n<tbody>\n<tr>\n<td width=\"250\">STEARIC ACID<\/td>\n<td width=\"80\">C-18<\/td>\n<td>%<\/td>\n<\/tr>\n<\/tbody>\n<\/table>\n<\/td>\n<td>58-68<\/td>\n<td>56-68<\/td>\n<td valign=\"middle\" align=\"left\">55-70<\/td>\n<td>43-56<\/td>\n<\/tr>\n<tr>\n<td bgcolor=\"#EBEBEB\">\n<table width=\"100%\" cellspacing=\"0\" cellpadding=\"0\" border=\"0\">\n<tbody>\n<tr>\n<td width=\"250\">OLEIC ACID<\/td>\n<td width=\"80\">C-18:1<\/td>\n<td>%<\/td>\n<\/tr>\n<\/tbody>\n<\/table>\n<\/td>\n<td>MAX. 1<\/td>\n<td>MAX. 3<\/td>\n<td valign=\"middle\" align=\"left\">MAX. 8<\/td>\n<td>MAX. 1<\/td>\n<\/tr>\n<tr>\n<td bgcolor=\"#EBEBEB\">\n<table width=\"100%\" cellspacing=\"0\" cellpadding=\"0\" border=\"0\">\n<tbody>\n<tr>\n<td width=\"250\">LINOLEIC ACID<\/td>\n<td width=\"80\">C-18:2<\/td>\n<td>%<\/td>\n<\/tr>\n<\/tbody>\n<\/table>\n<\/td>\n<td>&#8211;<\/td>\n<td>&#8211;<\/td>\n<td valign=\"middle\" align=\"left\">MAX. 1<\/td>\n<td>&#8211;<\/td>\n<\/tr>\n<tr>\n<td bgcolor=\"#EBEBEB\">\n<table width=\"100%\" cellspacing=\"0\" cellpadding=\"0\" border=\"0\">\n<tbody>\n<tr>\n<td width=\"250\">HIGHER FATTY ACID<\/td>\n<td width=\"80\">&nbsp;<\/td>\n<td>%<\/td>\n<\/tr>\n<\/tbody>\n<\/table>\n<\/td>\n<td>MAX. 1,5<\/td>\n<td>MAX. 2<\/td>\n<td valign=\"middle\" align=\"left\">MAX. 2<\/td>\n<td>MAX. 1<\/td>\n<\/tr>\n<\/tbody>\n<\/table>\n<\/div>\n<p>&nbsp;<\/p>\n<h3>Where is stearic acid found?<\/h3>\n<p>Stearic acid can be from <strong>plant or animal origin<\/strong>. Depending on the use we are going to give it, we will need or specify one origin or another.<\/p>\n<p>Vegetable stearic acid is practically obtained from the <strong>hydrolysis of palm oil<\/strong> (or its fractions such as stearin or olein), followed by its hydrogenation and subsequent distillation.<\/p>\n<p>Animal-type stearic acid, on the other hand, is obtained from the hydrolysis of animal fat (tallow), followed by its hydrogenation and subsequent distillation. Depending on the degree of hydrogenation (Iodine Index), different qualities of stearic acid can be obtained.<\/p>\n<h3>Properties and applications<\/h3>\n<p>This type of acid is a very solid product at room temperature, with a white tone and a slight touch of yellow. Its <strong>freezing point ranges from 55 &#8211; 65\u00baC<\/strong> depending on the stearic acid content and the degree of hydrogenation. On the other hand, it is a totally odourless acid.<\/p>\n<p>The main applications of stearic acid are uses such as <strong>lubricants for plastics<\/strong>, auxiliary products for the textile industry, production of soaps for the cosmetics sector or detergents. They are also often used to produce waxes, esters, metal salts, hydrophobic coating agents, candles or rubber for tyres.<\/p>\n<p>In turn, it has other uses in the pharmaceutical industry or even as a food additive in the production of plastic packaging for different foods.<\/p>\n<p>Stearic acid is a <strong>very important type of acid in the oleochemical industry<\/strong>. It is a type of substance with numerous possibilities, applications and functions that achieves great satisfaction in different markets.<\/p>\n<p>The growth of our industry has increased due to the demand from different sectors. It is a very efficient and profitable alternative that is opening a quite remarkable site since we are catapulting ourselves as a highly competitive force.<\/p>\n<p>The sustainability and versatility of our products and services is totally guaranteed as well as their functionality and quality in order to obtain unbeatable solutions.<\/p>\n","protected":false},"excerpt":{"rendered":"<p>Stearic acid, what is it? Stearic acid is a type of saturated fatty acid found in most oils and fats, both animal and vegetable. In addition, we can find it together with other saturated and unsaturated fatty acids. It responds to the formula C18H36O2, which corresponds to the formula of the saturated monocarboxylic acid of&#8230;<\/p>\n","protected":false},"author":1,"featured_media":0,"parent":0,"menu_order":0,"comment_status":"closed","ping_status":"closed","template":"","meta":{"footnotes":""},"class_list":["post-178","page","type-page","status-publish","hentry"],"yoast_head":"<!-- This site is optimized with the Yoast SEO plugin v25.9 - https:\/\/yoast.com\/wordpress\/plugins\/seo\/ -->\n<title>Hydrogenated stearic acids (animal origin) | Cail\u00e0 &amp; Par\u00e9s<\/title>\n<meta name=\"description\" content=\"At Cail\u00e0 &amp; Par\u00e9s you can buy stearic hydrogenated fatty acids with the highest quality and the confidence of a great international supplier.\" \/>\n<meta name=\"robots\" content=\"index, follow, max-snippet:-1, max-image-preview:large, max-video-preview:-1\" \/>\n<link rel=\"canonical\" href=\"https:\/\/cailapares.com\/en\/hydrogenated-stearic-acids-animal-origin\/\" \/>\n<meta property=\"og:locale\" content=\"en_US\" \/>\n<meta property=\"og:type\" content=\"article\" \/>\n<meta property=\"og:title\" content=\"Hydrogenated stearic acids (animal origin) | Cail\u00e0 &amp; Par\u00e9s\" \/>\n<meta property=\"og:description\" content=\"At Cail\u00e0 &amp; Par\u00e9s you can buy stearic hydrogenated fatty acids with the highest quality and the confidence of a great international supplier.\" \/>\n<meta property=\"og:url\" content=\"https:\/\/cailapares.com\/en\/hydrogenated-stearic-acids-animal-origin\/\" \/>\n<meta property=\"og:site_name\" content=\"Caila\" \/>\n<meta name=\"twitter:card\" content=\"summary_large_image\" \/>\n<meta name=\"twitter:label1\" content=\"Est. reading time\" \/>\n\t<meta name=\"twitter:data1\" content=\"3 minutes\" \/>\n<script type=\"application\/ld+json\" class=\"yoast-schema-graph\">{\"@context\":\"https:\/\/schema.org\",\"@graph\":[{\"@type\":\"WebPage\",\"@id\":\"https:\/\/cailapares.com\/en\/hydrogenated-stearic-acids-animal-origin\/\",\"url\":\"https:\/\/cailapares.com\/en\/hydrogenated-stearic-acids-animal-origin\/\",\"name\":\"Hydrogenated stearic acids (animal origin) | Cail\u00e0 & Par\u00e9s\",\"isPartOf\":{\"@id\":\"https:\/\/cailapares.com\/#website\"},\"datePublished\":\"2024-07-01T12:08:08+00:00\",\"description\":\"At Cail\u00e0 & Par\u00e9s you can buy stearic hydrogenated fatty acids with the highest quality and the confidence of a great international supplier.\",\"inLanguage\":\"en-US\",\"potentialAction\":[{\"@type\":\"ReadAction\",\"target\":[\"https:\/\/cailapares.com\/en\/hydrogenated-stearic-acids-animal-origin\/\"]}]},{\"@type\":\"WebSite\",\"@id\":\"https:\/\/cailapares.com\/#website\",\"url\":\"https:\/\/cailapares.com\/\",\"name\":\"Caila\",\"description\":\"Otro sitio realizado con WordPress\",\"potentialAction\":[{\"@type\":\"SearchAction\",\"target\":{\"@type\":\"EntryPoint\",\"urlTemplate\":\"https:\/\/cailapares.com\/?s={search_term_string}\"},\"query-input\":{\"@type\":\"PropertyValueSpecification\",\"valueRequired\":true,\"valueName\":\"search_term_string\"}}],\"inLanguage\":\"en-US\"}]}<\/script>\n<!-- \/ Yoast SEO plugin. -->","yoast_head_json":{"title":"Hydrogenated stearic acids (animal origin) | Cail\u00e0 & Par\u00e9s","description":"At Cail\u00e0 & Par\u00e9s you can buy stearic hydrogenated fatty acids with the highest quality and the confidence of a great international supplier.","robots":{"index":"index","follow":"follow","max-snippet":"max-snippet:-1","max-image-preview":"max-image-preview:large","max-video-preview":"max-video-preview:-1"},"canonical":"https:\/\/cailapares.com\/en\/hydrogenated-stearic-acids-animal-origin\/","og_locale":"en_US","og_type":"article","og_title":"Hydrogenated stearic acids (animal origin) | Cail\u00e0 & Par\u00e9s","og_description":"At Cail\u00e0 & Par\u00e9s you can buy stearic hydrogenated fatty acids with the highest quality and the confidence of a great international supplier.","og_url":"https:\/\/cailapares.com\/en\/hydrogenated-stearic-acids-animal-origin\/","og_site_name":"Caila","twitter_card":"summary_large_image","twitter_misc":{"Est. reading time":"3 minutes"},"schema":{"@context":"https:\/\/schema.org","@graph":[{"@type":"WebPage","@id":"https:\/\/cailapares.com\/en\/hydrogenated-stearic-acids-animal-origin\/","url":"https:\/\/cailapares.com\/en\/hydrogenated-stearic-acids-animal-origin\/","name":"Hydrogenated stearic acids (animal origin) | Cail\u00e0 & Par\u00e9s","isPartOf":{"@id":"https:\/\/cailapares.com\/#website"},"datePublished":"2024-07-01T12:08:08+00:00","description":"At Cail\u00e0 & Par\u00e9s you can buy stearic hydrogenated fatty acids with the highest quality and the confidence of a great international supplier.","inLanguage":"en-US","potentialAction":[{"@type":"ReadAction","target":["https:\/\/cailapares.com\/en\/hydrogenated-stearic-acids-animal-origin\/"]}]},{"@type":"WebSite","@id":"https:\/\/cailapares.com\/#website","url":"https:\/\/cailapares.com\/","name":"Caila","description":"Otro sitio realizado con WordPress","potentialAction":[{"@type":"SearchAction","target":{"@type":"EntryPoint","urlTemplate":"https:\/\/cailapares.com\/?s={search_term_string}"},"query-input":{"@type":"PropertyValueSpecification","valueRequired":true,"valueName":"search_term_string"}}],"inLanguage":"en-US"}]}},"_links":{"self":[{"href":"https:\/\/cailapares.com\/en\/wp-json\/wp\/v2\/pages\/178","targetHints":{"allow":["GET"]}}],"collection":[{"href":"https:\/\/cailapares.com\/en\/wp-json\/wp\/v2\/pages"}],"about":[{"href":"https:\/\/cailapares.com\/en\/wp-json\/wp\/v2\/types\/page"}],"author":[{"embeddable":true,"href":"https:\/\/cailapares.com\/en\/wp-json\/wp\/v2\/users\/1"}],"replies":[{"embeddable":true,"href":"https:\/\/cailapares.com\/en\/wp-json\/wp\/v2\/comments?post=178"}],"version-history":[{"count":2,"href":"https:\/\/cailapares.com\/en\/wp-json\/wp\/v2\/pages\/178\/revisions"}],"predecessor-version":[{"id":182,"href":"https:\/\/cailapares.com\/en\/wp-json\/wp\/v2\/pages\/178\/revisions\/182"}],"wp:attachment":[{"href":"https:\/\/cailapares.com\/en\/wp-json\/wp\/v2\/media?parent=178"}],"curies":[{"name":"wp","href":"https:\/\/api.w.org\/{rel}","templated":true}]}}