{"id":161,"date":"2024-07-01T11:48:04","date_gmt":"2024-07-01T11:48:04","guid":{"rendered":"https:\/\/cailapares.com\/acidos-grasos-destilados-oleicos\/"},"modified":"2022-10-31T12:08:50","modified_gmt":"2022-10-31T12:08:50","slug":"distilled-oleic-acids","status":"publish","type":"page","link":"https:\/\/cailapares.com\/en\/distilled-oleic-acids\/","title":{"rendered":"Distilled oleic acids"},"content":{"rendered":"<h2>Informative tables of oleic distilled fatty acids<\/h2>\n<p>Fatty acids can be obtained from high pressure hydrolysis (splitting a triglyceride) and temperature of animal and vegetable fats and oils. After this process they are distilled, and this is how a product with a soapy feel and white colour is obtained.<\/p>\n<p>The melting point of the distilled oleic fatty acids ranges from 25\u00baC for coconut to 50-55\u00baC for fatty acids that may come from tallow or palm.<\/p>\n<div style=\"overflow-x:scroll;font-size: small;\">\n<table width=\"100%\" cellspacing=\"0\" cellpadding=\"5\" border=\"1\" align=\"center\">\n<tbody>\n<tr>\n<td bgcolor=\"#D2D2D2\" colspan=\"2\">ORIGIN<\/td>\n<td valign=\"middle\" bgcolor=\"#D2D2D2\" align=\"center\" colspan=\"2\">OLIVE<\/td>\n<td width=\"100\" bgcolor=\"#D2D2D2\">ANIMAL FAT<\/td>\n<\/tr>\n<tr>\n<td width=\"265\" bgcolor=\"#EBEBEB\">ANALISYS<\/p>\n<p>METHOD<\/td>\n<td width=\"100\" bgcolor=\"#EBEBEB\">UNITS<\/td>\n<td width=\"100\" bgcolor=\"#EBEBEB\">CYPAFRAK<br \/>\nOL-75<\/td>\n<td width=\"100\" bgcolor=\"#EBEBEB\">CYPACID<br \/>\nI-10<\/td>\n<td width=\"100\" bgcolor=\"#EBEBEB\">CYPAFRAK<br \/>\nOL-707<\/td>\n<\/tr>\n<tr>\n<td bgcolor=\"#EBEBEB\">ACID VALUE<br \/>\nISO 660<\/td>\n<td bgcolor=\"#EBEBEB\">mg KOH\/gr.<\/td>\n<td>192-202<\/td>\n<td>192-202<\/td>\n<td bgcolor=\"#FFFFFF\">196-204<\/td>\n<\/tr>\n<tr>\n<td bgcolor=\"#EBEBEB\">IODINE VALUE<br \/>\nISO 3961<\/td>\n<td bgcolor=\"#EBEBEB\">gr.l\/100 gr.<\/td>\n<td>82-95<\/td>\n<td>80-95<\/td>\n<td bgcolor=\"#FFFFFF\">90-100<\/td>\n<\/tr>\n<tr>\n<td bgcolor=\"#EBEBEB\">SAPONIFICATION VALUE<br \/>\nISO 3657<\/td>\n<td bgcolor=\"#EBEBEB\">mg KOH\/gr.<\/td>\n<td>193-203<\/td>\n<td>193-203<\/td>\n<td bgcolor=\"#FFFFFF\">197-205<\/td>\n<\/tr>\n<tr>\n<td bgcolor=\"#EBEBEB\">TITRE<br \/>\nISO 935<\/td>\n<td bgcolor=\"#EBEBEB\">&ordm; centigrade<\/td>\n<td>19-24<\/td>\n<td>20-26<\/td>\n<td bgcolor=\"#FFFFFF\">MAX. 7<\/td>\n<\/tr>\n<tr>\n<td bgcolor=\"#EBEBEB\">COLOUR LOVIBOND 5 1\/4&quot;<br \/>\nBS684.1.14<\/td>\n<td bgcolor=\"#EBEBEB\">Red units (R)<\/td>\n<td>MAX. 2,5<\/td>\n<td>MAX. 2,5<\/td>\n<td bgcolor=\"#FFFFFF\">MAX. 2,5<\/td>\n<\/tr>\n<tr>\n<td bgcolor=\"#EBEBEB\">COLOUR LOVIBOND 5 1\/4&quot;<br \/>\nBS684.1.14<\/td>\n<td bgcolor=\"#EBEBEB\">Yellow units (Y)<\/td>\n<td>MAX. 25<\/td>\n<td>MAX. 25<\/td>\n<td bgcolor=\"#FFFFFF\">MAX. 25<\/td>\n<\/tr>\n<tr>\n<td bgcolor=\"#EBEBEB\">UNSAPONIFIABLES<br \/>\nISO &#8211; 18609<\/td>\n<td bgcolor=\"#EBEBEB\">%<\/td>\n<td>MAX. 2<\/td>\n<td>MAX. 2<\/td>\n<td bgcolor=\"#FFFFFF\">MAX. 1<\/td>\n<\/tr>\n<\/tbody>\n<\/table>\n<table width=\"720\" cellspacing=\"0\" cellpadding=\"0\" border=\"0\" align=\"center\">\n<tbody>\n<tr>\n<td><span style=\"color: rgb(0, 3, 119);\">GAS CHROMATOGRAPHY<\/span>&nbsp;<\/td>\n<td valign=\"middle\" align=\"right\"><span style=\"color: rgb(0, 3, 119);\">ISO 5508\/12966-2<\/span><\/td>\n<\/tr>\n<\/tbody>\n<\/table>\n<table width=\"720\" cellspacing=\"0\" cellpadding=\"5\" border=\"1\" align=\"center\">\n<tbody>\n<tr>\n<td bgcolor=\"#EBEBEB\">\n<table width=\"100%\" cellspacing=\"0\" cellpadding=\"0\" border=\"0\">\n<tbody>\n<tr>\n<td width=\"250\">LAURIC ACID<\/td>\n<td width=\"80\">C-12<\/td>\n<td>%<\/td>\n<\/tr>\n<\/tbody>\n<\/table>\n<\/td>\n<td width=\"100\">&#8211;<\/td>\n<td width=\"100\">MAX. 1<\/td>\n<td width=\"100\">MAX. 1<\/td>\n<\/tr>\n<tr>\n<td bgcolor=\"#EBEBEB\">\n<table width=\"100%\" cellspacing=\"0\" cellpadding=\"0\" border=\"0\">\n<tbody>\n<tr>\n<td width=\"250\">MYRISTIC ACID<\/td>\n<td width=\"80\">C-14<\/td>\n<td>%<\/td>\n<\/tr>\n<\/tbody>\n<\/table>\n<\/td>\n<td>MAX. 1<\/td>\n<td>MAX. 1<\/td>\n<td>MAX. 3<\/td>\n<\/tr>\n<tr>\n<td bgcolor=\"#EBEBEB\">\n<table width=\"100%\" cellspacing=\"0\" cellpadding=\"0\" border=\"0\">\n<tbody>\n<tr>\n<td width=\"250\">MYRISTOLEIC ACID<\/td>\n<td width=\"80\">C-14:1<\/td>\n<td>%<\/td>\n<\/tr>\n<\/tbody>\n<\/table>\n<\/td>\n<td>&#8211;<\/td>\n<td>&#8211;<\/td>\n<td>MAX. 2<\/td>\n<\/tr>\n<tr>\n<td bgcolor=\"#EBEBEB\">\n<table width=\"100%\" cellspacing=\"0\" cellpadding=\"0\" border=\"0\">\n<tbody>\n<tr>\n<td width=\"250\">PALMITIC ACID<\/td>\n<td width=\"80\">C-16<\/td>\n<td>%<\/td>\n<\/tr>\n<\/tbody>\n<\/table>\n<\/td>\n<td>10-15<\/td>\n<td>11-17<\/td>\n<td>4-6<\/td>\n<\/tr>\n<tr>\n<td bgcolor=\"#EBEBEB\">\n<table width=\"100%\" cellspacing=\"0\" cellpadding=\"0\" border=\"0\">\n<tbody>\n<tr>\n<td width=\"250\">PALMITOLEIC ACID<\/td>\n<td width=\"80\">C-16:1<\/td>\n<td>%<\/td>\n<\/tr>\n<\/tbody>\n<\/table>\n<\/td>\n<td>MAX. 1,5<\/td>\n<td>MAX. 1,5<\/td>\n<td>2-8<\/td>\n<\/tr>\n<tr>\n<td bgcolor=\"#EBEBEB\">\n<table width=\"100%\" cellspacing=\"0\" cellpadding=\"0\" border=\"0\">\n<tbody>\n<tr>\n<td width=\"250\">STEARIC ACID<\/td>\n<td width=\"80\">C-18<\/td>\n<td>%<\/td>\n<\/tr>\n<\/tbody>\n<\/table>\n<\/td>\n<td>2-5<\/td>\n<td>2-5<\/td>\n<td>MAX. 2<\/td>\n<\/tr>\n<tr>\n<td bgcolor=\"#EBEBEB\">\n<table width=\"100%\" cellspacing=\"0\" cellpadding=\"0\" border=\"0\">\n<tbody>\n<tr>\n<td width=\"250\">OLEIC ACID<\/td>\n<td width=\"80\">C-18:1<\/td>\n<td>%<\/td>\n<\/tr>\n<\/tbody>\n<\/table>\n<\/td>\n<td>MIN. 67<\/td>\n<td>MIN. 65<\/td>\n<td>65-80<\/td>\n<\/tr>\n<tr>\n<td bgcolor=\"#EBEBEB\">\n<table width=\"100%\" cellspacing=\"0\" cellpadding=\"0\" border=\"0\">\n<tbody>\n<tr>\n<td width=\"250\">LINOLEIC ACID<\/td>\n<td width=\"80\">C-18:2<\/td>\n<td>%<\/td>\n<\/tr>\n<\/tbody>\n<\/table>\n<\/td>\n<td>6-15<\/td>\n<td>6-16<\/td>\n<td>4-15<\/td>\n<\/tr>\n<tr>\n<td bgcolor=\"#EBEBEB\">\n<table width=\"100%\" cellspacing=\"0\" cellpadding=\"0\" border=\"0\">\n<tbody>\n<tr>\n<td width=\"250\">LINOLENIC ACID<\/td>\n<td width=\"80\">C-18:3<\/td>\n<td>%<\/td>\n<\/tr>\n<\/tbody>\n<\/table>\n<\/td>\n<td>MAX. 2<\/td>\n<td>MAX. 2<\/td>\n<td>1-3<\/td>\n<\/tr>\n<tr>\n<td bgcolor=\"#EBEBEB\">\n<table width=\"100%\" cellspacing=\"0\" cellpadding=\"0\" border=\"0\">\n<tbody>\n<tr>\n<td width=\"250\">HIGHER FATTY ACID<\/td>\n<td width=\"80\">&nbsp;<\/td>\n<td>%<\/td>\n<\/tr>\n<\/tbody>\n<\/table>\n<\/td>\n<td>MAX.2<\/td>\n<td>MAX. 2<\/td>\n<td>MAX. 2<\/td>\n<\/tr>\n<\/tbody>\n<\/table>\n<\/div>\n<p>&nbsp;<\/p>\n","protected":false},"excerpt":{"rendered":"<p>Informative tables of oleic distilled fatty acids Fatty acids can be obtained from high pressure hydrolysis (splitting a triglyceride) and temperature of animal and vegetable fats and oils. After this process they are distilled, and this is how a product with a soapy feel and white colour is obtained. The melting point of the distilled&#8230;<\/p>\n","protected":false},"author":1,"featured_media":0,"parent":0,"menu_order":0,"comment_status":"closed","ping_status":"closed","template":"","meta":{"footnotes":""},"class_list":["post-161","page","type-page","status-publish","hentry"],"yoast_head":"<!-- This site is optimized with the Yoast SEO plugin v25.9 - https:\/\/yoast.com\/wordpress\/plugins\/seo\/ -->\n<title>Distilled oleic acids - Cail\u00e0 &amp; Par\u00e9s<\/title>\n<meta name=\"description\" content=\"If you need a supplier of distilled oleic fatty acids, trust Cail\u00e0&amp;Par\u00e9s to acquire the necessary acids and oils for your business.\" \/>\n<meta name=\"robots\" content=\"index, follow, max-snippet:-1, max-image-preview:large, max-video-preview:-1\" \/>\n<link rel=\"canonical\" href=\"https:\/\/cailapares.com\/en\/distilled-oleic-acids\/\" \/>\n<meta property=\"og:locale\" content=\"en_US\" \/>\n<meta property=\"og:type\" content=\"article\" \/>\n<meta property=\"og:title\" content=\"Distilled oleic acids - Cail\u00e0 &amp; Par\u00e9s\" \/>\n<meta property=\"og:description\" content=\"If you need a supplier of distilled oleic fatty acids, trust Cail\u00e0&amp;Par\u00e9s to acquire the necessary acids and oils for your business.\" \/>\n<meta property=\"og:url\" content=\"https:\/\/cailapares.com\/en\/distilled-oleic-acids\/\" \/>\n<meta property=\"og:site_name\" content=\"Caila\" \/>\n<meta name=\"twitter:card\" content=\"summary_large_image\" \/>\n<meta name=\"twitter:label1\" content=\"Est. reading time\" \/>\n\t<meta name=\"twitter:data1\" content=\"1 minute\" \/>\n<script type=\"application\/ld+json\" class=\"yoast-schema-graph\">{\"@context\":\"https:\/\/schema.org\",\"@graph\":[{\"@type\":\"WebPage\",\"@id\":\"https:\/\/cailapares.com\/en\/distilled-oleic-acids\/\",\"url\":\"https:\/\/cailapares.com\/en\/distilled-oleic-acids\/\",\"name\":\"Distilled oleic acids - Cail\u00e0 & Par\u00e9s\",\"isPartOf\":{\"@id\":\"https:\/\/cailapares.com\/#website\"},\"datePublished\":\"2024-07-01T11:48:04+00:00\",\"description\":\"If you need a supplier of distilled oleic fatty acids, trust Cail\u00e0&Par\u00e9s to acquire the necessary acids and oils for your business.\",\"inLanguage\":\"en-US\",\"potentialAction\":[{\"@type\":\"ReadAction\",\"target\":[\"https:\/\/cailapares.com\/en\/distilled-oleic-acids\/\"]}]},{\"@type\":\"WebSite\",\"@id\":\"https:\/\/cailapares.com\/#website\",\"url\":\"https:\/\/cailapares.com\/\",\"name\":\"Caila\",\"description\":\"Otro sitio realizado con WordPress\",\"potentialAction\":[{\"@type\":\"SearchAction\",\"target\":{\"@type\":\"EntryPoint\",\"urlTemplate\":\"https:\/\/cailapares.com\/?s={search_term_string}\"},\"query-input\":{\"@type\":\"PropertyValueSpecification\",\"valueRequired\":true,\"valueName\":\"search_term_string\"}}],\"inLanguage\":\"en-US\"}]}<\/script>\n<!-- \/ Yoast SEO plugin. -->","yoast_head_json":{"title":"Distilled oleic acids - Cail\u00e0 & Par\u00e9s","description":"If you need a supplier of distilled oleic fatty acids, trust Cail\u00e0&Par\u00e9s to acquire the necessary acids and oils for your business.","robots":{"index":"index","follow":"follow","max-snippet":"max-snippet:-1","max-image-preview":"max-image-preview:large","max-video-preview":"max-video-preview:-1"},"canonical":"https:\/\/cailapares.com\/en\/distilled-oleic-acids\/","og_locale":"en_US","og_type":"article","og_title":"Distilled oleic acids - Cail\u00e0 & Par\u00e9s","og_description":"If you need a supplier of distilled oleic fatty acids, trust Cail\u00e0&Par\u00e9s to acquire the necessary acids and oils for your business.","og_url":"https:\/\/cailapares.com\/en\/distilled-oleic-acids\/","og_site_name":"Caila","twitter_card":"summary_large_image","twitter_misc":{"Est. reading time":"1 minute"},"schema":{"@context":"https:\/\/schema.org","@graph":[{"@type":"WebPage","@id":"https:\/\/cailapares.com\/en\/distilled-oleic-acids\/","url":"https:\/\/cailapares.com\/en\/distilled-oleic-acids\/","name":"Distilled oleic acids - Cail\u00e0 & Par\u00e9s","isPartOf":{"@id":"https:\/\/cailapares.com\/#website"},"datePublished":"2024-07-01T11:48:04+00:00","description":"If you need a supplier of distilled oleic fatty acids, trust Cail\u00e0&Par\u00e9s to acquire the necessary acids and oils for your business.","inLanguage":"en-US","potentialAction":[{"@type":"ReadAction","target":["https:\/\/cailapares.com\/en\/distilled-oleic-acids\/"]}]},{"@type":"WebSite","@id":"https:\/\/cailapares.com\/#website","url":"https:\/\/cailapares.com\/","name":"Caila","description":"Otro sitio realizado con WordPress","potentialAction":[{"@type":"SearchAction","target":{"@type":"EntryPoint","urlTemplate":"https:\/\/cailapares.com\/?s={search_term_string}"},"query-input":{"@type":"PropertyValueSpecification","valueRequired":true,"valueName":"search_term_string"}}],"inLanguage":"en-US"}]}},"_links":{"self":[{"href":"https:\/\/cailapares.com\/en\/wp-json\/wp\/v2\/pages\/161","targetHints":{"allow":["GET"]}}],"collection":[{"href":"https:\/\/cailapares.com\/en\/wp-json\/wp\/v2\/pages"}],"about":[{"href":"https:\/\/cailapares.com\/en\/wp-json\/wp\/v2\/types\/page"}],"author":[{"embeddable":true,"href":"https:\/\/cailapares.com\/en\/wp-json\/wp\/v2\/users\/1"}],"replies":[{"embeddable":true,"href":"https:\/\/cailapares.com\/en\/wp-json\/wp\/v2\/comments?post=161"}],"version-history":[{"count":1,"href":"https:\/\/cailapares.com\/en\/wp-json\/wp\/v2\/pages\/161\/revisions"}],"predecessor-version":[{"id":163,"href":"https:\/\/cailapares.com\/en\/wp-json\/wp\/v2\/pages\/161\/revisions\/163"}],"wp:attachment":[{"href":"https:\/\/cailapares.com\/en\/wp-json\/wp\/v2\/media?parent=161"}],"curies":[{"name":"wp","href":"https:\/\/api.w.org\/{rel}","templated":true}]}}