{"id":150,"date":"2024-07-01T11:46:56","date_gmt":"2024-07-01T11:46:56","guid":{"rendered":"https:\/\/cailapares.com\/acidos-grasos-insaturados\/"},"modified":"2022-10-31T12:04:25","modified_gmt":"2022-10-31T12:04:25","slug":"distilled-unsaturated-fatty-acids","status":"publish","type":"page","link":"https:\/\/cailapares.com\/en\/distilled-unsaturated-fatty-acids\/","title":{"rendered":"Distilled unsaturated fatty acids"},"content":{"rendered":"<p>Cail\u00e0 &#038; Par\u00e9s is committed to environmentally friendly alternatives with great potential to create all kinds of products for different markets. The oleochemicals are natural substances or VEGETAL-animal origin that are used to provide different utilities in chemical industries.<\/p>\n<h2>What are unsaturated fatty acids?<\/h2>\n<p>Unsaturated fatty acids are of great importance in our market due to the large use and functionality of these in different finishes. There are forceful and effective ways that achieve optimal results in their different uses and applications.<\/p>\n<p>Oleochemical stand as one of the most profitable alternative compared to the chemical components since they offer excellent value for money and, therefore, more and more companies opt for these substances to produce their goods.<\/p>\n<div style=\"overflow-x:scroll;font-size: small;\">\n<table width=\"100%\" cellspacing=\"0\" cellpadding=\"5\" border=\"1\">\n<tbody>\n<tr>\n<td bgcolor=\"#D2D2D2\" colspan=\"2\">ORIGIN<\/td>\n<td valign=\"middle\" bgcolor=\"#D2D2D2\" align=\"center\" colspan=\"2\">LAURICS<\/td>\n<td width=\"100\" bgcolor=\"#D2D2D2\">PALM<\/td>\n<td width=\"100\" valign=\"middle\" bgcolor=\"#D2D2D2\" align=\"center\" colspan=\"2\">&nbsp;TALLOW<\/td>\n<\/tr>\n<tr>\n<td bgcolor=\"#EBEBEB\">ANALISYS<\/p>\n<p>METHOD<\/td>\n<td width=\"100\" bgcolor=\"#EBEBEB\">UNITS<\/td>\n<td width=\"100\" bgcolor=\"#EBEBEB\">CYPACID<\/p>\n<p>CC-52<\/td>\n<td width=\"100\" bgcolor=\"#EBEBEB\">CYPACID<\/p>\n<p>CP-45<\/td>\n<td width=\"100\" bgcolor=\"#EBEBEB\">CYPACID<\/p>\n<p>P-50<\/td>\n<td width=\"100\" bgcolor=\"#EBEBEB\">CYPACID<\/p>\n<p>TL-12<\/td>\n<td width=\"100\" bgcolor=\"#EBEBEB\">CYPACID<\/p>\n<p>TL-34<\/td>\n<\/tr>\n<tr>\n<td bgcolor=\"#EBEBEB\">ACID VALUE<\/p>\n<p>ISO 660<\/td>\n<td bgcolor=\"#EBEBEB\">mg KOH\/gr.<\/td>\n<td>265-280<\/td>\n<td>250-275<\/td>\n<td>204-212<\/td>\n<td>200-210<\/td>\n<td>200-210<\/td>\n<\/tr>\n<tr>\n<td bgcolor=\"#EBEBEB\">IODINE VALUE<br \/>\nISO 3961<\/td>\n<td bgcolor=\"#EBEBEB\">gr.l\/100 gr.<\/td>\n<td>6-13<\/td>\n<td>MAX. 20<\/td>\n<td>50-60<\/td>\n<td>45-60<\/td>\n<td bgcolor=\"#FFFFFF\">39-56<\/td>\n<\/tr>\n<tr>\n<td bgcolor=\"#EBEBEB\">SAPONIFICATION VALUE<br \/>\nISO 3657<\/td>\n<td bgcolor=\"#EBEBEB\">mg KOH\/gr.<\/td>\n<td>266-281<\/td>\n<td>252-277<\/td>\n<td>205-213<\/td>\n<td>201-211<\/td>\n<td bgcolor=\"#FFFFFF\">201-211<\/td>\n<\/tr>\n<tr>\n<td bgcolor=\"#EBEBEB\">TITRE<br \/>\nISO 935<\/td>\n<td bgcolor=\"#EBEBEB\">&ordm; centigrade<\/td>\n<td>20-25<\/td>\n<td>20-26<\/td>\n<td>42-47<\/td>\n<td>39-53<\/td>\n<td bgcolor=\"#FFFFFF\">40-50<\/td>\n<\/tr>\n<tr>\n<td bgcolor=\"#EBEBEB\">COLOUR LOVIBOND 5 1\/4&quot;<br \/>\nBS684.1.14<\/td>\n<td bgcolor=\"#EBEBEB\">Red units<\/p>\n<p>(R)<\/td>\n<td>MAX. 1,5<\/td>\n<td>MAX. 1,5<\/td>\n<td>MAX. 1<\/td>\n<td>MAX. 1<\/td>\n<td bgcolor=\"#FFFFFF\">MAX. 3<\/td>\n<\/tr>\n<tr>\n<td bgcolor=\"#EBEBEB\">COLOUR LOVIBOND 5 1\/4&quot;<br \/>\nBS684.1.14<\/td>\n<td bgcolor=\"#EBEBEB\">Yellow units (Y)<\/td>\n<td>MAX. 10<\/td>\n<td>MAX. 10<\/td>\n<td>&nbsp;MAX. 5<\/td>\n<td>MAX. 5<\/td>\n<td bgcolor=\"#FFFFFF\">MAX. 30<\/td>\n<\/tr>\n<tr>\n<td bgcolor=\"#EBEBEB\">UNSAPONIFIABLES<br \/>\nISO &#8211; 18609<\/td>\n<td bgcolor=\"#EBEBEB\">%<\/td>\n<td>MAX. 0,5<\/td>\n<td>MAX. 2<\/td>\n<td>MAX. 0,5<\/td>\n<td>MAX. 0,5<\/td>\n<td bgcolor=\"#FFFFFF\">&#8211;<\/td>\n<\/tr>\n<\/tbody>\n<\/table>\n<table width=\"950\" cellspacing=\"0\" cellpadding=\"0\" border=\"0\">\n<tbody>\n<tr>\n<td><span style=\"color: rgb(0, 3, 119);\">GAS CHROMATOGRAPHY<\/span>&nbsp;<\/td>\n<td valign=\"middle\" align=\"right\"><span style=\"color: rgb(0, 3, 119);\">ISO 5508\/12966-2<\/span><\/td>\n<\/tr>\n<\/tbody>\n<\/table>\n<table width=\"950\" cellspacing=\"0\" cellpadding=\"5\" border=\"1\">\n<tbody>\n<tr>\n<td bgcolor=\"#EBEBEB\">\n<table width=\"100%\" cellspacing=\"0\" cellpadding=\"0\" border=\"0\">\n<tbody>\n<tr>\n<td width=\"250\">CAPROIC ACID<\/td>\n<td width=\"80\">C-6<\/td>\n<td>%<\/td>\n<\/tr>\n<\/tbody>\n<\/table>\n<\/td>\n<td width=\"100\">MAX. 1<\/td>\n<td width=\"100\">MAX. 1<\/td>\n<td width=\"100\">&#8211;<\/td>\n<td width=\"100\">&#8211;<\/td>\n<td width=\"100\">&#8211;<\/td>\n<\/tr>\n<tr>\n<td bgcolor=\"#EBEBEB\">\n<table width=\"100%\" cellspacing=\"0\" cellpadding=\"0\" border=\"0\">\n<tbody>\n<tr>\n<td width=\"250\">CAPRILIC ACID<\/td>\n<td width=\"80\">C-8<\/td>\n<td>%<\/td>\n<\/tr>\n<\/tbody>\n<\/table>\n<\/td>\n<td>4-10<\/td>\n<td>3-10<\/td>\n<td>&#8211;<\/td>\n<td>&#8211;<\/td>\n<td>&#8211;<\/td>\n<\/tr>\n<tr>\n<td bgcolor=\"#EBEBEB\">\n<table width=\"100%\" cellspacing=\"0\" cellpadding=\"0\" border=\"0\">\n<tbody>\n<tr>\n<td width=\"250\">CAPRIC ACID<\/td>\n<td width=\"80\">C-10<\/td>\n<td>%<\/td>\n<\/tr>\n<\/tbody>\n<\/table>\n<\/td>\n<td>4-9<\/td>\n<td>3-10<\/td>\n<td>&#8211;<\/td>\n<td>&#8211;<\/td>\n<td>&#8211;<\/td>\n<\/tr>\n<tr>\n<td bgcolor=\"#EBEBEB\">\n<table width=\"100%\" cellspacing=\"0\" cellpadding=\"0\" border=\"0\">\n<tbody>\n<tr>\n<td width=\"250\">LAURIC ACID<\/td>\n<td width=\"80\">C-12<\/td>\n<td>%<\/td>\n<\/tr>\n<\/tbody>\n<\/table>\n<\/td>\n<td>44-56<\/td>\n<td>40-55<\/td>\n<td>MAX. 1<\/td>\n<td>MAX. 1<\/td>\n<td>MAX. 1<\/td>\n<\/tr>\n<tr>\n<td bgcolor=\"#EBEBEB\">\n<table width=\"100%\" cellspacing=\"0\" cellpadding=\"0\" border=\"0\">\n<tbody>\n<tr>\n<td width=\"250\">MYRISTIC ACID<\/td>\n<td width=\"80\">C-14<\/td>\n<td>%<\/td>\n<\/tr>\n<\/tbody>\n<\/table>\n<\/td>\n<td>15-22<\/td>\n<td>14-21<\/td>\n<td>MAX. 3<\/td>\n<td>2-6<\/td>\n<td>MAX. 5<\/td>\n<\/tr>\n<tr>\n<td bgcolor=\"#EBEBEB\">\n<table width=\"100%\" cellspacing=\"0\" cellpadding=\"0\" border=\"0\">\n<tbody>\n<tr>\n<td width=\"250\">PALMITIC ACID<\/td>\n<td width=\"80\">C-16<\/td>\n<td>%<\/td>\n<\/tr>\n<\/tbody>\n<\/table>\n<\/td>\n<td>7-12<\/td>\n<td>6-14<\/td>\n<td>40-50<\/td>\n<td>23-33<\/td>\n<td>22-33<\/td>\n<\/tr>\n<tr>\n<td bgcolor=\"#EBEBEB\">\n<table width=\"100%\" cellspacing=\"0\" cellpadding=\"0\" border=\"0\">\n<tbody>\n<tr>\n<td width=\"250\">PALMITOLEIC ACID<\/td>\n<td width=\"80\">C-16:1<\/td>\n<td>%<\/td>\n<\/tr>\n<\/tbody>\n<\/table>\n<\/td>\n<td>&#8211;<\/td>\n<td>&#8211;<\/td>\n<td>&#8211;<\/td>\n<td>2-5<\/td>\n<td>MAX. 5<\/td>\n<\/tr>\n<tr>\n<td bgcolor=\"#EBEBEB\">\n<table width=\"100%\" cellspacing=\"0\" cellpadding=\"0\" border=\"0\">\n<tbody>\n<tr>\n<td width=\"250\">STEARIC ACID<\/td>\n<td width=\"80\">C-18<\/td>\n<td>%<\/td>\n<\/tr>\n<\/tbody>\n<\/table>\n<\/td>\n<td>1-4<\/td>\n<td>1-7<\/td>\n<td>2-6<\/td>\n<td>12-24<\/td>\n<td>20-32<\/td>\n<\/tr>\n<tr>\n<td bgcolor=\"#EBEBEB\">\n<table width=\"100%\" cellspacing=\"0\" cellpadding=\"0\" border=\"0\">\n<tbody>\n<tr>\n<td width=\"250\">OLEIC ACID<\/td>\n<td width=\"80\">C-18:1<\/td>\n<td>%<\/td>\n<\/tr>\n<\/tbody>\n<\/table>\n<\/td>\n<td>3-9<\/td>\n<td>4-12<\/td>\n<td>35-40<\/td>\n<td>34-44<\/td>\n<td>28-40<\/td>\n<\/tr>\n<tr>\n<td bgcolor=\"#EBEBEB\">\n<table width=\"100%\" cellspacing=\"0\" cellpadding=\"0\" border=\"0\">\n<tbody>\n<tr>\n<td width=\"250\">LINOLEIC ACID<\/td>\n<td width=\"80\">C-18:2<\/td>\n<td>%<\/td>\n<\/tr>\n<\/tbody>\n<\/table>\n<\/td>\n<td>MAX. 2<\/td>\n<td>1-4<\/td>\n<td>8-12<\/td>\n<td>2-7<\/td>\n<td>MAX. 7<\/td>\n<\/tr>\n<tr>\n<td bgcolor=\"#EBEBEB\">\n<table width=\"100%\" cellspacing=\"0\" cellpadding=\"0\" border=\"0\">\n<tbody>\n<tr>\n<td width=\"250\">LINOLENIC ACID<\/td>\n<td width=\"80\">C-18:3<\/td>\n<td>%<\/td>\n<\/tr>\n<\/tbody>\n<\/table>\n<\/td>\n<td>&#8211;<\/td>\n<td>&#8211;<\/td>\n<td>MAX. 0,5<\/td>\n<td>MAX. 2<\/td>\n<td>MAX. 2<\/td>\n<\/tr>\n<tr>\n<td bgcolor=\"#EBEBEB\">\n<table width=\"100%\" cellspacing=\"0\" cellpadding=\"0\" border=\"0\">\n<tbody>\n<tr>\n<td width=\"250\">HIGHER FATTY ACID<\/td>\n<td width=\"80\">&nbsp;<\/td>\n<td>%<\/td>\n<\/tr>\n<\/tbody>\n<\/table>\n<\/td>\n<td>&#8211;<\/td>\n<td>&#8211;<\/td>\n<td>MAX. 1<\/td>\n<td>MAX. 1<\/td>\n<td>MAX. 2<\/td>\n<\/tr>\n<\/tbody>\n<\/table>\n<\/div>\n<p>&nbsp;<\/p>\n<p>Our substances are derived from oils and fats that allows the development and manufacture of all types of products, such as: detergents, pharmacological finishes, soaps, lubricants, cosmetics, paints, polystyrenes, among many others.<\/p>\n<p>We provide a lot of oleochemicals provided to cover different markets and industries. We handle manufacture and we globally distribute all kinds of oleochemicals, that has  catapulted us as one of the leading companies in the sector.<\/p>\n<h3>Unsaturated fatty acids distillates: Maximum efficiency<\/h3>\n<p>Our formulations are based on strict quality controls provided to ensure maximum efficiency in the finishes. We have a wide and innovative processing plant in order to satisfy the needs of the demand for totally efficient.<\/p>\n<p>Cail\u00e0 &#038; Par\u00e9s have a clear objectives and therefore we assume all kinds of challenges. Over 80 years in the sector certify and guarantee our work based on effort and perseverance. We achieve flawless results and, therefore, we are expanding in the market due to high demand and the work we do.<\/p>\n<p>Oleochemical are carving out a fairly strong role in the market since it is emerging as one of the most profitable alternatives because it is ecological, economical and effective substances. Custom services to achieve flawless results.<\/p>\n<p>For more information please contact us using our online form or telephone.<\/p>\n","protected":false},"excerpt":{"rendered":"<p>Cail\u00e0 &#038; Par\u00e9s is committed to environmentally friendly alternatives with great potential to create all kinds of products for different markets. The oleochemicals are natural substances or VEGETAL-animal origin that are used to provide different utilities in chemical industries. What are unsaturated fatty acids? Unsaturated fatty acids are of great importance in our market due&#8230;<\/p>\n","protected":false},"author":1,"featured_media":0,"parent":0,"menu_order":0,"comment_status":"closed","ping_status":"closed","template":"","meta":{"footnotes":""},"class_list":["post-150","page","type-page","status-publish","hentry"],"yoast_head":"<!-- This site is optimized with the Yoast SEO plugin v25.9 - https:\/\/yoast.com\/wordpress\/plugins\/seo\/ -->\n<title>Distilled unsaturated fatty acids | Cail\u00e0 &amp; Par\u00e9s<\/title>\n<meta name=\"description\" content=\"Cail\u00e0&amp;Par\u00e9s&#039;s unsaturated distilled fatty acids are of the highest quality for your business. You can purchase this and other products from our website.\" \/>\n<meta name=\"robots\" content=\"index, follow, max-snippet:-1, max-image-preview:large, max-video-preview:-1\" \/>\n<link rel=\"canonical\" href=\"https:\/\/cailapares.com\/en\/distilled-unsaturated-fatty-acids\/\" \/>\n<meta property=\"og:locale\" content=\"en_US\" \/>\n<meta property=\"og:type\" content=\"article\" \/>\n<meta property=\"og:title\" content=\"Distilled unsaturated fatty acids | Cail\u00e0 &amp; Par\u00e9s\" \/>\n<meta property=\"og:description\" content=\"Cail\u00e0&amp;Par\u00e9s&#039;s unsaturated distilled fatty acids are of the highest quality for your business. You can purchase this and other products from our website.\" \/>\n<meta property=\"og:url\" content=\"https:\/\/cailapares.com\/en\/distilled-unsaturated-fatty-acids\/\" \/>\n<meta property=\"og:site_name\" content=\"Caila\" \/>\n<meta name=\"twitter:card\" content=\"summary_large_image\" \/>\n<meta name=\"twitter:label1\" content=\"Est. reading time\" \/>\n\t<meta name=\"twitter:data1\" content=\"3 minutes\" \/>\n<script type=\"application\/ld+json\" class=\"yoast-schema-graph\">{\"@context\":\"https:\/\/schema.org\",\"@graph\":[{\"@type\":\"WebPage\",\"@id\":\"https:\/\/cailapares.com\/en\/distilled-unsaturated-fatty-acids\/\",\"url\":\"https:\/\/cailapares.com\/en\/distilled-unsaturated-fatty-acids\/\",\"name\":\"Distilled unsaturated fatty acids | Cail\u00e0 & Par\u00e9s\",\"isPartOf\":{\"@id\":\"https:\/\/cailapares.com\/#website\"},\"datePublished\":\"2024-07-01T11:46:56+00:00\",\"description\":\"Cail\u00e0&Par\u00e9s's unsaturated distilled fatty acids are of the highest quality for your business. You can purchase this and other products from our website.\",\"inLanguage\":\"en-US\",\"potentialAction\":[{\"@type\":\"ReadAction\",\"target\":[\"https:\/\/cailapares.com\/en\/distilled-unsaturated-fatty-acids\/\"]}]},{\"@type\":\"WebSite\",\"@id\":\"https:\/\/cailapares.com\/#website\",\"url\":\"https:\/\/cailapares.com\/\",\"name\":\"Caila\",\"description\":\"Otro sitio realizado con WordPress\",\"potentialAction\":[{\"@type\":\"SearchAction\",\"target\":{\"@type\":\"EntryPoint\",\"urlTemplate\":\"https:\/\/cailapares.com\/?s={search_term_string}\"},\"query-input\":{\"@type\":\"PropertyValueSpecification\",\"valueRequired\":true,\"valueName\":\"search_term_string\"}}],\"inLanguage\":\"en-US\"}]}<\/script>\n<!-- \/ Yoast SEO plugin. -->","yoast_head_json":{"title":"Distilled unsaturated fatty acids | Cail\u00e0 & Par\u00e9s","description":"Cail\u00e0&Par\u00e9s's unsaturated distilled fatty acids are of the highest quality for your business. You can purchase this and other products from our website.","robots":{"index":"index","follow":"follow","max-snippet":"max-snippet:-1","max-image-preview":"max-image-preview:large","max-video-preview":"max-video-preview:-1"},"canonical":"https:\/\/cailapares.com\/en\/distilled-unsaturated-fatty-acids\/","og_locale":"en_US","og_type":"article","og_title":"Distilled unsaturated fatty acids | Cail\u00e0 & Par\u00e9s","og_description":"Cail\u00e0&Par\u00e9s's unsaturated distilled fatty acids are of the highest quality for your business. You can purchase this and other products from our website.","og_url":"https:\/\/cailapares.com\/en\/distilled-unsaturated-fatty-acids\/","og_site_name":"Caila","twitter_card":"summary_large_image","twitter_misc":{"Est. reading time":"3 minutes"},"schema":{"@context":"https:\/\/schema.org","@graph":[{"@type":"WebPage","@id":"https:\/\/cailapares.com\/en\/distilled-unsaturated-fatty-acids\/","url":"https:\/\/cailapares.com\/en\/distilled-unsaturated-fatty-acids\/","name":"Distilled unsaturated fatty acids | Cail\u00e0 & Par\u00e9s","isPartOf":{"@id":"https:\/\/cailapares.com\/#website"},"datePublished":"2024-07-01T11:46:56+00:00","description":"Cail\u00e0&Par\u00e9s's unsaturated distilled fatty acids are of the highest quality for your business. You can purchase this and other products from our website.","inLanguage":"en-US","potentialAction":[{"@type":"ReadAction","target":["https:\/\/cailapares.com\/en\/distilled-unsaturated-fatty-acids\/"]}]},{"@type":"WebSite","@id":"https:\/\/cailapares.com\/#website","url":"https:\/\/cailapares.com\/","name":"Caila","description":"Otro sitio realizado con WordPress","potentialAction":[{"@type":"SearchAction","target":{"@type":"EntryPoint","urlTemplate":"https:\/\/cailapares.com\/?s={search_term_string}"},"query-input":{"@type":"PropertyValueSpecification","valueRequired":true,"valueName":"search_term_string"}}],"inLanguage":"en-US"}]}},"_links":{"self":[{"href":"https:\/\/cailapares.com\/en\/wp-json\/wp\/v2\/pages\/150","targetHints":{"allow":["GET"]}}],"collection":[{"href":"https:\/\/cailapares.com\/en\/wp-json\/wp\/v2\/pages"}],"about":[{"href":"https:\/\/cailapares.com\/en\/wp-json\/wp\/v2\/types\/page"}],"author":[{"embeddable":true,"href":"https:\/\/cailapares.com\/en\/wp-json\/wp\/v2\/users\/1"}],"replies":[{"embeddable":true,"href":"https:\/\/cailapares.com\/en\/wp-json\/wp\/v2\/comments?post=150"}],"version-history":[{"count":3,"href":"https:\/\/cailapares.com\/en\/wp-json\/wp\/v2\/pages\/150\/revisions"}],"predecessor-version":[{"id":159,"href":"https:\/\/cailapares.com\/en\/wp-json\/wp\/v2\/pages\/150\/revisions\/159"}],"wp:attachment":[{"href":"https:\/\/cailapares.com\/en\/wp-json\/wp\/v2\/media?parent=150"}],"curies":[{"name":"wp","href":"https:\/\/api.w.org\/{rel}","templated":true}]}}