{"id":147,"date":"2024-07-01T11:37:48","date_gmt":"2024-07-01T11:37:48","guid":{"rendered":"https:\/\/cailapares.com\/acidos-grasos-coco\/"},"modified":"2022-12-21T11:49:05","modified_gmt":"2022-12-21T11:49:05","slug":"coconut-fatty-acids","status":"publish","type":"page","link":"https:\/\/cailapares.com\/en\/coconut-fatty-acids\/","title":{"rendered":"Coconut Fatty Acids"},"content":{"rendered":"<p><a ref=\"magnificPopup\" href=\"\/wp-content\/uploads\/2015\/03\/acidos-grasos-coco.jpg\"><img loading=\"lazy\" decoding=\"async\" class=\"alignright wp-image-1086\" src=\"\/wp-content\/uploads\/2015\/03\/acidos-grasos-coco.jpg\" alt=\"acidos grasos coco\" width=\"329\" height=\"256\" \/><\/a><\/p>\n<h2 style=\"text-align: justify;\">What are fatty acids of coconut?<\/h2>\n<p><strong>Coconut fatty acids<\/strong> are a family of different types of fatty acids derived from coconut oil. The major fatty acid is lauric acid and is accompanied by other saturated fatty <strong>acids as caprylic, capric, myristic, palmitic and stearic<\/strong> and in minor proportion of unsaturated fatty acids.<\/p>\n<ul style=\"text-align: justify;\">\n<li>Numbers CAS: 68937-75-7 \/ 67701-05-7 \/ 90990-15-1<\/li>\n<li>EC number: 273-086-2 \/ 266-929-0 \/ 292-776-4<\/li>\n<\/ul>\n<div id=\"tab_id\" class=\"sc_tab-container\">\n<ul class=\"tab-nav left\" style=\"text-align: justify;\">\n<li class=\"active\" data-tab=\"tab_id-tab1\">Origin and extraction<\/li>\n<li data-tab=\"tab_id-tab2\">Properties and applications:<\/li>\n<li data-tab=\"tab_id-tab3\">Products and presentation:<\/li>\n<\/ul>\n<div class=\"tab-content-block clearfix\">\n<h3 class=\"v_nav v_active\" style=\"text-align: justify;\" data-tab=\"tab_id-tab1\">Origin and production of coconut fatty acids<\/h3>\n<div id=\"tab_id-tab1\" class=\"tab_content clearfix\" style=\"text-align: justify;\">\n<p>These <strong>are obtained by the hydrolysis of coconut oil<\/strong>. The obtained fatty acid may be <strong>hydrogenated or not<\/strong>, prior to the distillation process. In turn the distillation process can be total or fractionated, separating different <strong>fatty acids depending on the distillation temperature<\/strong>.<\/p>\n<\/div>\n<h3 class=\"v_nav\" style=\"text-align: justify;\" data-tab=\"tab_id-tab2\">Properties and applications of coconut oil<\/h3>\n<div id=\"tab_id-tab2\" class=\"tab_content\" style=\"text-align: justify;\">\n<p>These acids <strong>have an approx. purity of 50%<\/strong> lauric acid and they are solid-pasty at room temperature and <strong>slightly yellow<\/strong>.<\/p>\n<p>The main applications of the <strong>fatty acids are coconut feedstock<\/strong> in the manufacture of <strong>cleaning products, soaps<\/strong>, metallic soaps, detergents, surfactants, alkyd resins, perfumes and fragrances, plasticizers and organic peroxides. These light fraction is a mixture of caprylic-capric acid is a liquid at room temperature, slightly yellowish. It is an <strong>irritating<\/strong> and corrosive product. Its <strong>freezing point is between 5-7\u00b0 C<\/strong>.<\/p>\n<p>The main applications of caprylic-capric acid is as a feedstock in the manufacture of alkyd resins for coatings, surfactants, perfumes and fragrances, metal soaps, lubricants, biocides and plasticizers.<\/p>\n<\/div>\n<h3 class=\"v_nav\" style=\"text-align: justify;\" data-tab=\"tab_id-tab3\">Products and presentations of this acid<\/h3>\n<div id=\"tab_id-tab3\" class=\"tab_content\">\n<p>CYPAFRAK STD-0810 (light fraction cut coconut fatty acid)<\/p>\n<p>CYPACID CC-52 (coconut fatty acid distillate)<\/p>\n<p>CYPACID CC52 H (hydrogenated coconut fatty acid and distilled)<\/p>\n<p>CYAPACID CG (coconut fatty acid cut)<\/p>\n<p>CYPACID CGH (hydrogenated coconut fatty acid and trimmed)<\/p>\n<p>All products are contained in 180 Kg drums, 850 kg containers or in bulk tankers.<\/p>\n<\/div>\n<\/div>\n<\/div>\n","protected":false},"excerpt":{"rendered":"<p>What are fatty acids of coconut? Coconut fatty acids are a family of different types of fatty acids derived from coconut oil. The major fatty acid is lauric acid and is accompanied by other saturated fatty acids as caprylic, capric, myristic, palmitic and stearic and in minor proportion of unsaturated fatty acids. Numbers CAS: 68937-75-7&#8230;<\/p>\n","protected":false},"author":1,"featured_media":0,"parent":0,"menu_order":0,"comment_status":"closed","ping_status":"closed","template":"","meta":{"footnotes":""},"class_list":["post-147","page","type-page","status-publish","hentry"],"yoast_head":"<!-- This site is optimized with the Yoast SEO plugin v25.9 - https:\/\/yoast.com\/wordpress\/plugins\/seo\/ -->\n<title>Coconut Fatty Acids - Manufacter Cail\u00e0&amp;Par\u00e9s<\/title>\n<meta name=\"description\" content=\"Are you looking for a supplier of Coconut Fatty Acids? Purchase fatty acids from Cail\u00e0&amp;Par\u00e9s, a quality and reliable company worldwide.\" \/>\n<meta name=\"robots\" content=\"index, follow, max-snippet:-1, max-image-preview:large, max-video-preview:-1\" \/>\n<link rel=\"canonical\" href=\"https:\/\/cailapares.com\/en\/coconut-fatty-acids\/\" \/>\n<meta property=\"og:locale\" content=\"en_US\" \/>\n<meta property=\"og:type\" content=\"article\" \/>\n<meta property=\"og:title\" content=\"Coconut Fatty Acids - Manufacter Cail\u00e0&amp;Par\u00e9s\" \/>\n<meta property=\"og:description\" content=\"Are you looking for a supplier of Coconut Fatty Acids? Purchase fatty acids from Cail\u00e0&amp;Par\u00e9s, a quality and reliable company worldwide.\" \/>\n<meta property=\"og:url\" content=\"https:\/\/cailapares.com\/en\/coconut-fatty-acids\/\" \/>\n<meta property=\"og:site_name\" content=\"Caila\" \/>\n<meta name=\"twitter:card\" content=\"summary_large_image\" \/>\n<meta name=\"twitter:label1\" content=\"Est. reading time\" \/>\n\t<meta name=\"twitter:data1\" content=\"1 minute\" \/>\n<script type=\"application\/ld+json\" class=\"yoast-schema-graph\">{\"@context\":\"https:\/\/schema.org\",\"@graph\":[{\"@type\":\"WebPage\",\"@id\":\"https:\/\/cailapares.com\/en\/coconut-fatty-acids\/\",\"url\":\"https:\/\/cailapares.com\/en\/coconut-fatty-acids\/\",\"name\":\"Coconut Fatty Acids - Manufacter Cail\u00e0&Par\u00e9s\",\"isPartOf\":{\"@id\":\"https:\/\/cailapares.com\/#website\"},\"datePublished\":\"2024-07-01T11:37:48+00:00\",\"description\":\"Are you looking for a supplier of Coconut Fatty Acids? Purchase fatty acids from Cail\u00e0&Par\u00e9s, a quality and reliable company worldwide.\",\"inLanguage\":\"en-US\",\"potentialAction\":[{\"@type\":\"ReadAction\",\"target\":[\"https:\/\/cailapares.com\/en\/coconut-fatty-acids\/\"]}]},{\"@type\":\"WebSite\",\"@id\":\"https:\/\/cailapares.com\/#website\",\"url\":\"https:\/\/cailapares.com\/\",\"name\":\"Caila\",\"description\":\"Otro sitio realizado con WordPress\",\"potentialAction\":[{\"@type\":\"SearchAction\",\"target\":{\"@type\":\"EntryPoint\",\"urlTemplate\":\"https:\/\/cailapares.com\/?s={search_term_string}\"},\"query-input\":{\"@type\":\"PropertyValueSpecification\",\"valueRequired\":true,\"valueName\":\"search_term_string\"}}],\"inLanguage\":\"en-US\"}]}<\/script>\n<!-- \/ Yoast SEO plugin. -->","yoast_head_json":{"title":"Coconut Fatty Acids - Manufacter Cail\u00e0&Par\u00e9s","description":"Are you looking for a supplier of Coconut Fatty Acids? Purchase fatty acids from Cail\u00e0&Par\u00e9s, a quality and reliable company worldwide.","robots":{"index":"index","follow":"follow","max-snippet":"max-snippet:-1","max-image-preview":"max-image-preview:large","max-video-preview":"max-video-preview:-1"},"canonical":"https:\/\/cailapares.com\/en\/coconut-fatty-acids\/","og_locale":"en_US","og_type":"article","og_title":"Coconut Fatty Acids - Manufacter Cail\u00e0&Par\u00e9s","og_description":"Are you looking for a supplier of Coconut Fatty Acids? Purchase fatty acids from Cail\u00e0&Par\u00e9s, a quality and reliable company worldwide.","og_url":"https:\/\/cailapares.com\/en\/coconut-fatty-acids\/","og_site_name":"Caila","twitter_card":"summary_large_image","twitter_misc":{"Est. reading time":"1 minute"},"schema":{"@context":"https:\/\/schema.org","@graph":[{"@type":"WebPage","@id":"https:\/\/cailapares.com\/en\/coconut-fatty-acids\/","url":"https:\/\/cailapares.com\/en\/coconut-fatty-acids\/","name":"Coconut Fatty Acids - Manufacter Cail\u00e0&Par\u00e9s","isPartOf":{"@id":"https:\/\/cailapares.com\/#website"},"datePublished":"2024-07-01T11:37:48+00:00","description":"Are you looking for a supplier of Coconut Fatty Acids? Purchase fatty acids from Cail\u00e0&Par\u00e9s, a quality and reliable company worldwide.","inLanguage":"en-US","potentialAction":[{"@type":"ReadAction","target":["https:\/\/cailapares.com\/en\/coconut-fatty-acids\/"]}]},{"@type":"WebSite","@id":"https:\/\/cailapares.com\/#website","url":"https:\/\/cailapares.com\/","name":"Caila","description":"Otro sitio realizado con WordPress","potentialAction":[{"@type":"SearchAction","target":{"@type":"EntryPoint","urlTemplate":"https:\/\/cailapares.com\/?s={search_term_string}"},"query-input":{"@type":"PropertyValueSpecification","valueRequired":true,"valueName":"search_term_string"}}],"inLanguage":"en-US"}]}},"_links":{"self":[{"href":"https:\/\/cailapares.com\/en\/wp-json\/wp\/v2\/pages\/147","targetHints":{"allow":["GET"]}}],"collection":[{"href":"https:\/\/cailapares.com\/en\/wp-json\/wp\/v2\/pages"}],"about":[{"href":"https:\/\/cailapares.com\/en\/wp-json\/wp\/v2\/types\/page"}],"author":[{"embeddable":true,"href":"https:\/\/cailapares.com\/en\/wp-json\/wp\/v2\/users\/1"}],"replies":[{"embeddable":true,"href":"https:\/\/cailapares.com\/en\/wp-json\/wp\/v2\/comments?post=147"}],"version-history":[{"count":4,"href":"https:\/\/cailapares.com\/en\/wp-json\/wp\/v2\/pages\/147\/revisions"}],"predecessor-version":[{"id":698,"href":"https:\/\/cailapares.com\/en\/wp-json\/wp\/v2\/pages\/147\/revisions\/698"}],"wp:attachment":[{"href":"https:\/\/cailapares.com\/en\/wp-json\/wp\/v2\/media?parent=147"}],"curies":[{"name":"wp","href":"https:\/\/api.w.org\/{rel}","templated":true}]}}