{"id":140,"date":"2024-07-01T12:21:11","date_gmt":"2024-07-01T12:21:11","guid":{"rendered":"https:\/\/cailapares.com\/acido-laurico\/"},"modified":"2022-12-21T11:50:59","modified_gmt":"2022-12-21T11:50:59","slug":"lauric-acid","status":"publish","type":"page","link":"https:\/\/cailapares.com\/en\/lauric-acid\/","title":{"rendered":"Lauric acid"},"content":{"rendered":"<h2 style=\"text-align: justify;\">What is lauric acid?<\/h2>\n<p style=\"text-align: justify;\"><img loading=\"lazy\" decoding=\"async\" class=\"alignright wp-image-1030\" src=\"\/wp-content\/uploads\/2020\/06\/lauric-acid-buy.jpg\" alt=\"Buy lauric acid\" width=\"328\" height=\"218\" \/><\/p>\n<p style=\"text-align: justify;\"><strong>Lauric acid<\/strong> is the major fatty acid present in vegetable oils such as coconut oil in and palm kernel oil. In nature it is accompanied by other saturated fatty acids as caprylic acid, capric, myristic, palmitic and stearic. These appear in less proportion than <strong>unsaturated fatty acids<\/strong>. Formula C12H24O2 responds to <strong>saturated monocarboxylic acid<\/strong> and corresponds to a straight chain carboxylic acid with 12 carbon atoms. It is marketed pure (&gt; 95%) or in a fatty acid mixture, which is the major fatty acid (40-45%). It is also called <strong>dodecanoic acid<\/strong>.<\/p>\n<ul>\n<li style=\"text-align: justify;\">CAS number: 143-07-7 \/ 67701-05-7 \/ 90990-15-1<\/li>\n<li style=\"text-align: justify;\">EC number: 205-582-1 \/ 266-929-0 \/ 292-776-4<\/li>\n<\/ul>\n<h3>Origin and extraction of Lauric Acid<\/h3>\n<p><strong>Lauric acid<\/strong> is mostly derived from the hydrolysis of <a href=\"\/en\/coconut-oil\/\">coconut oil<\/a> or palm kernel oil, and its subsequent distillation (approx. 50% wealth). Fractional distillation <strong>can reach 55-60%<\/strong> or even&gt; 95%. Depending on the use to which it will be grant in the future, one kind or another is recommended.<\/p>\n<h3>Properties and applications of Lauric Acid<\/h3>\n<p>Lauric acid (&gt; 95%) is a white solid product at room temperature. This is an irritating and corrosive product. Its <strong>freezing point is approximately 42\u00ba<\/strong> or so.<br \/>\nLauric acid or dodecanoic acid with a purity of about 50% is solid-pasty at room temperature and slightly yellow.<\/p>\n<p><a ref=\"magnificPopup\" href=\"\/wp-content\/uploads\/2015\/07\/lauric-acid-properties.jpg\"><img loading=\"lazy\" decoding=\"async\" class=\"aligncenter size-medium wp-image-6176\" src=\"\/wp-content\/uploads\/2015\/07\/lauric-acid-properties-300x169.jpg\" alt=\"Lauric acid properties\" width=\"300\" height=\"169\" \/><\/a><\/p>\n<p>The main applications of lauric acid are as a raw material in <strong>the manufacture of cleaning products<\/strong>, soaps, metal soaps, detergents, surfactants, alkyd resins, perfumes and fragrances, organic peroxides, plasticizers, among many others. Its <strong>excellent properties<\/strong> ensure the effectiveness of its multiple uses and functions.<\/p>\n<p>The oleochemicals are of great importance in different chains and industries. They are essential to develop product diversity on the market and <strong>are an excellent alternative to chemicals<\/strong> since the oleochemicals are more economical, efficient and environmentally friendly ingredient.<\/p>\n<p><a ref=\"magnificPopup\" href=\"\/wp-content\/uploads\/2015\/07\/lauric-acid-uses.jpg\"><img loading=\"lazy\" decoding=\"async\" class=\"aligncenter size-full wp-image-6175\" src=\"\/wp-content\/uploads\/2015\/07\/lauric-acid-uses.jpg\" alt=\"Uses of lauric acid\" width=\"500\" height=\"250\" \/><\/a><\/p>\n<p>The rise of oleochemicals is showing in recent years due to the recognition of its effectiveness and cost involved.<\/p>\n<p>The manufacture of products using vegetable oils and fats is being established among different sectors and, therefore, in <strong>Cail\u00e0 &amp; Par\u00e9s<\/strong> we provide the most efficient and optimal ingredients for different industries and businesses. Our commitment and effort is reflected in the quality of each and every one of our products.<\/p>\n<h3>Products and presentations of Lauric Acid<\/h3>\n<p>CYPAFRAK 1295 (obtained from fractional distillation&gt; 95%)<br \/>\nIt can occur at scales in bags of 25 kg or in bulk tankers.<\/p>\n<p><strong>Coconut fatty acids:<\/strong><br \/>\nCYPACID CC-52 (simple distillation)<br \/>\nCYPACID CC52 H (hydrogenated simple distillation)<br \/>\nCYAPACID CG (fatty acid cut)<br \/>\nCYPACID CGH (hydrogenated fatty acid and cut)<br \/>\nAll products can be presented in 180 Kg. drums, in containers of 850 Kg., or in bulk tanks.<\/p>\n<p><strong>Palm kernel fatty acids:<\/strong><br \/>\nCYPACID CP-45<br \/>\nPresentation <strong>180 Kg. drums<\/strong>, in <strong>containers of 850 kg.<\/strong>, or bulk tanks.<br \/>\nFor more information please contact us through our web form or by telephone.<\/p>\n<p>Access to our acids and oils available in our company:<\/p>\n<div class=\"clearfix\">\n<div class=\"half\">\n<ul>\n<li><i><a href=\"\/en\/glycerin\/\">Pure Glycerin to buy<\/a><\/i><\/li>\n<li><i><a href=\"\/en\/caprylic-acid-capric\/\">Buy Caprylic Acid<\/a><\/i><\/li>\n<li><i><a href=\"\/en\/palmitic-acid\/\">Palmitic Acid<\/a><\/i><\/li>\n<li><i><a href=\"\/en\/palm-stearin\/\">Palm stearin<\/a><\/i><\/li>\n<li><i><a href=\"\/en\/stearic-acid\/\">Buy Stearic Acid<\/a><\/i><\/li>\n<li><i><a href=\"\/en\/oleic-acid\/\">Oleic acid properties<\/a><\/i><\/li>\n<li><i><a href=\"\/en\/linoleic-acid\/\">Info Linoleic Acid<\/a><\/i><\/li>\n<li><i><a href=\"\/en\/linolenic-acid\/\">Linolenic Acid<\/a><\/i><\/li>\n<\/ul>\n<\/div>\n<div class=\"half last\">\n<ul>\n<li><i><a href=\"\/en\/linseed-oil\/\">Buy linseed oil<\/a><\/i><\/li>\n<li><i><a href=\"\/en\/palm-oil\/\">Palm oil<\/a><\/i><\/li>\n<li><i><a href=\"\/en\/coconut-oil\/\">Coconut oil origin<\/a><\/i><\/li>\n<li><i><a href=\"\/en\/soy-oil\/\">Soybean oil to buy<\/a><\/i><\/li>\n<li><i><a href=\"\/en\/linseed-fatty-acids\/\">Flaxseed fatty acids<\/a><\/i><\/li>\n<li><i><a href=\"\/en\/tallow-fatty-acid\/\">Tallow fatty acids<\/a><\/i><\/li>\n<li><i><a href=\"\/en\/sunflower-oil\/\">Buy sunflower oil<\/a><\/i><\/li>\n<li><i><a href=\"\/en\/castor-oil\/\">Buy castor oil<\/a><\/i><\/li>\n<\/ul>\n<\/div>\n<\/div>\n","protected":false},"excerpt":{"rendered":"<p>What is lauric acid? Lauric acid is the major fatty acid present in vegetable oils such as coconut oil in and palm kernel oil. In nature it is accompanied by other saturated fatty acids as caprylic acid, capric, myristic, palmitic and stearic. These appear in less proportion than unsaturated fatty acids. Formula C12H24O2 responds to&#8230;<\/p>\n","protected":false},"author":1,"featured_media":0,"parent":0,"menu_order":0,"comment_status":"closed","ping_status":"closed","template":"","meta":{"footnotes":""},"class_list":["post-140","page","type-page","status-publish","hentry"],"yoast_head":"<!-- This site is optimized with the Yoast SEO plugin v25.9 - https:\/\/yoast.com\/wordpress\/plugins\/seo\/ -->\n<title>Buy Lauric Acid - Cail\u00e0 &amp; Par\u00e9s | Oleochemicals Manufacturers<\/title>\n<meta name=\"description\" content=\"\u25b7 Are you looking for a supplier of Luric Acid? Buying L\u00e1uric Acid at Cail\u00e0 &amp; Par\u00e9s is synonymous with quality and trust. Access now.\" \/>\n<meta name=\"robots\" content=\"index, follow, max-snippet:-1, max-image-preview:large, max-video-preview:-1\" \/>\n<link rel=\"canonical\" href=\"https:\/\/cailapares.com\/en\/lauric-acid\/\" \/>\n<meta property=\"og:locale\" content=\"en_US\" \/>\n<meta property=\"og:type\" content=\"article\" \/>\n<meta property=\"og:title\" content=\"Buy Lauric Acid - Cail\u00e0 &amp; Par\u00e9s | Oleochemicals Manufacturers\" \/>\n<meta property=\"og:description\" content=\"\u25b7 Are you looking for a supplier of Luric Acid? Buying L\u00e1uric Acid at Cail\u00e0 &amp; Par\u00e9s is synonymous with quality and trust. Access now.\" \/>\n<meta property=\"og:url\" content=\"https:\/\/cailapares.com\/en\/lauric-acid\/\" \/>\n<meta property=\"og:site_name\" content=\"Caila\" \/>\n<meta name=\"twitter:card\" content=\"summary_large_image\" \/>\n<meta name=\"twitter:label1\" content=\"Est. reading time\" \/>\n\t<meta name=\"twitter:data1\" content=\"3 minutes\" \/>\n<script type=\"application\/ld+json\" class=\"yoast-schema-graph\">{\"@context\":\"https:\/\/schema.org\",\"@graph\":[{\"@type\":\"WebPage\",\"@id\":\"https:\/\/cailapares.com\/en\/lauric-acid\/\",\"url\":\"https:\/\/cailapares.com\/en\/lauric-acid\/\",\"name\":\"Buy Lauric Acid - Cail\u00e0 & Par\u00e9s | Oleochemicals Manufacturers\",\"isPartOf\":{\"@id\":\"https:\/\/cailapares.com\/#website\"},\"datePublished\":\"2024-07-01T12:21:11+00:00\",\"description\":\"\u25b7 Are you looking for a supplier of Luric Acid? Buying L\u00e1uric Acid at Cail\u00e0 & Par\u00e9s is synonymous with quality and trust. Access now.\",\"inLanguage\":\"en-US\",\"potentialAction\":[{\"@type\":\"ReadAction\",\"target\":[\"https:\/\/cailapares.com\/en\/lauric-acid\/\"]}]},{\"@type\":\"WebSite\",\"@id\":\"https:\/\/cailapares.com\/#website\",\"url\":\"https:\/\/cailapares.com\/\",\"name\":\"Caila\",\"description\":\"Otro sitio realizado con WordPress\",\"potentialAction\":[{\"@type\":\"SearchAction\",\"target\":{\"@type\":\"EntryPoint\",\"urlTemplate\":\"https:\/\/cailapares.com\/?s={search_term_string}\"},\"query-input\":{\"@type\":\"PropertyValueSpecification\",\"valueRequired\":true,\"valueName\":\"search_term_string\"}}],\"inLanguage\":\"en-US\"}]}<\/script>\n<!-- \/ Yoast SEO plugin. -->","yoast_head_json":{"title":"Buy Lauric Acid - Cail\u00e0 & Par\u00e9s | Oleochemicals Manufacturers","description":"\u25b7 Are you looking for a supplier of Luric Acid? Buying L\u00e1uric Acid at Cail\u00e0 & Par\u00e9s is synonymous with quality and trust. Access now.","robots":{"index":"index","follow":"follow","max-snippet":"max-snippet:-1","max-image-preview":"max-image-preview:large","max-video-preview":"max-video-preview:-1"},"canonical":"https:\/\/cailapares.com\/en\/lauric-acid\/","og_locale":"en_US","og_type":"article","og_title":"Buy Lauric Acid - Cail\u00e0 & Par\u00e9s | Oleochemicals Manufacturers","og_description":"\u25b7 Are you looking for a supplier of Luric Acid? Buying L\u00e1uric Acid at Cail\u00e0 & Par\u00e9s is synonymous with quality and trust. Access now.","og_url":"https:\/\/cailapares.com\/en\/lauric-acid\/","og_site_name":"Caila","twitter_card":"summary_large_image","twitter_misc":{"Est. reading time":"3 minutes"},"schema":{"@context":"https:\/\/schema.org","@graph":[{"@type":"WebPage","@id":"https:\/\/cailapares.com\/en\/lauric-acid\/","url":"https:\/\/cailapares.com\/en\/lauric-acid\/","name":"Buy Lauric Acid - Cail\u00e0 & Par\u00e9s | Oleochemicals Manufacturers","isPartOf":{"@id":"https:\/\/cailapares.com\/#website"},"datePublished":"2024-07-01T12:21:11+00:00","description":"\u25b7 Are you looking for a supplier of Luric Acid? Buying L\u00e1uric Acid at Cail\u00e0 & Par\u00e9s is synonymous with quality and trust. Access now.","inLanguage":"en-US","potentialAction":[{"@type":"ReadAction","target":["https:\/\/cailapares.com\/en\/lauric-acid\/"]}]},{"@type":"WebSite","@id":"https:\/\/cailapares.com\/#website","url":"https:\/\/cailapares.com\/","name":"Caila","description":"Otro sitio realizado con WordPress","potentialAction":[{"@type":"SearchAction","target":{"@type":"EntryPoint","urlTemplate":"https:\/\/cailapares.com\/?s={search_term_string}"},"query-input":{"@type":"PropertyValueSpecification","valueRequired":true,"valueName":"search_term_string"}}],"inLanguage":"en-US"}]}},"_links":{"self":[{"href":"https:\/\/cailapares.com\/en\/wp-json\/wp\/v2\/pages\/140","targetHints":{"allow":["GET"]}}],"collection":[{"href":"https:\/\/cailapares.com\/en\/wp-json\/wp\/v2\/pages"}],"about":[{"href":"https:\/\/cailapares.com\/en\/wp-json\/wp\/v2\/types\/page"}],"author":[{"embeddable":true,"href":"https:\/\/cailapares.com\/en\/wp-json\/wp\/v2\/users\/1"}],"replies":[{"embeddable":true,"href":"https:\/\/cailapares.com\/en\/wp-json\/wp\/v2\/comments?post=140"}],"version-history":[{"count":2,"href":"https:\/\/cailapares.com\/en\/wp-json\/wp\/v2\/pages\/140\/revisions"}],"predecessor-version":[{"id":699,"href":"https:\/\/cailapares.com\/en\/wp-json\/wp\/v2\/pages\/140\/revisions\/699"}],"wp:attachment":[{"href":"https:\/\/cailapares.com\/en\/wp-json\/wp\/v2\/media?parent=140"}],"curies":[{"name":"wp","href":"https:\/\/api.w.org\/{rel}","templated":true}]}}