{"id":126,"date":"2024-07-01T12:15:19","date_gmt":"2024-07-01T12:15:19","guid":{"rendered":"https:\/\/cailapares.com\/?page_id=126"},"modified":"2022-10-31T11:31:16","modified_gmt":"2022-10-31T11:31:16","slug":"vegetable-oils","status":"publish","type":"page","link":"https:\/\/cailapares.com\/en\/vegetable-oils\/","title":{"rendered":"Vegetable oils"},"content":{"rendered":"<h2>What are vegetable oils<\/h2>\n<p>Vegetable oils are a natural product composed of various fatty acids obtained under pressure, providing numerous properties and uses, especially in sectors such as cosmetics and obtaining very effective natural cosmetic products.<\/p>\n<p>Another outstanding advantage over other oils, such as essential oils, is that vegetable oils do not require certain precautions when using this type of oil.<\/p>\n<h2>How are vegetable oils obtained?<\/h2>\n<p>Vegetable oils are obtained from cold or hot pressing. On the other hand, they can also be obtained from extraction, but it is preferable to opt for cold-pressed vegetable oils.<\/p>\n<h2>Applications for vegetable oils<\/h2>\n<p>Uses in the cosmetics sector are usually as a prominent ingredient in the production of creams and homemade soaps. In addition, it is often combined with other oils to make products such as lotions or natural moisturizers for the skin.<\/p>\n<p>We can also find vegetable oils such as coconut oil or linseed oil that are sold for the food sector.<\/p>\n<h3>Vegetable oils table<\/h3>\n<div style=\"font-size: small;overflow-x:scroll;\">\n<table width=\"840\" cellspacing=\"0\" cellpadding=\"5\" border=\"1\" align=\"center\">\n<tbody>\n<tr>\n<td bgcolor=\"#D2D2D2\" colspan=\"2\">ORIGIN<\/td>\n<td valign=\"middle\" bgcolor=\"#D2D2D2\" align=\"center\" colspan=\"3\">LINSEED OIL<\/td>\n<td width=\"100\" valign=\"middle\" bgcolor=\"#D2D2D2\" align=\"center\">COCONUT<\/td>\n<td width=\"100\" valign=\"middle\" bgcolor=\"#D2D2D2\" align=\"center\">CASTOR OIL<\/td>\n<\/tr>\n<tr>\n<td bgcolor=\"#EBEBEB\">\n<p>ANALISYS METHOD<\/p>\n<\/td>\n<td width=\"100\" bgcolor=\"#EBEBEB\">UNITS<\/td>\n<td width=\"100\" bgcolor=\"#EBEBEB\">LINOCYP C<\/td>\n<td width=\"100\" bgcolor=\"#EBEBEB\">LINOCYP N<\/td>\n<td width=\"100\" valign=\"top\" bgcolor=\"#EBEBEB\">LINOCYP B<\/td>\n<td width=\"100\" bgcolor=\"#EBEBEB\">COCOCYP RNT<\/td>\n<td width=\"100\" bgcolor=\"#EBEBEB\">RICYP F<\/td>\n<\/tr>\n<tr>\n<td bgcolor=\"#EBEBEB\">COLOUR<br \/>\n            AOCS Td 1 a 64<\/td>\n<td bgcolor=\"#EBEBEB\">GARDNER<\/td>\n<td>MAX. 13<\/td>\n<td>MAX. 5<\/td>\n<td valign=\"middle\" align=\"left\">MAX. 13<\/td>\n<td>MAX. 2<\/td>\n<td>MAX. 4<\/td>\n<\/tr>\n<tr>\n<td bgcolor=\"#EBEBEB\">ACID VALUE<br \/>\n            ISO 660<\/td>\n<td bgcolor=\"#EBEBEB\">mg KOH\/gr.<\/td>\n<td>MAX. 4<\/td>\n<td>MAX. 1<\/td>\n<td valign=\"middle\" align=\"left\">MAX. 5<\/td>\n<td>MAX. 0,4<\/td>\n<td bgcolor=\"#FFFFFF\">MAX. 3<\/td>\n<\/tr>\n<tr>\n<td bgcolor=\"#EBEBEB\">SAPONIFICATION VALUE<br \/>\n            ISO 3657<\/td>\n<td bgcolor=\"#EBEBEB\">mg KOH\/gr.<\/td>\n<td>188-195<\/td>\n<td>188-195<\/td>\n<td valign=\"middle\" align=\"left\">185-195<\/td>\n<td>250-265<\/td>\n<td bgcolor=\"#FFFFFF\">175-185<\/td>\n<\/tr>\n<tr>\n<td bgcolor=\"#EBEBEB\">IODINE VALUE<br \/>\n            ISO 3961<\/td>\n<td bgcolor=\"#EBEBEB\">gr.l\/100 gr.<\/td>\n<td>MIN. 175<\/td>\n<td>MIN. 175<\/td>\n<td valign=\"middle\" align=\"left\">MIN. 170<\/td>\n<td>7-12<\/td>\n<td bgcolor=\"#FFFFFF\">80-90<\/td>\n<\/tr>\n<tr>\n<td bgcolor=\"#EBEBEB\">MELTING POINT<br \/>\n            ISO 6321<\/td>\n<td bgcolor=\"#EBEBEB\">&ordm; C<\/td>\n<td>&#8211;<\/td>\n<td>&#8211;<\/td>\n<td valign=\"middle\" align=\"left\">&#8211;<\/td>\n<td>24-27<\/td>\n<td bgcolor=\"#FFFFFF\">&#8211;<\/td>\n<\/tr>\n<tr>\n<td bgcolor=\"#EBEBEB\">REFRACTIVE INDEX<br \/>\n            UNE 55015<\/td>\n<td bgcolor=\"#EBEBEB\">a\/at 20&ordm;C<\/td>\n<td>1,479-1,484<\/td>\n<td>1,479-1,484<\/td>\n<td valign=\"middle\" align=\"left\">1,479-1,484<\/td>\n<td>&#8211;<\/td>\n<td bgcolor=\"#FFFFFF\">1,476-1,481<\/td>\n<\/tr>\n<tr>\n<td bgcolor=\"#EBEBEB\">PEROXIDE VALUE<br \/>\n            ISO 3960<\/td>\n<td bgcolor=\"#EBEBEB\">meq\/kg<\/td>\n<td>&#8211;<\/td>\n<td>&#8211;<\/td>\n<td valign=\"middle\" align=\"left\">&#8211;<\/td>\n<td>MAX. 1<\/td>\n<td bgcolor=\"#FFFFFF\">&#8211;<\/td>\n<\/tr>\n<\/tbody>\n<\/table>\n<table width=\"840\" cellspacing=\"0\" cellpadding=\"0\" border=\"0\" align=\"center\">\n<tbody>\n<tr>\n<td><span style=\"color: rgb(0, 3, 119);\">GAS CHROMATOGRAPHY<\/span>&nbsp;<\/td>\n<td valign=\"middle\" align=\"right\"><span style=\"color: rgb(0, 3, 119);\">ISO 5508\/12966-2<\/span><\/td>\n<\/tr>\n<\/tbody>\n<\/table>\n<table width=\"840\" cellspacing=\"0\" cellpadding=\"5\" border=\"1\" align=\"center\">\n<tbody>\n<tr>\n<td bgcolor=\"#EBEBEB\">\n<table width=\"100%\" cellspacing=\"0\" cellpadding=\"0\" border=\"0\">\n<tbody>\n<tr>\n<td width=\"250\">CAPROIC ACID<\/td>\n<td width=\"80\">C-6<\/td>\n<td>%<\/td>\n<\/tr>\n<\/tbody>\n<\/table>\n<\/td>\n<td width=\"100\" valign=\"middle\" align=\"left\">&#8211;<\/td>\n<td width=\"100\">&#8211;<\/td>\n<td width=\"100\">&#8211;<\/td>\n<td width=\"100\">MAX. 1<\/td>\n<td width=\"100\">&#8211;<\/td>\n<\/tr>\n<tr>\n<td bgcolor=\"#EBEBEB\">\n<table width=\"100%\" cellspacing=\"0\" cellpadding=\"0\" border=\"0\">\n<tbody>\n<tr>\n<td width=\"250\">CAPRILIC ACID<\/td>\n<td width=\"80\">C-8<\/td>\n<td>%<\/td>\n<\/tr>\n<\/tbody>\n<\/table>\n<\/td>\n<td valign=\"middle\" align=\"left\">&#8211;<\/td>\n<td>&#8211;<\/td>\n<td>&#8211;<\/td>\n<td>4-9<\/td>\n<td>&#8211;<\/td>\n<\/tr>\n<tr>\n<td bgcolor=\"#EBEBEB\">\n<table width=\"100%\" cellspacing=\"0\" cellpadding=\"0\" border=\"0\">\n<tbody>\n<tr>\n<td width=\"250\">CAPRIC ACID<\/td>\n<td width=\"80\">C-10<\/td>\n<td>%<\/td>\n<\/tr>\n<\/tbody>\n<\/table>\n<\/td>\n<td valign=\"middle\" align=\"left\">&#8211;<\/td>\n<td>&#8211;<\/td>\n<td>&#8211;<\/td>\n<td>3-8<\/td>\n<td>&#8211;<\/td>\n<\/tr>\n<tr>\n<td bgcolor=\"#EBEBEB\">\n<table width=\"100%\" cellspacing=\"0\" cellpadding=\"0\" border=\"0\">\n<tbody>\n<tr>\n<td width=\"250\">LAURIC ACID<\/td>\n<td width=\"80\">C-12<\/td>\n<td>%<\/td>\n<\/tr>\n<\/tbody>\n<\/table>\n<\/td>\n<td valign=\"middle\" align=\"left\">&#8211;<\/td>\n<td>&#8211;<\/td>\n<td>&#8211;<\/td>\n<td>42-52<\/td>\n<td>&#8211;<\/td>\n<\/tr>\n<tr>\n<td bgcolor=\"#EBEBEB\">\n<table width=\"100%\" cellspacing=\"0\" cellpadding=\"0\" border=\"0\">\n<tbody>\n<tr>\n<td width=\"250\">MYRISTIC ACID<\/td>\n<td width=\"80\">C-14<\/td>\n<td>%<\/td>\n<\/tr>\n<\/tbody>\n<\/table>\n<\/td>\n<td valign=\"middle\" align=\"left\">&#8211;<\/td>\n<td>&#8211;<\/td>\n<td>&#8211;<\/td>\n<td>16-21<\/td>\n<td>&#8211;<\/td>\n<\/tr>\n<tr>\n<td bgcolor=\"#EBEBEB\">\n<table width=\"100%\" cellspacing=\"0\" cellpadding=\"0\" border=\"0\">\n<tbody>\n<tr>\n<td width=\"250\">PALMITIC ACID<\/td>\n<td width=\"80\">C-16<\/td>\n<td>%<\/td>\n<\/tr>\n<\/tbody>\n<\/table>\n<\/td>\n<td valign=\"middle\" align=\"left\">4-8<\/td>\n<td>4-8<\/td>\n<td>&#8211;<\/td>\n<td>7-12<\/td>\n<td>1-3<\/td>\n<\/tr>\n<tr>\n<td bgcolor=\"#EBEBEB\">\n<table width=\"100%\" cellspacing=\"0\" cellpadding=\"0\" border=\"0\">\n<tbody>\n<tr>\n<td width=\"250\">STEARIC ACID<\/td>\n<td width=\"80\">C-18<\/td>\n<td>%<\/td>\n<\/tr>\n<\/tbody>\n<\/table>\n<\/td>\n<td valign=\"middle\" align=\"left\">2-6<\/td>\n<td>2-6<\/td>\n<td>&#8211;<\/td>\n<td>2-5<\/td>\n<td>1-3<\/td>\n<\/tr>\n<tr>\n<td bgcolor=\"#EBEBEB\">\n<table width=\"100%\" cellspacing=\"0\" cellpadding=\"0\" border=\"0\">\n<tbody>\n<tr>\n<td width=\"250\">OLEIC ACID<\/td>\n<td width=\"80\">C-18:1<\/td>\n<td>%<\/td>\n<\/tr>\n<\/tbody>\n<\/table>\n<\/td>\n<td valign=\"middle\" align=\"left\">16-23<\/td>\n<td>16-23<\/td>\n<td>&#8211;<\/td>\n<td>6-10<\/td>\n<td>4-7<\/td>\n<\/tr>\n<tr>\n<td bgcolor=\"#EBEBEB\">\n<table width=\"100%\" cellspacing=\"0\" cellpadding=\"0\" border=\"0\">\n<tbody>\n<tr>\n<td width=\"250\">LINOLEIC ACID<\/td>\n<td width=\"80\">C-18:2<\/td>\n<td>%<\/td>\n<\/tr>\n<\/tbody>\n<\/table>\n<\/td>\n<td valign=\"middle\" align=\"left\">13-18<\/td>\n<td>13-18<\/td>\n<td>&#8211;<\/td>\n<td>1-3<\/td>\n<td>5-8<\/td>\n<\/tr>\n<tr>\n<td bgcolor=\"#EBEBEB\">\n<table width=\"100%\" cellspacing=\"0\" cellpadding=\"0\" border=\"0\">\n<tbody>\n<tr>\n<td width=\"250\">LINOLENIC ACID<\/td>\n<td width=\"80\">C-18:3<\/td>\n<td>%<\/td>\n<\/tr>\n<\/tbody>\n<\/table>\n<\/td>\n<td valign=\"middle\" align=\"left\">50-60<\/td>\n<td>50-60<\/td>\n<td>&#8211;<\/td>\n<td>&#8211;<\/td>\n<td>MAX. 2<\/td>\n<\/tr>\n<tr>\n<td bgcolor=\"#EBEBEB\">\n<table width=\"100%\" cellspacing=\"0\" cellpadding=\"0\" border=\"0\">\n<tbody>\n<tr>\n<td width=\"250\">OTHER FATTY ACIDS<\/td>\n<td width=\"80\">&nbsp;<\/td>\n<td>%<\/td>\n<\/tr>\n<\/tbody>\n<\/table>\n<\/td>\n<td valign=\"middle\" align=\"left\">MAX. 1<\/td>\n<td>MAX. 1<\/td>\n<td>&#8211;<\/td>\n<td>&#8211;<\/td>\n<td>&#8211;<\/td>\n<\/tr>\n<tr>\n<td bgcolor=\"#EBEBEB\">\n<table width=\"100%\" cellspacing=\"0\" cellpadding=\"0\" border=\"0\">\n<tbody>\n<tr>\n<td width=\"250\">RICINOLEIC ACID<\/td>\n<td width=\"80\">&nbsp;C-18:1OH<\/td>\n<td>%<\/td>\n<\/tr>\n<\/tbody>\n<\/table>\n<\/td>\n<td valign=\"middle\" align=\"left\">&#8211;<\/td>\n<td>&#8211;<\/td>\n<td>&#8211;<\/td>\n<td>&#8211;<\/td>\n<td>MIN. 80<\/td>\n<\/tr>\n<\/tbody>\n<\/table>\n<\/div>\n","protected":false},"excerpt":{"rendered":"<p>What are vegetable oils Vegetable oils are a natural product composed of various fatty acids obtained under pressure, providing numerous properties and uses, especially in sectors such as cosmetics and obtaining very effective natural cosmetic products. Another outstanding advantage over other oils, such as essential oils, is that vegetable oils do not require certain precautions&#8230;<\/p>\n","protected":false},"author":1,"featured_media":0,"parent":0,"menu_order":0,"comment_status":"closed","ping_status":"closed","template":"","meta":{"footnotes":""},"class_list":["post-126","page","type-page","status-publish","hentry"],"yoast_head":"<!-- This site is optimized with the Yoast SEO plugin v25.9 - https:\/\/yoast.com\/wordpress\/plugins\/seo\/ -->\n<title>Vegetable oils - Cail\u00e0 &amp; Par\u00e9s<\/title>\n<meta name=\"description\" content=\"Find vegetable oils at Cail\u00e0&amp;Par\u00e9s, an international level supplier where you can acquire quality oleochemical products for your company.\" \/>\n<meta name=\"robots\" content=\"index, follow, max-snippet:-1, max-image-preview:large, max-video-preview:-1\" \/>\n<link rel=\"canonical\" href=\"https:\/\/cailapares.com\/en\/vegetable-oils\/\" \/>\n<meta property=\"og:locale\" content=\"en_US\" \/>\n<meta property=\"og:type\" content=\"article\" \/>\n<meta property=\"og:title\" content=\"Vegetable oils - Cail\u00e0 &amp; Par\u00e9s\" \/>\n<meta property=\"og:description\" content=\"Find vegetable oils at Cail\u00e0&amp;Par\u00e9s, an international level supplier where you can acquire quality oleochemical products for your company.\" \/>\n<meta property=\"og:url\" content=\"https:\/\/cailapares.com\/en\/vegetable-oils\/\" \/>\n<meta property=\"og:site_name\" content=\"Caila\" \/>\n<meta name=\"twitter:card\" content=\"summary_large_image\" \/>\n<meta name=\"twitter:label1\" content=\"Est. reading time\" \/>\n\t<meta name=\"twitter:data1\" content=\"2 minutes\" \/>\n<script type=\"application\/ld+json\" class=\"yoast-schema-graph\">{\"@context\":\"https:\/\/schema.org\",\"@graph\":[{\"@type\":\"WebPage\",\"@id\":\"https:\/\/cailapares.com\/en\/vegetable-oils\/\",\"url\":\"https:\/\/cailapares.com\/en\/vegetable-oils\/\",\"name\":\"Vegetable oils - Cail\u00e0 & Par\u00e9s\",\"isPartOf\":{\"@id\":\"https:\/\/cailapares.com\/#website\"},\"datePublished\":\"2024-07-01T12:15:19+00:00\",\"description\":\"Find vegetable oils at Cail\u00e0&Par\u00e9s, an international level supplier where you can acquire quality oleochemical products for your company.\",\"inLanguage\":\"en-US\",\"potentialAction\":[{\"@type\":\"ReadAction\",\"target\":[\"https:\/\/cailapares.com\/en\/vegetable-oils\/\"]}]},{\"@type\":\"WebSite\",\"@id\":\"https:\/\/cailapares.com\/#website\",\"url\":\"https:\/\/cailapares.com\/\",\"name\":\"Caila\",\"description\":\"Otro sitio realizado con WordPress\",\"potentialAction\":[{\"@type\":\"SearchAction\",\"target\":{\"@type\":\"EntryPoint\",\"urlTemplate\":\"https:\/\/cailapares.com\/?s={search_term_string}\"},\"query-input\":{\"@type\":\"PropertyValueSpecification\",\"valueRequired\":true,\"valueName\":\"search_term_string\"}}],\"inLanguage\":\"en-US\"}]}<\/script>\n<!-- \/ Yoast SEO plugin. -->","yoast_head_json":{"title":"Vegetable oils - Cail\u00e0 & Par\u00e9s","description":"Find vegetable oils at Cail\u00e0&Par\u00e9s, an international level supplier where you can acquire quality oleochemical products for your company.","robots":{"index":"index","follow":"follow","max-snippet":"max-snippet:-1","max-image-preview":"max-image-preview:large","max-video-preview":"max-video-preview:-1"},"canonical":"https:\/\/cailapares.com\/en\/vegetable-oils\/","og_locale":"en_US","og_type":"article","og_title":"Vegetable oils - Cail\u00e0 & Par\u00e9s","og_description":"Find vegetable oils at Cail\u00e0&Par\u00e9s, an international level supplier where you can acquire quality oleochemical products for your company.","og_url":"https:\/\/cailapares.com\/en\/vegetable-oils\/","og_site_name":"Caila","twitter_card":"summary_large_image","twitter_misc":{"Est. reading time":"2 minutes"},"schema":{"@context":"https:\/\/schema.org","@graph":[{"@type":"WebPage","@id":"https:\/\/cailapares.com\/en\/vegetable-oils\/","url":"https:\/\/cailapares.com\/en\/vegetable-oils\/","name":"Vegetable oils - Cail\u00e0 & Par\u00e9s","isPartOf":{"@id":"https:\/\/cailapares.com\/#website"},"datePublished":"2024-07-01T12:15:19+00:00","description":"Find vegetable oils at Cail\u00e0&Par\u00e9s, an international level supplier where you can acquire quality oleochemical products for your company.","inLanguage":"en-US","potentialAction":[{"@type":"ReadAction","target":["https:\/\/cailapares.com\/en\/vegetable-oils\/"]}]},{"@type":"WebSite","@id":"https:\/\/cailapares.com\/#website","url":"https:\/\/cailapares.com\/","name":"Caila","description":"Otro sitio realizado con WordPress","potentialAction":[{"@type":"SearchAction","target":{"@type":"EntryPoint","urlTemplate":"https:\/\/cailapares.com\/?s={search_term_string}"},"query-input":{"@type":"PropertyValueSpecification","valueRequired":true,"valueName":"search_term_string"}}],"inLanguage":"en-US"}]}},"_links":{"self":[{"href":"https:\/\/cailapares.com\/en\/wp-json\/wp\/v2\/pages\/126","targetHints":{"allow":["GET"]}}],"collection":[{"href":"https:\/\/cailapares.com\/en\/wp-json\/wp\/v2\/pages"}],"about":[{"href":"https:\/\/cailapares.com\/en\/wp-json\/wp\/v2\/types\/page"}],"author":[{"embeddable":true,"href":"https:\/\/cailapares.com\/en\/wp-json\/wp\/v2\/users\/1"}],"replies":[{"embeddable":true,"href":"https:\/\/cailapares.com\/en\/wp-json\/wp\/v2\/comments?post=126"}],"version-history":[{"count":3,"href":"https:\/\/cailapares.com\/en\/wp-json\/wp\/v2\/pages\/126\/revisions"}],"predecessor-version":[{"id":131,"href":"https:\/\/cailapares.com\/en\/wp-json\/wp\/v2\/pages\/126\/revisions\/131"}],"wp:attachment":[{"href":"https:\/\/cailapares.com\/en\/wp-json\/wp\/v2\/media?parent=126"}],"curies":[{"name":"wp","href":"https:\/\/api.w.org\/{rel}","templated":true}]}}